{"id":3937,"date":"2018-11-26T02:17:18","date_gmt":"2018-11-26T02:17:18","guid":{"rendered":"https:\/\/www.stvvalves.com\/?post_type=product&#038;p=3937"},"modified":"2025-02-17T18:17:26","modified_gmt":"2025-02-17T10:17:26","slug":"3pc-flange-end-ball-valve","status":"publish","type":"product","link":"https:\/\/www.stvvalves.com\/pt\/products\/3pc-flange-end-ball-valve\/","title":{"rendered":"V\u00e1lvula de esfera de extremidade de flange 3PC"},"content":{"rendered":"<p>Caracter\u00edsticas principais:<br \/>\n3 pe\u00e7as, furo completo<br \/>\nCorpo A351 CF8M<br \/>\nBola de a\u00e7o inoxid\u00e1vel 316<br \/>\nFlangeado PN16<br \/>\nAssentos PTFE ou PPL<br \/>\nTamanhos 1\/2\u2033 a 4\u2033<\/p>\n<table>\n<tbody>\n<tr>\n<td width=\"200\"><strong>Nome do Produto<\/strong><\/td>\n<td width=\"481\">V\u00e1lvula de esfera de extremidade de flange 3PC<\/td>\n<\/tr>\n<tr>\n<td width=\"200\">1. Materiais<\/td>\n<td width=\"481\">316<\/td>\n<\/tr>\n<tr>\n<td width=\"200\">2. Tamanho<\/td>\n<td width=\"481\">4\u201d<\/td>\n<\/tr>\n<tr>\n<td width=\"200\">4. Porto<\/td>\n<td width=\"481\">Porto completo<\/td>\n<\/tr>\n<tr>\n<td width=\"200\">5. Press\u00e3o de Trabalho<\/td>\n<td width=\"481\">150 libras<\/td>\n<\/tr>\n<tr>\n<td width=\"200\">6. Fim da conex\u00e3o<\/td>\n<td width=\"481\">RF<\/td>\n<\/tr>\n<tr>\n<td width=\"200\">7. Temperatura de trabalho.<\/td>\n<td width=\"481\">-29~180\u00baC,<\/td>\n<\/tr>\n<tr>\n<td width=\"200\">8. Meio Adequado<\/td>\n<td width=\"481\">\u00c1gua, G\u00e1s Natural, Petr\u00f3leo e algum l\u00edquido corrosivo<\/td>\n<\/tr>\n<tr>\n<td width=\"200\">9. Operado<\/td>\n<td width=\"481\">Volante<\/td>\n<\/tr>\n<tr>\n<td width=\"200\">10. Inspe\u00e7\u00e3o e Teste<\/td>\n<td width=\"481\">De acordo com API598<\/td>\n<\/tr>\n<tr>\n<td width=\"200\"><strong>envio<\/strong><\/td>\n<td width=\"481\"><\/td>\n<\/tr>\n<tr>\n<td width=\"200\">Prazo de entrega<\/td>\n<td width=\"481\">30 dias<\/td>\n<\/tr>\n<tr>\n<td width=\"200\">Pacote<\/td>\n<td width=\"481\">Caixa de madeira compensada de exporta\u00e7\u00e3o padr\u00e3o<\/td>\n<\/tr>\n<tr>\n<td width=\"200\">Porto de embarque<\/td>\n<td width=\"481\">Ningbo\/Xangai, China<\/td>\n<\/tr>\n<tr>\n<td width=\"200\">Termos de envio<\/td>\n<td width=\"481\">Exw, FOB, CFR, CIF, etc.<\/td>\n<\/tr>\n<tr>\n<td width=\"200\">Termos de pagamento<\/td>\n<td width=\"481\">T\/T, Western Union, PayPal, etc.<\/td>\n<\/tr>\n<tr>\n<td width=\"200\"><\/td>\n<td width=\"481\">Pr\u00e9-pagamento 30%, saldo 70% pago antes do envio<\/td>\n<\/tr>\n<tr>\n<td width=\"200\">Pa\u00eds de origem<\/td>\n<td width=\"481\">Cidade de Wenzhou, China<\/td>\n<\/tr>\n<tr>\n<td width=\"200\">Capacidade de produ\u00e7\u00e3o<\/td>\n<td width=\"481\">6.000 toneladas\/ano<\/td>\n<\/tr>\n<tr>\n<td width=\"200\">Quantidade m\u00ednima<\/td>\n<td width=\"481\">1 pe\u00e7a\/tamanho<\/td>\n<\/tr>\n<\/tbody>\n<\/table>","protected":false},"excerpt":{"rendered":"<p>Modelo:Q41F-3-PN16<br \/>\nV\u00e1lvula de esfera de extremidade de flange 3PC<\/p>\n<p>Uma v\u00e1lvula esf\u00e9rica de 3 pe\u00e7as com flange de a\u00e7o inoxid\u00e1vel PN16. Corpo e esfera do A351 CF8M, com op\u00e7\u00f5es de assentos PPL e PTFE.<\/p>\n<p>A v\u00e1lvula est\u00e1 em conformidade com a almofada de montagem direta ISO 5211 para f\u00e1cil atua\u00e7\u00e3o e \u00e9 fornecida com uma alavanca projetada com cadeado.<\/p>\n<p>A v\u00e1lvula oferece opera\u00e7\u00e3o segura em muitas aplica\u00e7\u00f5es industriais e qu\u00edmicas e \u00e9 ideal tanto para isolamento manual quanto f\u00e1cil de atuar, possuindo caracter\u00edsticas de baixo torque juntamente com altas taxas de vaz\u00e3o<\/p>\n<p>Caracter\u00edsticas principais:<br \/>\n3 pe\u00e7as, furo completo<br \/>\nCorpo A351 CF8M<br \/>\nBola de a\u00e7o inoxid\u00e1vel 316<br \/>\nFlangeado PN16<br \/>\nAssentos PTFE ou PPL<br \/>\nTamanhos 1\/2\u2033 a 4\u2033<\/p>\n<p>STV Valve Technology Group Co., Ltd \u00e9 uma empresa l\u00edder profissional de v\u00e1lvulas da ind\u00fastria, China V\u00e1lvulas de esfera de flange 3PC V\u00e1lvula de esfera de flange 3PC, V\u00e1lvula de esfera de extremidade flangeada 3PC ASME 150lbs, V\u00e1lvula de esfera DIN de extremidade flangeada 3PC, Vlave de esfera de flange 3PC de a\u00e7o inoxid\u00e1vel, WCB 3PC Fabricante de v\u00e1lvula esf\u00e9rica com extremidade de flange com alta qualidade e pre\u00e7o competitivo. Entre em contato com nosso sales@stvvalve.com para outros materiais e detalhes.<\/p>\n<p>Entre em contato com nosso sales@stvvalve.com para outros materiais e detalhes.<\/p>\n<p>Folha de data:<br \/>\n<a href=\"https:\/\/www.stvvalves.com\/wp-content\/uploads\/2018\/11\/3PC-Flange-End-Ball-Valve-Drawing.pdf\">V\u00e1lvula de esfera de extremidade de flange 3PC\u00a0<\/a><\/p>","protected":false},"featured_media":3939,"template":"","meta":[],"product_brand":[],"product_cat":[43,80,78,53],"product_tag":[201,200,989,990,991],"class_list":{"0":"post-3937","1":"product","2":"type-product","3":"status-publish","4":"has-post-thumbnail","6":"product_cat-ball-valve","7":"product_cat-flange-ball-valve","8":"product_cat-floating-ball-valve","9":"product_cat-stainless-steel-ball-valve","10":"product_tag-3pc-flange-ball-valve","11":"product_tag-3pc-flanged-end-asme-150lbs-ball-valve","12":"product_tag-3pc-flanged-end-din-ball-valve","13":"product_tag-stainless-steel-3pc-flange-ball-vlave","14":"product_tag-wcb-3pc-flange-end-ball-valve","16":"first","17":"instock","18":"shipping-taxable","19":"product-type-simple"},"_links":{"self":[{"href":"https:\/\/www.stvvalves.com\/pt\/wp-json\/wp\/v2\/product\/3937","targetHints":{"allow":["GET"]}}],"collection":[{"href":"https:\/\/www.stvvalves.com\/pt\/wp-json\/wp\/v2\/product"}],"about":[{"href":"https:\/\/www.stvvalves.com\/pt\/wp-json\/wp\/v2\/types\/product"}],"wp:featuredmedia":[{"embeddable":true,"href":"https:\/\/www.stvvalves.com\/pt\/wp-json\/wp\/v2\/media\/3939"}],"wp:attachment":[{"href":"https:\/\/www.stvvalves.com\/pt\/wp-json\/wp\/v2\/media?parent=3937"}],"wp:term":[{"taxonomy":"product_brand","embeddable":true,"href":"https:\/\/www.stvvalves.com\/pt\/wp-json\/wp\/v2\/product_brand?post=3937"},{"taxonomy":"product_cat","embeddable":true,"href":"https:\/\/www.stvvalves.com\/pt\/wp-json\/wp\/v2\/product_cat?post=3937"},{"taxonomy":"product_tag","embeddable":true,"href":"https:\/\/www.stvvalves.com\/pt\/wp-json\/wp\/v2\/product_tag?post=3937"}],"curies":[{"name":"wp","href":"https:\/\/api.w.org\/{rel}","templated":true}]}}