{"id":3944,"date":"2018-11-26T07:11:27","date_gmt":"2018-11-26T07:11:27","guid":{"rendered":"https:\/\/www.stvvalves.com\/?post_type=product&#038;p=3944"},"modified":"2025-02-19T19:50:32","modified_gmt":"2025-02-19T11:50:32","slug":"screwed-stainless-steel-mini-ball-valve","status":"publish","type":"product","link":"https:\/\/www.stvvalves.com\/pt\/products\/screwed-stainless-steel-mini-ball-valve\/","title":{"rendered":"Mini v\u00e1lvula esf\u00e9rica de a\u00e7o inoxid\u00e1vel parafusada"},"content":{"rendered":"<p>A mini v\u00e1lvula esf\u00e9rica parafusada de a\u00e7o inoxid\u00e1vel (ou v\u00e1lvula esf\u00e9rica em miniatura) \u00e9 feita para uso em espa\u00e7os confinados. Com press\u00e3o nominal de 1000 PSI (\u00e1gua, \u00f3leo ou g\u00e1s) e fabricada em SS 316, esta linha de v\u00e1lvulas supera as demais miniv\u00e1lvulas esfera dispon\u00edveis neste site. As v\u00e1lvulas est\u00e3o dispon\u00edveis nos tipos de conex\u00e3o F\u00eamea para F\u00eamea, Macho para F\u00eamea e Macho para Macho e em tamanhos de 1\/4\u2033 a 1\u2033.<\/p>\n<p>&nbsp;<\/p>\n<table>\n<tbody>\n<tr>\n<td width=\"200\"><strong>Nome do Produto3<\/strong><\/td>\n<td width=\"481\">Mini v\u00e1lvula esf\u00e9rica de a\u00e7o inoxid\u00e1vel parafusada<\/td>\n<\/tr>\n<tr>\n<td width=\"200\">1. Materiais<\/td>\n<td width=\"481\">316<\/td>\n<\/tr>\n<tr>\n<td width=\"200\">2. Tamanho<\/td>\n<td width=\"481\">1\/2\u201d<\/td>\n<\/tr>\n<tr>\n<td width=\"200\">4. Porto<\/td>\n<td width=\"481\">Porta redutora<\/td>\n<\/tr>\n<tr>\n<td width=\"200\">5. Press\u00e3o de Trabalho<\/td>\n<td width=\"481\">PN64<\/td>\n<\/tr>\n<tr>\n<td width=\"200\">6. Fim da conex\u00e3o<\/td>\n<td width=\"481\">TNP<\/td>\n<\/tr>\n<tr>\n<td width=\"200\">7. Temperatura de trabalho.<\/td>\n<td width=\"481\">-29~180\u00baC,<\/td>\n<\/tr>\n<tr>\n<td width=\"200\">8. Meio Adequado<\/td>\n<td width=\"481\">\u00c1gua, G\u00e1s Natural, Petr\u00f3leo e algum l\u00edquido corrosivo<\/td>\n<\/tr>\n<tr>\n<td width=\"200\">9. Operado<\/td>\n<td width=\"481\">Volante<\/td>\n<\/tr>\n<tr>\n<td width=\"200\">10. Inspe\u00e7\u00e3o e Teste<\/td>\n<td width=\"481\">De acordo com API598<\/td>\n<\/tr>\n<tr>\n<td width=\"200\"><strong>envio<\/strong><\/td>\n<td width=\"481\"><\/td>\n<\/tr>\n<tr>\n<td width=\"200\">Prazo de entrega<\/td>\n<td width=\"481\">30 dias<\/td>\n<\/tr>\n<tr>\n<td width=\"200\">Pacote<\/td>\n<td width=\"481\">Caixa de madeira compensada de exporta\u00e7\u00e3o padr\u00e3o<\/td>\n<\/tr>\n<tr>\n<td width=\"200\">Porto de embarque<\/td>\n<td width=\"481\">Ningbo\/Xangai, China<\/td>\n<\/tr>\n<tr>\n<td width=\"200\">Termos de envio<\/td>\n<td width=\"481\">Exw, FOB, CFR, CIF, etc.<\/td>\n<\/tr>\n<tr>\n<td width=\"200\">Termos de pagamento<\/td>\n<td width=\"481\">T\/T, Western Union, PayPal, etc.<\/td>\n<\/tr>\n<tr>\n<td width=\"200\"><\/td>\n<td width=\"481\">Pr\u00e9-pagamento 30%, saldo 70% pago antes do envio<\/td>\n<\/tr>\n<tr>\n<td width=\"200\">Pa\u00eds de origem<\/td>\n<td width=\"481\">Cidade de Wenzhou, China<\/td>\n<\/tr>\n<tr>\n<td width=\"200\">Capacidade de produ\u00e7\u00e3o<\/td>\n<td width=\"481\">6.000 toneladas\/ano<\/td>\n<\/tr>\n<tr>\n<td width=\"200\">Quantidade m\u00ednima<\/td>\n<td width=\"481\">1 pe\u00e7a\/tamanho<\/td>\n<\/tr>\n<\/tbody>\n<\/table>","protected":false},"excerpt":{"rendered":"<p>&nbsp;<\/p>\n<p>Corpo e esfera em SS 316 (CF8M) \u2013 para maior resist\u00eancia e resist\u00eancia \u00e0 corros\u00e3o<br \/>\nFaixa de temperatura: -29\u00b0C a 150\u00b0C<br \/>\nPress\u00e3o de trabalho de 1000 psi<br \/>\nO sistema de veda\u00e7\u00e3o dupla permite que o fluxo possa ir em qualquer dire\u00e7\u00e3o<br \/>\nAl\u00e7as de liga de zinco resistentes (pintadas de azul)<br \/>\nOpera\u00e7\u00e3o r\u00e1pida de abertura ou fechamento de 1\/4 de volta<br \/>\nCada v\u00e1lvula testada individualmente para m\u00e1xima seguran\u00e7a<br \/>\nConex\u00f5es NPT (FxF, FxM e MxM)<\/p>\n<p>Designa\u00e7\u00e3o \u2013 Material<\/p>\n<p>Corpo \u2013 SS 316 (CF8M)<\/p>\n<p>Bola \u2013 SS 316 (CF8M)<\/p>\n<p>Cap\u00f4 \u2013 SS 316 (CF8M)<\/p>\n<p>Assento Esf\u00e9rico \u2013 RPTFE<\/p>\n<p>Haste da v\u00e1lvula \u2013 SS 304\/ SS 316<\/p>\n<p>Alavanca \u2013 Liga de Alum\u00ednio<\/p>\n<p>Anel de veda\u00e7\u00e3o \u2013 NBR\/Viton<br \/>\nFolha de data:<\/p>\n<p><a href=\"https:\/\/www.stvvalves.com\/wp-content\/uploads\/2018\/11\/Screwed-Stainless-Steel-Mini-Ball-Valve-FF-END.pdf\">Extremidade FF da mini v\u00e1lvula esf\u00e9rica de a\u00e7o inoxid\u00e1vel parafusada<\/a><br \/>\n<a href=\"https:\/\/www.stvvalves.com\/wp-content\/uploads\/2018\/11\/Screwed-Stainless-Steel-Mini-Ball-Valve-FM.pdf\">Extremidade FM da mini v\u00e1lvula esf\u00e9rica de a\u00e7o inoxid\u00e1vel parafusada<\/a><\/p>\n<p>&nbsp;<\/p>","protected":false},"featured_media":3945,"template":"","meta":[],"product_brand":[],"product_cat":[43,78],"product_tag":[202,203,204],"class_list":{"0":"post-3944","1":"product","2":"type-product","3":"status-publish","4":"has-post-thumbnail","6":"product_cat-ball-valve","7":"product_cat-floating-ball-valve","8":"product_tag-mini-ball-valve","9":"product_tag-pn63-ball-valve","10":"product_tag-small-size-ball-valve","12":"first","13":"instock","14":"shipping-taxable","15":"product-type-simple"},"_links":{"self":[{"href":"https:\/\/www.stvvalves.com\/pt\/wp-json\/wp\/v2\/product\/3944","targetHints":{"allow":["GET"]}}],"collection":[{"href":"https:\/\/www.stvvalves.com\/pt\/wp-json\/wp\/v2\/product"}],"about":[{"href":"https:\/\/www.stvvalves.com\/pt\/wp-json\/wp\/v2\/types\/product"}],"wp:featuredmedia":[{"embeddable":true,"href":"https:\/\/www.stvvalves.com\/pt\/wp-json\/wp\/v2\/media\/3945"}],"wp:attachment":[{"href":"https:\/\/www.stvvalves.com\/pt\/wp-json\/wp\/v2\/media?parent=3944"}],"wp:term":[{"taxonomy":"product_brand","embeddable":true,"href":"https:\/\/www.stvvalves.com\/pt\/wp-json\/wp\/v2\/product_brand?post=3944"},{"taxonomy":"product_cat","embeddable":true,"href":"https:\/\/www.stvvalves.com\/pt\/wp-json\/wp\/v2\/product_cat?post=3944"},{"taxonomy":"product_tag","embeddable":true,"href":"https:\/\/www.stvvalves.com\/pt\/wp-json\/wp\/v2\/product_tag?post=3944"}],"curies":[{"name":"wp","href":"https:\/\/api.w.org\/{rel}","templated":true}]}}