{"id":3958,"date":"2018-11-26T08:26:02","date_gmt":"2018-11-26T08:26:02","guid":{"rendered":"https:\/\/www.stvvalves.com\/?post_type=product&#038;p=3958"},"modified":"2025-02-19T19:51:36","modified_gmt":"2025-02-19T11:51:36","slug":"hexagon-stainless-steel-screwed-ball-valve","status":"publish","type":"product","link":"https:\/\/www.stvvalves.com\/pt\/products\/hexagon-stainless-steel-screwed-ball-valve\/","title":{"rendered":"V\u00e1lvula de esfera parafusada de a\u00e7o inoxid\u00e1vel hexagonal"},"content":{"rendered":"<p>Barra hexagonal de pe\u00e7a \u00fanica Corpo em a\u00e7o inoxid\u00e1vel<br \/>\nDesign de porta padr\u00e3o<br \/>\nMaterial:A105.304.316<br \/>\nPress\u00e3o de trabalho de 2.000 psi (WOG)<br \/>\nAdequado para uma gama completa de l\u00edquidos e gases<br \/>\nAssento RPTFE<br \/>\nDOUBLE 100 testado individualmente<br \/>\nAtende ao padr\u00e3o NACE MR0175<br \/>\nPadr\u00e3o ISO 9001<br \/>\nExtremidades roscadas NPT<br \/>\nTAMANHO: 1\/4\u2033-2\u2033<\/p>\n<table>\n<tbody>\n<tr>\n<td width=\"200\"><strong>Nome do Produto<\/strong><\/td>\n<td width=\"481\">V\u00e1lvula de esfera parafusada de a\u00e7o inoxid\u00e1vel hexagonal<\/td>\n<\/tr>\n<tr>\n<td width=\"200\">1. Materiais<\/td>\n<td width=\"481\">F316<\/td>\n<\/tr>\n<tr>\n<td width=\"200\">2. Tamanho<\/td>\n<td width=\"481\">1\u201d<\/td>\n<\/tr>\n<tr>\n<td width=\"200\">4. Porto<\/td>\n<td width=\"481\">Porta Redutora<\/td>\n<\/tr>\n<tr>\n<td width=\"200\">5. Press\u00e3o de Trabalho<\/td>\n<td width=\"481\">800 libras<\/td>\n<\/tr>\n<tr>\n<td width=\"200\">6. Fim da conex\u00e3o<\/td>\n<td width=\"481\">TNP<\/td>\n<\/tr>\n<tr>\n<td width=\"200\">7. Temperatura de trabalho.<\/td>\n<td width=\"481\">-29~120\u00baC,<\/td>\n<\/tr>\n<tr>\n<td width=\"200\">8. Meio Adequado<\/td>\n<td width=\"481\">\u00c1gua, G\u00e1s Natural, Petr\u00f3leo e algum l\u00edquido corrosivo<\/td>\n<\/tr>\n<tr>\n<td width=\"200\">9. Operado<\/td>\n<td width=\"481\">Volante<\/td>\n<\/tr>\n<tr>\n<td width=\"200\">10. Inspe\u00e7\u00e3o e Teste<\/td>\n<td width=\"481\">De acordo com API598<\/td>\n<\/tr>\n<tr>\n<td width=\"200\"><strong>envio<\/strong><\/td>\n<td width=\"481\"><\/td>\n<\/tr>\n<tr>\n<td width=\"200\">Prazo de entrega<\/td>\n<td width=\"481\">30 dias<\/td>\n<\/tr>\n<tr>\n<td width=\"200\">Pacote<\/td>\n<td width=\"481\">Caixa de madeira compensada de exporta\u00e7\u00e3o padr\u00e3o<\/td>\n<\/tr>\n<tr>\n<td width=\"200\">Porto de embarque<\/td>\n<td width=\"481\">Ningbo\/Xangai, China<\/td>\n<\/tr>\n<tr>\n<td width=\"200\">Termos de envio<\/td>\n<td width=\"481\">Exw, FOB, CFR, CIF, etc.<\/td>\n<\/tr>\n<tr>\n<td width=\"200\">Termos de pagamento<\/td>\n<td width=\"481\">T\/T, Western Union, PayPal, etc.<\/td>\n<\/tr>\n<tr>\n<td width=\"200\"><\/td>\n<td width=\"481\">Pr\u00e9-pagamento 30%, saldo 70% pago antes do envio<\/td>\n<\/tr>\n<tr>\n<td width=\"200\">Pa\u00eds de origem<\/td>\n<td width=\"481\">Cidade de Wenzhou, China<\/td>\n<\/tr>\n<tr>\n<td width=\"200\">Capacidade de produ\u00e7\u00e3o<\/td>\n<td width=\"481\">6.000 toneladas\/ano<\/td>\n<\/tr>\n<tr>\n<td width=\"200\">Quantidade m\u00ednima<\/td>\n<td width=\"481\">1 pe\u00e7a\/tamanho<\/td>\n<\/tr>\n<\/tbody>\n<\/table>","protected":false},"excerpt":{"rendered":"<p>A v\u00e1lvula esf\u00e9rica parafusada de a\u00e7o inoxid\u00e1vel hexagonal \u00e9 um projeto de porta padr\u00e3o que oferece desempenho ideal sob tens\u00f5es pesadas. O corpo de a\u00e7o carbono WCB de pe\u00e7a \u00fanica foi projetado para resistir \u00e0 corros\u00e3o e testado sob press\u00e3o para garantir que funcione de acordo com as necessidades de sua v\u00e1lvula de alta press\u00e3o.<\/p>\n<p>Barra hexagonal de pe\u00e7a \u00fanica Corpo em a\u00e7o inoxid\u00e1vel<br \/>\nDesign de porta padr\u00e3o<br \/>\nMaterial:A105.304.316<br \/>\nPress\u00e3o de trabalho de 2.000 psi (WOG)<br \/>\nAdequado para uma gama completa de l\u00edquidos e gases<br \/>\nAssento RPTFE<br \/>\nDOUBLE 100 testado individualmente<br \/>\nAtende ao padr\u00e3o NACE MR0175<br \/>\nPadr\u00e3o ISO 9001<br \/>\nExtremidades roscadas NPT<br \/>\nTAMANHO: 1\/4\u2033-2\u2033<\/p>\n<p>STV Valve Technology Group Co., Ltd \u00e9 um l\u00edder profissional China V\u00e1lvula de esfera de 2000 PSI, V\u00e1lvula de esfera WOG 2000, V\u00e1lvula de esfera F316, V\u00e1lvula de esfera redutora NPT, V\u00e1lvula de esfera redutora de 1 unidade, V\u00e1lvula de esfera hexagonal, V\u00e1lvula de esfera de alta press\u00e3o, V\u00e1lvula de esfera WOG 2000 , Fabricante de v\u00e1lvula de esfera China 2000 PSI com alta qualidade e pre\u00e7o competitivo.<\/p>\n<p>Entre em contato com nosso sales@stvvalve.com para outros materiais e detalhes.<\/p>\n<p>Folha de data:<br \/>\n<a href=\"https:\/\/www.stvvalves.com\/wp-content\/uploads\/2018\/11\/Hexagon-Stainless-Steel-Screwed-Ball-Valve.pdf\">V\u00e1lvula de esfera parafusada de a\u00e7o inoxid\u00e1vel hexagonal<\/a><\/p>","protected":false},"featured_media":3966,"template":"","meta":[],"product_brand":[],"product_cat":[43,79],"product_tag":[998,205,206,1000,997,208,999],"class_list":{"0":"post-3958","1":"product","2":"type-product","3":"status-publish","4":"has-post-thumbnail","6":"product_cat-ball-valve","7":"product_cat-threaded-ball-valve","8":"product_tag-1pc-reducer-ball-valve","9":"product_tag-2000-psi-ball-valve","10":"product_tag-2000-wog-ball-valve","11":"product_tag-f316-ball-valve","12":"product_tag-hexgon-ball-valve","13":"product_tag-high-pressure-ball-valve","14":"product_tag-npt-reducer-ball-valve","16":"first","17":"instock","18":"shipping-taxable","19":"product-type-simple"},"_links":{"self":[{"href":"https:\/\/www.stvvalves.com\/pt\/wp-json\/wp\/v2\/product\/3958","targetHints":{"allow":["GET"]}}],"collection":[{"href":"https:\/\/www.stvvalves.com\/pt\/wp-json\/wp\/v2\/product"}],"about":[{"href":"https:\/\/www.stvvalves.com\/pt\/wp-json\/wp\/v2\/types\/product"}],"wp:featuredmedia":[{"embeddable":true,"href":"https:\/\/www.stvvalves.com\/pt\/wp-json\/wp\/v2\/media\/3966"}],"wp:attachment":[{"href":"https:\/\/www.stvvalves.com\/pt\/wp-json\/wp\/v2\/media?parent=3958"}],"wp:term":[{"taxonomy":"product_brand","embeddable":true,"href":"https:\/\/www.stvvalves.com\/pt\/wp-json\/wp\/v2\/product_brand?post=3958"},{"taxonomy":"product_cat","embeddable":true,"href":"https:\/\/www.stvvalves.com\/pt\/wp-json\/wp\/v2\/product_cat?post=3958"},{"taxonomy":"product_tag","embeddable":true,"href":"https:\/\/www.stvvalves.com\/pt\/wp-json\/wp\/v2\/product_tag?post=3958"}],"curies":[{"name":"wp","href":"https:\/\/api.w.org\/{rel}","templated":true}]}}