{"id":4013,"date":"2018-11-27T07:42:50","date_gmt":"2018-11-27T07:42:50","guid":{"rendered":"https:\/\/www.stvvalves.com\/?post_type=product&#038;p=4013"},"modified":"2025-02-18T14:16:55","modified_gmt":"2025-02-18T06:16:55","slug":"forged-steel-flange-gate-valve","status":"publish","type":"product","link":"https:\/\/www.stvvalves.com\/pt\/products\/forged-steel-flange-gate-valve\/","title":{"rendered":"V\u00e1lvula de gaveta com flange de a\u00e7o forjado"},"content":{"rendered":"<p>Caracter\u00edsticas de design<br \/>\n1. Porta completa ou porta convencional<br \/>\n2. Parafuso externo e garfo (OS&amp;Y)<br \/>\n3. Prensa de gaxeta autocompensadora de duas pe\u00e7as<br \/>\n4. Castelo aparafusado com junta em espiral, castelo soldado com rosca e veda\u00e7\u00e3o ou castelo com veda\u00e7\u00e3o roscada e de press\u00e3o<br \/>\n5. Banco traseiro integral<br \/>\n6.Dispon\u00edvel em ANSI 150-2500LB, tamanhos: 1\/2\u2033 a 2\u2033.<br \/>\n7.Materiais:A105N,LF2,F304,F316,F11,F22,F5,F91,liga de a\u00e7o etc.<br \/>\n8.Faixa de temperatura: 0\u00b0C a 538\u00b0C.<br \/>\n9.Porta: Porta Redutora e Porta Completa.<br \/>\n10.Conex\u00e3o final;NPT,BW,SW,RF,RTJ.<\/p>\n<table>\n<tbody>\n<tr>\n<td width=\"200\"><strong><b>Nome do Produto<\/b><\/strong><\/td>\n<td width=\"481\">V\u00e1lvula de gaveta com flange de a\u00e7o forjado<\/td>\n<\/tr>\n<tr>\n<td width=\"200\">1. Materiais<\/td>\n<td width=\"481\">A105N<\/td>\n<\/tr>\n<tr>\n<td width=\"200\">2. Tamanho<\/td>\n<td width=\"481\">2\u201d<\/td>\n<\/tr>\n<tr>\n<td width=\"200\">4. Porto<\/td>\n<td width=\"481\">Porta Redutora<\/td>\n<\/tr>\n<tr>\n<td width=\"200\">5. Press\u00e3o de Trabalho<\/td>\n<td width=\"481\">800 libras<\/td>\n<\/tr>\n<tr>\n<td width=\"200\">6. Fim da conex\u00e3o<\/td>\n<td width=\"481\">Extremidade de solda de soquete<\/td>\n<\/tr>\n<tr>\n<td width=\"200\">7. Temperatura de trabalho.<\/td>\n<td width=\"481\">-29~425\u00baC,<\/td>\n<\/tr>\n<tr>\n<td width=\"200\">8. Meio Adequado<\/td>\n<td width=\"481\">\u00c1gua, G\u00e1s Natural, Petr\u00f3leo e algum l\u00edquido corrosivo<\/td>\n<\/tr>\n<tr>\n<td width=\"200\">9. Operado<\/td>\n<td width=\"481\">Volante<\/td>\n<\/tr>\n<tr>\n<td width=\"200\">10. Inspe\u00e7\u00e3o e Teste<\/td>\n<td width=\"481\">De acordo comAPI 598<\/td>\n<\/tr>\n<tr>\n<td width=\"200\"><strong><b>envio<\/b><\/strong><\/td>\n<td width=\"481\">&nbsp;<\/td>\n<\/tr>\n<tr>\n<td width=\"200\">Prazo de entrega<\/td>\n<td width=\"481\">30 dias<\/td>\n<\/tr>\n<tr>\n<td width=\"200\">Pacote<\/td>\n<td width=\"481\">Caixa de madeira compensada de exporta\u00e7\u00e3o padr\u00e3o<\/td>\n<\/tr>\n<tr>\n<td width=\"200\">Porto de embarque<\/td>\n<td width=\"481\">Ningbo\/Xangai, China<\/td>\n<\/tr>\n<tr>\n<td width=\"200\">Termos de envio<\/td>\n<td width=\"481\">Exw, FOB, CFR, CIF, etc.<\/td>\n<\/tr>\n<tr>\n<td width=\"200\">Termos de pagamento<\/td>\n<td width=\"481\">T\/T, Western Union, PayPal, etc.<\/td>\n<\/tr>\n<tr>\n<td width=\"200\">&nbsp;<\/td>\n<td width=\"481\">Pr\u00e9-pagamento 30%, saldo 70% pago antes do envio<\/td>\n<\/tr>\n<tr>\n<td width=\"200\">Pa\u00eds de origem<\/td>\n<td width=\"481\">Cidade de Wenzhou, China<\/td>\n<\/tr>\n<tr>\n<td width=\"200\">Capacidade de produ\u00e7\u00e3o<\/td>\n<td width=\"481\">6.000 toneladas\/ano<\/td>\n<\/tr>\n<tr>\n<td width=\"200\">Quantidade m\u00ednima<\/td>\n<td width=\"481\">10 unidades\/tamanho<\/td>\n<\/tr>\n<\/tbody>\n<\/table>\n<p>&nbsp;<\/p>","protected":false},"excerpt":{"rendered":"<p>V\u00e1lvula de gaveta com flange de a\u00e7o forjado<br \/>\nNossa v\u00e1lvula gaveta com flange de a\u00e7o forjado \u00e9 adequada para caber entre flanges ANSI 150 ou ANSI 2500 (sujeito a configura\u00e7\u00e3o) e projetada para aplica\u00e7\u00f5es pesadas, industriais e de vapor; vapor, \u00e1gua, \u00f3leo, vapores e g\u00e1s. Uma v\u00e1lvula gaveta manual operada por volante com haste ascendente, sede em a\u00e7o inoxid\u00e1vel 316 e corpo A105N.<\/p>\n<p>Caracter\u00edsticas principais:<br \/>\nDispon\u00edvel em ANSI 150 ou ANSI 2500, tamanhos: 1\/2\u2033 a 2\u2033.<br \/>\nCorpo e cap\u00f4 em a\u00e7o forjado A105N com sede em a\u00e7o inoxid\u00e1vel 316.<br \/>\nFaixa de temperatura: 0\u00b0C a 550\u00b0C.<br \/>\nClassifica\u00e7\u00e3o de press\u00e3o: Classe 150 ou Classe 2500.<br \/>\nUma v\u00e1lvula econ\u00f4mica e livre de manuten\u00e7\u00e3o! Projete para API 602.<br \/>\nMaterial: A105, F304, F316, F5, F91, F11, F22, Liga de A\u00e7o Ect.<\/p>\n<p>Folha de data:<br \/>\n<a href=\"https:\/\/www.stvvalves.com\/wp-content\/uploads\/2018\/11\/forged-steel-flange-gate-valve-drawing.pdf\">V\u00e1lvula de gaveta com flange de a\u00e7o forjado<\/a><\/p>","protected":false},"featured_media":4017,"template":"","meta":[],"product_brand":[],"product_cat":[59,44],"product_tag":[223,224,195],"class_list":{"0":"post-4013","1":"product","2":"type-product","3":"status-publish","4":"has-post-thumbnail","6":"product_cat-forged-steel-gate-valve","7":"product_cat-gate-valve","8":"product_tag-api-602-gate-valve","9":"product_tag-flange-gate-valve","10":"product_tag-high-pressure-gate-valve","12":"first","13":"instock","14":"shipping-taxable","15":"product-type-simple"},"_links":{"self":[{"href":"https:\/\/www.stvvalves.com\/pt\/wp-json\/wp\/v2\/product\/4013","targetHints":{"allow":["GET"]}}],"collection":[{"href":"https:\/\/www.stvvalves.com\/pt\/wp-json\/wp\/v2\/product"}],"about":[{"href":"https:\/\/www.stvvalves.com\/pt\/wp-json\/wp\/v2\/types\/product"}],"wp:featuredmedia":[{"embeddable":true,"href":"https:\/\/www.stvvalves.com\/pt\/wp-json\/wp\/v2\/media\/4017"}],"wp:attachment":[{"href":"https:\/\/www.stvvalves.com\/pt\/wp-json\/wp\/v2\/media?parent=4013"}],"wp:term":[{"taxonomy":"product_brand","embeddable":true,"href":"https:\/\/www.stvvalves.com\/pt\/wp-json\/wp\/v2\/product_brand?post=4013"},{"taxonomy":"product_cat","embeddable":true,"href":"https:\/\/www.stvvalves.com\/pt\/wp-json\/wp\/v2\/product_cat?post=4013"},{"taxonomy":"product_tag","embeddable":true,"href":"https:\/\/www.stvvalves.com\/pt\/wp-json\/wp\/v2\/product_tag?post=4013"}],"curies":[{"name":"wp","href":"https:\/\/api.w.org\/{rel}","templated":true}]}}