{"id":4045,"date":"2018-11-29T02:36:00","date_gmt":"2018-11-29T02:36:00","guid":{"rendered":"https:\/\/www.stvvalves.com\/?post_type=product&#038;p=4045"},"modified":"2025-02-17T18:18:47","modified_gmt":"2025-02-17T10:18:47","slug":"cast-steel-y-type-flange-strainer","status":"publish","type":"product","link":"https:\/\/www.stvvalves.com\/pt\/products\/cast-steel-y-type-flange-strainer\/","title":{"rendered":"Filtro de flange tipo Y de a\u00e7o fundido"},"content":{"rendered":"<p><img loading=\"lazy\" decoding=\"async\" class=\"alignnone size-full wp-image-4051\" src=\"https:\/\/www.stvvalves.com\/wp-content\/uploads\/2018\/11\/cast-steel-y-type-flange-strainer-drawing.jpg\" alt=\"\" width=\"2339\" height=\"1654\" srcset=\"https:\/\/www.stvvalves.com\/wp-content\/uploads\/2018\/11\/cast-steel-y-type-flange-strainer-drawing.jpg 2339w, https:\/\/www.stvvalves.com\/wp-content\/uploads\/2018\/11\/cast-steel-y-type-flange-strainer-drawing-600x424.jpg 600w, https:\/\/www.stvvalves.com\/wp-content\/uploads\/2018\/11\/cast-steel-y-type-flange-strainer-drawing-300x212.jpg 300w, https:\/\/www.stvvalves.com\/wp-content\/uploads\/2018\/11\/cast-steel-y-type-flange-strainer-drawing-768x543.jpg 768w, https:\/\/www.stvvalves.com\/wp-content\/uploads\/2018\/11\/cast-steel-y-type-flange-strainer-drawing-1030x728.jpg 1030w, https:\/\/www.stvvalves.com\/wp-content\/uploads\/2018\/11\/cast-steel-y-type-flange-strainer-drawing-1500x1061.jpg 1500w, https:\/\/www.stvvalves.com\/wp-content\/uploads\/2018\/11\/cast-steel-y-type-flange-strainer-drawing-260x185.jpg 260w, https:\/\/www.stvvalves.com\/wp-content\/uploads\/2018\/11\/cast-steel-y-type-flange-strainer-drawing-705x499.jpg 705w\" sizes=\"auto, (max-width: 2339px) 100vw, 2339px\" \/><\/p>","protected":false},"excerpt":{"rendered":"<p>Modelo:GL41H-150LB<\/p>\n<p>Nosso filtro de flange tipo Y de a\u00e7o fundido \u00e9 compacto, f\u00e1cil de limpar e possui um tamp\u00e3o de drenagem remov\u00edvel e malha de tela de a\u00e7o inoxid\u00e1vel. Ele fornece uma solu\u00e7\u00e3o econ\u00f4mica e \u00e9 recomendado para aplica\u00e7\u00f5es onde \u00e9 necess\u00e1rio evitar danos a v\u00e1lvulas e outros equipamentos mec\u00e2nicos relacionados.<\/p>\n<p>Detritos de tubula\u00e7\u00f5es, incluindo sujeira e incrusta\u00e7\u00f5es, costumam ser a causa de falhas, danos, perda de energia e redu\u00e7\u00e3o na produtividade.<\/p>\n<p>Caracter\u00edsticas principais:<br \/>\nDispon\u00edvel em flange PN16\/40 ou ANSI, flange JIS<br \/>\ntamanhos: 1\/2\u2033 a 24\u2033<br \/>\nFaixa de temperatura: -29 a 560\u00b0C.<br \/>\nClassifica\u00e7\u00e3o de press\u00e3o: DIN PN16-PN40 ou ANSI 150LB-1500LB, JIS10K-30K<br \/>\nMaterial do corpo, WCB, CF8, CF8M, WC6 E WC9 etc.<br \/>\nA instala\u00e7\u00e3o de um filtro \u00e9 sempre recomendada para garantir um servi\u00e7o sem problemas<\/p>\n<p>STV Valve Technology Group Co., Ltd \u00e9 um l\u00edder profissional ChinaAnsi 150 filtro flangeado, filtro de flange ANSI, filtro tipo y de a\u00e7o fundido, filtro flangeado, filtro tipo Y, filtro y de flange jis 10k, fabricante de filtro Y de a\u00e7o carbono com alta qualidade e pre\u00e7o competitivo.<\/p>\n<p>Entre em contato com nosso sales@stvvalve.com para outros materiais e detalhes.<\/p>\n<p>Folha de data:<br \/>\n<a href=\"https:\/\/www.stvvalves.com\/wp-content\/uploads\/2018\/11\/cast-steel-y-type-flange-strainer-drawing.pdf\">Filtro de flange tipo Y de a\u00e7o fundido<\/a><\/p>\n<p>&nbsp;<\/p>","protected":false},"featured_media":4047,"template":"","meta":[],"product_brand":[],"product_cat":[72,48],"product_tag":[234,235,1022,233,232,567,236],"class_list":{"0":"post-4045","1":"product","2":"type-product","3":"status-publish","4":"has-post-thumbnail","6":"product_cat-cast-steel-y-type-strainer","7":"product_cat-y-strainer","8":"product_tag-ansi-150-flanged-strainer","9":"product_tag-ansi-flange-filter","10":"product_tag-carbon-steel-y-strainer","11":"product_tag-cast-steel-y-type-strainer","12":"product_tag-flanged-strainer","13":"product_tag-jis-10k-flange-y-strainer","14":"product_tag-y-type-strainer","16":"first","17":"instock","18":"shipping-taxable","19":"product-type-simple"},"_links":{"self":[{"href":"https:\/\/www.stvvalves.com\/pt\/wp-json\/wp\/v2\/product\/4045","targetHints":{"allow":["GET"]}}],"collection":[{"href":"https:\/\/www.stvvalves.com\/pt\/wp-json\/wp\/v2\/product"}],"about":[{"href":"https:\/\/www.stvvalves.com\/pt\/wp-json\/wp\/v2\/types\/product"}],"wp:featuredmedia":[{"embeddable":true,"href":"https:\/\/www.stvvalves.com\/pt\/wp-json\/wp\/v2\/media\/4047"}],"wp:attachment":[{"href":"https:\/\/www.stvvalves.com\/pt\/wp-json\/wp\/v2\/media?parent=4045"}],"wp:term":[{"taxonomy":"product_brand","embeddable":true,"href":"https:\/\/www.stvvalves.com\/pt\/wp-json\/wp\/v2\/product_brand?post=4045"},{"taxonomy":"product_cat","embeddable":true,"href":"https:\/\/www.stvvalves.com\/pt\/wp-json\/wp\/v2\/product_cat?post=4045"},{"taxonomy":"product_tag","embeddable":true,"href":"https:\/\/www.stvvalves.com\/pt\/wp-json\/wp\/v2\/product_tag?post=4045"}],"curies":[{"name":"wp","href":"https:\/\/api.w.org\/{rel}","templated":true}]}}