{"id":4053,"date":"2018-11-29T05:27:38","date_gmt":"2018-11-29T05:27:38","guid":{"rendered":"https:\/\/www.stvvalves.com\/?post_type=product&#038;p=4053"},"modified":"2025-02-17T18:18:45","modified_gmt":"2025-02-17T10:18:45","slug":"cast-iron-double-flange-wafer-check-valve","status":"publish","type":"product","link":"https:\/\/www.stvvalves.com\/pt\/products\/cast-iron-double-flange-wafer-check-valve\/","title":{"rendered":"V\u00e1lvula de reten\u00e7\u00e3o wafer de flange dupla em ferro fundido"},"content":{"rendered":"<p>Materiais Opcionais:<\/p>\n<p>CORPO: GG25, GGG40, SS304, SS316<\/p>\n<p>DISCO: DI,SS304,SS316,AL-BRONZE<\/p>\n<p>EIXO: SS304, SS316, SS420<\/p>\n<p>MOLA: SS316<\/p>\n<p>Padr\u00e3o de projeto:<\/p>\n<p>1. Tamanho: DN40-DN800<\/p>\n<p>2. Padr\u00e3o de projeto: DIN3202<\/p>\n<p>3. Extremidade da conex\u00e3o: BS EN1092 PN10\/PN16,ANSI B16.5,JIS B2220<\/p>\n<p>4. Press\u00e3o de trabalho: PN16, CLASSE 125, JIS10K<\/p>\n<p>5. Temperatura de trabalho: Assento de borracha: 0\u00b0C-80\u00b0C<\/p>\n<p data-spm-anchor-id=\"a2700.details.pronpeci14.i2.77822bfbcimmfh\">6. Revestimento: Revestimento ep\u00f3xi ligado por fus\u00e3o<\/p>\n<table>\n<tbody>\n<tr>\n<td width=\"200\"><strong>Nome do Produto<\/strong><\/td>\n<td width=\"481\">V\u00e1lvula de reten\u00e7\u00e3o wafer de flange dupla em ferro fundido<\/td>\n<\/tr>\n<tr>\n<td width=\"200\">1. Materiais<\/td>\n<td width=\"481\">IC<\/td>\n<\/tr>\n<tr>\n<td width=\"200\">2. Tamanho<\/td>\n<td width=\"481\">4\u201d<\/td>\n<\/tr>\n<tr>\n<td width=\"200\">4. Porto<\/td>\n<td width=\"481\">Porto completo<\/td>\n<\/tr>\n<tr>\n<td width=\"200\">5. Press\u00e3o de Trabalho<\/td>\n<td width=\"481\">150 libras<\/td>\n<\/tr>\n<tr>\n<td width=\"200\">6. Fim da conex\u00e3o<\/td>\n<td width=\"481\">RF<\/td>\n<\/tr>\n<tr>\n<td width=\"200\">7. Temperatura de trabalho.<\/td>\n<td width=\"481\">-29~120\u00baC,<\/td>\n<\/tr>\n<tr>\n<td width=\"200\">8. Meio Adequado<\/td>\n<td width=\"481\">\u00c1gua, G\u00e1s Natural, Petr\u00f3leo e algum l\u00edquido corrosivo<\/td>\n<\/tr>\n<tr>\n<td width=\"200\">9. Operado<\/td>\n<td width=\"481\">\/<\/td>\n<\/tr>\n<tr>\n<td width=\"200\">10. Inspe\u00e7\u00e3o e Teste<\/td>\n<td width=\"481\">De acordo com API598<\/td>\n<\/tr>\n<tr>\n<td width=\"200\"><strong>envio<\/strong><\/td>\n<td width=\"481\"><\/td>\n<\/tr>\n<tr>\n<td width=\"200\">Prazo de entrega<\/td>\n<td width=\"481\">30 dias<\/td>\n<\/tr>\n<tr>\n<td width=\"200\">Pacote<\/td>\n<td width=\"481\">Caixa de madeira compensada de exporta\u00e7\u00e3o padr\u00e3o<\/td>\n<\/tr>\n<tr>\n<td width=\"200\">Porto de embarque<\/td>\n<td width=\"481\">Ningbo\/Xangai, China<\/td>\n<\/tr>\n<tr>\n<td width=\"200\">Termos de envio<\/td>\n<td width=\"481\">Exw, FOB, CFR, CIF, etc.<\/td>\n<\/tr>\n<tr>\n<td width=\"200\">Termos de pagamento<\/td>\n<td width=\"481\">T\/T, Western Union, PayPal, etc.<\/td>\n<\/tr>\n<tr>\n<td width=\"200\"><\/td>\n<td width=\"481\">Pr\u00e9-pagamento 30%, saldo 70% pago antes do envio<\/td>\n<\/tr>\n<tr>\n<td width=\"200\">Pa\u00eds de origem<\/td>\n<td width=\"481\">Cidade de Wenzhou, China<\/td>\n<\/tr>\n<tr>\n<td width=\"200\">Capacidade de produ\u00e7\u00e3o<\/td>\n<td width=\"481\">6.000 toneladas\/ano<\/td>\n<\/tr>\n<tr>\n<td width=\"200\">Quantidade m\u00ednima<\/td>\n<td width=\"481\">1 pe\u00e7a\/tamanho<\/td>\n<\/tr>\n<\/tbody>\n<\/table>","protected":false},"excerpt":{"rendered":"<p>Modelo: H76X-16T<\/p>\n<p>As v\u00e1lvulas de reten\u00e7\u00e3o servem para evitar o refluxo do fluxo m\u00e9dio no sistema de tubula\u00e7\u00e3o, amplamente aplicadas na \u00e1rea de \u00e1gua pot\u00e1vel, abastecimento e drenagem de \u00e1gua, esgoto, irriga\u00e7\u00e3o, ar condicionado, prote\u00e7\u00e3o contra inc\u00eandio, bem como na ind\u00fastria qu\u00edmica e energ\u00e9tica.<\/p>\n<p data-spm-anchor-id=\"a2700.details.pronpeci14.i2.77822bfbcimmfh\">\n<p>STV Valve Technology Group Co., Ltd \u00e9 um l\u00edder profissional China V\u00e1lvula de reten\u00e7\u00e3o de ferro fundido, V\u00e1lvula de reten\u00e7\u00e3o de ferro fundido, V\u00e1lvula de reten\u00e7\u00e3o de wafer de ferro fundido, V\u00e1lvula de reten\u00e7\u00e3o de assento EPDM, V\u00e1lvula de reten\u00e7\u00e3o de giro, Fabricante de v\u00e1lvula de reten\u00e7\u00e3o de wafer com alta qualidade e pre\u00e7o competitivo .<\/p>\n<p>Entre em contato com nosso sales@stvvalve.com para outros materiais e detalhes.<\/p>\n<p data-spm-anchor-id=\"a2700.details.pronpeci14.i2.77822bfbcimmfh\">Folha de data:<br \/>\n<a href=\"https:\/\/www.stvvalves.com\/wp-content\/uploads\/2018\/11\/cast-iron-double-flange-wafer-check-valve-drawing.pdf\">V\u00e1lvula de reten\u00e7\u00e3o wafer de flange dupla em ferro fundido<\/a><\/p>","protected":false},"featured_media":4054,"template":"","meta":[],"product_brand":[],"product_cat":[46,84],"product_tag":[237,238,240,239,152,225],"class_list":{"0":"post-4053","1":"product","2":"type-product","3":"status-publish","4":"has-post-thumbnail","6":"product_cat-check-valves","7":"product_cat-wafer-check-valve","8":"product_tag-cast-iron-check-valve","9":"product_tag-cast-iron-swing-check-valve","10":"product_tag-cast-iron-wafer-check-valve","11":"product_tag-epdm-seat-swing-check-valve","12":"product_tag-swing-check-valve","13":"product_tag-wafer-check-valve","15":"first","16":"instock","17":"shipping-taxable","18":"product-type-simple"},"_links":{"self":[{"href":"https:\/\/www.stvvalves.com\/pt\/wp-json\/wp\/v2\/product\/4053","targetHints":{"allow":["GET"]}}],"collection":[{"href":"https:\/\/www.stvvalves.com\/pt\/wp-json\/wp\/v2\/product"}],"about":[{"href":"https:\/\/www.stvvalves.com\/pt\/wp-json\/wp\/v2\/types\/product"}],"wp:featuredmedia":[{"embeddable":true,"href":"https:\/\/www.stvvalves.com\/pt\/wp-json\/wp\/v2\/media\/4054"}],"wp:attachment":[{"href":"https:\/\/www.stvvalves.com\/pt\/wp-json\/wp\/v2\/media?parent=4053"}],"wp:term":[{"taxonomy":"product_brand","embeddable":true,"href":"https:\/\/www.stvvalves.com\/pt\/wp-json\/wp\/v2\/product_brand?post=4053"},{"taxonomy":"product_cat","embeddable":true,"href":"https:\/\/www.stvvalves.com\/pt\/wp-json\/wp\/v2\/product_cat?post=4053"},{"taxonomy":"product_tag","embeddable":true,"href":"https:\/\/www.stvvalves.com\/pt\/wp-json\/wp\/v2\/product_tag?post=4053"}],"curies":[{"name":"wp","href":"https:\/\/api.w.org\/{rel}","templated":true}]}}