{"id":4078,"date":"2018-11-29T08:57:16","date_gmt":"2018-11-29T08:57:16","guid":{"rendered":"https:\/\/www.stvvalves.com\/?post_type=product&#038;p=4078"},"modified":"2025-02-17T18:18:42","modified_gmt":"2025-02-17T10:18:42","slug":"screwed-stainless-steel-y-type-strainer","status":"publish","type":"product","link":"https:\/\/www.stvvalves.com\/pt\/products\/screwed-stainless-steel-y-type-strainer\/","title":{"rendered":"Filtro tipo Y de a\u00e7o inoxid\u00e1vel parafusado"},"content":{"rendered":"<p><img loading=\"lazy\" decoding=\"async\" class=\"alignnone size-full wp-image-4079\" src=\"https:\/\/www.stvvalves.com\/wp-content\/uploads\/2018\/11\/Screwed-Stainless-Steel-Y-Type-Strainer-drawing.jpg\" alt=\"\" width=\"1653\" height=\"2338\" srcset=\"https:\/\/www.stvvalves.com\/wp-content\/uploads\/2018\/11\/Screwed-Stainless-Steel-Y-Type-Strainer-drawing.jpg 1653w, https:\/\/www.stvvalves.com\/wp-content\/uploads\/2018\/11\/Screwed-Stainless-Steel-Y-Type-Strainer-drawing-600x849.jpg 600w, https:\/\/www.stvvalves.com\/wp-content\/uploads\/2018\/11\/Screwed-Stainless-Steel-Y-Type-Strainer-drawing-212x300.jpg 212w, https:\/\/www.stvvalves.com\/wp-content\/uploads\/2018\/11\/Screwed-Stainless-Steel-Y-Type-Strainer-drawing-768x1086.jpg 768w, https:\/\/www.stvvalves.com\/wp-content\/uploads\/2018\/11\/Screwed-Stainless-Steel-Y-Type-Strainer-drawing-728x1030.jpg 728w, https:\/\/www.stvvalves.com\/wp-content\/uploads\/2018\/11\/Screwed-Stainless-Steel-Y-Type-Strainer-drawing-1061x1500.jpg 1061w, https:\/\/www.stvvalves.com\/wp-content\/uploads\/2018\/11\/Screwed-Stainless-Steel-Y-Type-Strainer-drawing-498x705.jpg 498w\" sizes=\"auto, (max-width: 1653px) 100vw, 1653px\" \/><\/p>","protected":false},"excerpt":{"rendered":"<p>Modelo:GL11H-1000WOG<\/p>\n<p>Nosso filtro tipo Y de a\u00e7o inoxid\u00e1vel parafusado \u00e9 compacto, f\u00e1cil de limpar e possui um tamp\u00e3o de drenagem remov\u00edvel e malha de tela de a\u00e7o inoxid\u00e1vel 316 de 1 mm com passo de 2 mm. Ele fornece uma solu\u00e7\u00e3o econ\u00f4mica e \u00e9 recomendado para aplica\u00e7\u00f5es onde \u00e9 necess\u00e1rio evitar danos a v\u00e1lvulas e outros equipamentos mec\u00e2nicos relacionados.<\/p>\n<p>Detritos de tubula\u00e7\u00f5es, incluindo sujeira e incrusta\u00e7\u00f5es, costumam ser a causa de falhas, danos, perda de energia e redu\u00e7\u00e3o na produtividade.<\/p>\n<p>Adequado para aplica\u00e7\u00f5es semi-agressivas encontradas em ind\u00fastrias qu\u00edmicas e de processo.<\/p>\n<p>Caracter\u00edsticas principais:<br \/>\nDispon\u00edvel com corpo 316 (CF8M) e tampa em BSPP parafusado,<br \/>\ntamanhos: 1\/4\u2033 at\u00e9 4\u2033.<br \/>\nCorpo de fundi\u00e7\u00e3o de investimento SS 316<br \/>\nPress\u00e3o de trabalho de 800 psi<br \/>\nAdequado para uma gama completa de l\u00edquidos e gases (WOG)<br \/>\nFaixa de temperatura: -20\u00b0C a 180\u00b0C.<br \/>\nDispon\u00edvel em telas de malha 20 (\u2248 1 mm) ou malha 140 (\u2248 100 mc).<br \/>\nExtremidades rosqueadas FxF NPT conforme ANSI B1.20.1<br \/>\nDesigna\u00e7\u00e3o \u2013 Material<\/p>\n<p>Corpo \u2013 SS 316 (CF8M)<\/p>\n<p>Cap\u00f4 \u2013 SS 316 (CF8M)<\/p>\n<p>Junta \u2013 PTFE<\/p>\n<p>Tela \u2013 SS 304<\/p>\n<p>STV Valve Technology Group Co., Ltd \u00e9 um l\u00edder profissional China 800 WOG Y Filtro, Filtro Parafusado, Filtro Y Parafusado Filtro Y Parafusado, A\u00c7O INOXID\u00c1VEL (316) Y-STRINER, Filtro de A\u00e7o Inoxid\u00e1vel, Filtro tipo Y, Filtro NPT Y, Fabricante de filtro f\u00eamea Bspp Y com alta qualidade e pre\u00e7o competitivo.<\/p>\n<p>Entre em contato com nosso sales@stvvalve.com para outros materiais e detalhes.<\/p>\n<p>Folha de data:<br \/>\n<a href=\"https:\/\/www.stvvalves.com\/wp-content\/uploads\/2018\/11\/Screwed-Stainless-Steel-Y-Type-Strainer-drawing.pdf\">Filtro tipo Y de a\u00e7o inoxid\u00e1vel parafusado<\/a><\/p>","protected":false},"featured_media":4081,"template":"","meta":[],"product_brand":[],"product_cat":[85,48],"product_tag":[257,1028,1027,256,1026,253,255,236],"class_list":{"0":"post-4078","1":"product","2":"type-product","3":"status-publish","4":"has-post-thumbnail","6":"product_cat-stainless-steel-y-type-strainer","7":"product_cat-y-strainer","8":"product_tag-800-wog-y-strainer","9":"product_tag-female-bspp-y-strainer","10":"product_tag-npt-y-strainer","11":"product_tag-screwed-strainer","12":"product_tag-screwed-y-strainer-screwed-y-strainer","13":"product_tag-stainless-steel-316-y-strainer","14":"product_tag-stainless-steel-strainer","15":"product_tag-y-type-strainer","17":"first","18":"instock","19":"shipping-taxable","20":"product-type-simple"},"_links":{"self":[{"href":"https:\/\/www.stvvalves.com\/pt\/wp-json\/wp\/v2\/product\/4078","targetHints":{"allow":["GET"]}}],"collection":[{"href":"https:\/\/www.stvvalves.com\/pt\/wp-json\/wp\/v2\/product"}],"about":[{"href":"https:\/\/www.stvvalves.com\/pt\/wp-json\/wp\/v2\/types\/product"}],"wp:featuredmedia":[{"embeddable":true,"href":"https:\/\/www.stvvalves.com\/pt\/wp-json\/wp\/v2\/media\/4081"}],"wp:attachment":[{"href":"https:\/\/www.stvvalves.com\/pt\/wp-json\/wp\/v2\/media?parent=4078"}],"wp:term":[{"taxonomy":"product_brand","embeddable":true,"href":"https:\/\/www.stvvalves.com\/pt\/wp-json\/wp\/v2\/product_brand?post=4078"},{"taxonomy":"product_cat","embeddable":true,"href":"https:\/\/www.stvvalves.com\/pt\/wp-json\/wp\/v2\/product_cat?post=4078"},{"taxonomy":"product_tag","embeddable":true,"href":"https:\/\/www.stvvalves.com\/pt\/wp-json\/wp\/v2\/product_tag?post=4078"}],"curies":[{"name":"wp","href":"https:\/\/api.w.org\/{rel}","templated":true}]}}