{"id":4112,"date":"2018-12-01T02:27:02","date_gmt":"2018-12-01T02:27:02","guid":{"rendered":"https:\/\/www.stvvalves.com\/?post_type=product&#038;p=4112"},"modified":"2025-02-17T18:18:40","modified_gmt":"2025-02-17T10:18:40","slug":"api-602-forged-steel-y-strainer-800lb","status":"publish","type":"product","link":"https:\/\/www.stvvalves.com\/pt\/products\/api-602-forged-steel-y-strainer-800lb\/","title":{"rendered":"Filtro em Y de a\u00e7o forjado API 602 800LB"},"content":{"rendered":"<p>1. Castelo de parafuso, castelo de parafuso,<br \/>\nCap\u00f4 soldado<br \/>\n2. Porta completa e porta redutora<br \/>\n3. Uma tampa rosqueada e com veda\u00e7\u00e3o de press\u00e3o<br \/>\n4. Os materiais est\u00e3o em conformidade com ANSI\/ASTM<\/p>\n<p>Padr\u00e3o: 1. Padr\u00e3o de projeto: API602,BS5352<br \/>\n2. Padr\u00e3o de press\u00e3o-temperatura do material: ASME B16.34<br \/>\n3. Padr\u00e3o de dimens\u00e3o face a face: ASME B16.10<br \/>\n4. Padr\u00e3o de dimens\u00e3o do flange: ASME B16.5<br \/>\n5. Extremidades soldadas com soquete em conformidade com ANSI B16.11<br \/>\n6. As extremidades dos parafusos est\u00e3o em conformidade com ANSI B1.20.1<br \/>\n7. Padr\u00e3o de inspe\u00e7\u00e3o e teste: API598<\/p>\n<p>&nbsp;<\/p>\n<p>Tamanho: 1\/4\u2033~2\u201d<\/p>\n<p>Classifica\u00e7\u00e3o de press\u00e3o: Classe 150-2500LB<\/p>\n<p>Material do corpo:ASTM A105, ASTM A182 LF2, ASTM A182 F11, ASTM A182 F22, ASTM A182 F51, ASTM A182 F91, ASTM A182 F304, ASTM A182 F316, ASTM A182 F304L, ASTM A182 F316L, etc.<\/p>\n<p>Conex\u00e3o final: NPT, BW, SW, RF, RTJ.<\/p>\n<p>Temperatura de trabalho:-29\u00b0C~650\u00b0C<\/p>\n<table>\n<tbody>\n<tr>\n<td width=\"200\"><strong>Nome do Produto<\/strong><\/td>\n<td width=\"481\">Filtro em Y de a\u00e7o forjado API 602 800LB<\/td>\n<\/tr>\n<tr>\n<td width=\"200\">1. Materiais<\/td>\n<td width=\"481\">A105N<\/td>\n<\/tr>\n<tr>\n<td width=\"200\">2. Tamanho<\/td>\n<td width=\"481\">1\u201d<\/td>\n<\/tr>\n<tr>\n<td width=\"200\">4. Porto<\/td>\n<td width=\"481\">\u00a0Porta Redutora<\/td>\n<\/tr>\n<tr>\n<td width=\"200\">5. Press\u00e3o de Trabalho<\/td>\n<td width=\"481\">800 libras<\/td>\n<\/tr>\n<tr>\n<td width=\"200\">6. Fim da conex\u00e3o<\/td>\n<td width=\"481\">PN<\/td>\n<\/tr>\n<tr>\n<td width=\"200\">7. Temperatura de trabalho.<\/td>\n<td width=\"481\">-29~425\u00baC,<\/td>\n<\/tr>\n<tr>\n<td width=\"200\">8. Meio Adequado<\/td>\n<td width=\"481\">\u00c1gua, G\u00e1s Natural, Petr\u00f3leo e algum l\u00edquido corrosivo<\/td>\n<\/tr>\n<tr>\n<td width=\"200\">9. Operado<\/td>\n<td width=\"481\"><\/td>\n<\/tr>\n<tr>\n<td width=\"200\">10. Inspe\u00e7\u00e3o e Teste<\/td>\n<td width=\"481\">De acordo com API598<\/td>\n<\/tr>\n<tr>\n<td width=\"200\"><strong>envio<\/strong><\/td>\n<td width=\"481\"><\/td>\n<\/tr>\n<tr>\n<td width=\"200\">Prazo de entrega<\/td>\n<td width=\"481\">30 dias<\/td>\n<\/tr>\n<tr>\n<td width=\"200\">Pacote<\/td>\n<td width=\"481\">Caixa de madeira compensada de exporta\u00e7\u00e3o padr\u00e3o<\/td>\n<\/tr>\n<tr>\n<td width=\"200\">Porto de embarque<\/td>\n<td width=\"481\">Ningbo\/Xangai, China<\/td>\n<\/tr>\n<tr>\n<td width=\"200\">Termos de envio<\/td>\n<td width=\"481\">Exw, FOB, CFR, CIF, etc.<\/td>\n<\/tr>\n<tr>\n<td width=\"200\">Termos de pagamento<\/td>\n<td width=\"481\">T\/T, Western Union, PayPal, etc.<\/td>\n<\/tr>\n<tr>\n<td width=\"200\"><\/td>\n<td width=\"481\">Pr\u00e9-pagamento 30%, saldo 70% pago antes do envio<\/td>\n<\/tr>\n<tr>\n<td width=\"200\">Pa\u00eds de origem<\/td>\n<td width=\"481\">Cidade de Wenzhou, China<\/td>\n<\/tr>\n<tr>\n<td width=\"200\">Capacidade de produ\u00e7\u00e3o<\/td>\n<td width=\"481\">6.000 toneladas\/ano<\/td>\n<\/tr>\n<tr>\n<td width=\"200\">Quantidade m\u00ednima<\/td>\n<td width=\"481\">1 pe\u00e7a\/tamanho<\/td>\n<\/tr>\n<\/tbody>\n<\/table>","protected":false},"excerpt":{"rendered":"<p>Modelo:FGL11H-800LB<br \/>\nO filtro de a\u00e7o forjado classe 800 \u00e9 usado para proteger equipamentos caros instalados em uma tubula\u00e7\u00e3o contra sujeira, detritos e part\u00edculas. Possui tampa aparafusada que garante seguran\u00e7a aliada \u00e0 f\u00e1cil remo\u00e7\u00e3o da tela fina padr\u00e3o que proporciona filtra\u00e7\u00e3o eficaz at\u00e9 malha 20 (920\u03bcm ou 0,037\u201d).<br \/>\nDispon\u00edvel em a\u00e7o forjado e em conformidade com API 602 e ASME B16.34. Oferecido em diversas conex\u00f5es finais para uso em uma ampla gama de aplica\u00e7\u00f5es, incluindo: Vapor, \u00d3leo T\u00e9rmico, Ar, G\u00e1s e \u00c1gua.<\/p>\n<p>Tamanho: 1\/4\u201d~2\u201d(DN7~DN50)<\/p>\n<p>Classifica\u00e7\u00e3o: 150 libras ~ 2500 libras (PN100 ~ PN420)<\/p>\n<p>Materiais: A\u00e7o carbono forjado \/A\u00e7o inoxid\u00e1vel \/ Liga de a\u00e7o \/Especial (Monel \/Inconel \/Hastelly etc.)liga de a\u00e7o\/ Albronze<\/p>\n<p>Conex\u00e3o final: RF\/RTJ\/BW\/SW\/Thread<\/p>\n<p>Tipo de castelo \uff1b Castelo de parafuso, castelo de solda, castelo de veda\u00e7\u00e3o de press\u00e3o.<\/p>\n<p>Recursos opcionais:<\/p>\n<p>Buj\u00e3o de drenagem<\/p>\n<p>Tela de a\u00e7o inoxid\u00e1vel<\/p>\n<p>&nbsp;<\/p>\n<p>STV Valve Technology Group Co., Ltd \u00e9 um l\u00edder profissional China Filtro Y de a\u00e7o inoxid\u00e1vel forjado, A\u00c7O FORJADO CLASSE 2500 TIPO \u201cY\u201d FILTRO DE TAMPA SOLDADA, Filtro tipo Y de a\u00e7o forjado, Filtro tipo Y de a\u00e7o forjado Classe 800, Tipo Y de a\u00e7o forjado Filtros, filtro de a\u00e7o forjado com padr\u00e3o Y, NPT ou BW END, filtros e filtros tipo Y, fabricante de filtro tipo Y com alta qualidade e pre\u00e7o competitivo.<\/p>\n<p>Entre em contato com nosso sales@stvvalve.com para outros materiais e detalhes.<\/p>\n<p>Folha de data:<br \/>\n<a href=\"http:\/\/api-602-forged-steel-y-strainer-800lb-DRAWING\">Filtro em Y de a\u00e7o forjado API 602 800LB<\/a><\/p>","protected":false},"featured_media":4123,"template":"","meta":[],"product_brand":[],"product_cat":[964,48],"product_tag":[288,283,284,280,282,281,286,285,287,236],"class_list":{"0":"post-4112","1":"product","2":"type-product","3":"status-publish","4":"has-post-thumbnail","6":"product_cat-forged-steel-y-type-strainer","7":"product_cat-y-strainer","8":"product_tag-forged-stainless-steel-y-strainer","9":"product_tag-forged-steel-class-2500-y-type-welded-cover-strainer","10":"product_tag-forged-steel-y-type-strainer","11":"product_tag-forged-steel-y-type-strainer-class-800","12":"product_tag-forged-steel-y-type-strainers","13":"product_tag-forged-steel-y-pattern-strainer","14":"product_tag-npt-or-bw-end","15":"product_tag-sw","16":"product_tag-y-type-strainers-and-filters","17":"product_tag-y-type-strainer","19":"first","20":"instock","21":"shipping-taxable","22":"product-type-simple"},"_links":{"self":[{"href":"https:\/\/www.stvvalves.com\/pt\/wp-json\/wp\/v2\/product\/4112","targetHints":{"allow":["GET"]}}],"collection":[{"href":"https:\/\/www.stvvalves.com\/pt\/wp-json\/wp\/v2\/product"}],"about":[{"href":"https:\/\/www.stvvalves.com\/pt\/wp-json\/wp\/v2\/types\/product"}],"wp:featuredmedia":[{"embeddable":true,"href":"https:\/\/www.stvvalves.com\/pt\/wp-json\/wp\/v2\/media\/4123"}],"wp:attachment":[{"href":"https:\/\/www.stvvalves.com\/pt\/wp-json\/wp\/v2\/media?parent=4112"}],"wp:term":[{"taxonomy":"product_brand","embeddable":true,"href":"https:\/\/www.stvvalves.com\/pt\/wp-json\/wp\/v2\/product_brand?post=4112"},{"taxonomy":"product_cat","embeddable":true,"href":"https:\/\/www.stvvalves.com\/pt\/wp-json\/wp\/v2\/product_cat?post=4112"},{"taxonomy":"product_tag","embeddable":true,"href":"https:\/\/www.stvvalves.com\/pt\/wp-json\/wp\/v2\/product_tag?post=4112"}],"curies":[{"name":"wp","href":"https:\/\/api.w.org\/{rel}","templated":true}]}}