{"id":4134,"date":"2018-12-04T02:22:33","date_gmt":"2018-12-04T02:22:33","guid":{"rendered":"https:\/\/www.stvvalves.com\/?post_type=product&#038;p=4134"},"modified":"2025-02-17T18:18:37","modified_gmt":"2025-02-17T10:18:37","slug":"forged-stainless-steel-swing-check-valve-class-800","status":"publish","type":"product","link":"https:\/\/www.stvvalves.com\/pt\/products\/forged-stainless-steel-swing-check-valve-class-800\/","title":{"rendered":"V\u00e1lvula de reten\u00e7\u00e3o oscilante de a\u00e7o inoxid\u00e1vel forjado classe 800"},"content":{"rendered":"<dl class=\"list_box\">\n<dd class=\"txt\">Material da v\u00e1lvula: ASTM A105, A182 F304\/ F316\/ F11\/ F22\/ F304L\/ F316L<br \/>\nClassifica\u00e7\u00e3o da v\u00e1lvula: 800LB-2500LB<br \/>\nTamanho da porta: Porta Padr\u00e3o\/Porta Completa<br \/>\nFaixa de tamanho: 1\/4\u2033 \u2013 2\u2033<br \/>\nConex\u00f5es finais: Rosqueadas (NPT, BSPT, DIN), solda de soquete, solda de topo<br \/>\nTemperatura de trabalho: (A105) -20\u00b0F ~ 800\u00b0F, (SS) -20\u00b0F ~ 950\u00b0F<br \/>\nAplica\u00e7\u00e3o de servi\u00e7o: Hidr\u00e1ulica, Vapor, Qu\u00edmica, Petr\u00f3leo\/G\u00e1s, Energia, Petroqu\u00edmica, Marinha, Minera\u00e7\u00e3o, Constru\u00e7\u00e3o.<\/dd>\n<\/dl>\n<dl class=\"list_box\">\n<dt class=\"title\">Caracter\u00edsticas<\/dt>\n<dd class=\"txt\">Tipo de balan\u00e7o<br \/>\nTampa aparafusada<br \/>\nOpcional: tampa de solda<br \/>\nDisco: API600 trim no. mediante exig\u00eancia do cliente<br \/>\nFabrica\u00e7\u00e3o e Design: API602\/ANSI B16.34<br \/>\nTeste hidrost\u00e1tico: Shell 3000 PSI \/ Seat 2200 PSI<br \/>\nTeste de ar: 80 \u2013 100 PSI<br \/>\nUm design compacto, mas extremamente resistente para servi\u00e7os em alta press\u00e3o e temperatura<br \/>\nInspe\u00e7\u00e3o e Teste: API 598<\/dd>\n<dd>\n<table>\n<tbody>\n<tr>\n<td width=\"200\"><strong>Nome do Produto<\/strong><\/td>\n<td width=\"481\">V\u00e1lvula de reten\u00e7\u00e3o oscilante de a\u00e7o inoxid\u00e1vel forjado classe 800<\/td>\n<\/tr>\n<tr>\n<td width=\"200\">1. Materiais<\/td>\n<td width=\"481\">A105N<\/td>\n<\/tr>\n<tr>\n<td width=\"200\">2. Tamanho<\/td>\n<td width=\"481\">1\u201d<\/td>\n<\/tr>\n<tr>\n<td width=\"200\">4. Porto<\/td>\n<td width=\"481\">Porto completo<\/td>\n<\/tr>\n<tr>\n<td width=\"200\">5. Press\u00e3o de Trabalho<\/td>\n<td width=\"481\">800 libras<\/td>\n<\/tr>\n<tr>\n<td width=\"200\">6. Fim da conex\u00e3o<\/td>\n<td width=\"481\">SO<\/td>\n<\/tr>\n<tr>\n<td width=\"200\">7. Temperatura de trabalho.<\/td>\n<td width=\"481\">-29~425\u00baC,<\/td>\n<\/tr>\n<tr>\n<td width=\"200\">8. Meio Adequado<\/td>\n<td width=\"481\">\u00c1gua, G\u00e1s Natural, Petr\u00f3leo e algum l\u00edquido corrosivo<\/td>\n<\/tr>\n<tr>\n<td width=\"200\">9. Operado<\/td>\n<td width=\"481\">\/<\/td>\n<\/tr>\n<tr>\n<td width=\"200\">10. Inspe\u00e7\u00e3o e Teste<\/td>\n<td width=\"481\">De acordo com API598<\/td>\n<\/tr>\n<tr>\n<td width=\"200\"><strong>envio<\/strong><\/td>\n<td width=\"481\"><\/td>\n<\/tr>\n<tr>\n<td width=\"200\">Prazo de entrega<\/td>\n<td width=\"481\">30 dias<\/td>\n<\/tr>\n<tr>\n<td width=\"200\">Pacote<\/td>\n<td width=\"481\">Caixa de madeira compensada de exporta\u00e7\u00e3o padr\u00e3o<\/td>\n<\/tr>\n<tr>\n<td width=\"200\">Porto de embarque<\/td>\n<td width=\"481\">Ningbo\/Xangai, China<\/td>\n<\/tr>\n<tr>\n<td width=\"200\">Termos de envio<\/td>\n<td width=\"481\">Exw, FOB, CFR, CIF, etc.<\/td>\n<\/tr>\n<tr>\n<td width=\"200\">Termos de pagamento<\/td>\n<td width=\"481\">T\/T, Western Union, PayPal, etc.<\/td>\n<\/tr>\n<tr>\n<td width=\"200\"><\/td>\n<td width=\"481\">Pr\u00e9-pagamento 30%, saldo 70% pago antes do envio<\/td>\n<\/tr>\n<tr>\n<td width=\"200\">Pa\u00eds de origem<\/td>\n<td width=\"481\">Cidade de Wenzhou, China<\/td>\n<\/tr>\n<tr>\n<td width=\"200\">Capacidade de produ\u00e7\u00e3o<\/td>\n<td width=\"481\">6.000 toneladas\/ano<\/td>\n<\/tr>\n<tr>\n<td width=\"200\">Quantidade m\u00ednima<\/td>\n<td width=\"481\">1 pe\u00e7a\/tamanho<\/td>\n<\/tr>\n<\/tbody>\n<\/table>\n<\/dd>\n<\/dl>","protected":false},"excerpt":{"rendered":"<p>Modelo:H61H-800LB-316L<\/p>\n<p>V\u00e1lvula de reten\u00e7\u00e3o oscilante forjada em a\u00e7o inoxid\u00e1vel 316L classe 800 lb com design de castelo aparafusado e em conformidade com API 602 e ASME B16.34.<\/p>\n<p>Oferecido em diversas conex\u00f5es finais, incluindo BSPT, NPT ou Socket Weld, para uso com uma ampla gama de aplica\u00e7\u00f5es, incluindo: \u2013 Vapor, \u00f3leo t\u00e9rmico, ar, g\u00e1s e \u00e1gua.<\/p>\n<p>Com excelentes capacidades de veda\u00e7\u00e3o instaladas na orienta\u00e7\u00e3o vertical ou horizontal.<\/p>\n<p>As aplica\u00e7\u00f5es t\u00edpicas incluem: Linhas de Processo, Linhas de Condensado, Sistemas de \u00c1gua Quente e Fria e Sistemas de \u00d3leo T\u00e9rmico.<\/p>\n<p>As ind\u00fastrias t\u00edpicas incluem: plantas de caldeiras, lavanderias, plantas de vapor e plantas de processo.<\/p>\n<dl class=\"list_box\"><\/dl>\n<dl class=\"list_box\">\n<dd class=\"txt\"><\/dd>\n<dd><\/dd>\n<dd class=\"txt\">STV Valve Technology Group Co., Ltd \u00e9 um l\u00edder profissional China V\u00e1lvula de reten\u00e7\u00e3o forjada 800LB, V\u00e1lvulas de reten\u00e7\u00e3o de a\u00e7o forjado API 602, V\u00e1lvula de reten\u00e7\u00e3o oscilante de a\u00e7o inoxid\u00e1vel forjado classe 800 316L, V\u00e1lvula de reten\u00e7\u00e3o oscilante de a\u00e7o forjado classe 800, V\u00e1lvula de reten\u00e7\u00e3o oscilante F316, V\u00e1lvula de reten\u00e7\u00e3o forjada V\u00e1lvula, v\u00e1lvula de reten\u00e7\u00e3o de a\u00e7o inoxid\u00e1vel forjado, v\u00e1lvula de reten\u00e7\u00e3o de a\u00e7o forjado, fabricante de v\u00e1lvula de reten\u00e7\u00e3o oscilante de alta press\u00e3o com alta qualidade e pre\u00e7o competitivo.<\/dd>\n<dd><\/dd>\n<dd class=\"txt\">Entre em contato com nosso sales@stvvalve.com para outros materiais e detalhes.Folha de dados:<br \/>\n<a href=\"https:\/\/www.stvvalves.com\/wp-content\/uploads\/2018\/12\/forged-stainless-steel-swing-check-valve-class-800-drawing.pdf\">V\u00e1lvula de reten\u00e7\u00e3o oscilante de a\u00e7o inoxid\u00e1vel forjado classe 800<\/a><\/dd>\n<\/dl>\n<p>&nbsp;<\/p>\n<p>&nbsp;<\/p>","protected":false},"featured_media":4135,"template":"","meta":[],"product_brand":[],"product_cat":[46,66],"product_tag":[298,301,305,304,299,297,302,303,300],"class_list":{"0":"post-4134","1":"product","2":"type-product","3":"status-publish","4":"has-post-thumbnail","6":"product_cat-check-valves","7":"product_cat-swing-check-valve","8":"product_tag-800lb-forged-check-valve","9":"product_tag-api-602-forged-steel-check-valves","10":"product_tag-class-800-forged-stainless-steel-316l-swing-check-valve","11":"product_tag-class-800-forged-steel-swing-check-valve","12":"product_tag-f316-swing-check-valve","13":"product_tag-forged-check-valve","14":"product_tag-forged-stainless-lift-steel-check-valve","15":"product_tag-forged-steel-check-valve","16":"product_tag-high-pressure-swing-check-valve","18":"first","19":"instock","20":"shipping-taxable","21":"product-type-simple"},"_links":{"self":[{"href":"https:\/\/www.stvvalves.com\/pt\/wp-json\/wp\/v2\/product\/4134","targetHints":{"allow":["GET"]}}],"collection":[{"href":"https:\/\/www.stvvalves.com\/pt\/wp-json\/wp\/v2\/product"}],"about":[{"href":"https:\/\/www.stvvalves.com\/pt\/wp-json\/wp\/v2\/types\/product"}],"wp:featuredmedia":[{"embeddable":true,"href":"https:\/\/www.stvvalves.com\/pt\/wp-json\/wp\/v2\/media\/4135"}],"wp:attachment":[{"href":"https:\/\/www.stvvalves.com\/pt\/wp-json\/wp\/v2\/media?parent=4134"}],"wp:term":[{"taxonomy":"product_brand","embeddable":true,"href":"https:\/\/www.stvvalves.com\/pt\/wp-json\/wp\/v2\/product_brand?post=4134"},{"taxonomy":"product_cat","embeddable":true,"href":"https:\/\/www.stvvalves.com\/pt\/wp-json\/wp\/v2\/product_cat?post=4134"},{"taxonomy":"product_tag","embeddable":true,"href":"https:\/\/www.stvvalves.com\/pt\/wp-json\/wp\/v2\/product_tag?post=4134"}],"curies":[{"name":"wp","href":"https:\/\/api.w.org\/{rel}","templated":true}]}}