{"id":4139,"date":"2018-12-04T02:51:54","date_gmt":"2018-12-04T02:51:54","guid":{"rendered":"https:\/\/www.stvvalves.com\/?post_type=product&#038;p=4139"},"modified":"2025-02-17T18:18:35","modified_gmt":"2025-02-17T10:18:35","slug":"class-800-forged-stainless-steel-gate-valve","status":"publish","type":"product","link":"https:\/\/www.stvvalves.com\/pt\/products\/class-800-forged-stainless-steel-gate-valve\/","title":{"rendered":"V\u00e1lvula gaveta de a\u00e7o inoxid\u00e1vel forjado classe 800"},"content":{"rendered":"<p>Caracter\u00edsticas principais:<br \/>\nAPI 602\/ASME B16.34<br \/>\nJunta espiral com SS304\/grafite ou SS316\/grafite<br \/>\nCunha s\u00f3lida<br \/>\nParafuso externo e garfo (OS&amp;Y)<br \/>\nGl\u00e2ndula autocompensadora de duas pe\u00e7as<br \/>\nProjetos compactos e robustos para servi\u00e7os em alta press\u00e3o e temperatura<br \/>\nSubstitui\u00e7\u00e3o do volante sem afetar a posi\u00e7\u00e3o do port\u00e3o.<\/p>\n<p>Material do corpo\/cap\u00f4: ASTM A105\/F316\/F316L\/F304\/F304L\/F11\/F22\/<br \/>\nClassifica\u00e7\u00e3o da v\u00e1lvula: CLASSE 800 (PN130) e CLASSE 1500 (PN260)<br \/>\nTamanho da porta: Porta Padr\u00e3o\/Porta Completa<br \/>\nFaixa de tamanho: 1\/4\u2033 \u2013 2\u2033 (8mm \u2013 50mm)<br \/>\nConex\u00f5es finais: Rosqueadas (NPT\/BSPT\/DIN), Soldagem de soquete<br \/>\nTemperatura de trabalho: (Para A105) -29\u00b0C~425\u00b0C;<br \/>\nAplica\u00e7\u00e3o de servi\u00e7o: Hidr\u00e1ulica, Vapor, Qu\u00edmica, Petr\u00f3leo\/G\u00e1s<br \/>\nEnergia, Petroqu\u00edmica, Marinha, Minera\u00e7\u00e3o<br \/>\nConstru\u00e7\u00e3o<\/p>\n<table>\n<tbody>\n<tr>\n<td width=\"200\"><strong><b>Nome do Produto<\/b><\/strong><\/td>\n<td width=\"481\">V\u00e1lvula gaveta de a\u00e7o inoxid\u00e1vel forjado classe 800<\/td>\n<\/tr>\n<tr>\n<td width=\"200\">1. Materiais<\/td>\n<td width=\"481\">F304<\/td>\n<\/tr>\n<tr>\n<td width=\"200\">2. Tamanho<\/td>\n<td width=\"481\">2\u201d<\/td>\n<\/tr>\n<tr>\n<td width=\"200\">4. Porto<\/td>\n<td width=\"481\">Porta Redutora<\/td>\n<\/tr>\n<tr>\n<td width=\"200\">5. Press\u00e3o de Trabalho<\/td>\n<td width=\"481\">800 libras<\/td>\n<\/tr>\n<tr>\n<td width=\"200\">6. Fim da conex\u00e3o<\/td>\n<td width=\"481\">Extremidade de solda de soquete<\/td>\n<\/tr>\n<tr>\n<td width=\"200\">7. Temperatura de trabalho.<\/td>\n<td width=\"481\">-29~425\u00baC,<\/td>\n<\/tr>\n<tr>\n<td width=\"200\">8. Meio Adequado<\/td>\n<td width=\"481\">\u00c1gua, G\u00e1s Natural, Petr\u00f3leo e algum l\u00edquido corrosivo<\/td>\n<\/tr>\n<tr>\n<td width=\"200\">9. Operado<\/td>\n<td width=\"481\">Volante<\/td>\n<\/tr>\n<tr>\n<td width=\"200\">10. Inspe\u00e7\u00e3o e Teste<\/td>\n<td width=\"481\">De acordo comAPI 598<\/td>\n<\/tr>\n<tr>\n<td width=\"200\"><strong><b>envio<\/b><\/strong><\/td>\n<td width=\"481\"><\/td>\n<\/tr>\n<tr>\n<td width=\"200\">Prazo de entrega<\/td>\n<td width=\"481\">30 dias<\/td>\n<\/tr>\n<tr>\n<td width=\"200\">Pacote<\/td>\n<td width=\"481\">Caixa de madeira compensada de exporta\u00e7\u00e3o padr\u00e3o<\/td>\n<\/tr>\n<tr>\n<td width=\"200\">Porto de embarque<\/td>\n<td width=\"481\">Ningbo\/Xangai, China<\/td>\n<\/tr>\n<tr>\n<td width=\"200\">Termos de envio<\/td>\n<td width=\"481\">Exw, FOB, CFR, CIF, etc.<\/td>\n<\/tr>\n<tr>\n<td width=\"200\">Termos de pagamento<\/td>\n<td width=\"481\">T\/T, Western Union, PayPal, etc.<\/td>\n<\/tr>\n<tr>\n<td width=\"200\"><\/td>\n<td width=\"481\">Pr\u00e9-pagamento 30%, saldo 70% pago antes do envio<\/td>\n<\/tr>\n<tr>\n<td width=\"200\">Pa\u00eds de origem<\/td>\n<td width=\"481\">Cidade de Wenzhou, China<\/td>\n<\/tr>\n<tr>\n<td width=\"200\">Capacidade de produ\u00e7\u00e3o<\/td>\n<td width=\"481\">6.000 toneladas\/ano<\/td>\n<\/tr>\n<tr>\n<td width=\"200\">Quantidade m\u00ednima<\/td>\n<td width=\"481\">10 unidades\/tamanho<\/td>\n<\/tr>\n<\/tbody>\n<\/table>","protected":false},"excerpt":{"rendered":"<p>A v\u00e1lvula gaveta de a\u00e7o inoxid\u00e1vel forjado Classe 800 com castelo aparafusado \u00e9 usada para fornecer isolamento em tubula\u00e7\u00f5es e no in\u00edcio e no final das esta\u00e7\u00f5es de captura.<\/p>\n<p>Econ\u00f4mica, por\u00e9m confi\u00e1vel, esta v\u00e1lvula tem diversos usos, incluindo estrangulamento e controle semipreciso de fluidos de processo em aplica\u00e7\u00f5es de alta temperatura e alta press\u00e3o.<\/p>\n<p>A v\u00e1lvula projetada para API602 e testada para API598 possui parafuso externo e gema com haste ascendente. O volante opera a v\u00e1lvula globo tanto para aplica\u00e7\u00f5es de isolamento quanto para aplica\u00e7\u00f5es de estrangulamento.<\/p>\n<p>Essas v\u00e1lvulas fornecem um fechamento herm\u00e9tico positivo na posi\u00e7\u00e3o horizontal ou vertical para fluidos de processo em tubula\u00e7\u00f5es. Eles tamb\u00e9m oferecem um pequeno controle e s\u00e3o usados para acelerar vapor, g\u00e1s ou l\u00edquidos. F\u00e1cil de operar e a escolha preferida dos engenheiros em rela\u00e7\u00e3o \u00e0s v\u00e1lvulas de esfera para isolar esta\u00e7\u00f5es de captura.<\/p>\n<p>As aplica\u00e7\u00f5es t\u00edpicas incluem: Linhas e esta\u00e7\u00f5es de captura, Isolamento, Linhas de condensado, Antes de equipamentos de plantas caros e Linhas de queimadores de \u00f3leo.<\/p>\n<p>As ind\u00fastrias t\u00edpicas incluem: linha de combust\u00edvel de caldeiras, instala\u00e7\u00f5es de reciclagem, ind\u00fastria qu\u00edmica, usinas de vapor, hospitais, escolas e HVAC<\/p>\n<p>&nbsp;<\/p>\n<p>Entre em contato com nosso sales@stvvalve.com para outros materiais e detalhes.<\/p>\n<p>Folha de data:<br \/>\n<a href=\"https:\/\/www.stvvalves.com\/wp-content\/uploads\/2018\/12\/class-800-forged-stainless-steel-gate-valve-drawing.pdf\">V\u00e1lvula gaveta de a\u00e7o inoxid\u00e1vel forjado classe 800<\/a><\/p>\n<p>&nbsp;<\/p>","protected":false},"featured_media":4142,"template":"","meta":[],"product_brand":[],"product_cat":[59,44],"product_tag":[309,307,308,194,306],"class_list":{"0":"post-4139","1":"product","2":"type-product","3":"status-publish","4":"has-post-thumbnail","6":"product_cat-forged-steel-gate-valve","7":"product_cat-gate-valve","8":"product_tag-800lb-forged-steel-gate-valve-china-manufacturer","9":"product_tag-api-602-forged-steel-gate-valve","10":"product_tag-bolted-bonnetforged-gate-valve","11":"product_tag-forged-steel-gate-valve","12":"product_tag-forged-steel-gate-valves","14":"first","15":"instock","16":"shipping-taxable","17":"product-type-simple"},"_links":{"self":[{"href":"https:\/\/www.stvvalves.com\/pt\/wp-json\/wp\/v2\/product\/4139","targetHints":{"allow":["GET"]}}],"collection":[{"href":"https:\/\/www.stvvalves.com\/pt\/wp-json\/wp\/v2\/product"}],"about":[{"href":"https:\/\/www.stvvalves.com\/pt\/wp-json\/wp\/v2\/types\/product"}],"wp:featuredmedia":[{"embeddable":true,"href":"https:\/\/www.stvvalves.com\/pt\/wp-json\/wp\/v2\/media\/4142"}],"wp:attachment":[{"href":"https:\/\/www.stvvalves.com\/pt\/wp-json\/wp\/v2\/media?parent=4139"}],"wp:term":[{"taxonomy":"product_brand","embeddable":true,"href":"https:\/\/www.stvvalves.com\/pt\/wp-json\/wp\/v2\/product_brand?post=4139"},{"taxonomy":"product_cat","embeddable":true,"href":"https:\/\/www.stvvalves.com\/pt\/wp-json\/wp\/v2\/product_cat?post=4139"},{"taxonomy":"product_tag","embeddable":true,"href":"https:\/\/www.stvvalves.com\/pt\/wp-json\/wp\/v2\/product_tag?post=4139"}],"curies":[{"name":"wp","href":"https:\/\/api.w.org\/{rel}","templated":true}]}}