{"id":4147,"date":"2018-12-04T05:44:29","date_gmt":"2018-12-04T05:44:29","guid":{"rendered":"https:\/\/www.stvvalves.com\/?post_type=product&#038;p=4147"},"modified":"2025-02-18T14:16:47","modified_gmt":"2025-02-18T06:16:47","slug":"screw-end-stainless-steel-foot-valve","status":"publish","type":"product","link":"https:\/\/www.stvvalves.com\/pt\/products\/screw-end-stainless-steel-foot-valve\/","title":{"rendered":"V\u00e1lvula de p\u00e9 de a\u00e7o inoxid\u00e1vel com extremidade de parafuso"},"content":{"rendered":"<p><img loading=\"lazy\" decoding=\"async\" class=\"alignnone size-full wp-image-4148\" src=\"https:\/\/www.stvvalves.com\/wp-content\/uploads\/2018\/12\/Screwed-Stainless-Steel-Foot-Valve-drawing.jpg\" alt=\"\" width=\"1653\" height=\"2338\" srcset=\"https:\/\/www.stvvalves.com\/wp-content\/uploads\/2018\/12\/Screwed-Stainless-Steel-Foot-Valve-drawing.jpg 1653w, https:\/\/www.stvvalves.com\/wp-content\/uploads\/2018\/12\/Screwed-Stainless-Steel-Foot-Valve-drawing-600x849.jpg 600w, https:\/\/www.stvvalves.com\/wp-content\/uploads\/2018\/12\/Screwed-Stainless-Steel-Foot-Valve-drawing-212x300.jpg 212w, https:\/\/www.stvvalves.com\/wp-content\/uploads\/2018\/12\/Screwed-Stainless-Steel-Foot-Valve-drawing-768x1086.jpg 768w, https:\/\/www.stvvalves.com\/wp-content\/uploads\/2018\/12\/Screwed-Stainless-Steel-Foot-Valve-drawing-728x1030.jpg 728w, https:\/\/www.stvvalves.com\/wp-content\/uploads\/2018\/12\/Screwed-Stainless-Steel-Foot-Valve-drawing-1061x1500.jpg 1061w, https:\/\/www.stvvalves.com\/wp-content\/uploads\/2018\/12\/Screwed-Stainless-Steel-Foot-Valve-drawing-498x705.jpg 498w\" sizes=\"auto, (max-width: 1653px) 100vw, 1653px\" \/><\/p>","protected":false},"excerpt":{"rendered":"<p>V\u00e1lvula de p\u00e9 de a\u00e7o inoxid\u00e1vel com extremidade de parafuso<\/p>\n<p>A v\u00e1lvula de p\u00e9 \u00e9 um tipo especial de v\u00e1lvula de reten\u00e7\u00e3o que possui um filtro embutido. \u00c9 instalada no lado de entrada de um tubo de suc\u00e7\u00e3o e bomba. Sua finalidade \u00e9 evitar a perda de escorva quando a fonte de l\u00edquido (po\u00e7o \u00famido) \u00e9 inferior do que a bomba.prime \u00e9 projetado como a carga de l\u00edquido necess\u00e1ria para iniciar a a\u00e7\u00e3o de bombeamento e escorva \u00e9 o processo de encher a bomba e o tubo de suc\u00e7\u00e3o com l\u00edquido. A parte da v\u00e1lvula de reten\u00e7\u00e3o da v\u00e1lvula de p\u00e9 abre quando a bomba come\u00e7a a permitir a entrada de l\u00edquido o tubo de suc\u00e7\u00e3o e a bomba. quando a bomba para, as v\u00e1lvulas de reten\u00e7\u00e3o fecham e evitam o esvaziamento do l\u00edquido. Assim, a v\u00e1lvula de p\u00e9 elimina a necessidade de escorvar a bomba cada vez que ela \u00e9 iniciada. do l\u00edquido que pode causar danos \u00e0 bomba.<br \/>\nNossas v\u00e1lvulas de p\u00e9 evitam que a coluna da bomba drene ap\u00f3s o desligamento da bomba. Silenciosa durante a opera\u00e7\u00e3o e normalmente fechada, a v\u00e1lvula possui um disco guiado centralmente com sede em Buna-N para fornecer uma veda\u00e7\u00e3o herm\u00e9tica.<\/p>\n<p>Caracter\u00edstica chave:<\/p>\n<p>\u2022 Assento resiliente fornece desligamento positivo<br \/>\n\u2022 \u00c1rea de fluxo total<br \/>\n\u2022 Constru\u00e7\u00e3o robusta para materiais padr\u00e3o de longa dura\u00e7\u00e3o<br \/>\n\u2022 Corpo em a\u00e7o inoxid\u00e1vel \u2022 disco e anel de sede<br \/>\n\u2022 Mola de a\u00e7o inoxid\u00e1vel e tela de entrada<br \/>\n\u2022 Assento resiliente Buna-N<br \/>\n\u2022BSPT,BSPP,NPT-F<\/p>\n<p>STV Valve Technology Group Co., Ltd \u00e9 um l\u00edder profissional China V\u00e1lvula de reten\u00e7\u00e3o V\u00e1lvula de p\u00e9 parafusada, V\u00e1lvula de p\u00e9, V\u00e1lvula de p\u00e9 de a\u00e7o inoxid\u00e1vel com extremidade de parafuso, V\u00e1lvula de p\u00e9 de a\u00e7o inoxid\u00e1vel Extremidade flangeada e extremidade de parafuso, Fabricante de v\u00e1lvulas de p\u00e9 rosqueadas da China com alta qualidade e pre\u00e7o competitivo .<\/p>\n<p>Entre em contato com nosso sales@stvvalve.com para outros materiais e detalhes.<\/p>\n<p>Folha de data:<br \/>\n<a href=\"https:\/\/www.stvvalves.com\/wp-content\/uploads\/2018\/12\/Screwed-Stainless-Steel-Foot-Valve-drawing.pdf\">V\u00e1lvula de p\u00e9 de a\u00e7o inoxid\u00e1vel com extremidade de parafuso<\/a><\/p>\n<p>&nbsp;<\/p>","protected":false},"featured_media":4149,"template":"","meta":[],"product_brand":[],"product_cat":[46,67],"product_tag":[312,241,310,244,311,313],"class_list":{"0":"post-4147","1":"product","2":"type-product","3":"status-publish","4":"has-post-thumbnail","6":"product_cat-check-valves","7":"product_cat-stainless-steel-check-valve","8":"product_tag-check-valve-screwed-foot-valve","9":"product_tag-foot-valve","10":"product_tag-screw-end-stainless-steel-foot-valve","11":"product_tag-stainless-steel-foot-valve","12":"product_tag-stainless-steel-foot-valve-flanged-end-screw-end","13":"product_tag-threaded-foot-valves","15":"first","16":"instock","17":"shipping-taxable","18":"product-type-simple"},"_links":{"self":[{"href":"https:\/\/www.stvvalves.com\/pt\/wp-json\/wp\/v2\/product\/4147","targetHints":{"allow":["GET"]}}],"collection":[{"href":"https:\/\/www.stvvalves.com\/pt\/wp-json\/wp\/v2\/product"}],"about":[{"href":"https:\/\/www.stvvalves.com\/pt\/wp-json\/wp\/v2\/types\/product"}],"wp:featuredmedia":[{"embeddable":true,"href":"https:\/\/www.stvvalves.com\/pt\/wp-json\/wp\/v2\/media\/4149"}],"wp:attachment":[{"href":"https:\/\/www.stvvalves.com\/pt\/wp-json\/wp\/v2\/media?parent=4147"}],"wp:term":[{"taxonomy":"product_brand","embeddable":true,"href":"https:\/\/www.stvvalves.com\/pt\/wp-json\/wp\/v2\/product_brand?post=4147"},{"taxonomy":"product_cat","embeddable":true,"href":"https:\/\/www.stvvalves.com\/pt\/wp-json\/wp\/v2\/product_cat?post=4147"},{"taxonomy":"product_tag","embeddable":true,"href":"https:\/\/www.stvvalves.com\/pt\/wp-json\/wp\/v2\/product_tag?post=4147"}],"curies":[{"name":"wp","href":"https:\/\/api.w.org\/{rel}","templated":true}]}}