{"id":4160,"date":"2018-12-05T15:31:22","date_gmt":"2018-12-05T15:31:22","guid":{"rendered":"https:\/\/www.stvvalves.com\/?post_type=product&#038;p=4160"},"modified":"2025-02-18T14:16:46","modified_gmt":"2025-02-18T06:16:46","slug":"high-pressure-power-station-2500lb-globe-valve","status":"publish","type":"product","link":"https:\/\/www.stvvalves.com\/pt\/products\/high-pressure-power-station-2500lb-globe-valve\/","title":{"rendered":"V\u00e1lvula globo de alta press\u00e3o da central el\u00e9trica 2500LB"},"content":{"rendered":"<p>Padr\u00e3o de refer\u00eancia do produto:<\/p>\n<p>Projeto e fabrica\u00e7\u00e3o: B16.34 E101 ANSI<\/p>\n<p>Comprimento da estrutura: B16.10 E101 ANSI<\/p>\n<p>Classifica\u00e7\u00e3o de temperatura de press\u00e3o: B16.34 E101 ANSI<\/p>\n<p>Experimentar e testar: E101 API598<\/p>\n<p>Tamanho: 2\u2033~60\u201d<\/p>\n<p>Classifica\u00e7\u00e3o de press\u00e3o: Classe 150-2500LB<\/p>\n<p>Material do corpo: ASTM A216 WCB, A217 WC6, A351 CF8, A351 CF8M,<\/p>\n<p>A351 CF3, A351 CF3M, A351 CN7M etc.<\/p>\n<p>Conex\u00e3o final: RF, RTJ, BW<\/p>\n<p>Temperatura de trabalho:-29\u00b0C~650\u00b0C<\/p>\n<p>Opera\u00e7\u00e3o: volante, caixa de engrenagens, el\u00e9trica, etc.<\/p>\n<table>\n<tbody>\n<tr>\n<td width=\"200\"><strong>Nome do Produto<\/strong><\/td>\n<td width=\"481\">V\u00e1lvula globo de alta press\u00e3o da central el\u00e9trica 2500LB<\/td>\n<\/tr>\n<tr>\n<td width=\"200\">1. Materiais<\/td>\n<td width=\"481\">WCB<\/td>\n<\/tr>\n<tr>\n<td width=\"200\">2. Tamanho<\/td>\n<td width=\"481\">6\u201d<\/td>\n<\/tr>\n<tr>\n<td width=\"200\">4. Porto<\/td>\n<td width=\"481\">Porto completo<\/td>\n<\/tr>\n<tr>\n<td width=\"200\">5. Press\u00e3o de Trabalho<\/td>\n<td width=\"481\">2.500 libras<\/td>\n<\/tr>\n<tr>\n<td width=\"200\">6. Fim da conex\u00e3o<\/td>\n<td width=\"481\">RF<\/td>\n<\/tr>\n<tr>\n<td width=\"200\">7. Temperatura de trabalho.<\/td>\n<td width=\"481\">-29~425\u00baC,<\/td>\n<\/tr>\n<tr>\n<td width=\"200\">8. Meio Adequado<\/td>\n<td width=\"481\">\u00c1gua, G\u00e1s Natural, Petr\u00f3leo e algum l\u00edquido corrosivo<\/td>\n<\/tr>\n<tr>\n<td width=\"200\">9. Operado<\/td>\n<td width=\"481\">Caixa de velocidade<\/td>\n<\/tr>\n<tr>\n<td width=\"200\">10. Inspe\u00e7\u00e3o e Teste<\/td>\n<td width=\"481\">De acordo com API598<\/td>\n<\/tr>\n<tr>\n<td width=\"200\"><strong>envio<\/strong><\/td>\n<td width=\"481\"><\/td>\n<\/tr>\n<tr>\n<td width=\"200\">Prazo de entrega<\/td>\n<td width=\"481\">30 dias<\/td>\n<\/tr>\n<tr>\n<td width=\"200\">Pacote<\/td>\n<td width=\"481\">Caixa de madeira compensada de exporta\u00e7\u00e3o padr\u00e3o<\/td>\n<\/tr>\n<tr>\n<td width=\"200\">Porto de embarque<\/td>\n<td width=\"481\">Ningbo\/Xangai, China<\/td>\n<\/tr>\n<tr>\n<td width=\"200\">Termos de envio<\/td>\n<td width=\"481\">Exw, FOB, CFR, CIF, etc.<\/td>\n<\/tr>\n<tr>\n<td width=\"200\">Termos de pagamento<\/td>\n<td width=\"481\">T\/T, Western Union, PayPal, etc.<\/td>\n<\/tr>\n<tr>\n<td width=\"200\"><\/td>\n<td width=\"481\">Pr\u00e9-pagamento 30%, saldo 70% pago antes do envio<\/td>\n<\/tr>\n<tr>\n<td width=\"200\">Pa\u00eds de origem<\/td>\n<td width=\"481\">Cidade de Wenzhou, China<\/td>\n<\/tr>\n<tr>\n<td width=\"200\">Capacidade de produ\u00e7\u00e3o<\/td>\n<td width=\"481\">6.000 toneladas\/ano<\/td>\n<\/tr>\n<tr>\n<td width=\"200\">Quantidade m\u00ednima<\/td>\n<td width=\"481\">1 pe\u00e7a\/tamanho<\/td>\n<\/tr>\n<\/tbody>\n<\/table>","protected":false},"excerpt":{"rendered":"<p>Modelo: J561Y-2500LB-6<br \/>\nNossa v\u00e1lvula globo de alta press\u00e3o para esta\u00e7\u00e3o de energia de 2500 LB \u00e9 amplamente utilizada em condi\u00e7\u00f5es de trabalho de alta press\u00e3o e alta temperatura em esta\u00e7\u00f5es de energia. A v\u00e1lvula de alta temperatura e alta press\u00e3o para esta\u00e7\u00e3o de energia \u00e9 adequada para Classe 1500 ANSI ~ 2500Lb, a temperatura operacional de -29 ~ 570 C do usinas petrol\u00edferas, qu\u00edmicas, t\u00e9rmicas e outras condi\u00e7\u00f5es operacionais do oleoduto, cortadas ou conectadas \u00e0 m\u00eddia. Meio aplic\u00e1vel: \u00e1gua, vapor, etc. Os m\u00e9todos de opera\u00e7\u00e3o s\u00e3o: manual, engrenagem, el\u00e9trico, etc.<\/p>\n<p>Padr\u00e3o de refer\u00eancia do produto:<\/p>\n<p>Projeto e fabrica\u00e7\u00e3o: B16.34 E101 ANSI<\/p>\n<p>Comprimento da estrutura: B16.10 E101 ANSI<\/p>\n<p>Classifica\u00e7\u00e3o de temperatura de press\u00e3o: B16.34 E101 ANSI<\/p>\n<p>Experimentar e testar: E101 API598<\/p>\n<p>Recursos da estrutura do produto:<\/p>\n<p>1 design e fabrica\u00e7\u00e3o de produtos de acordo com o padr\u00e3o E101, ANSIB16.34, podem ser equipados com o uso de equipamentos importados.<\/p>\n<p>2 v\u00e1lvulas na cavidade com uma estrutura de veda\u00e7\u00e3o auto-estanque \u00e0 press\u00e3o, quanto maior a press\u00e3o interna, melhor ser\u00e1 o desempenho da veda\u00e7\u00e3o.<\/p>\n<p>3 A aba da v\u00e1lvula e a superf\u00edcie de veda\u00e7\u00e3o da sede da v\u00e1lvula com superf\u00edcie de liga \u00e0 base de cobalto Stellite Stellite e superf\u00edcie de veda\u00e7\u00e3o<\/p>\n<p>Profundidade de enchimento da tampa de 4 v\u00e1lvulas razo\u00e1vel, enchimento e inibidor, veda\u00e7\u00e3o confi\u00e1vel, interruptor suave.<\/p>\n<p>5 v\u00e1lvula com a estrutura para garantir que a v\u00e1lvula esteja aberta para funcionar sem vazamento da haste da v\u00e1lvula.<\/p>\n<p>6 a abertura e o fechamento da v\u00e1lvula de corte el\u00e9trica s\u00e3o controlados pelo dispositivo el\u00e9trico, e o dispositivo el\u00e9trico \u00e9 equipado respectivamente com um motor especial, um redutor de velocidade, um mecanismo de controle de torque, um mecanismo de opera\u00e7\u00e3o de campo, uma m\u00e3o e um el\u00e9trico mecanismo de comuta\u00e7\u00e3o. Al\u00e9m da opera\u00e7\u00e3o local, mas tamb\u00e9m para opera\u00e7\u00e3o remota.<\/p>\n<p>STV Valve Technology Group Co., Ltd \u00e9 um l\u00edder profissional China V\u00e1lvula globo 2500LB, Fabricantes de v\u00e1lvula globo de alta press\u00e3o e alta temperatura na China, V\u00e1lvula globo de esta\u00e7\u00e3o de energia da China, V\u00e1lvula de parada de esta\u00e7\u00e3o de energia de alta temperatura e alta press\u00e3o, V\u00e1lvula globo de veda\u00e7\u00e3o de press\u00e3o, Globo WC9 de 2500LB V\u00e1lvula, fabricante de v\u00e1lvula globo WC6 de 2500LB com alta qualidade e pre\u00e7o competitivo.<\/p>\n<p>Entre em contato com nosso sales@stvvalve.com para outros materiais e detalhes.<\/p>\n<p>Folha de data:<br \/>\n<a href=\"https:\/\/www.stvvalves.com\/wp-content\/uploads\/2018\/12\/High-Pressure-Power-Station-2500LB-Globe-Valve-Drawing.pdf\">V\u00e1lvula globo de alta press\u00e3o da central el\u00e9trica 2500LB<\/a><\/p>","protected":false},"featured_media":4163,"template":"","meta":[],"product_brand":[],"product_cat":[63,45],"product_tag":[210,1013,1012,320,319,318,321],"class_list":{"0":"post-4160","1":"product","2":"type-product","3":"status-publish","4":"has-post-thumbnail","6":"product_cat-cast-steel-globe-valve","7":"product_cat-globe-valve","8":"product_tag-2500lb-globe-valve","9":"product_tag-2500lb-wc6-globe-valve","10":"product_tag-2500lb-wc9-globe-valve","11":"product_tag-china-high-temperature-high-pressure-globe-valve-manufacturers","12":"product_tag-china-power-station-globe-valve","13":"product_tag-high-temperature-and-high-pressure-power-station-stop-valve","14":"product_tag-pressure-seal-globe-valve","16":"first","17":"instock","18":"shipping-taxable","19":"product-type-simple"},"_links":{"self":[{"href":"https:\/\/www.stvvalves.com\/pt\/wp-json\/wp\/v2\/product\/4160","targetHints":{"allow":["GET"]}}],"collection":[{"href":"https:\/\/www.stvvalves.com\/pt\/wp-json\/wp\/v2\/product"}],"about":[{"href":"https:\/\/www.stvvalves.com\/pt\/wp-json\/wp\/v2\/types\/product"}],"wp:featuredmedia":[{"embeddable":true,"href":"https:\/\/www.stvvalves.com\/pt\/wp-json\/wp\/v2\/media\/4163"}],"wp:attachment":[{"href":"https:\/\/www.stvvalves.com\/pt\/wp-json\/wp\/v2\/media?parent=4160"}],"wp:term":[{"taxonomy":"product_brand","embeddable":true,"href":"https:\/\/www.stvvalves.com\/pt\/wp-json\/wp\/v2\/product_brand?post=4160"},{"taxonomy":"product_cat","embeddable":true,"href":"https:\/\/www.stvvalves.com\/pt\/wp-json\/wp\/v2\/product_cat?post=4160"},{"taxonomy":"product_tag","embeddable":true,"href":"https:\/\/www.stvvalves.com\/pt\/wp-json\/wp\/v2\/product_tag?post=4160"}],"curies":[{"name":"wp","href":"https:\/\/api.w.org\/{rel}","templated":true}]}}