{"id":4165,"date":"2018-12-05T16:14:27","date_gmt":"2018-12-05T16:14:27","guid":{"rendered":"https:\/\/www.stvvalves.com\/?post_type=product&#038;p=4165"},"modified":"2025-02-18T14:16:45","modified_gmt":"2025-02-18T06:16:45","slug":"150lb-cast-steel-flange-globe-valve","status":"publish","type":"product","link":"https:\/\/www.stvvalves.com\/pt\/products\/150lb-cast-steel-flange-globe-valve\/","title":{"rendered":"V\u00e1lvula globo com flange de a\u00e7o fundido 150LB"},"content":{"rendered":"<p>Projeto conforme ASME B16.34<br \/>\nPresencial\/ponta a ponta: ASME B16.10<br \/>\nDimens\u00f5es do flange: ASME B16.5<br \/>\nExtremidade da solda: ASME B.16.25<br \/>\nProjeto B\u00e1sico: BS 1873<br \/>\nTestando para API 598<\/p>\n<p>Tamanho: 2\u2033~60\u201d<\/p>\n<p>Classifica\u00e7\u00e3o de press\u00e3o: Classe 150-2500LB<\/p>\n<p>Material do corpo: ASTM A216 WCB, A217 WC6, A351 CF8, A351 CF8M,<\/p>\n<p>A351 CF3, A351 CF3M, A351 CN7M etc.<\/p>\n<p>Conex\u00e3o final: RF, RTJ, BW<\/p>\n<p>Temperatura de trabalho:-29\u00b0C~650\u00b0C<\/p>\n<p>Opera\u00e7\u00e3o: volante, caixa de engrenagens, el\u00e9trica, etc.<\/p>\n<table>\n<tbody>\n<tr>\n<td width=\"200\"><strong>Nome do Produto<\/strong><\/td>\n<td width=\"481\">V\u00e1lvula globo com flange de a\u00e7o fundido 150LB<\/td>\n<\/tr>\n<tr>\n<td width=\"200\">1. Materiais<\/td>\n<td width=\"481\">WCB<\/td>\n<\/tr>\n<tr>\n<td width=\"200\">2. Tamanho<\/td>\n<td width=\"481\">4\u201d<\/td>\n<\/tr>\n<tr>\n<td width=\"200\">4. Porto<\/td>\n<td width=\"481\">Porto completo<\/td>\n<\/tr>\n<tr>\n<td width=\"200\">5. Press\u00e3o de Trabalho<\/td>\n<td width=\"481\">150 libras<\/td>\n<\/tr>\n<tr>\n<td width=\"200\">6. Fim da conex\u00e3o<\/td>\n<td width=\"481\">RF<\/td>\n<\/tr>\n<tr>\n<td width=\"200\">7. Temperatura de trabalho.<\/td>\n<td width=\"481\">-29~425\u00baC,<\/td>\n<\/tr>\n<tr>\n<td width=\"200\">8. Meio Adequado<\/td>\n<td width=\"481\">\u00c1gua, G\u00e1s Natural, Petr\u00f3leo e algum l\u00edquido corrosivo<\/td>\n<\/tr>\n<tr>\n<td width=\"200\">9. Operado<\/td>\n<td width=\"481\">Volante<\/td>\n<\/tr>\n<tr>\n<td width=\"200\">10. Inspe\u00e7\u00e3o e Teste<\/td>\n<td width=\"481\">De acordo com API598<\/td>\n<\/tr>\n<tr>\n<td width=\"200\"><strong>envio<\/strong><\/td>\n<td width=\"481\"><\/td>\n<\/tr>\n<tr>\n<td width=\"200\">Prazo de entrega<\/td>\n<td width=\"481\">30 dias<\/td>\n<\/tr>\n<tr>\n<td width=\"200\">Pacote<\/td>\n<td width=\"481\">Caixa de madeira compensada de exporta\u00e7\u00e3o padr\u00e3o<\/td>\n<\/tr>\n<tr>\n<td width=\"200\">Porto de embarque<\/td>\n<td width=\"481\">Ningbo\/Xangai, China<\/td>\n<\/tr>\n<tr>\n<td width=\"200\">Termos de envio<\/td>\n<td width=\"481\">Exw, FOB, CFR, CIF, etc.<\/td>\n<\/tr>\n<tr>\n<td width=\"200\">Termos de pagamento<\/td>\n<td width=\"481\">T\/T, Western Union, PayPal, etc.<\/td>\n<\/tr>\n<tr>\n<td width=\"200\"><\/td>\n<td width=\"481\">Pr\u00e9-pagamento 30%, saldo 70% pago antes do envio<\/td>\n<\/tr>\n<tr>\n<td width=\"200\">Pa\u00eds de origem<\/td>\n<td width=\"481\">Cidade de Wenzhou, China<\/td>\n<\/tr>\n<tr>\n<td width=\"200\">Capacidade de produ\u00e7\u00e3o<\/td>\n<td width=\"481\">6.000 toneladas\/ano<\/td>\n<\/tr>\n<tr>\n<td width=\"200\">Quantidade m\u00ednima<\/td>\n<td width=\"481\">1 pe\u00e7a\/tamanho<\/td>\n<\/tr>\n<\/tbody>\n<\/table>","protected":false},"excerpt":{"rendered":"<p>Modelo: J41Y-150LB-4<br \/>\nNossa v\u00e1lvula globo de a\u00e7o fundido est\u00e1 estritamente de acordo com o padr\u00e3o API de design, fabrica\u00e7\u00e3o e aceita\u00e7\u00e3o, estrutura compacta, veda\u00e7\u00e3o confi\u00e1vel, opera\u00e7\u00e3o flex\u00edvel, aplic\u00e1vel aos setores petroqu\u00edmico, de energia el\u00e9trica, metalurgia, t\u00eaxtil e outros setores industriais.<br \/>\nEspecifica\u00e7\u00e3o<br \/>\nProjeto conforme ASME B16.34<br \/>\nPresencial\/ponta a ponta: ASME B16.10<br \/>\nDimens\u00f5es do flange: ASME B16.5<br \/>\nExtremidade da solda: ASME B.16.25<br \/>\nProjeto B\u00e1sico: BS 1873<br \/>\nTestando para API 598<\/p>\n<p>&nbsp;<\/p>\n<p>Caracter\u00edsticas principais:<br \/>\nConstru\u00e7\u00e3o da carroceria em a\u00e7o fundido proporcionando resist\u00eancia liberal para atender \u00e0 maioria das condi\u00e7\u00f5es<br \/>\nJugo e cap\u00f4 integrados; parafuso externo e garfo, cap\u00f4 aparafusado.<br \/>\nO anel de sede soldado com veda\u00e7\u00e3o elimina o caminho de vazamento atr\u00e1s dos an\u00e9is e proporciona um servi\u00e7o longo e sem problemas.<br \/>\nDispon\u00edvel em conex\u00e3o final flangeada; extremidades de solda de topo tamb\u00e9m est\u00e3o dispon\u00edveis.<br \/>\nV\u00e1lvula testada de acordo com API 598.<\/p>\n<p>STV Valve Technology Group Co., Ltd \u00e9 um l\u00edder profissional China V\u00e1lvula globo de cap\u00f4 aparafusado, V\u00e1lvula globo de a\u00e7o fundido, V\u00e1lvula globo flangeada, Parafuso externo e V\u00e1lvula globo Yoke, V\u00e1lvula globo de haste ascendente, V\u00e1lvula globo BS 1873, V\u00e1lvula globo de a\u00e7o carbono, Globo de flange 150LB Fabricante de v\u00e1lvulas com alta qualidade e pre\u00e7o competitivo.<\/p>\n<p>Entre em contato com nosso sales@stvvalve.com para outros materiais e detalhes.<\/p>\n<p>Folha de data:<br \/>\n<a href=\"https:\/\/www.stvvalves.com\/wp-content\/uploads\/2018\/12\/150lb-cast-steel-flange-globe-valve-drawing.pdf\">V\u00e1lvula globo com flange de a\u00e7o fundido 150LB<\/a><\/p>","protected":false},"featured_media":4166,"template":"","meta":[],"product_brand":[],"product_cat":[63,45],"product_tag":[1016,324,1014,1015,323,322,326,325],"class_list":{"0":"post-4165","1":"product","2":"type-product","3":"status-publish","4":"has-post-thumbnail","6":"product_cat-cast-steel-globe-valve","7":"product_cat-globe-valve","8":"product_tag-150lb-flange-globe-valve","9":"product_tag-bolted-bonnet-globe-valve","10":"product_tag-bs-1873-globe-valve","11":"product_tag-carbon-steel-globe-valve","12":"product_tag-cast-steel-globe-valve","13":"product_tag-flanged-globe-valve","14":"product_tag-outside-screwyoke-globe-valve","15":"product_tag-rising-stem-globe-valve","17":"first","18":"instock","19":"shipping-taxable","20":"product-type-simple"},"_links":{"self":[{"href":"https:\/\/www.stvvalves.com\/pt\/wp-json\/wp\/v2\/product\/4165","targetHints":{"allow":["GET"]}}],"collection":[{"href":"https:\/\/www.stvvalves.com\/pt\/wp-json\/wp\/v2\/product"}],"about":[{"href":"https:\/\/www.stvvalves.com\/pt\/wp-json\/wp\/v2\/types\/product"}],"wp:featuredmedia":[{"embeddable":true,"href":"https:\/\/www.stvvalves.com\/pt\/wp-json\/wp\/v2\/media\/4166"}],"wp:attachment":[{"href":"https:\/\/www.stvvalves.com\/pt\/wp-json\/wp\/v2\/media?parent=4165"}],"wp:term":[{"taxonomy":"product_brand","embeddable":true,"href":"https:\/\/www.stvvalves.com\/pt\/wp-json\/wp\/v2\/product_brand?post=4165"},{"taxonomy":"product_cat","embeddable":true,"href":"https:\/\/www.stvvalves.com\/pt\/wp-json\/wp\/v2\/product_cat?post=4165"},{"taxonomy":"product_tag","embeddable":true,"href":"https:\/\/www.stvvalves.com\/pt\/wp-json\/wp\/v2\/product_tag?post=4165"}],"curies":[{"name":"wp","href":"https:\/\/api.w.org\/{rel}","templated":true}]}}