{"id":4170,"date":"2018-12-06T13:23:49","date_gmt":"2018-12-06T13:23:49","guid":{"rendered":"https:\/\/www.stvvalves.com\/?post_type=product&#038;p=4170"},"modified":"2026-01-17T20:47:41","modified_gmt":"2026-01-17T12:47:41","slug":"wafer-single-disc-swing-check-valve-150lb","status":"publish","type":"product","link":"https:\/\/www.stvvalves.com\/pt\/products\/wafer-single-disc-swing-check-valve-150lb\/","title":{"rendered":"V\u00e1lvula de reten\u00e7\u00e3o oscilante de disco \u00fanico Wafer 150LB"},"content":{"rendered":"<p>Especifica\u00e7\u00e3o do par\u00e2metro principal<\/p>\n<p>Projeto e fabrica\u00e7\u00e3o:API594,API 6D<br \/>\nCara a cara e de ponta a ponta: API594, API6D, DIN3202<br \/>\nClassifica\u00e7\u00e3o de press\u00e3o-temperatura: ASME B16.34, DIN2410<br \/>\nInspe\u00e7\u00e3o e teste: API598<br \/>\nFlange do tubo: ASME B16.5,DIN2543~2548,GB\/T13402,API605,ASME B16.47.<\/p>\n<p>Gama de Produtos<\/p>\n<p>Material do corpo: a\u00e7o carbono, a\u00e7o inoxid\u00e1vel, liga de a\u00e7o, bronze<\/p>\n<p>Di\u00e2metro nominal:1\/2\u2033~48\u2033(DN15~DN1200)<\/p>\n<p>Conex\u00e3o final: RF, RTJ<\/p>\n<p>Faixa de press\u00e3o: Classe150~900(PN16~PN150)<\/p>\n<p>Temperatura de trabalho:-196\u2103~+560\u2103<\/p>\n<table>\n<tbody>\n<tr>\n<td width=\"200\"><strong>Nome do Produto<\/strong><\/td>\n<td width=\"481\">V\u00e1lvula de reten\u00e7\u00e3o oscilante de disco \u00fanico Wafer 150LB<\/td>\n<\/tr>\n<tr>\n<td width=\"200\">1. Materiais<\/td>\n<td width=\"481\">F316<\/td>\n<\/tr>\n<tr>\n<td width=\"200\">2. Tamanho<\/td>\n<td width=\"481\">4\u201d<\/td>\n<\/tr>\n<tr>\n<td width=\"200\">4. Porto<\/td>\n<td width=\"481\">Porto completo<\/td>\n<\/tr>\n<tr>\n<td width=\"200\">5. Press\u00e3o de Trabalho<\/td>\n<td width=\"481\">150 libras<\/td>\n<\/tr>\n<tr>\n<td width=\"200\">6. Fim da conex\u00e3o<\/td>\n<td width=\"481\">RF<\/td>\n<\/tr>\n<tr>\n<td width=\"200\">7. Temperatura de trabalho.<\/td>\n<td width=\"481\">-29~300\u00baC,<\/td>\n<\/tr>\n<tr>\n<td width=\"200\">8. Meio Adequado<\/td>\n<td width=\"481\">\u00c1gua, G\u00e1s Natural, Petr\u00f3leo e algum l\u00edquido corrosivo<\/td>\n<\/tr>\n<tr>\n<td width=\"200\">9. Operado<\/td>\n<td width=\"481\">\/<\/td>\n<\/tr>\n<tr>\n<td width=\"200\">10. Inspe\u00e7\u00e3o e Teste<\/td>\n<td width=\"481\">De acordo com API594<\/td>\n<\/tr>\n<tr>\n<td width=\"200\"><strong>envio<\/strong><\/td>\n<td width=\"481\"><\/td>\n<\/tr>\n<tr>\n<td width=\"200\">Prazo de entrega<\/td>\n<td width=\"481\">30 dias<\/td>\n<\/tr>\n<tr>\n<td width=\"200\">Pacote<\/td>\n<td width=\"481\">Caixa de madeira compensada de exporta\u00e7\u00e3o padr\u00e3o<\/td>\n<\/tr>\n<tr>\n<td width=\"200\">Porto de embarque<\/td>\n<td width=\"481\">Ningbo\/Xangai, China<\/td>\n<\/tr>\n<tr>\n<td width=\"200\">Termos de envio<\/td>\n<td width=\"481\">Exw, FOB, CFR, CIF, etc.<\/td>\n<\/tr>\n<tr>\n<td width=\"200\">Termos de pagamento<\/td>\n<td width=\"481\">T\/T, Western Union, PayPal, etc.<\/td>\n<\/tr>\n<tr>\n<td width=\"200\"><\/td>\n<td width=\"481\">Pr\u00e9-pagamento 30%, saldo 70% pago antes do envio<\/td>\n<\/tr>\n<tr>\n<td width=\"200\">Pa\u00eds de origem<\/td>\n<td width=\"481\">Cidade de Wenzhou, China<\/td>\n<\/tr>\n<tr>\n<td width=\"200\">Capacidade de produ\u00e7\u00e3o<\/td>\n<td width=\"481\">6.000 toneladas\/ano<\/td>\n<\/tr>\n<tr>\n<td width=\"200\">Quantidade m\u00ednima<\/td>\n<td width=\"481\">1 pe\u00e7a\/tamanho<\/td>\n<\/tr>\n<\/tbody>\n<\/table>","protected":false},"excerpt":{"rendered":"<p>Modelo:H74F-150LB-3<br \/>\nA v\u00e1lvula de reten\u00e7\u00e3o oscilante de disco \u00fanico Wafer \u00e9 uma v\u00e1lvula de reten\u00e7\u00e3o ultrafina, que tem as vantagens de estrutura simples, apar\u00eancia bonita, peso leve e instala\u00e7\u00e3o conveniente. A v\u00e1lvula de reten\u00e7\u00e3o fina \u00e9 adequada principalmente para sistemas de abastecimento de \u00e1gua, petr\u00f3leo, produtos qu\u00edmicos, metal\u00fargicos e outros setores industriais, sendo mais adequada para locais com restri\u00e7\u00f5es de espa\u00e7o de instala\u00e7\u00e3o.<\/p>\n<p>Comprimento estrutural curto, apenas 1\/4 ~ 1\/8 do da v\u00e1lvula de reten\u00e7\u00e3o de flange tradicional;<\/p>\n<p>Baixo volume, peso leve, apenas 1\/4 ~ 1\/20 daqueles da v\u00e1lvula de reten\u00e7\u00e3o de flange tradicional;<\/p>\n<p>Fechamento r\u00e1pido do disco da v\u00e1lvula, baixa press\u00e3o do golpe de ar\u00edete;<\/p>\n<p>Aplic\u00e1vel e facilmente instalado em tubula\u00e7\u00f5es verticais ou horizontais;<\/p>\n<p>Passagem de fluxo suave e pequena resist\u00eancia a fluidos;<\/p>\n<p>A\u00e7\u00e3o flex\u00edvel e bom desempenho de veda\u00e7\u00e3o;<\/p>\n<p>Curso estreito da v\u00e1lvula e pequeno impacto de fechamento;<\/p>\n<p>Estrutura integrada, simples e compacta, de formato bonito;<\/p>\n<p>Longa vida \u00fatil e boa confiabilidade.<\/p>\n<p>&nbsp;<\/p>\n<p>Entre em contato com nossas vendas para outros materiais e detalhes.<\/p>\n<p>Folha de data:<br \/>\n<a href=\"https:\/\/www.stvvalves.com\/wp-content\/uploads\/2018\/12\/wafer-single-disc-swing-check-valve-150lb-DRAWING.pdf\">V\u00e1lvula de reten\u00e7\u00e3o oscilante de disco \u00fanico Wafer 150LB<\/a><\/p>","protected":false},"featured_media":4171,"template":"","meta":[],"product_brand":[],"product_cat":[46,84],"product_tag":[185,328,330,333,332,334,327,329,225,331],"class_list":{"0":"post-4170","1":"product","2":"type-product","3":"status-publish","4":"has-post-thumbnail","6":"product_cat-check-valves","7":"product_cat-wafer-check-valve","8":"product_tag-check-valve","9":"product_tag-single-disc-check-valve-class-150","10":"product_tag-single-disc-swing-check-valve","11":"product_tag-single-disc-swing-check-valveforging-body","12":"product_tag-single-disc-wafer-swing-check-valve","13":"product_tag-single-plate-wafer-check-valves","14":"product_tag-thin-type-swing-check-valve","15":"product_tag-thin-type-wafer-check-valve","16":"product_tag-wafer-check-valve","17":"product_tag-wafer-type-single-disc-swing-check-valve","19":"first","20":"instock","21":"shipping-taxable","22":"product-type-simple"},"_links":{"self":[{"href":"https:\/\/www.stvvalves.com\/pt\/wp-json\/wp\/v2\/product\/4170","targetHints":{"allow":["GET"]}}],"collection":[{"href":"https:\/\/www.stvvalves.com\/pt\/wp-json\/wp\/v2\/product"}],"about":[{"href":"https:\/\/www.stvvalves.com\/pt\/wp-json\/wp\/v2\/types\/product"}],"wp:featuredmedia":[{"embeddable":true,"href":"https:\/\/www.stvvalves.com\/pt\/wp-json\/wp\/v2\/media\/4171"}],"wp:attachment":[{"href":"https:\/\/www.stvvalves.com\/pt\/wp-json\/wp\/v2\/media?parent=4170"}],"wp:term":[{"taxonomy":"product_brand","embeddable":true,"href":"https:\/\/www.stvvalves.com\/pt\/wp-json\/wp\/v2\/product_brand?post=4170"},{"taxonomy":"product_cat","embeddable":true,"href":"https:\/\/www.stvvalves.com\/pt\/wp-json\/wp\/v2\/product_cat?post=4170"},{"taxonomy":"product_tag","embeddable":true,"href":"https:\/\/www.stvvalves.com\/pt\/wp-json\/wp\/v2\/product_tag?post=4170"}],"curies":[{"name":"wp","href":"https:\/\/api.w.org\/{rel}","templated":true}]}}