{"id":4177,"date":"2018-12-06T13:45:02","date_gmt":"2018-12-06T13:45:02","guid":{"rendered":"https:\/\/www.stvvalves.com\/?post_type=product&#038;p=4177"},"modified":"2025-02-18T14:16:42","modified_gmt":"2025-02-18T06:16:42","slug":"cast-steel-swing-check-valve-150lb-12-inch-flange-end","status":"publish","type":"product","link":"https:\/\/www.stvvalves.com\/pt\/products\/cast-steel-swing-check-valve-150lb-12-inch-flange-end\/","title":{"rendered":"V\u00e1lvula de reten\u00e7\u00e3o girat\u00f3ria de a\u00e7o fundido 150LB, 12 polegadas, extremidade do flange"},"content":{"rendered":"<p>Projeto e Fabrica\u00e7\u00e3o: BS 1868,ASME B16.34,API 6D<\/p>\n<p>Inspe\u00e7\u00e3o e Teste:API598,API600 ou API 6D<\/p>\n<p>Dimens\u00e3o do flange final: ASME B16.5 (para NPS\u226424, ASME B 16.47 s\u00e9rie B, API 605, ASME B16.47 S\u00e9rie A, MSS SP-44 (para NPS&gt; 24)<\/p>\n<p>Dimens\u00e3o final BW: ASME B16.25<\/p>\n<p>Cara a cara e de ponta a ponta: ASME B16.10<\/p>\n<p>Classifica\u00e7\u00f5es de press\u00e3o-temperatura: ASME B16.34<\/p>\n<p>Dimens\u00e3o da espessura da parede:API 600,BS 1868<\/p>\n<p>Gama de Produtos<\/p>\n<p>Material do corpo: a\u00e7o carbono, a\u00e7o inoxid\u00e1vel, liga de a\u00e7o, bronze<\/p>\n<p>Di\u00e2metro nominal:1\/2\u2033~48\u2033(DN15~DN1200)<\/p>\n<p>Conex\u00e3o final: RF, RTJ, BW<\/p>\n<p>Faixa de press\u00e3o: Classe150~2500(PN16~PN420)<\/p>\n<p>Temperatura de trabalho:-196\u2103~+560\u2103<\/p>\n<table style=\"height: 339px;\" width=\"705\">\n<tbody>\n<tr>\n<td>Nome do Produto:<\/td>\n<td>V\u00e1lvula de reten\u00e7\u00e3o girat\u00f3ria de a\u00e7o fundido 150LB, 12 polegadas, extremidade do flange<\/td>\n<\/tr>\n<tr>\n<td>Material do corpo da v\u00e1lvula:<\/td>\n<td>WCB<\/td>\n<\/tr>\n<tr>\n<td>Porta<\/td>\n<td>Porto completo<\/td>\n<\/tr>\n<tr>\n<td>Press\u00e3o de trabalho mexicana:<\/td>\n<td>150 libras<\/td>\n<\/tr>\n<tr>\n<td>M\u00e1x. Temperatura de trabalho:<\/td>\n<td>-29-425\u00baC<\/td>\n<\/tr>\n<tr>\n<td>Tamanho dispon\u00edvel:<\/td>\n<td>DN50-DN1000<\/td>\n<\/tr>\n<tr>\n<td>Conex\u00e3o dispon\u00edvel:<\/td>\n<td>RF, BW, RTJ<\/td>\n<\/tr>\n<tr>\n<td>Padr\u00e3o dispon\u00edvel:<\/td>\n<td>ANSI<\/td>\n<\/tr>\n<tr>\n<td>Operado:<\/td>\n<td>\/<\/td>\n<\/tr>\n<tr>\n<td>Certificado:<\/td>\n<td>ISO, API600, API 6D<\/td>\n<\/tr>\n<tr>\n<td>Meio Adequado:<\/td>\n<td>\u00a0\u00c1gua, vapor, petr\u00f3leo e g\u00e1s natural etc.<\/td>\n<\/tr>\n<\/tbody>\n<\/table>","protected":false},"excerpt":{"rendered":"<p>Modelo:H44H-150LB-12\u2033<\/p>\n<p>V\u00e1lvula de reten\u00e7\u00e3o oscilante de a\u00e7o fundido refere-se a uma v\u00e1lvula que abre e fecha automaticamente a aba da v\u00e1lvula por meio do fluxo do pr\u00f3prio meio, e \u00e9 usada para evitar o refluxo do meio, que tamb\u00e9m \u00e9 chamada de v\u00e1lvula de reten\u00e7\u00e3o, v\u00e1lvula de reten\u00e7\u00e3o , uma v\u00e1lvula de fluxo reverso e uma v\u00e1lvula de contrapress\u00e3o. A fun\u00e7\u00e3o deste tipo de v\u00e1lvula \u00e9 permitir que apenas o meio flua em uma dire\u00e7\u00e3o e evitar que essa dire\u00e7\u00e3o flua. Normalmente, a v\u00e1lvula \u00e9 operada automaticamente e a aba da v\u00e1lvula \u00e9 aberta pela press\u00e3o do fluido fluindo em uma dire\u00e7\u00e3o; quando o fluido flui na dire\u00e7\u00e3o oposta, a press\u00e3o do fluido e a aba da v\u00e1lvula de fechamento autom\u00e1tico do disco da v\u00e1lvula atuam na sede da v\u00e1lvula para interromper o fluxo.<br \/>\nA v\u00e1lvula de reten\u00e7\u00e3o oscilante de a\u00e7o fundido \u00e9 adequada para tubula\u00e7\u00f5es de diversas condi\u00e7\u00f5es de trabalho, como petr\u00f3leo, qu\u00edmica, hidr\u00e1ulica, usinas t\u00e9rmicas, etc., cortando ou conectando o meio. Meio aplic\u00e1vel: \u00e1gua, \u00f3leo, vapor, etc.<\/p>\n<p>Especifica\u00e7\u00e3o do par\u00e2metro principal<\/p>\n<p>Projeto e fabrica\u00e7\u00e3o: V\u00e1lvula de reten\u00e7\u00e3o de a\u00e7o fundido de acordo com BS 1868, ASME B16.34, API 6D<\/p>\n<p>Inspe\u00e7\u00e3o e Teste:API598,API600 ou API 6D<\/p>\n<p>Dimens\u00e3o do flange final: ASME B16.5 (para NPS\u226424, ASME B 16.47 s\u00e9rie B, API 605, ASME B16.47 S\u00e9rie A, MSS SP-44 (para NPS&gt; 24)<\/p>\n<p>Dimens\u00e3o final BW: ASME B16.25<\/p>\n<p>Cara a cara e de ponta a ponta: ASME B16.10<\/p>\n<p>Classifica\u00e7\u00f5es de press\u00e3o-temperatura: ASME B16.34<\/p>\n<p>Dimens\u00e3o da espessura da parede:API 600,BS 1868<\/p>\n<p>Gama de Produtos<\/p>\n<p>Material do corpo: a\u00e7o carbono, a\u00e7o inoxid\u00e1vel, liga de a\u00e7o, bronze<\/p>\n<p>Di\u00e2metro nominal:1\/2\u2033~48\u2033(DN15~DN1200)<\/p>\n<p>Conex\u00e3o final: RF, RTJ, BW<\/p>\n<p>Faixa de press\u00e3o: Classe150~2500(PN16~PN420)<\/p>\n<p>Temperatura de trabalho:-196\u2103~+560\u2103<\/p>\n<p>STV Valve Technology Group Co., Ltd \u00e9 um l\u00edder profissional China V\u00e1lvula de reten\u00e7\u00e3o oscilante ANSI, V\u00e1lvula de reten\u00e7\u00e3o oscilante API 600, V\u00e1lvula de reten\u00e7\u00e3o oscilante de a\u00e7o fundido, V\u00e1lvula de reten\u00e7\u00e3o, V\u00e1lvula de reten\u00e7\u00e3o oscilante de extremidade de flange, V\u00e1lvula de reten\u00e7\u00e3o oscilante, V\u00e1lvula de reten\u00e7\u00e3o oscilante WCB, Balan\u00e7o 150LB V\u00e1lvula de reten\u00e7\u00e3o, v\u00e1lvula de reten\u00e7\u00e3o de a\u00e7o fundido, fabricante de v\u00e1lvula de reten\u00e7\u00e3o de a\u00e7o carbono com alta qualidade e pre\u00e7o competitivo.<\/p>\n<p>Entre em contato com nosso sales@stvvalve.com para outros materiais e detalhes.<\/p>\n<p>Folha de data:<br \/>\n<a href=\"https:\/\/www.stvvalves.com\/wp-content\/uploads\/2018\/12\/cast-steel-swing-check-valve-150lb-drawing.pdf\">V\u00e1lvula de reten\u00e7\u00e3o girat\u00f3ria de a\u00e7o fundido 150LB, 12 polegadas, extremidade do flange<\/a><\/p>\n<p>&nbsp;<\/p>\n<p>&nbsp;<\/p>","protected":false},"featured_media":4181,"template":"","meta":[],"product_brand":[],"product_cat":[83,46],"product_tag":[335,338,337,185,339,152,336],"class_list":{"0":"post-4177","1":"product","2":"type-product","3":"status-publish","4":"has-post-thumbnail","6":"product_cat-cast-steel-check-valve","7":"product_cat-check-valves","8":"product_tag-ansi-swing-check-valve","9":"product_tag-api-600-swing-check-valve","10":"product_tag-cast-steel-swing-check-valve","11":"product_tag-check-valve","12":"product_tag-flange-end-swing-check-valve","13":"product_tag-swing-check-valve","14":"product_tag-wcb-swing-check-valve","16":"first","17":"instock","18":"shipping-taxable","19":"product-type-simple"},"_links":{"self":[{"href":"https:\/\/www.stvvalves.com\/pt\/wp-json\/wp\/v2\/product\/4177","targetHints":{"allow":["GET"]}}],"collection":[{"href":"https:\/\/www.stvvalves.com\/pt\/wp-json\/wp\/v2\/product"}],"about":[{"href":"https:\/\/www.stvvalves.com\/pt\/wp-json\/wp\/v2\/types\/product"}],"wp:featuredmedia":[{"embeddable":true,"href":"https:\/\/www.stvvalves.com\/pt\/wp-json\/wp\/v2\/media\/4181"}],"wp:attachment":[{"href":"https:\/\/www.stvvalves.com\/pt\/wp-json\/wp\/v2\/media?parent=4177"}],"wp:term":[{"taxonomy":"product_brand","embeddable":true,"href":"https:\/\/www.stvvalves.com\/pt\/wp-json\/wp\/v2\/product_brand?post=4177"},{"taxonomy":"product_cat","embeddable":true,"href":"https:\/\/www.stvvalves.com\/pt\/wp-json\/wp\/v2\/product_cat?post=4177"},{"taxonomy":"product_tag","embeddable":true,"href":"https:\/\/www.stvvalves.com\/pt\/wp-json\/wp\/v2\/product_tag?post=4177"}],"curies":[{"name":"wp","href":"https:\/\/api.w.org\/{rel}","templated":true}]}}