{"id":4200,"date":"2018-12-07T12:46:27","date_gmt":"2018-12-07T12:46:27","guid":{"rendered":"https:\/\/www.stvvalves.com\/?post_type=product&#038;p=4200"},"modified":"2025-02-17T18:19:48","modified_gmt":"2025-02-17T10:19:48","slug":"high-pressure-seal-gate-valve-wc9-body-2500lb-3-inch","status":"publish","type":"product","link":"https:\/\/www.stvvalves.com\/pt\/products\/high-pressure-seal-gate-valve-wc9-body-2500lb-3-inch\/","title":{"rendered":"V\u00e1lvula de veda\u00e7\u00e3o de alta press\u00e3o, corpo WC9, 2500LB, 3 polegadas"},"content":{"rendered":"<p>Este tipo de v\u00e1lvula gaveta n\u00e3o \u00e9 apenas caracterizada por sua estrutura simples e uso confi\u00e1vel, mas tamb\u00e9m \u00e9 capaz de criar uma leve deforma\u00e7\u00e3o flex\u00edvel para compensar o desvio do \u00e2ngulo da face de veda\u00e7\u00e3o gerado durante o processamento, melhorando assim o desempenho do processo. Al\u00e9m disso, na sede e na superf\u00edcie da veda\u00e7\u00e3o do disco da comporta s\u00e3o revestidas com liga \u00e0 base de ferro ou liga \u00e0 base de co-base ou liga de metal duro para longa dura\u00e7\u00e3o.<\/p>\n<p>Especifica\u00e7\u00e3o do par\u00e2metro principal<\/p>\n<p>Projeto e fabrica\u00e7\u00e3o: V\u00e1lvula gaveta de a\u00e7o fundido para API 600 (ISO 10434) \u3001 API 6D; V\u00e1lvula gaveta de a\u00e7o inoxid\u00e1vel fundido para API 603 \u3001 API 600<\/p>\n<p>Inspe\u00e7\u00e3o e Teste:API598,API600 ou API 6D<\/p>\n<p>Dimens\u00e3o do flange final: ASME B16.5 (para NPS\u226424, ASME B 16.47 s\u00e9rie B, API 605, ASME B16.47 S\u00e9rie A, MSS SP-44 (para NPS&gt; 24)<\/p>\n<p>Dimens\u00e3o final BW: ASME B16.25<\/p>\n<p>Cara a cara e de ponta a ponta: ASME B16.10<\/p>\n<p>Classifica\u00e7\u00f5es de press\u00e3o-temperatura: ASME B16.34<\/p>\n<p>Gama de Produtos<\/p>\n<p>Material do corpo: a\u00e7o carbono, a\u00e7o inoxid\u00e1vel, liga de a\u00e7o<\/p>\n<p>Di\u00e2metro nominal:2\u2033~36\u2033(DN50~DN900)<\/p>\n<p>Conex\u00e3o final: RF, RTJ, BW<\/p>\n<p>Faixa de press\u00e3o: Classe150~2500(PN16~PN420)<\/p>\n<p>Temperatura de trabalho:-29\u2103~+560\u2103<\/p>\n<p>Opera\u00e7\u00e3o: Volante, Engrenagem, Atuador El\u00e9trico, etc.<\/p>\n<table>\n<tbody>\n<tr>\n<td width=\"200\"><strong>Nome do Produto<\/strong><\/td>\n<td width=\"481\">V\u00e1lvula de veda\u00e7\u00e3o de alta press\u00e3o, corpo WC9, 2500LB, 3 polegadas<\/td>\n<\/tr>\n<tr>\n<td width=\"200\">1. Materiais<\/td>\n<td width=\"481\">WC9<\/td>\n<\/tr>\n<tr>\n<td width=\"200\">2. Tamanho<\/td>\n<td width=\"481\">3\u201d<\/td>\n<\/tr>\n<tr>\n<td width=\"200\">4. Porto<\/td>\n<td width=\"481\">Porto completo<\/td>\n<\/tr>\n<tr>\n<td width=\"200\">5. Press\u00e3o de Trabalho<\/td>\n<td width=\"481\">2.500 libras<\/td>\n<\/tr>\n<tr>\n<td width=\"200\">6. Fim da conex\u00e3o<\/td>\n<td width=\"481\">PN<\/td>\n<\/tr>\n<tr>\n<td width=\"200\">7. Temperatura de trabalho.<\/td>\n<td width=\"481\">-29~540\u00baC,<\/td>\n<\/tr>\n<tr>\n<td width=\"200\">8. Meio Adequado<\/td>\n<td width=\"481\">\u00c1gua, G\u00e1s Natural, Petr\u00f3leo e algum l\u00edquido corrosivo<\/td>\n<\/tr>\n<tr>\n<td width=\"200\">9. Operado<\/td>\n<td width=\"481\">Volante<\/td>\n<\/tr>\n<tr>\n<td width=\"200\">10. Inspe\u00e7\u00e3o e Teste<\/td>\n<td width=\"481\">De acordo com API598<\/td>\n<\/tr>\n<tr>\n<td width=\"200\"><strong>envio<\/strong><\/td>\n<td width=\"481\"><\/td>\n<\/tr>\n<tr>\n<td width=\"200\">Prazo de entrega<\/td>\n<td width=\"481\">30 dias<\/td>\n<\/tr>\n<tr>\n<td width=\"200\">Pacote<\/td>\n<td width=\"481\">Caixa de madeira compensada de exporta\u00e7\u00e3o padr\u00e3o<\/td>\n<\/tr>\n<tr>\n<td width=\"200\">Porto de embarque<\/td>\n<td width=\"481\">Ningbo\/Xangai, China<\/td>\n<\/tr>\n<tr>\n<td width=\"200\">Termos de envio<\/td>\n<td width=\"481\">Exw, FOB, CFR, CIF, etc.<\/td>\n<\/tr>\n<tr>\n<td width=\"200\">Termos de pagamento<\/td>\n<td width=\"481\">T\/T, Western Union, PayPal, etc.<\/td>\n<\/tr>\n<tr>\n<td width=\"200\"><\/td>\n<td width=\"481\">Pr\u00e9-pagamento 30%, saldo 70% pago antes do envio<\/td>\n<\/tr>\n<tr>\n<td width=\"200\">Pa\u00eds de origem<\/td>\n<td width=\"481\">Cidade de Wenzhou, China<\/td>\n<\/tr>\n<tr>\n<td width=\"200\">Capacidade de produ\u00e7\u00e3o<\/td>\n<td width=\"481\">6.000 toneladas\/ano<\/td>\n<\/tr>\n<tr>\n<td width=\"200\">Quantidade m\u00ednima<\/td>\n<td width=\"481\">1 pe\u00e7a\/tamanho<\/td>\n<\/tr>\n<\/tbody>\n<\/table>","protected":false},"excerpt":{"rendered":"<p>Modelo:Z61Y-2500LB-3\u2033<\/p>\n<p>As v\u00e1lvulas de veda\u00e7\u00e3o de alta press\u00e3o s\u00e3o projetadas para servi\u00e7os de alta temperatura e alta press\u00e3o e s\u00e3o amplamente utilizadas em usinas de combust\u00edvel f\u00f3ssil. Em compara\u00e7\u00e3o com v\u00e1lvulas de junta de castelo aparafusadas,<\/p>\n<p>ele fornece veda\u00e7\u00e3o absolutamente confi\u00e1vel da junta do castelo, de modo que as v\u00e1lvulas de veda\u00e7\u00e3o de press\u00e3o s\u00e3o mais compactas e r\u00edgidas, bem como manuten\u00e7\u00e3o econ\u00f4mica em servi\u00e7os de alta temperatura e alta press\u00e3o.<\/p>\n<p>&nbsp;<\/p>\n<p>STV Valve Technology Group Co., Ltd \u00e9 um l\u00edder profissional China2500# V\u00e1lvula de gaveta de veda\u00e7\u00e3o de press\u00e3o, V\u00e1lvulas de gaveta de veda\u00e7\u00e3o de press\u00e3o API 600, V\u00e1lvula de gaveta de veda\u00e7\u00e3o de press\u00e3o China, V\u00c1LVULA DE GATE, V\u00e1lvula de gaveta de press\u00e3o de alta temperatura, V\u00e1lvula de gaveta de veda\u00e7\u00e3o de press\u00e3o, V\u00e1lvulas de veda\u00e7\u00e3o de press\u00e3o, Press\u00e3o Fabricante de v\u00e1lvula gaveta de veda\u00e7\u00e3o com alta qualidade e pre\u00e7o competitivo.<\/p>\n<p>Entre em contato com nosso sales@stvvalve.com para outros materiais e detalhes.<\/p>\n<p>Folha de data:<br \/>\n<a href=\"https:\/\/www.stvvalves.com\/wp-content\/uploads\/2018\/12\/high-pressure-seal-gate-valve-wc9-body-2500lb-4-inch-drawing.pdf\">V\u00e1lvula de veda\u00e7\u00e3o de alta press\u00e3o, corpo WC9, 2500LB, 3 polegadas<\/a><\/p>","protected":false},"featured_media":4201,"template":"","meta":[],"product_brand":[],"product_cat":[58,44],"product_tag":[351,354,350,163,355,352,353,356],"class_list":{"0":"post-4200","1":"product","2":"type-product","3":"status-publish","4":"has-post-thumbnail","6":"product_cat-cast-steel-gate-valve","7":"product_cat-gate-valve","8":"product_tag-2500-pressure-seal-gate-valve","9":"product_tag-api-600-pressure-seal-gate-valves","10":"product_tag-china-pressure-seal-gate-valve","11":"product_tag-gate-valve","12":"product_tag-high-temperature-pressure-gatevalve","13":"product_tag-pressure-seal-gate-valve","14":"product_tag-pressure-seal-valves","15":"product_tag-pressure-seal-wedge-gate-valve","17":"first","18":"instock","19":"shipping-taxable","20":"product-type-simple"},"_links":{"self":[{"href":"https:\/\/www.stvvalves.com\/pt\/wp-json\/wp\/v2\/product\/4200","targetHints":{"allow":["GET"]}}],"collection":[{"href":"https:\/\/www.stvvalves.com\/pt\/wp-json\/wp\/v2\/product"}],"about":[{"href":"https:\/\/www.stvvalves.com\/pt\/wp-json\/wp\/v2\/types\/product"}],"wp:featuredmedia":[{"embeddable":true,"href":"https:\/\/www.stvvalves.com\/pt\/wp-json\/wp\/v2\/media\/4201"}],"wp:attachment":[{"href":"https:\/\/www.stvvalves.com\/pt\/wp-json\/wp\/v2\/media?parent=4200"}],"wp:term":[{"taxonomy":"product_brand","embeddable":true,"href":"https:\/\/www.stvvalves.com\/pt\/wp-json\/wp\/v2\/product_brand?post=4200"},{"taxonomy":"product_cat","embeddable":true,"href":"https:\/\/www.stvvalves.com\/pt\/wp-json\/wp\/v2\/product_cat?post=4200"},{"taxonomy":"product_tag","embeddable":true,"href":"https:\/\/www.stvvalves.com\/pt\/wp-json\/wp\/v2\/product_tag?post=4200"}],"curies":[{"name":"wp","href":"https:\/\/api.w.org\/{rel}","templated":true}]}}