{"id":4211,"date":"2018-12-11T12:50:56","date_gmt":"2018-12-11T12:50:56","guid":{"rendered":"https:\/\/www.stvvalves.com\/?post_type=product&#038;p=4211"},"modified":"2026-01-07T09:13:42","modified_gmt":"2026-01-07T01:13:42","slug":"ansi-bellow-seal-wcb-globe-valve-150lb-21-2-rf-end","status":"publish","type":"product","link":"https:\/\/www.stvvalves.com\/pt\/products\/ansi-bellow-seal-wcb-globe-valve-150lb-21-2-rf-end\/","title":{"rendered":"ANSI Bellow Seal WCB Globe Valve,150LB,21\/2&#8243;,RF End"},"content":{"rendered":"<h2>ANSI Bellow Seal WCB Globe Valve,150LB,21\/2&#8243;,RF End<\/h2>\n<p>1. Este produto possui estrutura l\u00f3gica, veda\u00e7\u00e3o confi\u00e1vel, excelente desempenho e design agrad\u00e1vel.<br \/>\n2. A superf\u00edcie de veda\u00e7\u00e3o \u00e9 soldada com liga dura de Co, que \u00e9 resistente ao atrito, resistente \u00e0 corros\u00e3o, tem boa resist\u00eancia ao atrito e longa vida \u00fatil.<br \/>\n3. A haste \u00e9 temperada e revenida, e sua superf\u00edcie \u00e9 tratada por tratamento com nitrog\u00eanio, portanto, possui boa resist\u00eancia \u00e0 corros\u00e3o e ao atrito.<br \/>\n4. Possui capacidade de veda\u00e7\u00e3o dupla, portanto \u00e9 mais confi\u00e1vel.<br \/>\n5. A haste pode mostrar a posi\u00e7\u00e3o de eleva\u00e7\u00e3o, ficando mais clara.<br \/>\n6. O material da pe\u00e7a, o flange e a dimens\u00e3o da extremidade da solda de topo podem ser selecionados de acordo com as condi\u00e7\u00f5es operacionais atuais e as necessidades dos usu\u00e1rios, de modo que atendam aos requisitos de diversas engenharias.<br \/>\nForma\u00e7\u00e3o estrutural: BB-BG-OS&amp;Y<br \/>\n7,Materiais: WCB, WC6,SS304,SS316<br \/>\n8,materiais de fole: SS304, SS316,SS316L,SS310, Hastelly C.<br \/>\n9, faixa de tamanho: 2\u2033-16\u2033<br \/>\n10, press\u00e3o: 150LB-900LB<br \/>\n11. Modo de condu\u00e7\u00e3o: manual, acionado eletricamente<\/p>\n<p>Globe valve with bellow seal acc. to ANSI is applicable to the cutting and connection of pipelines medium that are used in various industries such as peroleum, chemical industry,pharmacy,chemical fertilizer,electric power industry etc under nominal pressure of CLASS150-900LBS and working tem\u00acperature of-29~350&#8217;C.<\/p>\n<p>Structural Features<br \/>\n1 .This product has logical structure,reliable seal, excellent performance and nice design.<br \/>\n2.The seal surface is build-up welding with Co hard alloy, which is attrition-resistant, corrosion-resistant, has good friction resistant and long life.<br \/>\n3.The stem is quenched and tempered, and its surface is treated by nitriding treatment, thus it has good corrosion resistant and friction resistant.<br \/>\n4.It has double seal capability, thus is more reliable.<br \/>\n5.The stem may show the position of lift, thus it is clearer.<br \/>\n6.The part material, flange and butt weld end dimension may be selected according to current operating condition and users&#8217; requirement, so that meet the requirements of various engineering.<\/p>\n<p>Technical Specificastion<br \/>\nStructural formation\uff1a BB-BG-OS &amp; Y<br \/>\nDriving maner\uff1a Hand-operated, Electric-actuated<br \/>\nDesign standard\uff1a AMSE B16.10\u3001BS1873<br \/>\nFace to face\uff1a ASME B16.10<br \/>\nFlange ends : ASME B16.5<br \/>\nTest &amp; inspection\uff1a API598<br \/>\n<img decoding=\"async\" src=\"https:\/\/www.lonzevalve.com\/zyupload\/201910\/15\/1-201910151537083676.jpg\" alt=\"\" \/><\/p>\n<table>\n<tbody>\n<tr>\n<td width=\"200\"><strong>Nome do Produto<\/strong><\/td>\n<td width=\"481\">ANSI Bellow Seal WCB Globe Valve,150LB,21\/2&#8243;,RF End<\/td>\n<\/tr>\n<tr>\n<td width=\"200\">1. Materiais<\/td>\n<td width=\"481\">WCB<\/td>\n<\/tr>\n<tr>\n<td width=\"200\">2. Tamanho<\/td>\n<td width=\"481\">2\u201d<\/td>\n<\/tr>\n<tr>\n<td width=\"200\">4. Porto<\/td>\n<td width=\"481\">Porto completo<\/td>\n<\/tr>\n<tr>\n<td width=\"200\">5. Press\u00e3o de Trabalho<\/td>\n<td width=\"481\">150 libras<\/td>\n<\/tr>\n<tr>\n<td width=\"200\">6. Fim da conex\u00e3o<\/td>\n<td width=\"481\">RF<\/td>\n<\/tr>\n<tr>\n<td width=\"200\">7. Temperatura de trabalho.<\/td>\n<td width=\"481\">-29~425\u00baC,<\/td>\n<\/tr>\n<tr>\n<td width=\"200\">8. Meio Adequado<\/td>\n<td width=\"481\">\u00c1gua, G\u00e1s Natural, Petr\u00f3leo e algum l\u00edquido corrosivo<\/td>\n<\/tr>\n<tr>\n<td width=\"200\">9. Operado<\/td>\n<td width=\"481\">Volante<\/td>\n<\/tr>\n<tr>\n<td width=\"200\">10. Inspe\u00e7\u00e3o e Teste<\/td>\n<td width=\"481\">De acordo com API598<\/td>\n<\/tr>\n<tr>\n<td width=\"200\"><strong>envio<\/strong><\/td>\n<td width=\"481\"><\/td>\n<\/tr>\n<tr>\n<td width=\"200\">Prazo de entrega<\/td>\n<td width=\"481\">30 dias<\/td>\n<\/tr>\n<tr>\n<td width=\"200\">Pacote<\/td>\n<td width=\"481\">Caixa de madeira compensada de exporta\u00e7\u00e3o padr\u00e3o<\/td>\n<\/tr>\n<tr>\n<td width=\"200\">Porto de embarque<\/td>\n<td width=\"481\">Ningbo\/Xangai, China<\/td>\n<\/tr>\n<tr>\n<td width=\"200\">Termos de envio<\/td>\n<td width=\"481\">Exw, FOB, CFR, CIF, etc.<\/td>\n<\/tr>\n<tr>\n<td width=\"200\">Termos de pagamento<\/td>\n<td width=\"481\">T\/T, Western Union, PayPal, etc.<\/td>\n<\/tr>\n<tr>\n<td width=\"200\"><\/td>\n<td width=\"481\">Pr\u00e9-pagamento 30%, saldo 70% pago antes do envio<\/td>\n<\/tr>\n<tr>\n<td width=\"200\">Pa\u00eds de origem<\/td>\n<td width=\"481\">Cidade de Wenzhou, China<\/td>\n<\/tr>\n<tr>\n<td width=\"200\">Capacidade de produ\u00e7\u00e3o<\/td>\n<td width=\"481\">6.000 toneladas\/ano<\/td>\n<\/tr>\n<tr>\n<td width=\"200\">Quantidade m\u00ednima<\/td>\n<td width=\"481\">1 pe\u00e7a\/tamanho<\/td>\n<\/tr>\n<\/tbody>\n<\/table>","protected":false},"excerpt":{"rendered":"<p>Model:WJ41Y-150LB-21\/2&#8243;<\/p>\n<p>A v\u00e1lvula globo de fole ANSI 150LB usa fole como elemento de veda\u00e7\u00e3o da haste da v\u00e1lvula, o que pode evitar vazamento da haste da v\u00e1lvula para evitar vazamento do meio. Nenhuma perda de fluido aumenta a efici\u00eancia energ\u00e9tica, aumenta a seguran\u00e7a dos equipamentos de produ\u00e7\u00e3o, reduz os custos de manuten\u00e7\u00e3o e mant\u00e9m os custos de manuten\u00e7\u00e3o. Ele tamb\u00e9m fornece um ambiente de trabalho limpo e seguro. \u00c9 mais adequado para tubula\u00e7\u00f5es de vapor, inflam\u00e1veis, explosivos, \u00f3leo de transfer\u00eancia de calor, alta pureza, t\u00f3xicos e outros meios. A v\u00e1lvula de corte \u00e9 usada para press\u00e3o nominal 150LB-300LB e o flange de conex\u00e3o \u00e9 ANSI B16.5. Em altas temperaturas, a haste n\u00e3o entra em contato com o meio, garantindo vazamento zero da haste. Ao mesmo tempo, garanta resist\u00eancia e resist\u00eancia suficientes, voc\u00ea pode trocar dezenas de milhares de vezes. O volante \u00e9 ergonomicamente projetado para maior vida \u00fatil e f\u00e1cil opera\u00e7\u00e3o.<\/p>\n<p>Caracter\u00edstica chave:<\/p>\n<p>1. Elemento de veda\u00e7\u00e3o abaixo. A parte principal das v\u00e1lvulas globo seladas com fole \u00e9 o fole mental. \u00c9 a liga\u00e7\u00e3o entre tampa e haste com soldagem autom\u00e1tica por rolo. O fole mental pode manter a parte da haste sem vazamentos.<br \/>\n2. Beneficie-se do design de forma simplificada e simplificada, o disco tem uma veda\u00e7\u00e3o confi\u00e1vel e maior vida \u00fatil.<br \/>\n3. Projeto de veda\u00e7\u00e3o dupla (fole + embalagem). O fole e a gaxeta podem proteger contra vazamentos e fornecer uma excelente veda\u00e7\u00e3o.<br \/>\n4. Graxar o bocal. Pode lubrificar diretamente a haste, a porca e a luva.<br \/>\n5, a indica\u00e7\u00e3o da posi\u00e7\u00e3o de eleva\u00e7\u00e3o da haste, mais intuitiva;<br \/>\n6, o material das pe\u00e7as, o flange e o tamanho do n\u00famero de soldagem de topo podem ser razoavelmente combinados de acordo com as condi\u00e7\u00f5es reais de trabalho ou requisitos do usu\u00e1rio para atender a v\u00e1rias necessidades de engenharia<br \/>\n7,Materiais: WCB, WC6,SS304,SS316<br \/>\n8,materiais de fole: SS304, SS316,SS316L,SS310, Hastelly C.<br \/>\n9, faixa de tamanho: 2\u2033-16\u2033<br \/>\n10, press\u00e3o: 150LB-900LB<br \/>\nEspecifica\u00e7\u00e3o t\u00e9cnica<br \/>\nPadr\u00e3o de projeto: ASME B16.34<br \/>\nDimens\u00e3o face a face: ASME B16.10<br \/>\nExtremidades flangeadas: ASME B16.5<br \/>\nTeste e inspe\u00e7\u00e3o: API 598<br \/>\nEspecifica\u00e7\u00e3o de performance<\/p>\n<p>STV Valve Technology Group Co., Ltd \u00e9 um l\u00edder profissional China V\u00e1lvula globo de fole ANSI, V\u00e1lvula globo de veda\u00e7\u00e3o de fole padr\u00e3o Ansi, V\u00e1lvula globo de veda\u00e7\u00e3o de fole ANSI 150LB, V\u00e1lvula globo de veda\u00e7\u00e3o de fole de a\u00e7o fundido China ANSI, V\u00e1lvula globo de veda\u00e7\u00e3o de fole flangeada, V\u00e1lvula globo Wcb , fabricante de v\u00e1lvula globo de veda\u00e7\u00e3o abaixo com alta qualidade e pre\u00e7o competitivo.<\/p>\n<p>Entre em contato com nosso sales@stvvalve.com para outros materiais e detalhes.<\/p>\n<h1>ANSI Bellow Seal WCB Globe Valve<\/h1>","protected":false},"featured_media":8802,"template":"","meta":[],"product_brand":[],"product_cat":[65,45],"product_tag":[370,365,371,369,368,366,367],"class_list":{"0":"post-4211","1":"product","2":"type-product","3":"status-publish","4":"has-post-thumbnail","6":"product_cat-bellow-seal-globe-valve","7":"product_cat-globe-valve","8":"product_tag-ansi-bellows-globe-valve","9":"product_tag-ansi-standard-bellows-seal-globe-valve","10":"product_tag-bellow-seal-globe-valve","11":"product_tag-bellows-seal-globe-valve-ansi-150lb","12":"product_tag-china-ansi-cast-steel-bellow-seal-globe-valve","13":"product_tag-flanged-bellow-seal-globe-valve","14":"product_tag-wcb-globe-valve","16":"first","17":"instock","18":"shipping-taxable","19":"product-type-simple"},"_links":{"self":[{"href":"https:\/\/www.stvvalves.com\/pt\/wp-json\/wp\/v2\/product\/4211","targetHints":{"allow":["GET"]}}],"collection":[{"href":"https:\/\/www.stvvalves.com\/pt\/wp-json\/wp\/v2\/product"}],"about":[{"href":"https:\/\/www.stvvalves.com\/pt\/wp-json\/wp\/v2\/types\/product"}],"wp:featuredmedia":[{"embeddable":true,"href":"https:\/\/www.stvvalves.com\/pt\/wp-json\/wp\/v2\/media\/8802"}],"wp:attachment":[{"href":"https:\/\/www.stvvalves.com\/pt\/wp-json\/wp\/v2\/media?parent=4211"}],"wp:term":[{"taxonomy":"product_brand","embeddable":true,"href":"https:\/\/www.stvvalves.com\/pt\/wp-json\/wp\/v2\/product_brand?post=4211"},{"taxonomy":"product_cat","embeddable":true,"href":"https:\/\/www.stvvalves.com\/pt\/wp-json\/wp\/v2\/product_cat?post=4211"},{"taxonomy":"product_tag","embeddable":true,"href":"https:\/\/www.stvvalves.com\/pt\/wp-json\/wp\/v2\/product_tag?post=4211"}],"curies":[{"name":"wp","href":"https:\/\/api.w.org\/{rel}","templated":true}]}}