{"id":4230,"date":"2018-12-12T15:30:22","date_gmt":"2018-12-12T15:30:22","guid":{"rendered":"https:\/\/www.stvvalves.com\/?post_type=product&#038;p=4230"},"modified":"2025-02-17T18:19:24","modified_gmt":"2025-02-17T10:19:24","slug":"3-way-sanitary-ball-valve-aisi-316l","status":"publish","type":"product","link":"https:\/\/www.stvvalves.com\/pt\/products\/3-way-sanitary-ball-valve-aisi-316l\/","title":{"rendered":"V\u00e1lvula Esfera Sanit\u00e1ria de 3 Vias AISI 316L"},"content":{"rendered":"<p><img loading=\"lazy\" decoding=\"async\" class=\"alignnone size-full wp-image-4231\" src=\"https:\/\/www.stvvalves.com\/wp-content\/uploads\/2018\/12\/3-way-sanitary-ball-valve-aisi-316l-drawing.jpg\" alt=\"\" width=\"2200\" height=\"1700\" srcset=\"https:\/\/www.stvvalves.com\/wp-content\/uploads\/2018\/12\/3-way-sanitary-ball-valve-aisi-316l-drawing.jpg 2200w, https:\/\/www.stvvalves.com\/wp-content\/uploads\/2018\/12\/3-way-sanitary-ball-valve-aisi-316l-drawing-600x464.jpg 600w, https:\/\/www.stvvalves.com\/wp-content\/uploads\/2018\/12\/3-way-sanitary-ball-valve-aisi-316l-drawing-300x232.jpg 300w, https:\/\/www.stvvalves.com\/wp-content\/uploads\/2018\/12\/3-way-sanitary-ball-valve-aisi-316l-drawing-768x593.jpg 768w, https:\/\/www.stvvalves.com\/wp-content\/uploads\/2018\/12\/3-way-sanitary-ball-valve-aisi-316l-drawing-1030x796.jpg 1030w, https:\/\/www.stvvalves.com\/wp-content\/uploads\/2018\/12\/3-way-sanitary-ball-valve-aisi-316l-drawing-1500x1159.jpg 1500w, https:\/\/www.stvvalves.com\/wp-content\/uploads\/2018\/12\/3-way-sanitary-ball-valve-aisi-316l-drawing-705x545.jpg 705w\" sizes=\"auto, (max-width: 2200px) 100vw, 2200px\" \/><\/p>","protected":false},"excerpt":{"rendered":"<p>Modelo: Q15F-1000WOG<\/p>\n<p>As v\u00e1lvulas de esfera sanit\u00e1ria de 3 vias v\u00eam de f\u00e1brica com uma sede totalmente encapsulada ou com cavidade preenchida - esta n\u00e3o \u00e9 uma op\u00e7\u00e3o, uma vez que a sede de Teflon totalmente encapsulada reduz a amea\u00e7a de contamina\u00e7\u00e3o para processos ou produtos cr\u00edticos. As v\u00e1lvulas esfera de 3 vias n\u00e3o requerem ferramentas especiais no campo para trabalhar na v\u00e1lvula, o que \u00e9 uma vantagem quando se trata de f\u00e1cil manuten\u00e7\u00e3o e baixos custos de instala\u00e7\u00e3o. Temos cada v\u00e1lvula tampada e ensacada para que voc\u00ea n\u00e3o tenha marcas nas extremidades, al\u00e9m de gravar permanentemente o tamanho, a liga e o n\u00famero de calor para obter capacidade total de rastreamento.<br \/>\nAs v\u00e1lvulas sanit\u00e1rias de esfera de 3 vias em a\u00e7o inoxid\u00e1vel s\u00e3o usadas em uma ampla variedade de aplica\u00e7\u00f5es de alta press\u00e3o. Um fluxo total e irrestrito n\u00e3o permite restri\u00e7\u00f5es de produto atrav\u00e9s da v\u00e1lvula, permitindo f\u00e1cil desvio. Oferecemos v\u00e1lvulas esfera de tr\u00eas vias feitas de a\u00e7o inoxid\u00e1vel T316L (CF3M) com sedes em PTFE que s\u00e3o facilmente removidas. As extremidades de fixa\u00e7\u00e3o e solda s\u00e3o padr\u00e3o. Outras conex\u00f5es est\u00e3o dispon\u00edveis mediante solicita\u00e7\u00e3o. As v\u00e1lvulas de esfera atendem aos requisitos 3A. A porta L \u00e9 padr\u00e3o, mas a porta T est\u00e1 dispon\u00edvel mediante solicita\u00e7\u00e3o. Temos em estoque um grande estoque de v\u00e1lvulas de esfera sanit\u00e1rias de 3 vias em a\u00e7o inoxid\u00e1vel de alta qualidade.<\/p>\n<p>Caracter\u00edstica chave:<\/p>\n<p>Dispon\u00edvel nos tamanhos 1\/2\u2033 \u2013 4\u2033<br \/>\nFundi\u00e7\u00e3o de precis\u00e3o de qualidade do corpo e das tampas<br \/>\nDispon\u00edvel em a\u00e7o inoxid\u00e1vel AISI 304, AISI 316L<br \/>\nAlmofada de montagem direta ISO 5211<br \/>\nEmbalagem de haste ajust\u00e1vel<br \/>\nDesign de haste \u00e0 prova de explos\u00e3o<br \/>\nDispon\u00edvel em porta L\/T\/X\/I<br \/>\nAr 100% testado sob \u00e1gua a 80-100 psi<br \/>\nFaixa de temperatura -29 \u00b0C a 120 \u00b0C<br \/>\nTipo de extremidade: bra\u00e7adeira em T, solda de tubo, solda de tubo estendido<\/p>\n<p>Entre em contato com nossas vendas para outros materiais e detalhes.<\/p>\n<p>Folha de data:<br \/>\n<a href=\"https:\/\/www.stvvalves.com\/wp-content\/uploads\/2018\/12\/3-way-sanitary-ball-valve-aisi-316l.jpg\">V\u00e1lvula Esfera Sanit\u00e1ria de 3 Vias AISI 316L<\/a><\/p>","protected":false},"featured_media":4233,"template":"","meta":[],"product_brand":[],"product_cat":[966,969],"product_tag":[397,394,390,396,392,393,391,395],"class_list":{"0":"post-4230","1":"product","2":"type-product","3":"status-publish","4":"has-post-thumbnail","6":"product_cat-pipe-fitting","7":"product_cat-sanitary-pipe-fitting-and-valves","8":"product_tag-3-way-ball-valves","9":"product_tag-3-way-multi-port-sanitary-stainless-steel-ball-valve","10":"product_tag-3-way-sanitary-ball-valves","11":"product_tag-3-way-sanitary-tri-clamp-valve","12":"product_tag-316l-stainless","13":"product_tag-sanitary-3-4-way-ball-valve","14":"product_tag-sanitary-3-way-ball-valve","15":"product_tag-t-port-three-way-sanitary-ball-valve","17":"first","18":"instock","19":"shipping-taxable","20":"product-type-simple"},"_links":{"self":[{"href":"https:\/\/www.stvvalves.com\/pt\/wp-json\/wp\/v2\/product\/4230","targetHints":{"allow":["GET"]}}],"collection":[{"href":"https:\/\/www.stvvalves.com\/pt\/wp-json\/wp\/v2\/product"}],"about":[{"href":"https:\/\/www.stvvalves.com\/pt\/wp-json\/wp\/v2\/types\/product"}],"wp:featuredmedia":[{"embeddable":true,"href":"https:\/\/www.stvvalves.com\/pt\/wp-json\/wp\/v2\/media\/4233"}],"wp:attachment":[{"href":"https:\/\/www.stvvalves.com\/pt\/wp-json\/wp\/v2\/media?parent=4230"}],"wp:term":[{"taxonomy":"product_brand","embeddable":true,"href":"https:\/\/www.stvvalves.com\/pt\/wp-json\/wp\/v2\/product_brand?post=4230"},{"taxonomy":"product_cat","embeddable":true,"href":"https:\/\/www.stvvalves.com\/pt\/wp-json\/wp\/v2\/product_cat?post=4230"},{"taxonomy":"product_tag","embeddable":true,"href":"https:\/\/www.stvvalves.com\/pt\/wp-json\/wp\/v2\/product_tag?post=4230"}],"curies":[{"name":"wp","href":"https:\/\/api.w.org\/{rel}","templated":true}]}}