{"id":4234,"date":"2018-12-14T12:52:59","date_gmt":"2018-12-14T12:52:59","guid":{"rendered":"https:\/\/www.stvvalves.com\/?post_type=product&#038;p=4234"},"modified":"2025-02-17T18:19:22","modified_gmt":"2025-02-17T10:19:22","slug":"pn16-flange-ball-valve-with-direct-mount","status":"publish","type":"product","link":"https:\/\/www.stvvalves.com\/pt\/products\/pn16-flange-ball-valve-with-direct-mount\/","title":{"rendered":"V\u00e1lvula de esfera flangeada PN16 com montagem direta"},"content":{"rendered":"<p>V\u00e1lvula de esfera flangeada PN16 com montagem direta<\/p>\n<p>Caracter\u00edsticas do produto:<\/p>\n<p>Material de a\u00e7o inoxid\u00e1vel fundido<\/p>\n<p>Esfera de a\u00e7o inoxid\u00e1vel s\u00f3lido<\/p>\n<p>Haste de a\u00e7o inoxid\u00e1vel \u00e0 prova de explos\u00e3o<\/p>\n<p>Assentos refor\u00e7ados em PTFE<\/p>\n<p>Abertura total para fluxo irrestrito<\/p>\n<p>Bloque\u00e1vel em posi\u00e7\u00f5es totalmente abertas ou fechadas<\/p>\n<p>Projeto API 607 \u00e0 prova de fogo dispon\u00edvel<\/p>\n<p>Almofada de montagem para f\u00e1cil atua\u00e7\u00e3o<\/p>\n<p>Comprimento ajust\u00e1vel\/al\u00e7as remov\u00edveis para caber em \u00e1reas de espa\u00e7o limitado<\/p>\n<p>Al\u00e7a com dispositivo de travamento \u00e9 op\u00e7\u00e3o<\/p>\n<p>Certificado para atender \u00e0s exig\u00eancias de diferentes mercados.<\/p>\n<p>Especifica\u00e7\u00f5es t\u00e9cnicas:<\/p>\n<p>Padr\u00e3o de design e fabrica\u00e7\u00e3o: API 6D, API 608, BS 5351\/DIN3357\/JIS B2071<\/p>\n<p>Padr\u00e3o de press\u00e3o e temperatura: ASME B16.34\/DIN3230<\/p>\n<p>Padr\u00e3o de dimens\u00e3o face a face: ASME B16.10\/DIN3202\/JIS B2002<\/p>\n<p>Padr\u00e3o de flange: ASME B16.5, ASME B16.47\/DIN2543-2545-2501\/JIS B2220<\/p>\n<p>Padr\u00e3o de teste e inspe\u00e7\u00e3o: API 598, API 6D\/DIN2401\/JIS B2003.<\/p>\n<p><img loading=\"lazy\" decoding=\"async\" class=\"alignnone size-full wp-image-4235\" src=\"https:\/\/www.stvvalves.com\/wp-content\/uploads\/2018\/12\/pn16-flange-ball-valve-with-direct-mount-drawing.jpg\" alt=\"\" width=\"2339\" height=\"1653\" srcset=\"https:\/\/www.stvvalves.com\/wp-content\/uploads\/2018\/12\/pn16-flange-ball-valve-with-direct-mount-drawing.jpg 2339w, https:\/\/www.stvvalves.com\/wp-content\/uploads\/2018\/12\/pn16-flange-ball-valve-with-direct-mount-drawing-600x424.jpg 600w, https:\/\/www.stvvalves.com\/wp-content\/uploads\/2018\/12\/pn16-flange-ball-valve-with-direct-mount-drawing-300x212.jpg 300w, https:\/\/www.stvvalves.com\/wp-content\/uploads\/2018\/12\/pn16-flange-ball-valve-with-direct-mount-drawing-768x543.jpg 768w, https:\/\/www.stvvalves.com\/wp-content\/uploads\/2018\/12\/pn16-flange-ball-valve-with-direct-mount-drawing-1030x728.jpg 1030w, https:\/\/www.stvvalves.com\/wp-content\/uploads\/2018\/12\/pn16-flange-ball-valve-with-direct-mount-drawing-1500x1060.jpg 1500w, https:\/\/www.stvvalves.com\/wp-content\/uploads\/2018\/12\/pn16-flange-ball-valve-with-direct-mount-drawing-260x185.jpg 260w, https:\/\/www.stvvalves.com\/wp-content\/uploads\/2018\/12\/pn16-flange-ball-valve-with-direct-mount-drawing-705x498.jpg 705w\" sizes=\"auto, (max-width: 2339px) 100vw, 2339px\" \/><\/p>","protected":false},"excerpt":{"rendered":"<p>Modelo:Q41F-PN40<\/p>\n<p>Nossa v\u00e1lvula esf\u00e9rica flangeada PN 16 com montagens diretas apresenta corpo e extremidade fundidos de alta qualidade. eles est\u00e3o dispon\u00edveis em 1\/2\u201d a 6\u201d e s\u00e3o portas regulares. A prote\u00e7\u00e3o superior contra vazamentos \u00e9 obtida usando nosso sistema patenteado de veda\u00e7\u00e3o da haste \u201cpiramidal\u201d mostrado no gr\u00e1fico abaixo. Este sistema avan\u00e7ado protege contra desgaste e vazamento experimentados por v\u00e1lvulas de esfera comuns. Corpo de duas pe\u00e7as, esfera flutuante, passagem total, haste \u00e0 prova de explos\u00e3o Design seguro contra inc\u00eandio Dispositivos antiest\u00e1ticos para corpo de haste esf\u00e9rica.<\/p>\n<p>Dispon\u00edvel com op\u00e7\u00f5es flangeadas PN16\/40 e ANSI 150 e em tamanhos de 1\/2\u2033 a 6\u2033.<br \/>\nCom uma almofada de atua\u00e7\u00e3o de montagem direta ISO 5211, essas v\u00e1lvulas s\u00e3o f\u00e1ceis de acionar.<\/p>\n<p>STV Valve Technology Group Co., Ltd \u00e9 um l\u00edder profissional China V\u00e1lvula de esfera flutuante de 2 pe\u00e7as, V\u00e1lvula de esfera 2PC com almofada de montagem direta, V\u00e1lvula de esfera 2 pe\u00e7as com furo completo flangeado DIN PN16, V\u00e1lvula de esfera com extremidade flangeada Almofada de montagem direta Pn16\/40, China V\u00e1lvula esf\u00e9rica flangeada DIN Pn16 \/ Pn40 2PC, fabricante de v\u00e1lvula esf\u00e9rica PN16 com montagem direta de alta temperatura na China com alta qualidade e pre\u00e7o competitivo.<\/p>\n<p>Entre em contato com nosso sales@stvvalve.com para outros materiais e detalhes.<\/p>\n<p>Folha de data: <a href=\"https:\/\/www.stvvalves.com\/wp-content\/uploads\/2018\/12\/pn16-flange-ball-valve-with-direct-mount-drawing.pdf\">V\u00e1lvula de esfera flangeada PN16 com montagem direta<\/a><\/p>\n<p>&nbsp;<\/p>","protected":false},"featured_media":4236,"template":"","meta":[],"product_brand":[],"product_cat":[43,80,78,53],"product_tag":[398,404,399,400,402,401,403],"class_list":{"0":"post-4234","1":"product","2":"type-product","3":"status-publish","4":"has-post-thumbnail","6":"product_cat-ball-valve","7":"product_cat-flange-ball-valve","8":"product_cat-floating-ball-valve","9":"product_cat-stainless-steel-ball-valve","10":"product_tag-2-piece-floating-ball-valve","11":"product_tag-2pc-ball-valve-with-direct-mounting-pad","12":"product_tag-ball-valve-2-pce-full-bore-flanged-din-pn16","13":"product_tag-ball-valve-flanged-end-direct-mounting-pad-pn16-40","14":"product_tag-china-din-pn16-pn40-2pc-flange-ball-valve","15":"product_tag-flanged-ball-valves","16":"product_tag-high-temperature-direct-mount-flanged-pn16-ball-valve","18":"first","19":"instock","20":"shipping-taxable","21":"product-type-simple"},"_links":{"self":[{"href":"https:\/\/www.stvvalves.com\/pt\/wp-json\/wp\/v2\/product\/4234","targetHints":{"allow":["GET"]}}],"collection":[{"href":"https:\/\/www.stvvalves.com\/pt\/wp-json\/wp\/v2\/product"}],"about":[{"href":"https:\/\/www.stvvalves.com\/pt\/wp-json\/wp\/v2\/types\/product"}],"wp:featuredmedia":[{"embeddable":true,"href":"https:\/\/www.stvvalves.com\/pt\/wp-json\/wp\/v2\/media\/4236"}],"wp:attachment":[{"href":"https:\/\/www.stvvalves.com\/pt\/wp-json\/wp\/v2\/media?parent=4234"}],"wp:term":[{"taxonomy":"product_brand","embeddable":true,"href":"https:\/\/www.stvvalves.com\/pt\/wp-json\/wp\/v2\/product_brand?post=4234"},{"taxonomy":"product_cat","embeddable":true,"href":"https:\/\/www.stvvalves.com\/pt\/wp-json\/wp\/v2\/product_cat?post=4234"},{"taxonomy":"product_tag","embeddable":true,"href":"https:\/\/www.stvvalves.com\/pt\/wp-json\/wp\/v2\/product_tag?post=4234"}],"curies":[{"name":"wp","href":"https:\/\/api.w.org\/{rel}","templated":true}]}}