{"id":4238,"date":"2018-12-17T13:24:35","date_gmt":"2018-12-17T13:24:35","guid":{"rendered":"https:\/\/www.stvvalves.com\/?post_type=product&#038;p=4238"},"modified":"2025-12-31T19:57:37","modified_gmt":"2025-12-31T11:57:37","slug":"carbon-steel-flange-ball-valve-dn50-150lb-304-trim-rf-end","status":"publish","type":"product","link":"https:\/\/www.stvvalves.com\/pt\/products\/carbon-steel-flange-ball-valve-dn50-150lb-304-trim-rf-end\/","title":{"rendered":"V\u00e1lvula de esfera de flange de a\u00e7o carbono, DN50, 150LB, 304 TRIM, RF END"},"content":{"rendered":"<p>Dispon\u00edvel em a\u00e7o inoxid\u00e1vel ou a\u00e7o carbono<br \/>\nCorpo e fim s\u00e3o um caso de investimento<br \/>\nGaxeta de haste autoajust\u00e1vel<br \/>\nDesign de haste \u00e0 prova de explos\u00e3o<br \/>\nAr duplo 100 testado sob \u00e1gua a 100 psi<br \/>\nPress\u00e3o de trabalho ANSI 150<br \/>\nFaixa de temperatura: -29\u00b0C a +120\u00b0C<br \/>\nAlmofada de montagem ISO 5211<br \/>\nTipo de tampa: extremidade do flange (ANSI 150)<br \/>\nDimens\u00e3o do flange: ANSI face a face<br \/>\nB16.10; conex\u00e3o de flange ANSI B16.50<\/p>\n<p>Especifica\u00e7\u00f5es t\u00e9cnicas:<\/p>\n<p>Padr\u00e3o de design e fabrica\u00e7\u00e3o: API 6D, API 608<\/p>\n<p>Padr\u00e3o de press\u00e3o e temperatura: ASME B16.34<\/p>\n<p>Padr\u00e3o de dimens\u00e3o face a face: ASME B16.10<\/p>\n<p>Padr\u00e3o de flange: ASME B16.5, ASME B16.47<\/p>\n<p>Padr\u00e3o de teste e inspe\u00e7\u00e3o: API 598, API 6D<\/p>\n<p>&nbsp;<\/p>\n<table>\n<tbody>\n<tr>\n<td width=\"200\"><strong>Nome do Produto<\/strong><\/td>\n<td width=\"481\">V\u00e1lvula de esfera de flange de a\u00e7o carbono, DN50, 150LB, 304 TRIM, RF END<\/td>\n<\/tr>\n<tr>\n<td width=\"200\">1. Materiais<\/td>\n<td width=\"481\">WCB<\/td>\n<\/tr>\n<tr>\n<td width=\"200\">2. Tamanho<\/td>\n<td width=\"481\">2\u201d<\/td>\n<\/tr>\n<tr>\n<td width=\"200\">4. Porto<\/td>\n<td width=\"481\">Porto completo<\/td>\n<\/tr>\n<tr>\n<td width=\"200\">5. Press\u00e3o de Trabalho<\/td>\n<td width=\"481\">150 libras<\/td>\n<\/tr>\n<tr>\n<td width=\"200\">6. Fim da conex\u00e3o<\/td>\n<td width=\"481\">RF<\/td>\n<\/tr>\n<tr>\n<td width=\"200\">7. Temperatura de trabalho.<\/td>\n<td width=\"481\">-29~180\u00baC,<\/td>\n<\/tr>\n<tr>\n<td width=\"200\">8. Meio Adequado<\/td>\n<td width=\"481\">\u00c1gua, G\u00e1s Natural, Petr\u00f3leo e algum l\u00edquido corrosivo<\/td>\n<\/tr>\n<tr>\n<td width=\"200\">9. Operado<\/td>\n<td width=\"481\">Volante<\/td>\n<\/tr>\n<tr>\n<td width=\"200\">10. Inspe\u00e7\u00e3o e Teste<\/td>\n<td width=\"481\">De acordo com API598<\/td>\n<\/tr>\n<tr>\n<td width=\"200\"><strong>envio<\/strong><\/td>\n<td width=\"481\"><\/td>\n<\/tr>\n<tr>\n<td width=\"200\">Prazo de entrega<\/td>\n<td width=\"481\">30 dias<\/td>\n<\/tr>\n<tr>\n<td width=\"200\">Pacote<\/td>\n<td width=\"481\">Caixa de madeira compensada de exporta\u00e7\u00e3o padr\u00e3o<\/td>\n<\/tr>\n<tr>\n<td width=\"200\">Porto de embarque<\/td>\n<td width=\"481\">Ningbo\/Xangai, China<\/td>\n<\/tr>\n<tr>\n<td width=\"200\">Termos de envio<\/td>\n<td width=\"481\">Exw, FOB, CFR, CIF, etc.<\/td>\n<\/tr>\n<tr>\n<td width=\"200\">Termos de pagamento<\/td>\n<td width=\"481\">T\/T, Western Union, PayPal, etc.<\/td>\n<\/tr>\n<tr>\n<td width=\"200\"><\/td>\n<td width=\"481\">Pr\u00e9-pagamento 30%, saldo 70% pago antes do envio<\/td>\n<\/tr>\n<tr>\n<td width=\"200\">Pa\u00eds de origem<\/td>\n<td width=\"481\">Cidade de Wenzhou, China<\/td>\n<\/tr>\n<tr>\n<td width=\"200\">Capacidade de produ\u00e7\u00e3o<\/td>\n<td width=\"481\">6.000 toneladas\/ano<\/td>\n<\/tr>\n<tr>\n<td width=\"200\">Quantidade m\u00ednima<\/td>\n<td width=\"481\">1 pe\u00e7a\/tamanho<\/td>\n<\/tr>\n<\/tbody>\n<\/table>","protected":false},"excerpt":{"rendered":"<p>Modelo:Q41F-150LB-WCB<\/p>\n<p>A v\u00e1lvula esf\u00e9rica com flange de a\u00e7o carbono \u00e9 uma v\u00e1lvula esf\u00e9rica de 2 pe\u00e7as de passagem total. Flange de 150 lb, \u00e9 um corpo WCB e esfera de a\u00e7o inoxid\u00e1vel 316\/304, com assentos TFM para altas temperaturas.<\/p>\n<p>A v\u00e1lvula est\u00e1 em conformidade com a almofada de montagem direta ISO 5211 para f\u00e1cil atua\u00e7\u00e3o e \u00e9 fornecida com uma alavanca projetada para cadeado.<\/p>\n<p>A v\u00e1lvula oferece opera\u00e7\u00e3o segura em muitas aplica\u00e7\u00f5es industriais e qu\u00edmicas e \u00e9 ideal tanto para isolamento manual quanto para f\u00e1cil atua\u00e7\u00e3o, possuindo caracter\u00edsticas de baixo torque juntamente com altas taxas de vaz\u00e3o.<\/p>\n<p>STV Valve Technology Group Co., Ltd \u00e9 um l\u00edder profissional China V\u00e1lvula de esfera de a\u00e7o carbono, V\u00e1lvula de esfera de corpo dividido em a\u00e7o carbono, V\u00e1lvulas de esfera flangeadas, V\u00e1lvula de esfera de a\u00e7o carbono flangeada com dispositivo de travamento, V\u00e1lvula de esfera de a\u00e7o carbono de porta completa flangeada, China WCB ANSI 150 Fabricante de v\u00e1lvula esf\u00e9rica flangeada \u00e0 prova de fogo com alta qualidade e pre\u00e7o competitivo.<\/p>\n<p>Entre em contato com nosso sales@stvvalve.com para outros materiais e detalhes.<\/p>\n<p>Folha de data:\u00a0<a href=\"https:\/\/www.stvvalves.com\/wp-content\/uploads\/2018\/12\/carbon-steel-flange-ball-valve-dn50-150lb-304-trim-rf-end-drawing.pdf\">V\u00e1lvula de esfera de flange de a\u00e7o carbono, DN50, 150LB, 304 TRIM, RF END<\/a><\/p>","protected":false},"featured_media":4240,"template":"","meta":[],"product_brand":[],"product_cat":[43,54,80,78],"product_tag":[406,412,410,401,409,408,407,411,405],"class_list":{"0":"post-4238","1":"product","2":"type-product","3":"status-publish","4":"has-post-thumbnail","6":"product_cat-ball-valve","7":"product_cat-cast-steel-ball-valve","8":"product_cat-flange-ball-valve","9":"product_cat-floating-ball-valve","10":"product_tag-carbon-steel-ball-valve","11":"product_tag-carbon-steel-ball-valves","12":"product_tag-carbon-steel-split-body-ball-valve","13":"product_tag-flanged-ball-valves","14":"product_tag-flanged-carbon-steel-ball-valve-with-locking-device","15":"product_tag-flanged-full-port-carbon-steel-ball-valve","16":"product_tag-flanged-standard-bore-ball-valves","17":"product_tag-full-port-flanged-ball-valves","18":"product_tag-wcb-ansi-150-flanged-fire-safe-ball-valve","20":"first","21":"instock","22":"shipping-taxable","23":"product-type-simple"},"_links":{"self":[{"href":"https:\/\/www.stvvalves.com\/pt\/wp-json\/wp\/v2\/product\/4238","targetHints":{"allow":["GET"]}}],"collection":[{"href":"https:\/\/www.stvvalves.com\/pt\/wp-json\/wp\/v2\/product"}],"about":[{"href":"https:\/\/www.stvvalves.com\/pt\/wp-json\/wp\/v2\/types\/product"}],"wp:featuredmedia":[{"embeddable":true,"href":"https:\/\/www.stvvalves.com\/pt\/wp-json\/wp\/v2\/media\/4240"}],"wp:attachment":[{"href":"https:\/\/www.stvvalves.com\/pt\/wp-json\/wp\/v2\/media?parent=4238"}],"wp:term":[{"taxonomy":"product_brand","embeddable":true,"href":"https:\/\/www.stvvalves.com\/pt\/wp-json\/wp\/v2\/product_brand?post=4238"},{"taxonomy":"product_cat","embeddable":true,"href":"https:\/\/www.stvvalves.com\/pt\/wp-json\/wp\/v2\/product_cat?post=4238"},{"taxonomy":"product_tag","embeddable":true,"href":"https:\/\/www.stvvalves.com\/pt\/wp-json\/wp\/v2\/product_tag?post=4238"}],"curies":[{"name":"wp","href":"https:\/\/api.w.org\/{rel}","templated":true}]}}