{"id":4250,"date":"2018-12-17T15:36:00","date_gmt":"2018-12-17T15:36:00","guid":{"rendered":"https:\/\/www.stvvalves.com\/?post_type=product&#038;p=4250"},"modified":"2025-02-17T18:19:17","modified_gmt":"2025-02-17T10:19:17","slug":"globe-valve-class-2500lb-f22-body-304-trim-flange-end","status":"publish","type":"product","link":"https:\/\/www.stvvalves.com\/pt\/products\/globe-valve-class-2500lb-f22-body-304-trim-flange-end\/","title":{"rendered":"V\u00e1lvula globo classe 2500LB, corpo F22, guarni\u00e7\u00e3o 304, extremidade do flange"},"content":{"rendered":"<p>Especifica\u00e7\u00e3o do par\u00e2metro principal:<br \/>\nProjeto e fabrica\u00e7\u00e3o em conformidade com BS 5352,ANSI B16.34<\/p>\n<p>As extremidades da conex\u00e3o est\u00e3o em conformidade com:<\/p>\n<p>1. As extremidades soldadas do soquete est\u00e3o em conformidade com ANSI B16.11<\/p>\n<p>2. As extremidades dos parafusos est\u00e3o em conformidade com ANSI B1.20.1<\/p>\n<p>3. Extremidades soldadas de topo em conformidade com ANSI B16.25<\/p>\n<p>4. Extremidades flangeadas em conformidade com ANSI B16.5, JB79<\/p>\n<p>Teste e inspe\u00e7\u00e3o em conformidade com: API 598<\/p>\n<p>Caracter\u00edsticas da estrutura: Castelo aparafusado, Castelo soldado, Castelo de veda\u00e7\u00e3o de press\u00e3o, parafuso externo e garfo<\/p>\n<p>Gama de Produtos<\/p>\n<p>Material do corpo: a\u00e7o carbono, a\u00e7o inoxid\u00e1vel, liga de a\u00e7o<\/p>\n<p>Di\u00e2metro nominal:1\/2\u2033~2\u2033(DN15~DN50\uff09<\/p>\n<p>Conex\u00e3o final: THR,SW, BW,RF,RTJ<\/p>\n<p>Faixa de press\u00e3o: Classe150 ~ 2500 (PN16 ~ PN420)<\/p>\n<p>Temperatura de trabalho: -196\u2103~+560\u2103<\/p>\n<p>Opera\u00e7\u00e3o: volante<\/p>\n<p><img loading=\"lazy\" decoding=\"async\" class=\"alignnone size-full wp-image-4251\" src=\"https:\/\/www.stvvalves.com\/wp-content\/uploads\/2018\/12\/globe-valve-class-2500lb-f22-body-304-trim-flange-end-DRAWING.jpg\" alt=\"\" width=\"2338\" height=\"1653\" srcset=\"https:\/\/www.stvvalves.com\/wp-content\/uploads\/2018\/12\/globe-valve-class-2500lb-f22-body-304-trim-flange-end-DRAWING.jpg 2338w, https:\/\/www.stvvalves.com\/wp-content\/uploads\/2018\/12\/globe-valve-class-2500lb-f22-body-304-trim-flange-end-DRAWING-600x424.jpg 600w, https:\/\/www.stvvalves.com\/wp-content\/uploads\/2018\/12\/globe-valve-class-2500lb-f22-body-304-trim-flange-end-DRAWING-300x212.jpg 300w, https:\/\/www.stvvalves.com\/wp-content\/uploads\/2018\/12\/globe-valve-class-2500lb-f22-body-304-trim-flange-end-DRAWING-768x543.jpg 768w, https:\/\/www.stvvalves.com\/wp-content\/uploads\/2018\/12\/globe-valve-class-2500lb-f22-body-304-trim-flange-end-DRAWING-1030x728.jpg 1030w, https:\/\/www.stvvalves.com\/wp-content\/uploads\/2018\/12\/globe-valve-class-2500lb-f22-body-304-trim-flange-end-DRAWING-1500x1061.jpg 1500w, https:\/\/www.stvvalves.com\/wp-content\/uploads\/2018\/12\/globe-valve-class-2500lb-f22-body-304-trim-flange-end-DRAWING-260x185.jpg 260w, https:\/\/www.stvvalves.com\/wp-content\/uploads\/2018\/12\/globe-valve-class-2500lb-f22-body-304-trim-flange-end-DRAWING-705x498.jpg 705w\" sizes=\"auto, (max-width: 2338px) 100vw, 2338px\" \/><\/p>","protected":false},"excerpt":{"rendered":"<p>Modelo: j41y-2500lb-F22<\/p>\n<p>Caracter\u00edsticas da estrutura do produto:<br \/>\n1. O produto \u00e9 projetado e fabricado de acordo com as normas ANSIB16.34 e E101, podendo ser utilizado com equipamentos importados.<br \/>\n2. A cavidade da v\u00e1lvula adota uma estrutura de veda\u00e7\u00e3o com auto-aperto de press\u00e3o e quanto maior a press\u00e3o da cavidade interna, melhor ser\u00e1 o desempenho da veda\u00e7\u00e3o. As extremidades do ramal s\u00e3o 4. A densidade do disco da v\u00e1lvula e da sede da v\u00e1lvula<br \/>\nA tampa \u00e9 feita de liga dura \u00e0 base de cobalto estelite e a superf\u00edcie de veda\u00e7\u00e3o \u00e9 6. A profundidade da caixa de empanque do cap\u00f4 \u00e9 razo\u00e1vel e o enchimento \u00e9 adicionado com inibi\u00e7\u00e3o de corros\u00e3o.<br \/>\nO agente \u00e9 confi\u00e1vel na veda\u00e7\u00e3o e a chave \u00e9 est\u00e1vel.<br \/>\n7. A v\u00e1lvula possui uma estrutura de veda\u00e7\u00e3o superior para garantir que a v\u00e1lvula n\u00e3o vaze para fora da haste da v\u00e1lvula quando for aberta.<br \/>\n8. A abertura e o fechamento da v\u00e1lvula de corte el\u00e9trica s\u00e3o controlados por um dispositivo el\u00e9trico, e o dispositivo el\u00e9trico \u00e9 equipado respectivamente com um motor especial, um redutor de velocidade e um mecanismo de controle de torque.<br \/>\nMecanismo de opera\u00e7\u00e3o no local, manual, mecanismo de comuta\u00e7\u00e3o el\u00e9trica. Al\u00e9m das opera\u00e7\u00f5es locais, tamb\u00e9m \u00e9 poss\u00edvel a opera\u00e7\u00e3o remota.<\/p>\n<p>STV Valve Technology Group Co., Ltd \u00e9 um l\u00edder profissional China V\u00e1lvula globo 2500LB, V\u00e1lvula globo API 602, V\u00e1lvula globo de a\u00e7o forjado, V\u00e1lvula de a\u00e7o forjado, V\u00e1lvula globo de veda\u00e7\u00e3o de press\u00e3o, V\u00e1lvula globo F22, Fabricante de v\u00e1lvula globo de flange de soldagem com alta qualidade e competitivo pre\u00e7o.<\/p>\n<p>Entre em contato com nosso sales@stvvalve.com para outros materiais e detalhes.<\/p>\n<p>Folha de data:<a href=\"https:\/\/www.stvvalves.com\/wp-content\/uploads\/2018\/12\/globe-valve-class-2500lb-f22-body-304-trim-flange-end-DRAWING.jpg\">V\u00e1lvula globo classe 2500LB, corpo F22, guarni\u00e7\u00e3o 304, extremidade do flange<\/a><\/p>","protected":false},"featured_media":4252,"template":"","meta":[],"product_brand":[],"product_cat":[64,45],"product_tag":[210,212,591,197,420,321,1017],"class_list":{"0":"post-4250","1":"product","2":"type-product","3":"status-publish","4":"has-post-thumbnail","6":"product_cat-foreged-steel-globe-valve","7":"product_cat-globe-valve","8":"product_tag-2500lb-globe-valve","9":"product_tag-api-602-globe-valve","10":"product_tag-f22-globe-valve","11":"product_tag-forged-steel-globe-valve","12":"product_tag-forged-steel-valve","13":"product_tag-pressure-seal-globe-valve","14":"product_tag-welding-flange-globe-valve","16":"first","17":"instock","18":"shipping-taxable","19":"product-type-simple"},"_links":{"self":[{"href":"https:\/\/www.stvvalves.com\/pt\/wp-json\/wp\/v2\/product\/4250","targetHints":{"allow":["GET"]}}],"collection":[{"href":"https:\/\/www.stvvalves.com\/pt\/wp-json\/wp\/v2\/product"}],"about":[{"href":"https:\/\/www.stvvalves.com\/pt\/wp-json\/wp\/v2\/types\/product"}],"wp:featuredmedia":[{"embeddable":true,"href":"https:\/\/www.stvvalves.com\/pt\/wp-json\/wp\/v2\/media\/4252"}],"wp:attachment":[{"href":"https:\/\/www.stvvalves.com\/pt\/wp-json\/wp\/v2\/media?parent=4250"}],"wp:term":[{"taxonomy":"product_brand","embeddable":true,"href":"https:\/\/www.stvvalves.com\/pt\/wp-json\/wp\/v2\/product_brand?post=4250"},{"taxonomy":"product_cat","embeddable":true,"href":"https:\/\/www.stvvalves.com\/pt\/wp-json\/wp\/v2\/product_cat?post=4250"},{"taxonomy":"product_tag","embeddable":true,"href":"https:\/\/www.stvvalves.com\/pt\/wp-json\/wp\/v2\/product_tag?post=4250"}],"curies":[{"name":"wp","href":"https:\/\/api.w.org\/{rel}","templated":true}]}}