{"id":4254,"date":"2018-12-18T02:46:04","date_gmt":"2018-12-18T02:46:04","guid":{"rendered":"https:\/\/www.stvvalves.com\/?post_type=product&#038;p=4254"},"modified":"2025-02-17T18:19:18","modified_gmt":"2025-02-17T10:19:18","slug":"316-thin-wafer-ball-valve-with-iso-direct-mounting-pad-pn16-flange-end","status":"publish","type":"product","link":"https:\/\/www.stvvalves.com\/pt\/products\/316-thin-wafer-ball-valve-with-iso-direct-mounting-pad-pn16-flange-end\/","title":{"rendered":"V\u00e1lvula de bola de bolacha 316 fina com almofada de montagem direta ISO, PN16, extremidade de flange"},"content":{"rendered":"<p>Padr\u00e3o de projeto: ASME B16.34\/API 608<br \/>\nExtremidades flangeadas: ANSI B16.5 JIS B2220 BS 4504 DIN2543<br \/>\nCara a cara: ANSI B16.10 JIS B2002<br \/>\nAlmofada de montagem: ISO5211<br \/>\nCara a cara: ANSI B16.10 JIS B2002<br \/>\nProjeto seguro contra inc\u00eandio: API607<br \/>\nPress\u00e3o de trabalho: PN16\/PN25\/PN40\/PN63<br \/>\nFuro do Redutor Padr\u00e3o<br \/>\nTamanho: 1\/2 polegada-8 polegada<br \/>\nMaterial: CF8(SS304)\/CF8M(SS316)\/CF3M(SS316L)\/WCB<br \/>\nCorpo em a\u00e7o forjado ou fundi\u00e7\u00e3o de precis\u00e3o<br \/>\nTemperatura adequada: &lt;150\u2103(PPL&lt;300\u2103)<br \/>\nMeio Adequado: \u00c1gua, G\u00e1s, \u00d3leo, \u00c1cido N\u00edtrico, \u00c1cido Ac\u00e9tico etc.<br \/>\nExtremidades roscadas: BSPT.NPT.DIN2999.ISO 228\/1&amp;ISO\/1<br \/>\nInspe\u00e7\u00e3o e Teste: API598<br \/>\nOp\u00e7\u00f5es: Dispositivo de bloqueio dispon\u00edvel<\/p>\n<p>&nbsp;<\/p>\n<table>\n<tbody>\n<tr>\n<td width=\"200\"><strong>Nome do Produto<\/strong><\/td>\n<td width=\"481\">V\u00e1lvula de bola de bolacha 316 fina com almofada de montagem direta ISO, PN16, extremidade de flange<\/td>\n<\/tr>\n<tr>\n<td width=\"200\">1. Materiais<\/td>\n<td width=\"481\">316<\/td>\n<\/tr>\n<tr>\n<td width=\"200\">2. Tamanho<\/td>\n<td width=\"481\">1\u201d<\/td>\n<\/tr>\n<tr>\n<td width=\"200\">4. Porto<\/td>\n<td width=\"481\">\u00a0Porta Redutora<\/td>\n<\/tr>\n<tr>\n<td width=\"200\">5. Press\u00e3o de Trabalho<\/td>\n<td width=\"481\">PN16<\/td>\n<\/tr>\n<tr>\n<td width=\"200\">6. Fim da conex\u00e3o<\/td>\n<td width=\"481\">RF<\/td>\n<\/tr>\n<tr>\n<td width=\"200\">7. Temperatura de trabalho.<\/td>\n<td width=\"481\">-29~120\u00baC,<\/td>\n<\/tr>\n<tr>\n<td width=\"200\">8. Meio Adequado<\/td>\n<td width=\"481\">\u00c1gua, G\u00e1s Natural, Petr\u00f3leo e algum l\u00edquido corrosivo<\/td>\n<\/tr>\n<tr>\n<td width=\"200\">9. Operado<\/td>\n<td width=\"481\">Volante<\/td>\n<\/tr>\n<tr>\n<td width=\"200\">10. Inspe\u00e7\u00e3o e Teste<\/td>\n<td width=\"481\">De acordo com API 598<\/td>\n<\/tr>\n<tr>\n<td width=\"200\"><strong>envio<\/strong><\/td>\n<td width=\"481\"><\/td>\n<\/tr>\n<tr>\n<td width=\"200\">Prazo de entrega<\/td>\n<td width=\"481\">30 dias<\/td>\n<\/tr>\n<tr>\n<td width=\"200\">Pacote<\/td>\n<td width=\"481\">Caixa de madeira compensada de exporta\u00e7\u00e3o padr\u00e3o<\/td>\n<\/tr>\n<tr>\n<td width=\"200\">Porto de embarque<\/td>\n<td width=\"481\">Ningbo\/Xangai, China<\/td>\n<\/tr>\n<tr>\n<td width=\"200\">Termos de envio<\/td>\n<td width=\"481\">Exw, FOB, CFR, CIF, etc.<\/td>\n<\/tr>\n<tr>\n<td width=\"200\">Termos de pagamento<\/td>\n<td width=\"481\">T\/T, Western Union, PayPal, etc.<\/td>\n<\/tr>\n<tr>\n<td width=\"200\"><\/td>\n<td width=\"481\">Pr\u00e9-pagamento 30%, saldo 70% pago antes do envio<\/td>\n<\/tr>\n<tr>\n<td width=\"200\">Pa\u00eds de origem<\/td>\n<td width=\"481\">Cidade de Wenzhou, China<\/td>\n<\/tr>\n<tr>\n<td width=\"200\">Capacidade de produ\u00e7\u00e3o<\/td>\n<td width=\"481\">6.000 toneladas\/ano<\/td>\n<\/tr>\n<tr>\n<td width=\"200\">Quantidade m\u00ednima<\/td>\n<td width=\"481\">10 unidades\/tamanho<\/td>\n<\/tr>\n<\/tbody>\n<\/table>","protected":false},"excerpt":{"rendered":"<p>Modelo:Q71F-PN16-DN80<\/p>\n<p>Nossa v\u00e1lvula de esfera tipo wafer foi projetada para ser usada<br \/>\nem sistema de tubula\u00e7\u00e3o compacto, onde espa\u00e7o, peso e facilidade de<br \/>\ninstala\u00e7\u00e3o s\u00e3o quest\u00f5es priorit\u00e1rias. tem semelhante<br \/>\ncaracter\u00edsticas como outras v\u00e1lvulas de esfera de corpo \u00fanico, incluindo design \u00e0 prova de fogo e<br \/>\no design padr\u00e3o da haste \u00e0 prova de explos\u00e3o.<br \/>\nO design da base de montagem ISO 5211 tamb\u00e9m permite<br \/>\npara conectar-se perfeitamente com produtos de automa\u00e7\u00e3o de v\u00e1lvulas<br \/>\nNa situa\u00e7\u00e3o em que o sistema de tubula\u00e7\u00e3o \u00e9 compacto, o comprimento reduzido do corpo da v\u00e1lvula n\u00e3o s\u00f3<br \/>\nfornece a dist\u00e2ncia mais curta, tamb\u00e9m diminui o peso da v\u00e1lvula em<br \/>\nm\u00e1ximo de 40 em compara\u00e7\u00e3o com outras extremidades de flange convencionais<br \/>\nv\u00e1lvula de esfera unicorpo. A v\u00e1lvula pode ser instalada em um sistema de tubula\u00e7\u00e3o<br \/>\nsem qualquer suporte extra, independentemente do comprimento do pipeline. A unidade<br \/>\nO design do corpo evita o uso de faces de junta desnecess\u00e1rias e, portanto,<br \/>\nelimina a possibilidade de vazamento do corpo da v\u00e1lvula.<br \/>\nSemelhante a outras v\u00e1lvulas de esfera uni-corpo, fornece design opcional \u00e0 prova de fogo para reduzir o vazamento<br \/>\nproblema causado pelo fogo. O objetivo deste projeto \u00e9 tal que o<br \/>\na v\u00e1lvula ainda pode manter sua opera\u00e7\u00e3o ap\u00f3s o inc\u00eandio danificar o PTFE macio<br \/>\nassento. A esfera da v\u00e1lvula usinada com precis\u00e3o entra em contato com<br \/>\no contato de metal ou a borda e forma uma nova veda\u00e7\u00e3o metal com metal.<br \/>\nTodas as v\u00e1lvulas de esfera do tipo wafer s\u00e3o equipadas com prote\u00e7\u00e3o contra explos\u00e3o<br \/>\ndesenho para a haste. A haste com carga din\u00e2mica e autoajust\u00e1vel foi<br \/>\nprojetado e fabricado para ter um anel saliente cercado<br \/>\no corpo do caule. Este design especial permite que a haste permane\u00e7a no<br \/>\ncorpo da v\u00e1lvula durante o excesso de press\u00e3o ocorre no sistema de tubula\u00e7\u00e3o.<\/p>\n<p>STV Valve Technology Group Co., Ltd \u00e9 um l\u00edder profissional China V\u00e1lvula de esfera flangeada tipo wafer com almofada ISO, V\u00e1lvula de esfera compacta tipo wafer, V\u00e1lvula de esfera fina wafer, V\u00e1lvulas de esfera wafer A\u00e7o inoxid\u00e1vel, V\u00e1lvula de esfera wafer com almofada de montagem, V\u00e1lvula de esfera SS com Almofada de montagem ISO, v\u00e1lvula de esfera de almofada de montagem direta ISO atacado, v\u00e1lvula de esfera wafer de a\u00e7o inoxid\u00e1vel 304\/316 da China, fabricante de almofada de montagem direta de v\u00e1lvula de esfera da China com alta qualidade e pre\u00e7o competitivo.<\/p>\n<p>Entre em contato com nosso sales@stvvalve.com para outros materiais e detalhes.<\/p>\n<p>Folha de data:<a href=\"http:\/\/316-thin-wafer-ball-valve-with-iso-direct-mounting-pad-pn16-flange-end-drawing\">V\u00e1lvula de bola de bolacha 316 fina com almofada de montagem direta ISO, PN16, extremidade de flange<\/a><\/p>","protected":false},"featured_media":4257,"template":"","meta":[],"product_brand":[],"product_cat":[43,80,78,53],"product_tag":[166,424,423,422,427,421,429,428,426,425],"class_list":{"0":"post-4254","1":"product","2":"type-product","3":"status-publish","4":"has-post-thumbnail","6":"product_cat-ball-valve","7":"product_cat-flange-ball-valve","8":"product_cat-floating-ball-valve","9":"product_cat-stainless-steel-ball-valve","10":"product_tag-1-inch-ball-valve","11":"product_tag-ball-valve-direct-mounting-pad","12":"product_tag-china-stainless-steel-304-316-wafer-ball-valve","13":"product_tag-iso-direct-mounting-pad-ball-valve-wholesale","14":"product_tag-ss-ball-valve-with-iso-mounting-pad","15":"product_tag-wafer-ball-valve-with-mounting-pad","16":"product_tag-wafer-ball-valves-stainless-steel","17":"product_tag-wafer-thin-ball-valve","18":"product_tag-wafer-type-compact-ball-valve","19":"product_tag-wafer-type-flanged-ball-valve-with-iso-pad","21":"first","22":"instock","23":"shipping-taxable","24":"product-type-simple"},"_links":{"self":[{"href":"https:\/\/www.stvvalves.com\/pt\/wp-json\/wp\/v2\/product\/4254","targetHints":{"allow":["GET"]}}],"collection":[{"href":"https:\/\/www.stvvalves.com\/pt\/wp-json\/wp\/v2\/product"}],"about":[{"href":"https:\/\/www.stvvalves.com\/pt\/wp-json\/wp\/v2\/types\/product"}],"wp:featuredmedia":[{"embeddable":true,"href":"https:\/\/www.stvvalves.com\/pt\/wp-json\/wp\/v2\/media\/4257"}],"wp:attachment":[{"href":"https:\/\/www.stvvalves.com\/pt\/wp-json\/wp\/v2\/media?parent=4254"}],"wp:term":[{"taxonomy":"product_brand","embeddable":true,"href":"https:\/\/www.stvvalves.com\/pt\/wp-json\/wp\/v2\/product_brand?post=4254"},{"taxonomy":"product_cat","embeddable":true,"href":"https:\/\/www.stvvalves.com\/pt\/wp-json\/wp\/v2\/product_cat?post=4254"},{"taxonomy":"product_tag","embeddable":true,"href":"https:\/\/www.stvvalves.com\/pt\/wp-json\/wp\/v2\/product_tag?post=4254"}],"curies":[{"name":"wp","href":"https:\/\/api.w.org\/{rel}","templated":true}]}}