{"id":4326,"date":"2019-01-01T09:40:19","date_gmt":"2019-01-01T09:40:19","guid":{"rendered":"https:\/\/www.stvvalves.com\/?post_type=product&#038;p=4326"},"modified":"2025-02-17T18:20:56","modified_gmt":"2025-02-17T10:20:56","slug":"api-600-1500lb-swing-check-valve-pressure-seal-bonnet-dn200-bw-end","status":"publish","type":"product","link":"https:\/\/www.stvvalves.com\/pt\/products\/api-600-1500lb-swing-check-valve-pressure-seal-bonnet-dn200-bw-end\/","title":{"rendered":"V\u00e1lvula de reten\u00e7\u00e3o de giro API 600 1500LB, cap\u00f4 de veda\u00e7\u00e3o de press\u00e3o, DN200, extremidade BW"},"content":{"rendered":"<p>Projeto e fabrica\u00e7\u00e3o: V\u00e1lvula de reten\u00e7\u00e3o de a\u00e7o fundido de acordo com BS 1868, ASME B16.34, API 6D<\/p>\n<p>Inspe\u00e7\u00e3o e Teste:API598,API600 ou API 6D<\/p>\n<p>Dimens\u00e3o do flange final: ASME B16.5 (para NPS\u226424, ASME B 16.47 s\u00e9rie B, API 605, ASME B16.47 S\u00e9rie A, MSS SP-44 (para NPS&gt; 24)<\/p>\n<p>Dimens\u00e3o final BW: ASME B16.25<\/p>\n<p>Cara a cara e de ponta a ponta: ASME B16.10<\/p>\n<p>Classifica\u00e7\u00f5es de press\u00e3o-temperatura: ASME B16.34<\/p>\n<p>Dimens\u00e3o da espessura da parede:API 600,BS 1868<\/p>\n<p>Gama de Produtos<\/p>\n<p>Material do corpo: WCB, LCB, LCC, CF8, CF8M, CF3, CF3M, A105, LF2, F11, F22, F5, F304, F316, F304L, F316L<\/p>\n<p>Di\u00e2metro nominal:1\/2\u2033~48\u2033(DN15~DN1200)<\/p>\n<p>Conex\u00e3o final: RF, RTJ, BW<\/p>\n<p>Faixa de press\u00e3o: Classe150~2500(PN16~PN420)<\/p>\n<p>Temperatura de trabalho:-196\u2103~+560\u2103<\/p>\n<p>&nbsp;<\/p>\n<table width=\"751\">\n<tbody>\n<tr>\n<td>Nome do Produto:<\/td>\n<td>V\u00e1lvula de reten\u00e7\u00e3o de giro API 600 1500LB, cap\u00f4 de veda\u00e7\u00e3o de press\u00e3o, DN200, extremidade BW<\/td>\n<\/tr>\n<tr>\n<td>1.Material:<\/td>\n<td>WCB<\/td>\n<\/tr>\n<tr>\n<td>2.Tamanho:<\/td>\n<td>8\u2033<\/td>\n<\/tr>\n<tr>\n<td>3.Porta:<\/td>\n<td>COMPLETO<\/td>\n<\/tr>\n<tr>\n<td>4. Temperatura de trabalho:<\/td>\n<td>-29 \u00b0C-425 \u00b0C<\/td>\n<\/tr>\n<tr>\n<td>5. Fim da conex\u00e3o:<\/td>\n<td>PN<\/td>\n<\/tr>\n<tr>\n<td>6.Press\u00e3o de trabalho:<\/td>\n<td>1.500 libras<\/td>\n<\/tr>\n<tr>\n<td>7. Meio Adequado:<\/td>\n<td>\u00c1gua, G\u00e1s Natural, Petr\u00f3leo e algum l\u00edquido corrosivo<\/td>\n<\/tr>\n<tr>\n<td>8.Operado:<\/td>\n<td>\/<\/td>\n<\/tr>\n<tr>\n<td>9. Inspe\u00e7\u00e3o e Teste<\/td>\n<td>De acordo com API 598<\/td>\n<\/tr>\n<tr>\n<td>Certificado:<\/td>\n<td>ISO, marca\u00e7\u00e3o\/API 6D<\/td>\n<\/tr>\n<tr>\n<td><strong>envio<\/strong><\/td>\n<td><\/td>\n<\/tr>\n<tr>\n<td>Prazo de entrega<\/td>\n<td>30 dias<\/td>\n<\/tr>\n<tr>\n<td>Pacote<\/td>\n<td>Caixa de madeira compensada de exporta\u00e7\u00e3o padr\u00e3o<\/td>\n<\/tr>\n<tr>\n<td>Porto de embarque<\/td>\n<td>Ningbo\/Xangai, China<\/td>\n<\/tr>\n<tr>\n<td>Termos de envio<\/td>\n<td>Exw, FOB, CFR, CIF, etc.<\/td>\n<\/tr>\n<tr>\n<td>Termos de pagamento<\/td>\n<td>T\/T, Western Union, PayPal, etc.<\/td>\n<\/tr>\n<tr>\n<td><\/td>\n<td>Pr\u00e9-pagamento 30%, saldo 70% pago antes do envio<\/td>\n<\/tr>\n<tr>\n<td>Pa\u00eds de origem<\/td>\n<td>Cidade de Wenzhou, China<\/td>\n<\/tr>\n<tr>\n<td>Capacidade de produ\u00e7\u00e3o<\/td>\n<td>6.000 toneladas\/ano<\/td>\n<\/tr>\n<tr>\n<td>Quantidade m\u00ednima<\/td>\n<td>10 unidades\/tamanho<\/td>\n<\/tr>\n<\/tbody>\n<\/table>","protected":false},"excerpt":{"rendered":"<p>Modelo:H64Y-1500LB-WCB-DN200<\/p>\n<p>Nossa v\u00e1lvula de reten\u00e7\u00e3o oscilante API 600 1500LB \u00e9 projetada de acordo com BS1868 e ASME B16.34 para servi\u00e7o de alta temperatura e alta press\u00e3o e \u00e9 amplamente utilizada em usinas de combust\u00edvel f\u00f3ssil. junta do castelo, de modo que as v\u00e1lvulas de veda\u00e7\u00e3o de press\u00e3o sejam mais compactas e r\u00edgidas, bem como a manuten\u00e7\u00e3o econ\u00f4mica em servi\u00e7os de alta temperatura e alta press\u00e3o.<br \/>\n\u00c9 uma v\u00e1lvula autom\u00e1tica quando \u00e9 aberta ou fechada automaticamente pela for\u00e7a gerada pelo meio que flui dentro da tubula\u00e7\u00e3o. Sua principal fun\u00e7\u00e3o \u00e9 evitar o refluxo do meio na tubula\u00e7\u00e3o, a rota\u00e7\u00e3o reversa da bomba e seu motor de acionamento e a descarga do meio no recipiente.<\/p>\n<p>STV Valve Technology Group Co., Ltd \u00e9 uma v\u00e1lvula de reten\u00e7\u00e3o de veda\u00e7\u00e3o de press\u00e3o na China, v\u00e1lvula de reten\u00e7\u00e3o de veda\u00e7\u00e3o de press\u00e3o ANSI, v\u00e1lvula de reten\u00e7\u00e3o de veda\u00e7\u00e3o de alta press\u00e3o, v\u00e1lvula de reten\u00e7\u00e3o de veda\u00e7\u00e3o de press\u00e3o de a\u00e7o fundido, v\u00e1lvula de reten\u00e7\u00e3o de veda\u00e7\u00e3o de press\u00e3o API 600, fabricante de v\u00e1lvula de reten\u00e7\u00e3o de veda\u00e7\u00e3o de press\u00e3o de a\u00e7o inoxid\u00e1vel com alta qualidade e pre\u00e7o baixo, para saber mais sobre esta v\u00e1lvula, entre em contato com nosso sales@stvvalve.com<br \/>\nFolha de data:<br \/>\n<a href=\"https:\/\/www.stvvalves.com\/wp-content\/uploads\/2019\/01\/api-600-1500lb-swing-check-valve-pressure-seal-bonnet-dn200-bw-end-drawing.pdf\">V\u00e1lvula de reten\u00e7\u00e3o de giro API 600 1500LB, cap\u00f4 de veda\u00e7\u00e3o de press\u00e3o, DN200, extremidade BW<\/a><\/p>","protected":false},"featured_media":4332,"template":"","meta":[],"product_brand":[],"product_cat":[83,46],"product_tag":[485,487,488,486,489],"class_list":{"0":"post-4326","1":"product","2":"type-product","3":"status-publish","4":"has-post-thumbnail","6":"product_cat-cast-steel-check-valve","7":"product_cat-check-valves","8":"product_tag-1500lb-pressure-seal-swing-check-valve","9":"product_tag-api-600-pressure-seal-swing-check-valve","10":"product_tag-api-cast-steel-swing-check-valve","11":"product_tag-pressure-seal-swing-check-valve","12":"product_tag-swing-check-valve-class-1500lb","14":"first","15":"instock","16":"shipping-taxable","17":"product-type-simple"},"_links":{"self":[{"href":"https:\/\/www.stvvalves.com\/pt\/wp-json\/wp\/v2\/product\/4326","targetHints":{"allow":["GET"]}}],"collection":[{"href":"https:\/\/www.stvvalves.com\/pt\/wp-json\/wp\/v2\/product"}],"about":[{"href":"https:\/\/www.stvvalves.com\/pt\/wp-json\/wp\/v2\/types\/product"}],"wp:featuredmedia":[{"embeddable":true,"href":"https:\/\/www.stvvalves.com\/pt\/wp-json\/wp\/v2\/media\/4332"}],"wp:attachment":[{"href":"https:\/\/www.stvvalves.com\/pt\/wp-json\/wp\/v2\/media?parent=4326"}],"wp:term":[{"taxonomy":"product_brand","embeddable":true,"href":"https:\/\/www.stvvalves.com\/pt\/wp-json\/wp\/v2\/product_brand?post=4326"},{"taxonomy":"product_cat","embeddable":true,"href":"https:\/\/www.stvvalves.com\/pt\/wp-json\/wp\/v2\/product_cat?post=4326"},{"taxonomy":"product_tag","embeddable":true,"href":"https:\/\/www.stvvalves.com\/pt\/wp-json\/wp\/v2\/product_tag?post=4326"}],"curies":[{"name":"wp","href":"https:\/\/api.w.org\/{rel}","templated":true}]}}