{"id":4333,"date":"2019-01-01T13:20:02","date_gmt":"2019-01-01T13:20:02","guid":{"rendered":"https:\/\/www.stvvalves.com\/?post_type=product&#038;p=4333"},"modified":"2025-02-17T18:20:54","modified_gmt":"2025-02-17T10:20:54","slug":"900lb-full-port-swing-check-valve-seal-pressure-bonnet-flange-end","status":"publish","type":"product","link":"https:\/\/www.stvvalves.com\/pt\/products\/900lb-full-port-swing-check-valve-seal-pressure-bonnet-flange-end\/","title":{"rendered":"V\u00e1lvula de reten\u00e7\u00e3o de giro de porta completa de 900Lb, tampa de press\u00e3o de veda\u00e7\u00e3o, extremidade do flange"},"content":{"rendered":"<p><strong>V\u00e1lvula de inspe\u00e7\u00e3o<\/strong>, Classe Ansi 900Lbs, Api 6d, Aparafusado, Tampa de veda\u00e7\u00e3o de press\u00e3o, Flangeada, Rf, Rtj, Extremidades Bw, A\u00e7o carbono, A\u00e7o inoxid\u00e1vel, V\u00e1lvulas de reten\u00e7\u00e3o oscilantes de a\u00e7o duplex, V\u00e1lvula anti-retorno, Fornecedor de v\u00e1lvula de reten\u00e7\u00e3o oscilante de a\u00e7o fundido industrial, Exportador.<\/p>\n<p>Especifica\u00e7\u00f5es para\u00a0<strong>V\u00e1lvula de reten\u00e7\u00e3o oscilante 900LBS (flangeada, extremidades Bw)<\/strong><\/p>\n<p>1. Projeto e Fabrica\u00e7\u00e3o: API6D, ANSI B16.34, BS1868<br \/>\n2. Castelo aparafusado, castelo com veda\u00e7\u00e3o de press\u00e3o, disco tipo balan\u00e7o,<br \/>\n3. Faixa de tamanho: 2\u2033 a 24\u2033.<br \/>\n4. Classifica\u00e7\u00f5es de press\u00e3o: ANSI 900 libras<br \/>\n5. Conex\u00f5es finais: Flangeadas, soldadas de topo.<br \/>\n6. Materiais: WCB, LCB, CF8, CF8M, CF3, CF3M, WC6, WC9, C5, C12, 4A ou equivalente,<br \/>\n7. V\u00e1rios materiais de acabamento dispon\u00edveis para atender \u00e0s condi\u00e7\u00f5es de servi\u00e7o<br \/>\n8. NACE MR 0175 mediante solicita\u00e7\u00e3o<\/p>\n<table>\n<tbody>\n<tr>\n<td width=\"200\"><strong>Nome do Produto<\/strong><\/td>\n<td width=\"481\">V\u00e1lvula de reten\u00e7\u00e3o de giro de porta completa de 900Lb, tampa de press\u00e3o de veda\u00e7\u00e3o, extremidade do flange<\/td>\n<\/tr>\n<tr>\n<td width=\"200\">1. Materiais<\/td>\n<td width=\"481\">WCB<\/td>\n<\/tr>\n<tr>\n<td width=\"200\">2. Tamanho<\/td>\n<td width=\"481\">12\u201d<\/td>\n<\/tr>\n<tr>\n<td width=\"200\">4. Porto<\/td>\n<td width=\"481\">Porto completo<\/td>\n<\/tr>\n<tr>\n<td width=\"200\">5. Press\u00e3o de Trabalho<\/td>\n<td width=\"481\">900 libras<\/td>\n<\/tr>\n<tr>\n<td width=\"200\">6. Fim da conex\u00e3o<\/td>\n<td width=\"481\">RF<\/td>\n<\/tr>\n<tr>\n<td width=\"200\">7. Temperatura de trabalho.<\/td>\n<td width=\"481\">-29~425\u00baC,<\/td>\n<\/tr>\n<tr>\n<td width=\"200\">8. Meio Adequado<\/td>\n<td width=\"481\">\u00c1gua, G\u00e1s Natural, Petr\u00f3leo e algum l\u00edquido corrosivo<\/td>\n<\/tr>\n<tr>\n<td width=\"200\">9. Operado<\/td>\n<td width=\"481\">\/<\/td>\n<\/tr>\n<tr>\n<td width=\"200\">10. Inspe\u00e7\u00e3o e Teste<\/td>\n<td width=\"481\">De acordo com API 598<\/td>\n<\/tr>\n<tr>\n<td width=\"200\"><strong>envio<\/strong><\/td>\n<td width=\"481\"><\/td>\n<\/tr>\n<tr>\n<td width=\"200\">Prazo de entrega<\/td>\n<td width=\"481\">30 dias<\/td>\n<\/tr>\n<tr>\n<td width=\"200\">Pacote<\/td>\n<td width=\"481\">Caixa de madeira compensada de exporta\u00e7\u00e3o padr\u00e3o<\/td>\n<\/tr>\n<tr>\n<td width=\"200\">Porto de embarque<\/td>\n<td width=\"481\">Ningbo\/Xangai, China<\/td>\n<\/tr>\n<tr>\n<td width=\"200\">Termos de envio<\/td>\n<td width=\"481\">Exw, FOB, CFR, CIF, etc.<\/td>\n<\/tr>\n<tr>\n<td width=\"200\">Termos de pagamento<\/td>\n<td width=\"481\">T\/T, Western Union, PayPal, etc.<\/td>\n<\/tr>\n<tr>\n<td width=\"200\"><\/td>\n<td width=\"481\">Pr\u00e9-pagamento 30%, saldo 70% pago antes do envio<\/td>\n<\/tr>\n<tr>\n<td width=\"200\">Pa\u00eds de origem<\/td>\n<td width=\"481\">Cidade de Wenzhou, China<\/td>\n<\/tr>\n<tr>\n<td width=\"200\">Capacidade de produ\u00e7\u00e3o<\/td>\n<td width=\"481\">6.000 toneladas\/ano<\/td>\n<\/tr>\n<tr>\n<td width=\"200\">Quantidade m\u00ednima<\/td>\n<td width=\"481\">10 unidades\/tamanho<\/td>\n<\/tr>\n<\/tbody>\n<\/table>","protected":false},"excerpt":{"rendered":"<p>Modelo:H44Y-900LB-12\u2033-WCB<\/p>\n<p>Nossa v\u00e1lvula de reten\u00e7\u00e3o oscilante de porta completa de 900Lb \u00e9 projetada principalmente totalmente aberta ou totalmente fechada, com recursos de tampa de veda\u00e7\u00e3o de press\u00e3o, sede renov\u00e1vel ou anel de sede soldado.<br \/>\nA v\u00e1lvula de reten\u00e7\u00e3o \u00e9 dividida em v\u00e1lvula de reten\u00e7\u00e3o de eleva\u00e7\u00e3o, v\u00e1lvula de reten\u00e7\u00e3o de oscila\u00e7\u00e3o e v\u00e1lvula de reten\u00e7\u00e3o tipo borboleta pela estrutura. A v\u00e1lvula de reten\u00e7\u00e3o tipo eleva\u00e7\u00e3o \u00e9 dividida em vertical e horizontal. a v\u00e1lvula de reten\u00e7\u00e3o tipo borboleta \u00e9 do tipo reto. As poucas v\u00e1lvulas de reten\u00e7\u00e3o acima podem ser divididas em conex\u00e3o aparafusada, conex\u00e3o de flange e conex\u00e3o de soldagem por sua forma de conex\u00e3o.<\/p>\n<p>STV Valve Technology Group Co., Ltd \u00e9 v\u00e1lvula de reten\u00e7\u00e3o oscilante, v\u00e1lvula de reten\u00e7\u00e3o oscilante classe Ansi 900Lbs, v\u00e1lvula de reten\u00e7\u00e3o oscilante Api 6d, v\u00e1lvula de reten\u00e7\u00e3o oscilante industrial, v\u00e1lvula de reten\u00e7\u00e3o oscilante de a\u00e7o carbono, v\u00e1lvulas de reten\u00e7\u00e3o oscilante de a\u00e7o inoxid\u00e1vel, v\u00e1lvula de reten\u00e7\u00e3o oscilante sem retorno, A216 -V\u00e1lvula de reten\u00e7\u00e3o de oscila\u00e7\u00e3o WCB, v\u00e1lvula de reten\u00e7\u00e3o de oscila\u00e7\u00e3o A351-CF8, v\u00e1lvula de reten\u00e7\u00e3o de oscila\u00e7\u00e3o CF8M, v\u00e1lvula de reten\u00e7\u00e3o de oscila\u00e7\u00e3o CF3M, v\u00e1lvula de reten\u00e7\u00e3o de oscila\u00e7\u00e3o Nace Mr0175, v\u00e1lvula de reten\u00e7\u00e3o de oscila\u00e7\u00e3o flangeada, v\u00e1lvula de reten\u00e7\u00e3o de oscila\u00e7\u00e3o Bw, v\u00e1lvula de reten\u00e7\u00e3o de oscila\u00e7\u00e3o de alta press\u00e3o, v\u00e1lvula de reten\u00e7\u00e3o de oscila\u00e7\u00e3o de veda\u00e7\u00e3o de press\u00e3o , Fabricante de verifica\u00e7\u00e3o de oscila\u00e7\u00e3o de a\u00e7o fundido autovedante com alta qualidade e pre\u00e7o baixo. Para saber mais sobre esta v\u00e1lvula, entre em contato com nosso sales@stvvalve.com<br \/>\nFolha de data:<a href=\"https:\/\/www.stvvalves.com\/wp-content\/uploads\/2019\/01\/900lb-full-port-swing-check-valve-seal-pressure-bonnet-flange-end-drawing.pdf\">V\u00e1lvula de reten\u00e7\u00e3o de giro de porta completa de 900Lb, tampa de press\u00e3o de veda\u00e7\u00e3o, extremidade do flange<\/a><\/p>","protected":false},"featured_media":4335,"template":"","meta":[],"product_brand":[],"product_cat":[83,46],"product_tag":[493,490,492,496,491,494,495],"class_list":{"0":"post-4333","1":"product","2":"type-product","3":"status-publish","4":"has-post-thumbnail","6":"product_cat-cast-steel-check-valve","7":"product_cat-check-valves","8":"product_tag-900-lb-cast-steel-swing-pressure-seal-check-valve","9":"product_tag-900lb-full-port-swing-check-valve","10":"product_tag-api-swing-check-valve","11":"product_tag-china-900lb-full-port-swing-check-valve","12":"product_tag-full-port-swing-check-valve","13":"product_tag-pressure-seal-swing-check-valve-900lb2500lb","14":"product_tag-swing-check-valve-class-900lb","16":"first","17":"instock","18":"shipping-taxable","19":"product-type-simple"},"_links":{"self":[{"href":"https:\/\/www.stvvalves.com\/pt\/wp-json\/wp\/v2\/product\/4333","targetHints":{"allow":["GET"]}}],"collection":[{"href":"https:\/\/www.stvvalves.com\/pt\/wp-json\/wp\/v2\/product"}],"about":[{"href":"https:\/\/www.stvvalves.com\/pt\/wp-json\/wp\/v2\/types\/product"}],"wp:featuredmedia":[{"embeddable":true,"href":"https:\/\/www.stvvalves.com\/pt\/wp-json\/wp\/v2\/media\/4335"}],"wp:attachment":[{"href":"https:\/\/www.stvvalves.com\/pt\/wp-json\/wp\/v2\/media?parent=4333"}],"wp:term":[{"taxonomy":"product_brand","embeddable":true,"href":"https:\/\/www.stvvalves.com\/pt\/wp-json\/wp\/v2\/product_brand?post=4333"},{"taxonomy":"product_cat","embeddable":true,"href":"https:\/\/www.stvvalves.com\/pt\/wp-json\/wp\/v2\/product_cat?post=4333"},{"taxonomy":"product_tag","embeddable":true,"href":"https:\/\/www.stvvalves.com\/pt\/wp-json\/wp\/v2\/product_tag?post=4333"}],"curies":[{"name":"wp","href":"https:\/\/api.w.org\/{rel}","templated":true}]}}