{"id":4337,"date":"2019-01-01T15:48:34","date_gmt":"2019-01-01T15:48:34","guid":{"rendered":"https:\/\/www.stvvalves.com\/?post_type=product&#038;p=4337"},"modified":"2025-02-17T18:20:54","modified_gmt":"2025-02-17T10:20:54","slug":"lug-type-dual-plate-check-valve-cf8m-body-dn500","status":"publish","type":"product","link":"https:\/\/www.stvvalves.com\/pt\/products\/lug-type-dual-plate-check-valve-cf8m-body-dn500\/","title":{"rendered":"V\u00e1lvula de reten\u00e7\u00e3o de placa dupla tipo lug. Corpo CF8M, DN500"},"content":{"rendered":"<p>Comprimento estrutural curto, apenas 1\/4 ~ 1\/8 do da v\u00e1lvula de reten\u00e7\u00e3o flangeada tradicional;<\/p>\n<p>Baixo volume, peso leve, apenas 1\/4 ~ 1\/20 daqueles da v\u00e1lvula de reten\u00e7\u00e3o flangeada tradicional;<\/p>\n<p>Fechamento r\u00e1pido do disco da v\u00e1lvula, baixa press\u00e3o do golpe de ar\u00edete;<\/p>\n<p>Aplic\u00e1vel e facilmente instalado em tubula\u00e7\u00f5es verticais ou horizontais;<\/p>\n<p>Passagem de fluxo suave e pequena resist\u00eancia a fluidos;<\/p>\n<p>A\u00e7\u00e3o flex\u00edvel e bom desempenho de veda\u00e7\u00e3o;<\/p>\n<p>Curso estreito da v\u00e1lvula e pequeno impacto de fechamento;<\/p>\n<p>Estrutura integrada, simples e compacta, de formato bonito;<\/p>\n<p>Longa vida \u00fatil e boa confiabilidade.<\/p>\n<p>Especifica\u00e7\u00e3o do par\u00e2metro principal<\/p>\n<p>Projeto e fabrica\u00e7\u00e3o:API594,API 6D;<br \/>\nCara a cara e de ponta a ponta:API594,API6D,DIN3202;<br \/>\nClassifica\u00e7\u00e3o de press\u00e3o-temperatura: ASME B16.34, DIN2410;<br \/>\nInspe\u00e7\u00e3o e teste: API598<br \/>\nFlange do tubo: ,ASME B16.5,DIN2543~2548,API605,ASME B16.47.<\/p>\n<p>Gama de Produtos<\/p>\n<p>Material do corpo: cWCB,LCB,WC6,WC9,CF8,CF8M,CF3,CF3M, liga de a\u00e7o,bronze<\/p>\n<p>Di\u00e2metro nominal:1,5\u2033~48\u2033(DN40~DN1200)<\/p>\n<p>Conex\u00e3o final: RF, RTJ, BW<\/p>\n<p>Faixa de press\u00e3o: Classe150~2500(PN16~PN420)<\/p>\n<p>Temperatura de trabalho:-196\u2103~+560\u2103<\/p>\n<p>&nbsp;<\/p>\n<table>\n<tbody>\n<tr>\n<td width=\"200\"><strong>Nome do Produto<\/strong><\/td>\n<td width=\"481\">V\u00e1lvula de reten\u00e7\u00e3o de placa dupla tipo lug. Corpo CF8M, DN500<\/td>\n<\/tr>\n<tr>\n<td width=\"200\">1. Materiais<\/td>\n<td width=\"481\">CF8M<\/td>\n<\/tr>\n<tr>\n<td width=\"200\">2. Tamanho<\/td>\n<td width=\"481\">20\u201d<\/td>\n<\/tr>\n<tr>\n<td width=\"200\">4. Porto<\/td>\n<td width=\"481\">Porto completo<\/td>\n<\/tr>\n<tr>\n<td width=\"200\">5. Press\u00e3o de Trabalho<\/td>\n<td width=\"481\">150 libras<\/td>\n<\/tr>\n<tr>\n<td width=\"200\">6. Fim da conex\u00e3o<\/td>\n<td width=\"481\">RF<\/td>\n<\/tr>\n<tr>\n<td width=\"200\">7. Temperatura de trabalho.<\/td>\n<td width=\"481\">-29~300\u00baC,<\/td>\n<\/tr>\n<tr>\n<td width=\"200\">8. Meio Adequado<\/td>\n<td width=\"481\">\u00c1gua, G\u00e1s Natural, Petr\u00f3leo e algum l\u00edquido corrosivo<\/td>\n<\/tr>\n<tr>\n<td width=\"200\">9. Operado<\/td>\n<td width=\"481\">\/<\/td>\n<\/tr>\n<tr>\n<td width=\"200\">10. Inspe\u00e7\u00e3o e Teste<\/td>\n<td width=\"481\">De acordo com API598<\/td>\n<\/tr>\n<tr>\n<td width=\"200\"><strong>envio<\/strong><\/td>\n<td width=\"481\"><\/td>\n<\/tr>\n<tr>\n<td width=\"200\">Prazo de entrega<\/td>\n<td width=\"481\">30 dias<\/td>\n<\/tr>\n<tr>\n<td width=\"200\">Pacote<\/td>\n<td width=\"481\">Caixa de madeira compensada de exporta\u00e7\u00e3o padr\u00e3o<\/td>\n<\/tr>\n<tr>\n<td width=\"200\">Porto de embarque<\/td>\n<td width=\"481\">Ningbo\/Xangai, China<\/td>\n<\/tr>\n<tr>\n<td width=\"200\">Termos de envio<\/td>\n<td width=\"481\">Exw, FOB, CFR, CIF, etc.<\/td>\n<\/tr>\n<tr>\n<td width=\"200\">Termos de pagamento<\/td>\n<td width=\"481\">T\/T, Western Union, PayPal, etc.<\/td>\n<\/tr>\n<tr>\n<td width=\"200\"><\/td>\n<td width=\"481\">Pr\u00e9-pagamento 30%, saldo 70% pago antes do envio<\/td>\n<\/tr>\n<tr>\n<td width=\"200\">Pa\u00eds de origem<\/td>\n<td width=\"481\">Cidade de Wenzhou, China<\/td>\n<\/tr>\n<tr>\n<td width=\"200\">Capacidade de produ\u00e7\u00e3o<\/td>\n<td width=\"481\">6.000 toneladas\/ano<\/td>\n<\/tr>\n<tr>\n<td width=\"200\">Quantidade m\u00ednima<\/td>\n<td width=\"481\">1 pe\u00e7a\/tamanho<\/td>\n<\/tr>\n<\/tbody>\n<\/table>","protected":false},"excerpt":{"rendered":"<p>Modelo: HTL76H-150LB-316-20\u2033<\/p>\n<p>Nossa v\u00e1lvula de reten\u00e7\u00e3o de placa dupla tipo Lug \u00e9 adequada para ambientes de alta temperatura e alta press\u00e3o, como petroqu\u00edmica, refinaria ou usina de energia. Adota fundi\u00e7\u00e3o de precis\u00e3o, que tem comprimento de estrutura curto, pequeno volume e peso leve, fechamento r\u00e1pido da aba da v\u00e1lvula, \u00e1gua pequena press\u00e3o do martelo, passagem de fluxo suave, pequena resist\u00eancia a fluidos, tubo horizontal ou vertical, f\u00e1cil instala\u00e7\u00e3o e a\u00e7\u00e3o sens\u00edvel. Bom desempenho de veda\u00e7\u00e3o, curso curto da v\u00e1lvula, for\u00e7a de impacto da v\u00e1lvula pequena, apar\u00eancia simples e compacta, bonita, longa vida \u00fatil, alta confiabilidade, evita refluxo m\u00e9dio, controle autom\u00e1tico e assim por diante. Entre elas, a v\u00e1lvula de reten\u00e7\u00e3o tipo clipe \u00e9 aplicada principalmente na rede de tubula\u00e7\u00f5es de abastecimento de \u00e1gua e drenagem de edif\u00edcios urbanos, industriais e arranha-c\u00e9us. Como seu comprimento estrutural \u00e9 menor que o de uma v\u00e1lvula de reten\u00e7\u00e3o geral, ela \u00e9 mais adequada para locais onde o espa\u00e7o de instala\u00e7\u00e3o \u00e9 limitado.<\/p>\n<p>Design de al\u00e7a dupla, instalado entre o tubo e o flange por meio de parafusos e porcas, como v\u00e1lvula de reten\u00e7\u00e3o tipo wafer de placa dupla.<br \/>\nN\u00e3o h\u00e1 nenhum problema de vazamento no corpo.<br \/>\nMesmo para discos pequenos, ainda possui parafuso para ajustar cada furo.<\/p>\n<p>STV Valve Technology Group Co., Ltd \u00e9 um l\u00edder profissional China V\u00e1lvula de reten\u00e7\u00e3o tipo lug de placa dupla, V\u00e1lvula de reten\u00e7\u00e3o tipo lug de placa dupla, V\u00e1lvulas de reten\u00e7\u00e3o lug e wafer, V\u00e1lvula de reten\u00e7\u00e3o wafer de placa dupla tipo lug de a\u00e7o inoxid\u00e1vel, V\u00e1lvula de reten\u00e7\u00e3o de placa dupla API 594 , V\u00e1lvula de reten\u00e7\u00e3o de placa dupla API 594, Fabricante de v\u00e1lvula de reten\u00e7\u00e3o de placa dupla tipo lug com alta qualidade e pre\u00e7o baixo. Para saber mais sobre esta v\u00e1lvula, entre em contato com nosso sales@stvvalve.com<br \/>\nFolha de data:<a href=\"https:\/\/www.stvvalves.com\/wp-content\/uploads\/2019\/01\/lug-type-dual-plate-check-valve-cf8m-body-dn500-drawing.pdf\">V\u00e1lvula de reten\u00e7\u00e3o de placa dupla tipo lug. Corpo CF8M, DN500<\/a><\/p>","protected":false},"featured_media":4338,"template":"","meta":[],"product_brand":[],"product_cat":[46,84],"product_tag":[497,498,501,499,500],"class_list":{"0":"post-4337","1":"product","2":"type-product","3":"status-publish","4":"has-post-thumbnail","6":"product_cat-check-valves","7":"product_cat-wafer-check-valve","8":"product_tag-dual-plate-check-valve","9":"product_tag-dual-plate-check-valve-api-594","10":"product_tag-dual-plate-lug-type-check-valve","11":"product_tag-lug-and-wafer-check-valves","12":"product_tag-stainless-steel-lug-type-dual-plate-wafer-check-valve","14":"first","15":"instock","16":"shipping-taxable","17":"product-type-simple"},"_links":{"self":[{"href":"https:\/\/www.stvvalves.com\/pt\/wp-json\/wp\/v2\/product\/4337","targetHints":{"allow":["GET"]}}],"collection":[{"href":"https:\/\/www.stvvalves.com\/pt\/wp-json\/wp\/v2\/product"}],"about":[{"href":"https:\/\/www.stvvalves.com\/pt\/wp-json\/wp\/v2\/types\/product"}],"wp:featuredmedia":[{"embeddable":true,"href":"https:\/\/www.stvvalves.com\/pt\/wp-json\/wp\/v2\/media\/4338"}],"wp:attachment":[{"href":"https:\/\/www.stvvalves.com\/pt\/wp-json\/wp\/v2\/media?parent=4337"}],"wp:term":[{"taxonomy":"product_brand","embeddable":true,"href":"https:\/\/www.stvvalves.com\/pt\/wp-json\/wp\/v2\/product_brand?post=4337"},{"taxonomy":"product_cat","embeddable":true,"href":"https:\/\/www.stvvalves.com\/pt\/wp-json\/wp\/v2\/product_cat?post=4337"},{"taxonomy":"product_tag","embeddable":true,"href":"https:\/\/www.stvvalves.com\/pt\/wp-json\/wp\/v2\/product_tag?post=4337"}],"curies":[{"name":"wp","href":"https:\/\/api.w.org\/{rel}","templated":true}]}}