{"id":4362,"date":"2019-01-10T13:40:19","date_gmt":"2019-01-10T13:40:19","guid":{"rendered":"https:\/\/www.stvvalves.com\/?post_type=product&#038;p=4362"},"modified":"2024-12-25T14:58:32","modified_gmt":"2024-12-25T06:58:32","slug":"flange-stainless-steel-globe-valve-300lb-cf8-body-dn50","status":"publish","type":"product","link":"https:\/\/www.stvvalves.com\/pt\/products\/flange-stainless-steel-globe-valve-300lb-cf8-body-dn50\/","title":{"rendered":"V\u00e1lvula globo de a\u00e7o inoxid\u00e1vel flangeada, 300LB, corpo CF8, DN50"},"content":{"rendered":"<p>Design and Manufacture\uff1aStainless Steel Gate Valve to API 603\u3001ASME B16.34<\/p>\n<p>Inspe\u00e7\u00e3o e Teste:API598,API600 ou API 6D<\/p>\n<p>Dimens\u00e3o do flange final: ASME B16.5 (para NPS\u226424, ASME B 16.47 s\u00e9rie B, API 605, ASME B16.47 S\u00e9rie A, MSS SP-44 (para NPS&gt; 24)<\/p>\n<p>Dimens\u00e3o final BW: ASME B16.25<\/p>\n<p>Cara a cara e de ponta a ponta: ASME B16.10<\/p>\n<p>Classifica\u00e7\u00f5es de press\u00e3o-temperatura: ASME B16.34<\/p>\n<p>Gama de Produtos<\/p>\n<p>Material do corpo: a\u00e7o carbono, a\u00e7o inoxid\u00e1vel, liga de a\u00e7o<\/p>\n<p>Di\u00e2metro nominal:2\u2033~36\u2033(DN50~DN900)<\/p>\n<p>Conex\u00e3o final: RF, RTJ, BW<\/p>\n<p>Faixa de press\u00e3o: Classe150~900(PN16~PN150)<\/p>\n<p>Temperatura de trabalho:-29\u2103~+560\u2103<\/p>\n<p>Opera\u00e7\u00e3o: Volante, Engrenagem, Atuador El\u00e9trico, etc.<\/p>\n<p>Extremidade: RF flangeado\/ RTJ\/ FM\/ FF, soldagem de topo (BW)<\/p>\n<table>\n<tbody>\n<tr>\n<td width=\"200\"><strong>Nome do Produto<\/strong><\/td>\n<td width=\"481\">V\u00e1lvula globo de a\u00e7o inoxid\u00e1vel flangeada, 300LB, corpo CF8, DN50<\/td>\n<\/tr>\n<tr>\n<td width=\"200\">1. Materiais<\/td>\n<td width=\"481\">CF8<\/td>\n<\/tr>\n<tr>\n<td width=\"200\">2. Tamanho<\/td>\n<td width=\"481\">2\u201d<\/td>\n<\/tr>\n<tr>\n<td width=\"200\">4. Porto<\/td>\n<td width=\"481\">Porto completo<\/td>\n<\/tr>\n<tr>\n<td width=\"200\">5. Press\u00e3o de Trabalho<\/td>\n<td width=\"481\">300 libras<\/td>\n<\/tr>\n<tr>\n<td width=\"200\">6. Fim da conex\u00e3o<\/td>\n<td width=\"481\">RF<\/td>\n<\/tr>\n<tr>\n<td width=\"200\">7. Temperatura de trabalho.<\/td>\n<td width=\"481\">-29~425\u00baC,<\/td>\n<\/tr>\n<tr>\n<td width=\"200\">8. Meio Adequado<\/td>\n<td width=\"481\">\u00c1gua, G\u00e1s Natural, Petr\u00f3leo e algum l\u00edquido corrosivo<\/td>\n<\/tr>\n<tr>\n<td width=\"200\">9. Operado<\/td>\n<td width=\"481\">Volante<\/td>\n<\/tr>\n<tr>\n<td width=\"200\">10. Inspe\u00e7\u00e3o e Teste<\/td>\n<td width=\"481\">De acordo com API598<\/td>\n<\/tr>\n<tr>\n<td width=\"200\"><strong>envio<\/strong><\/td>\n<td width=\"481\"><\/td>\n<\/tr>\n<tr>\n<td width=\"200\">Prazo de entrega<\/td>\n<td width=\"481\">30 dias<\/td>\n<\/tr>\n<tr>\n<td width=\"200\">Pacote<\/td>\n<td width=\"481\">Caixa de madeira compensada de exporta\u00e7\u00e3o padr\u00e3o<\/td>\n<\/tr>\n<tr>\n<td width=\"200\">Porto de embarque<\/td>\n<td width=\"481\">Ningbo\/Xangai, China<\/td>\n<\/tr>\n<tr>\n<td width=\"200\">Termos de envio<\/td>\n<td width=\"481\">Exw, FOB, CFR, CIF, etc.<\/td>\n<\/tr>\n<tr>\n<td width=\"200\">Termos de pagamento<\/td>\n<td width=\"481\">T\/T, Western Union, PayPal, etc.<\/td>\n<\/tr>\n<tr>\n<td width=\"200\"><\/td>\n<td width=\"481\">Pr\u00e9-pagamento 30%, saldo 70% pago antes do envio<\/td>\n<\/tr>\n<tr>\n<td width=\"200\">Pa\u00eds de origem<\/td>\n<td width=\"481\">Cidade de Wenzhou, China<\/td>\n<\/tr>\n<tr>\n<td width=\"200\">Capacidade de produ\u00e7\u00e3o<\/td>\n<td width=\"481\">6.000 toneladas\/ano<\/td>\n<\/tr>\n<tr>\n<td width=\"200\">Quantidade m\u00ednima<\/td>\n<td width=\"481\">1 pe\u00e7a\/tamanho<\/td>\n<\/tr>\n<\/tbody>\n<\/table>","protected":false},"excerpt":{"rendered":"<p>Model:J41H-300LB-304-2&#8243;<\/p>\n<p>Our Stainless Steel Globe Valve are designed in strict accordance with the ASME B16.34 standard; the connection between the valve body and the bonnet, the stuffing box, the installation of the stem nut, and the upper seal are all designed in strict accordance with API603. The valve selection is in full compliance with API603 requirements. The length is in accordance with ASME B16.10; the flange connection dimensions are in accordance with ANSI \/ ASME B16.5a. Valve inspection and testing are carried out in strict accordance with API598. Therefore, the valve is widely used in petrochemical pipelines, and is also applicable in electric power, metallurgy, textile and other systems.<\/p>\n<p>When the Stainless Steel Globe Valve \u00a0is opened, the opening height of the valve flap is 25 to 30 of the nominal diameter, and the flow rate has reached the maximum, indicating that the valve has reached the fully open position. Therefore, the full open position of the shutoff valve should be determined by the stroke of the valve flap.<\/p>\n<p>STV Valve Technology Group Co., Ltd is a professional leader China Stainless Steel Globe Valve,2 inch Stainless Steel Globe Valve 300#,316 Stainless Steel Globe Valve,Cast Stainless Steel Globe Valves,Bolt bonnet tainless Steel Globe Valve,B16.34 Stainless Steel Globe Valves manufacturer with high quality and low price.To learn more about these valve Welcome to contact our sales@stvvalve.com<br \/>\nFolha de data:<a href=\"https:\/\/www.stvvalves.com\/wp-content\/uploads\/2019\/01\/flange-stainless-steel-globe-valve-300lb-cf8-body-dn50-drawing.pdf\">V\u00e1lvula globo de a\u00e7o inoxid\u00e1vel flangeada, 300LB, corpo CF8, DN50<\/a><\/p>","protected":false},"featured_media":4363,"template":"","meta":[],"product_brand":[],"product_cat":[45,189],"product_tag":[524,525,528,527,526,192],"class_list":{"0":"post-4362","1":"product","2":"type-product","3":"status-publish","4":"has-post-thumbnail","6":"product_cat-globe-valve","7":"product_cat-stainless-steel-globe-valve","8":"product_tag-2-inch-stainless-steel-globe-valve-300","9":"product_tag-316-stainless-steel-globe-valve","10":"product_tag-b16-34-stainless-steel-globe-valves","11":"product_tag-bolt-bonnet-tainless-steel-globe-valve","12":"product_tag-cast-stainless-steel-globe-valves","13":"product_tag-stainless-steel-globe-valve","15":"first","16":"instock","17":"shipping-taxable","18":"product-type-simple"},"_links":{"self":[{"href":"https:\/\/www.stvvalves.com\/pt\/wp-json\/wp\/v2\/product\/4362","targetHints":{"allow":["GET"]}}],"collection":[{"href":"https:\/\/www.stvvalves.com\/pt\/wp-json\/wp\/v2\/product"}],"about":[{"href":"https:\/\/www.stvvalves.com\/pt\/wp-json\/wp\/v2\/types\/product"}],"wp:featuredmedia":[{"embeddable":true,"href":"https:\/\/www.stvvalves.com\/pt\/wp-json\/wp\/v2\/media\/4363"}],"wp:attachment":[{"href":"https:\/\/www.stvvalves.com\/pt\/wp-json\/wp\/v2\/media?parent=4362"}],"wp:term":[{"taxonomy":"product_brand","embeddable":true,"href":"https:\/\/www.stvvalves.com\/pt\/wp-json\/wp\/v2\/product_brand?post=4362"},{"taxonomy":"product_cat","embeddable":true,"href":"https:\/\/www.stvvalves.com\/pt\/wp-json\/wp\/v2\/product_cat?post=4362"},{"taxonomy":"product_tag","embeddable":true,"href":"https:\/\/www.stvvalves.com\/pt\/wp-json\/wp\/v2\/product_tag?post=4362"}],"curies":[{"name":"wp","href":"https:\/\/api.w.org\/{rel}","templated":true}]}}