{"id":4366,"date":"2019-01-10T14:30:45","date_gmt":"2019-01-10T14:30:45","guid":{"rendered":"https:\/\/www.stvvalves.com\/?post_type=product&#038;p=4366"},"modified":"2025-02-17T18:20:51","modified_gmt":"2025-02-17T10:20:51","slug":"300lb-cast-steel-floating-ball-valve-4-inch-rf-end","status":"publish","type":"product","link":"https:\/\/www.stvvalves.com\/pt\/products\/300lb-cast-steel-floating-ball-valve-4-inch-rf-end\/","title":{"rendered":"300LB Cast Steel Floating Ball Valve,4 Inch,RF End"},"content":{"rendered":"<p>Projeto e Fabrica\u00e7\u00e3o:API 6D,ASME B16.34(BS5351),API 608,MSS-SP-72<\/p>\n<p>Dimens\u00e3o face a face: ASME B16.10, API 6D<\/p>\n<p>Dimens\u00e3o da conex\u00e3o do flange: ASME B 16.5<\/p>\n<p>Dimens\u00e3o da conex\u00e3o BW: ASME B16.25<\/p>\n<p>Teste e inspe\u00e7\u00e3o: API 598, API 6D<\/p>\n<p>Projeto \u00e0 prova de fogo: API 607\/6FA<\/p>\n<p>Design antiest\u00e1tico e haste anti-explos\u00e3o<\/p>\n<p>Gama de Produtos<\/p>\n<p>Material do corpo: a\u00e7o carbono, a\u00e7o inoxid\u00e1vel, liga de a\u00e7o<\/p>\n<p>Projeto de furo total e furo reduzido<\/p>\n<p>Di\u00e2metro nominal:1\/2\u2033~10\u2033\uff08DN15~DN250\uff09<\/p>\n<p>Conex\u00e3o final: RF, RTJ, BW<\/p>\n<p>Faixa de press\u00e3o: Classe150 ~ 600 (PN16 ~ PN100)<\/p>\n<p>Temperatura de trabalho: -46\u2103~+200\u2103<\/p>\n<p>Opera\u00e7\u00e3o: Al\u00e7a, Engrenagem, Atuador El\u00e9trico, etc.<\/p>\n<p>&nbsp;<\/p>\n<table>\n<tbody>\n<tr>\n<td width=\"200\"><strong>Nome do Produto<\/strong><\/td>\n<td width=\"481\">300LB Cast Steel Floating Ball Valve,4 Inch,RF End<\/td>\n<\/tr>\n<tr>\n<td width=\"200\">1. Materiais<\/td>\n<td width=\"481\">WCB<\/td>\n<\/tr>\n<tr>\n<td width=\"200\">2. Tamanho<\/td>\n<td width=\"481\">4\u201d<\/td>\n<\/tr>\n<tr>\n<td width=\"200\">4. Porto<\/td>\n<td width=\"481\">Porto completo<\/td>\n<\/tr>\n<tr>\n<td width=\"200\">5. Press\u00e3o de Trabalho<\/td>\n<td width=\"481\">300 libras<\/td>\n<\/tr>\n<tr>\n<td width=\"200\">6. Fim da conex\u00e3o<\/td>\n<td width=\"481\">RF<\/td>\n<\/tr>\n<tr>\n<td width=\"200\">7. Temperatura de trabalho.<\/td>\n<td width=\"481\">-29~120\u00baC,<\/td>\n<\/tr>\n<tr>\n<td width=\"200\">8. Meio Adequado<\/td>\n<td width=\"481\">\u00c1gua, G\u00e1s Natural, Petr\u00f3leo e algum l\u00edquido corrosivo<\/td>\n<\/tr>\n<tr>\n<td width=\"200\">9. Operado<\/td>\n<td width=\"481\">Volante<\/td>\n<\/tr>\n<tr>\n<td width=\"200\">10. Inspe\u00e7\u00e3o e Teste<\/td>\n<td width=\"481\">De acordo com API598<\/td>\n<\/tr>\n<tr>\n<td width=\"200\"><strong>envio<\/strong><\/td>\n<td width=\"481\"><\/td>\n<\/tr>\n<tr>\n<td width=\"200\">Prazo de entrega<\/td>\n<td width=\"481\">30 dias<\/td>\n<\/tr>\n<tr>\n<td width=\"200\">Pacote<\/td>\n<td width=\"481\">Caixa de madeira compensada de exporta\u00e7\u00e3o padr\u00e3o<\/td>\n<\/tr>\n<tr>\n<td width=\"200\">Porto de embarque<\/td>\n<td width=\"481\">Ningbo\/Xangai, China<\/td>\n<\/tr>\n<tr>\n<td width=\"200\">Termos de envio<\/td>\n<td width=\"481\">Exw, FOB, CFR, CIF, etc.<\/td>\n<\/tr>\n<tr>\n<td width=\"200\">Termos de pagamento<\/td>\n<td width=\"481\">T\/T, Western Union, PayPal, etc.<\/td>\n<\/tr>\n<tr>\n<td width=\"200\"><\/td>\n<td width=\"481\">Pr\u00e9-pagamento 30%, saldo 70% pago antes do envio<\/td>\n<\/tr>\n<tr>\n<td width=\"200\">Pa\u00eds de origem<\/td>\n<td width=\"481\">Cidade de Wenzhou, China<\/td>\n<\/tr>\n<tr>\n<td width=\"200\">Capacidade de produ\u00e7\u00e3o<\/td>\n<td width=\"481\">6.000 toneladas\/ano<\/td>\n<\/tr>\n<tr>\n<td width=\"200\">Quantidade m\u00ednima<\/td>\n<td width=\"481\">1 pe\u00e7a\/tamanho<\/td>\n<\/tr>\n<\/tbody>\n<\/table>","protected":false},"excerpt":{"rendered":"<p>Modelo:Q41F-300LB-WCB-3\u2033<\/p>\n<p>Nossa v\u00e1lvula de esfera flutuante de a\u00e7o fundido 300LB com v\u00e1lvula de esfera de 2 pe\u00e7as ANSI 300# de passagem total. Corpo WCB e esfera em a\u00e7o inox 316, com sedes em RPTFE para Altas Temperaturas.<br \/>\nPrinc\u00edpio da v\u00e1lvula esf\u00e9rica flutuante de a\u00e7o fundido: Este tipo de v\u00e1lvula esf\u00e9rica possui uma esfera flutuante suportada por duas sedes de v\u00e1lvula. Sob o efeito de m\u00e9dia press\u00e3o, um certo deslocamento pode ser gerado pela pr\u00f3pria esfera para ser pressionada contra o anel de veda\u00e7\u00e3o da sede na sa\u00edda, garantindo a estanqueidade na sa\u00edda.<br \/>\na v\u00e1lvula de esfera flutuante \u00e9 usada principalmente em aplica\u00e7\u00f5es de m\u00e9dia ou baixa press\u00e3o.<\/p>\n<p>STV Valve Technology Group Co., Ltd \u00e9 um l\u00edder profissional China V\u00e1lvula de esfera flutuante de a\u00e7o fundido 300LB, V\u00e1lvula de esfera flutuante, V\u00e1lvulas de esfera flutuantes Porta completa, V\u00e1lvula de esfera flutuante de a\u00e7o fundido, V\u00e1lvula de esfera de a\u00e7o fundido API, Fabricante de v\u00e1lvula de esfera de extremidade de flange com alta qualidade e pre\u00e7o baixo. Para saber mais sobre essas v\u00e1lvulas, entre em contato com nosso sales@stvvalve.com<br \/>\nFolha de data:<a href=\"https:\/\/www.stvvalves.com\/wp-content\/uploads\/2019\/01\/300lb-cast-steel-floating-ball-valve.jpg\">V\u00e1lvula de esfera flutuante de a\u00e7o fundido 300LB<\/a>.<\/p>\n<p>&nbsp;<\/p>\n<p>&nbsp;<\/p>","protected":false},"featured_media":4367,"template":"","meta":[],"product_brand":[],"product_cat":[43,54,80,78],"product_tag":[531,530,532,125,529],"class_list":{"0":"post-4366","1":"product","2":"type-product","3":"status-publish","4":"has-post-thumbnail","6":"product_cat-ball-valve","7":"product_cat-cast-steel-ball-valve","8":"product_cat-flange-ball-valve","9":"product_cat-floating-ball-valve","10":"product_tag-api-cast-steel-ball-valve","11":"product_tag-cast-steel-floating-ball-valve","12":"product_tag-flange-end-ball-valve","13":"product_tag-floating-ball-valve","14":"product_tag-floating-ball-valves-full-port","16":"first","17":"instock","18":"shipping-taxable","19":"product-type-simple"},"_links":{"self":[{"href":"https:\/\/www.stvvalves.com\/pt\/wp-json\/wp\/v2\/product\/4366","targetHints":{"allow":["GET"]}}],"collection":[{"href":"https:\/\/www.stvvalves.com\/pt\/wp-json\/wp\/v2\/product"}],"about":[{"href":"https:\/\/www.stvvalves.com\/pt\/wp-json\/wp\/v2\/types\/product"}],"wp:featuredmedia":[{"embeddable":true,"href":"https:\/\/www.stvvalves.com\/pt\/wp-json\/wp\/v2\/media\/4367"}],"wp:attachment":[{"href":"https:\/\/www.stvvalves.com\/pt\/wp-json\/wp\/v2\/media?parent=4366"}],"wp:term":[{"taxonomy":"product_brand","embeddable":true,"href":"https:\/\/www.stvvalves.com\/pt\/wp-json\/wp\/v2\/product_brand?post=4366"},{"taxonomy":"product_cat","embeddable":true,"href":"https:\/\/www.stvvalves.com\/pt\/wp-json\/wp\/v2\/product_cat?post=4366"},{"taxonomy":"product_tag","embeddable":true,"href":"https:\/\/www.stvvalves.com\/pt\/wp-json\/wp\/v2\/product_tag?post=4366"}],"curies":[{"name":"wp","href":"https:\/\/api.w.org\/{rel}","templated":true}]}}