{"id":4390,"date":"2019-02-22T00:03:44","date_gmt":"2019-02-22T00:03:44","guid":{"rendered":"https:\/\/www.stvvalves.com\/?post_type=product&#038;p=4390"},"modified":"2025-02-17T18:20:49","modified_gmt":"2025-02-17T10:20:49","slug":"high-pressure-3-way-ball-valvet-type-dn25-800lb","status":"publish","type":"product","link":"https:\/\/www.stvvalves.com\/pt\/products\/high-pressure-3-way-ball-valvet-type-dn25-800lb\/","title":{"rendered":"V\u00e1lvula de esfera de 3 vias de alta press\u00e3o, tipo T, DN25.800LB"},"content":{"rendered":"<p>V\u00e1lvula de esfera de 3 vias de alta press\u00e3o<\/p>\n<p>Caracter\u00edsticas:<\/p>\n<p>Tamanho: 1\/2\u2033-2\u2033<\/p>\n<p>Press\u00e3o Normal: 800-2500LB<\/p>\n<p>Porto reduzido<\/p>\n<p>TIPO L \/ TIPO T, bola flutuante<\/p>\n<p>Haste \u00e0 prova de explos\u00e3o<\/p>\n<p>N\u00edvel<\/p>\n<p>Especifica\u00e7\u00f5es<\/p>\n<p>Padr\u00e3o de design e fabrica\u00e7\u00e3o: API 608, API 607, API 6D, BS 5351<\/p>\n<p>Padr\u00e3o Cara a Cara: API B16.10,API 6D,DIN 3202<br \/>\nPadr\u00e3o de conex\u00e3o final: NPT, BSP, BSPT, DIN259\/2999<\/p>\n<p>Padr\u00e3o de teste: ISO5208, API 6D, BS 6755, API598<br \/>\nMaterial do corpo: A105, F304, F316<\/p>\n<p>Assento: RPTFE, PPL, Nylon<\/p>\n<p>Temperatura de trabalho:-40-180\u2103<\/p>\n<p>Adequado: \u00e1gua, \u00f3leo, g\u00e1s<\/p>\n<p>&nbsp;<\/p>\n<table>\n<tbody>\n<tr>\n<td width=\"200\"><strong>Nome do Produto<\/strong><\/td>\n<td width=\"481\">V\u00e1lvula de esfera de 3 vias de alta press\u00e3o, tipo T, DN25.800LB<\/td>\n<\/tr>\n<tr>\n<td width=\"200\">1. Materiais<\/td>\n<td width=\"481\">A105<\/td>\n<\/tr>\n<tr>\n<td width=\"200\">2. Tamanho<\/td>\n<td width=\"481\">1\u201d<\/td>\n<\/tr>\n<tr>\n<td width=\"200\">4. Porto<\/td>\n<td width=\"481\">Porta Redutora<\/td>\n<\/tr>\n<tr>\n<td width=\"200\">5. Press\u00e3o de Trabalho<\/td>\n<td width=\"481\">800 libras<\/td>\n<\/tr>\n<tr>\n<td width=\"200\">6. Fim da conex\u00e3o<\/td>\n<td width=\"481\">TNP<\/td>\n<\/tr>\n<tr>\n<td width=\"200\">7. Temperatura de trabalho.<\/td>\n<td width=\"481\">-29~180\u00baC,<\/td>\n<\/tr>\n<tr>\n<td width=\"200\">8. Meio Adequado<\/td>\n<td width=\"481\">\u00c1gua, G\u00e1s Natural, Petr\u00f3leo e algum l\u00edquido corrosivo<\/td>\n<\/tr>\n<tr>\n<td width=\"200\">9. Operado<\/td>\n<td width=\"481\">Volante<\/td>\n<\/tr>\n<tr>\n<td width=\"200\">10. Inspe\u00e7\u00e3o e Teste<\/td>\n<td width=\"481\">De acordo com API598<\/td>\n<\/tr>\n<tr>\n<td width=\"200\"><strong>envio<\/strong><\/td>\n<td width=\"481\"><\/td>\n<\/tr>\n<tr>\n<td width=\"200\">Prazo de entrega<\/td>\n<td width=\"481\">30 dias<\/td>\n<\/tr>\n<tr>\n<td width=\"200\">Pacote<\/td>\n<td width=\"481\">Caixa de madeira compensada de exporta\u00e7\u00e3o padr\u00e3o<\/td>\n<\/tr>\n<tr>\n<td width=\"200\">Porto de embarque<\/td>\n<td width=\"481\">Ningbo\/Xangai, China<\/td>\n<\/tr>\n<tr>\n<td width=\"200\">Termos de envio<\/td>\n<td width=\"481\">Exw, FOB, CFR, CIF, etc.<\/td>\n<\/tr>\n<tr>\n<td width=\"200\">Termos de pagamento<\/td>\n<td width=\"481\">T\/T, Western Union, PayPal, etc.<\/td>\n<\/tr>\n<tr>\n<td width=\"200\"><\/td>\n<td width=\"481\">Pr\u00e9-pagamento 30%, saldo 70% pago antes do envio<\/td>\n<\/tr>\n<tr>\n<td width=\"200\">Pa\u00eds de origem<\/td>\n<td width=\"481\">Cidade de Wenzhou, China<\/td>\n<\/tr>\n<tr>\n<td width=\"200\">Capacidade de produ\u00e7\u00e3o<\/td>\n<td width=\"481\">6.000 toneladas\/ano<\/td>\n<\/tr>\n<tr>\n<td width=\"200\">Quantidade m\u00ednima<\/td>\n<td width=\"481\">1 pe\u00e7a\/tamanho<\/td>\n<\/tr>\n<\/tbody>\n<\/table>","protected":false},"excerpt":{"rendered":"<p>Modelo:Q14F-800LB-DN25<\/p>\n<p>Nossa v\u00e1lvula esf\u00e9rica de 3 vias de alta press\u00e3o adota um design de estrutura esf\u00e9rica flutuante de veda\u00e7\u00e3o de dois assentos, que tem as vantagens de apar\u00eancia requintada, bom desempenho de veda\u00e7\u00e3o, comuta\u00e7\u00e3o conveniente, controle conveniente de desvio m\u00e9dio e conflu\u00eancia na tubula\u00e7\u00e3o e macio ou duro personalizado selar de acordo com as condi\u00e7\u00f5es de trabalho do cliente. Forma (selagem suave para 200\u00b0C abaixo)<\/p>\n<p>Material de a\u00e7o forjado, v\u00e1lvula de esfera de tr\u00eas vias tipo T, pode se adaptar a altas temperaturas e altas temperaturas. Pode ser usado para desviar e mesclar o projeto no projeto. A v\u00e1lvula de esfera de tr\u00eas vias tipo T de a\u00e7o forjado pode ser aplicada em: petr\u00f3leo, qu\u00edmica, energia el\u00e9trica, farmac\u00eautica, etc. Campos, adequada para \u00e1gua, g\u00e1s, petr\u00f3leo, g\u00e1s natural e meios corrosivos \u00e1cido-alcalinos.<\/p>\n<p>Entre em contato com nosso sales@stvvalve.com para outros materiais e detalhes.<\/p>\n<p>Folha de data:<a href=\"https:\/\/www.stvvalves.com\/wp-content\/uploads\/2019\/02\/high-pressure-3-way-ball-valvet-type-dn25-800lb-Drawing.pdf\">V\u00e1lvula de esfera de 3 vias de alta press\u00e3o, tipo T, DN25.800LB<\/a><\/p>\n<p>&nbsp;<\/p>","protected":false},"featured_media":4393,"template":"","meta":[],"product_brand":[],"product_cat":[43,78,55,79],"product_tag":[171,552],"class_list":{"0":"post-4390","1":"product","2":"type-product","3":"status-publish","4":"has-post-thumbnail","6":"product_cat-ball-valve","7":"product_cat-floating-ball-valve","8":"product_cat-forged-steel-ball-valve","9":"product_cat-threaded-ball-valve","10":"product_tag-3-way-ball-valve","11":"product_tag-3-way-high-pressure-ball-valves","13":"first","14":"instock","15":"shipping-taxable","16":"product-type-simple"},"_links":{"self":[{"href":"https:\/\/www.stvvalves.com\/pt\/wp-json\/wp\/v2\/product\/4390","targetHints":{"allow":["GET"]}}],"collection":[{"href":"https:\/\/www.stvvalves.com\/pt\/wp-json\/wp\/v2\/product"}],"about":[{"href":"https:\/\/www.stvvalves.com\/pt\/wp-json\/wp\/v2\/types\/product"}],"wp:featuredmedia":[{"embeddable":true,"href":"https:\/\/www.stvvalves.com\/pt\/wp-json\/wp\/v2\/media\/4393"}],"wp:attachment":[{"href":"https:\/\/www.stvvalves.com\/pt\/wp-json\/wp\/v2\/media?parent=4390"}],"wp:term":[{"taxonomy":"product_brand","embeddable":true,"href":"https:\/\/www.stvvalves.com\/pt\/wp-json\/wp\/v2\/product_brand?post=4390"},{"taxonomy":"product_cat","embeddable":true,"href":"https:\/\/www.stvvalves.com\/pt\/wp-json\/wp\/v2\/product_cat?post=4390"},{"taxonomy":"product_tag","embeddable":true,"href":"https:\/\/www.stvvalves.com\/pt\/wp-json\/wp\/v2\/product_tag?post=4390"}],"curies":[{"name":"wp","href":"https:\/\/api.w.org\/{rel}","templated":true}]}}