{"id":4405,"date":"2019-02-28T05:18:57","date_gmt":"2019-02-28T05:18:57","guid":{"rendered":"https:\/\/www.stvvalves.com\/?post_type=product&#038;p=4405"},"modified":"2025-02-17T18:20:47","modified_gmt":"2025-02-17T10:20:47","slug":"api-602-swing-check-valve-pressure-seal-bonnet-1-inch-2500lb-sw-end","status":"publish","type":"product","link":"https:\/\/www.stvvalves.com\/pt\/products\/api-602-swing-check-valve-pressure-seal-bonnet-1-inch-2500lb-sw-end\/","title":{"rendered":"V\u00e1lvula de reten\u00e7\u00e3o girat\u00f3ria API 602, tampa de veda\u00e7\u00e3o de press\u00e3o, 1 polegada, 2500LB, extremidade SW"},"content":{"rendered":"<p>Caracter\u00edsticas de design:<\/p>\n<ul class=\"list-paddingleft-2\">\n<li>A\u00e7o Forjado, Pist\u00e3o, Esfera ou Tipo Swing<\/li>\n<li>Assento integral do corpo para v\u00e1lvulas de reten\u00e7\u00e3o de pist\u00e3o e esfera<\/li>\n<li>Projeto de anel de sede separado para v\u00e1lvulas de reten\u00e7\u00e3o de giro<\/li>\n<li>Junta enrolada em espiral ou junta de anel oval<\/li>\n<li>Furo reduzido ou porta completa,<\/li>\n<li>Padr\u00e3o T ou Padr\u00e3o Y,<\/li>\n<li>Soquete soldado, rosqueado, soldado de topo, extremidade flangeada.<\/li>\n<\/ul>\n<p>Especifica\u00e7\u00e3o:<\/p>\n<ul class=\"list-paddingleft-2\">\n<li>\u00a0API 602,ASME B16.34,BS 5352<\/li>\n<li>Teste de acordo com API 598<\/li>\n<li>Marca\u00e7\u00e3o para MSS SP25<\/li>\n<li>Extremidades soldadas por soquete conforme ASME B16.11<\/li>\n<li>Extremidades parafusadas conforme ASME B1.20.1<\/li>\n<li>Extremidades soldadas de topo conforme ASME B16.25<\/li>\n<li>Extremidades flangeadas conforme ASME B16.5<\/li>\n<\/ul>\n<p>&nbsp;<\/p>\n<table>\n<tbody>\n<tr>\n<td width=\"200\"><strong>Nome do Produto<\/strong><\/td>\n<td width=\"481\">V\u00e1lvula de reten\u00e7\u00e3o girat\u00f3ria API 602, tampa de veda\u00e7\u00e3o de press\u00e3o, 1 polegada, 2500LB, extremidade SW<\/td>\n<\/tr>\n<tr>\n<td width=\"200\">1. Materiais<\/td>\n<td width=\"481\">A105N<\/td>\n<\/tr>\n<tr>\n<td width=\"200\">2. Tamanho<\/td>\n<td width=\"481\">1\u201d<\/td>\n<\/tr>\n<tr>\n<td width=\"200\">4. Porto<\/td>\n<td width=\"481\">Porta Redutora<\/td>\n<\/tr>\n<tr>\n<td width=\"200\">5. Press\u00e3o de Trabalho<\/td>\n<td width=\"481\">2.500 libras<\/td>\n<\/tr>\n<tr>\n<td width=\"200\">6. Fim da conex\u00e3o<\/td>\n<td width=\"481\">SO<\/td>\n<\/tr>\n<tr>\n<td width=\"200\">7. Temperatura de trabalho.<\/td>\n<td width=\"481\">-29~425\u00baC,<\/td>\n<\/tr>\n<tr>\n<td width=\"200\">8. Meio Adequado<\/td>\n<td width=\"481\">\u00c1gua, G\u00e1s Natural, Petr\u00f3leo e algum l\u00edquido corrosivo<\/td>\n<\/tr>\n<tr>\n<td width=\"200\">9. Operado<\/td>\n<td width=\"481\">\/<\/td>\n<\/tr>\n<tr>\n<td width=\"200\">10. Inspe\u00e7\u00e3o e Teste<\/td>\n<td width=\"481\">De acordo com API598<\/td>\n<\/tr>\n<tr>\n<td width=\"200\"><strong>envio<\/strong><\/td>\n<td width=\"481\"><\/td>\n<\/tr>\n<tr>\n<td width=\"200\">Prazo de entrega<\/td>\n<td width=\"481\">30 dias<\/td>\n<\/tr>\n<tr>\n<td width=\"200\">Pacote<\/td>\n<td width=\"481\">Caixa de madeira compensada de exporta\u00e7\u00e3o padr\u00e3o<\/td>\n<\/tr>\n<tr>\n<td width=\"200\">Porto de embarque<\/td>\n<td width=\"481\">Ningbo\/Xangai, China<\/td>\n<\/tr>\n<tr>\n<td width=\"200\">Termos de envio<\/td>\n<td width=\"481\">Exw, FOB, CFR, CIF, etc.<\/td>\n<\/tr>\n<tr>\n<td width=\"200\">Termos de pagamento<\/td>\n<td width=\"481\">T\/T, Western Union, PayPal, etc.<\/td>\n<\/tr>\n<tr>\n<td width=\"200\"><\/td>\n<td width=\"481\">Pr\u00e9-pagamento 30%, saldo 70% pago antes do envio<\/td>\n<\/tr>\n<tr>\n<td width=\"200\">Pa\u00eds de origem<\/td>\n<td width=\"481\">Cidade de Wenzhou, China<\/td>\n<\/tr>\n<tr>\n<td width=\"200\">Capacidade de produ\u00e7\u00e3o<\/td>\n<td width=\"481\">6.000 toneladas\/ano<\/td>\n<\/tr>\n<tr>\n<td width=\"200\">Quantidade m\u00ednima<\/td>\n<td width=\"481\">1 pe\u00e7a\/tamanho<\/td>\n<\/tr>\n<\/tbody>\n<\/table>","protected":false},"excerpt":{"rendered":"<p>Modelo:H64Y-2500LB-DN25<\/p>\n<p>Nossa v\u00e1lvula de reten\u00e7\u00e3o oscilante API 602 refere-se a uma v\u00e1lvula que abre e fecha automaticamente a aba da v\u00e1lvula por meio do fluxo do pr\u00f3prio meio, e \u00e9 usada para evitar o refluxo do meio, tamb\u00e9m conhecida como v\u00e1lvula de reten\u00e7\u00e3o, v\u00e1lvula de reten\u00e7\u00e3o , uma v\u00e1lvula de fluxo reverso e uma v\u00e1lvula de contrapress\u00e3o. A v\u00e1lvula de reten\u00e7\u00e3o \u00e9 uma v\u00e1lvula autom\u00e1tica cuja principal fun\u00e7\u00e3o \u00e9 evitar o refluxo do meio, evitar a revers\u00e3o da bomba e do motor de acionamento e descarregar o meio do recipiente. A v\u00e1lvula de reten\u00e7\u00e3o tamb\u00e9m pode ser usada para fornecer uma linha na qual a press\u00e3o pode subir para um sistema auxiliar que excede a press\u00e3o do sistema. A v\u00e1lvula de reten\u00e7\u00e3o pode ser dividida principalmente em uma v\u00e1lvula de reten\u00e7\u00e3o tipo swing (rota\u00e7\u00e3o de acordo com o centro de gravidade) e uma v\u00e1lvula de reten\u00e7\u00e3o de eleva\u00e7\u00e3o (movendo-se ao longo do eixo).<\/p>\n<p>A fun\u00e7\u00e3o deste tipo de v\u00e1lvula \u00e9 permitir que o meio flua apenas em uma dire\u00e7\u00e3o e evitar que a dire\u00e7\u00e3o flua. Normalmente, a v\u00e1lvula \u00e9 operada automaticamente e a aba da v\u00e1lvula \u00e9 aberta pela press\u00e3o do fluido fluindo em uma dire\u00e7\u00e3o; quando o fluido flui na dire\u00e7\u00e3o oposta, a press\u00e3o do fluido e a aba da v\u00e1lvula de fechamento autom\u00e1tico do disco da v\u00e1lvula atuam na sede da v\u00e1lvula para interromper o fluxo. Entre elas, a v\u00e1lvula de reten\u00e7\u00e3o de rosca interna e a v\u00e1lvula de reten\u00e7\u00e3o borboleta pertencem a este tipo de v\u00e1lvula e incluem uma v\u00e1lvula de reten\u00e7\u00e3o tipo swing e uma v\u00e1lvula de reten\u00e7\u00e3o de eleva\u00e7\u00e3o. A v\u00e1lvula de reten\u00e7\u00e3o oscilante possui um mecanismo de dobradi\u00e7a e uma aba semelhante a uma porta que repousa livremente contra a superf\u00edcie inclinada da sede. A fim de garantir que a aba da v\u00e1lvula possa alcan\u00e7ar a posi\u00e7\u00e3o adequada da superf\u00edcie da sede da v\u00e1lvula a cada vez, a aba da v\u00e1lvula \u00e9 projetada no mecanismo de dobradi\u00e7a, de modo que a aba da v\u00e1lvula tenha espa\u00e7o de balan\u00e7o suficiente e a aba da v\u00e1lvula esteja verdadeira e abrangente em contato com a sede da v\u00e1lvula. As abas podem ser todas feitas de metal ou podem ser incrustadas com couro, borracha ou revestimentos sint\u00e9ticos, dependendo dos requisitos de desempenho. Com a v\u00e1lvula de reten\u00e7\u00e3o totalmente aberta, a press\u00e3o do fluido fica quase desimpedida, de modo que a queda de press\u00e3o na v\u00e1lvula \u00e9 relativamente pequena. A aba da v\u00e1lvula de reten\u00e7\u00e3o de eleva\u00e7\u00e3o est\u00e1 localizada na superf\u00edcie de veda\u00e7\u00e3o da sede da v\u00e1lvula do corpo da v\u00e1lvula. Al\u00e9m de a aba poder subir e descer livremente, a v\u00e1lvula \u00e9 como uma v\u00e1lvula de corte. A press\u00e3o do fluido faz com que a aba se levante da superf\u00edcie de veda\u00e7\u00e3o da sede. O refluxo do meio faz com que a aba caia de volta sobre a sede e interrompa o fluxo. Dependendo das condi\u00e7\u00f5es de uso, a aba pode ser totalmente met\u00e1lica ou pode ter a forma de borracha ou anel de borracha no suporte do disco da v\u00e1lvula. Assim como a v\u00e1lvula de corte, a passagem de fluido atrav\u00e9s da v\u00e1lvula de reten\u00e7\u00e3o de eleva\u00e7\u00e3o tamb\u00e9m \u00e9 estreita, de modo que a queda de press\u00e3o atrav\u00e9s da v\u00e1lvula de reten\u00e7\u00e3o de eleva\u00e7\u00e3o \u00e9 maior do que a da v\u00e1lvula de reten\u00e7\u00e3o de oscila\u00e7\u00e3o e a vaz\u00e3o da v\u00e1lvula de reten\u00e7\u00e3o de oscila\u00e7\u00e3o \u00e9 limitada . Muito poucos. Esta v\u00e1lvula \u00e9 usada em tubula\u00e7\u00f5es industriais como meio de evitar o refluxo do meio.<\/p>\n<p>Para saber mais sobre essas v\u00e1lvulas, entre em contato com nosso sales@stvvalve.com<br \/>\nFolha de data:<a href=\"https:\/\/www.stvvalves.com\/wp-content\/uploads\/2019\/02\/API-602-Swing-Check-Valve-Pressure-Seal-Bonnet-1-Inch-2500LB-drawing.pdf\">V\u00e1lvula de reten\u00e7\u00e3o girat\u00f3ria API 602, tampa de veda\u00e7\u00e3o de press\u00e3o, 1 polegada, 2500LB, extremidade SW<\/a><\/p>","protected":false},"featured_media":4406,"template":"","meta":[],"product_brand":[],"product_cat":[46,66],"product_tag":[448,559,561,560,562],"class_list":{"0":"post-4405","1":"product","2":"type-product","3":"status-publish","4":"has-post-thumbnail","6":"product_cat-check-valves","7":"product_cat-swing-check-valve","8":"product_tag-api-602-forged-valves","9":"product_tag-forged-steel-api-602-swing-check-valve","10":"product_tag-forged-steel-check-valve-manufacturer","11":"product_tag-forged-steel-check-valves","12":"product_tag-forged-swing-check-valves","14":"first","15":"instock","16":"shipping-taxable","17":"product-type-simple"},"_links":{"self":[{"href":"https:\/\/www.stvvalves.com\/pt\/wp-json\/wp\/v2\/product\/4405","targetHints":{"allow":["GET"]}}],"collection":[{"href":"https:\/\/www.stvvalves.com\/pt\/wp-json\/wp\/v2\/product"}],"about":[{"href":"https:\/\/www.stvvalves.com\/pt\/wp-json\/wp\/v2\/types\/product"}],"wp:featuredmedia":[{"embeddable":true,"href":"https:\/\/www.stvvalves.com\/pt\/wp-json\/wp\/v2\/media\/4406"}],"wp:attachment":[{"href":"https:\/\/www.stvvalves.com\/pt\/wp-json\/wp\/v2\/media?parent=4405"}],"wp:term":[{"taxonomy":"product_brand","embeddable":true,"href":"https:\/\/www.stvvalves.com\/pt\/wp-json\/wp\/v2\/product_brand?post=4405"},{"taxonomy":"product_cat","embeddable":true,"href":"https:\/\/www.stvvalves.com\/pt\/wp-json\/wp\/v2\/product_cat?post=4405"},{"taxonomy":"product_tag","embeddable":true,"href":"https:\/\/www.stvvalves.com\/pt\/wp-json\/wp\/v2\/product_tag?post=4405"}],"curies":[{"name":"wp","href":"https:\/\/api.w.org\/{rel}","templated":true}]}}