{"id":4413,"date":"2019-02-28T13:51:13","date_gmt":"2019-02-28T13:51:13","guid":{"rendered":"https:\/\/www.stvvalves.com\/?post_type=product&#038;p=4413"},"modified":"2025-02-17T18:20:44","modified_gmt":"2025-02-17T10:20:44","slug":"jis-10k-flange-y-strainer-dn80-cf8m-body-and-trim","status":"publish","type":"product","link":"https:\/\/www.stvvalves.com\/pt\/products\/jis-10k-flange-y-strainer-dn80-cf8m-body-and-trim\/","title":{"rendered":"Filtro de flange Y JIS 10K, DN80, corpo CF8M e guarni\u00e7\u00e3o"},"content":{"rendered":"<p>1.Tamanho: 1\/2\u2033~32\u2033 (DN15~DN800)<\/p>\n<p>2.Press\u00e3o de trabalho: 150Lb~600Lb PN10-PN40<\/p>\n<p>3.Temperatura de trabalho: -20\u00b0C~300\u00b0C<\/p>\n<p>4. Meio adequado:\u00c1gua<\/p>\n<p>5.Material de fundi\u00e7\u00e3o: WCB, WCC, C6, C12, LCB, LCC, CF8, CF3, CF8M, CF3M<\/p>\n<p>6. conex\u00e3o final: flange, soldagem de topo<\/p>\n<p><strong>Especifica\u00e7\u00e3o t\u00e9cnica:<\/strong><\/p>\n<p>A. Padr\u00e3o de design e fabrica\u00e7\u00e3o: ASME B16.34<\/p>\n<p>B. Cara a cara: Padr\u00e3o do fabricante ou conforme necessidade do cliente.<\/p>\n<p>Padr\u00e3o C.Flange: JIS B2220<\/p>\n<p>D: Padr\u00e3o de teste e inspe\u00e7\u00e3o: API 598<\/p>\n<p><img loading=\"lazy\" decoding=\"async\" class=\"alignnone size-full wp-image-4415\" src=\"https:\/\/www.stvvalves.com\/wp-content\/uploads\/2019\/02\/jis-10k-flange-y-strainer-dn80-cf8m-body-and-trim-drawing.jpg\" alt=\"\" width=\"2338\" height=\"1653\" srcset=\"https:\/\/www.stvvalves.com\/wp-content\/uploads\/2019\/02\/jis-10k-flange-y-strainer-dn80-cf8m-body-and-trim-drawing.jpg 2338w, https:\/\/www.stvvalves.com\/wp-content\/uploads\/2019\/02\/jis-10k-flange-y-strainer-dn80-cf8m-body-and-trim-drawing-600x424.jpg 600w, https:\/\/www.stvvalves.com\/wp-content\/uploads\/2019\/02\/jis-10k-flange-y-strainer-dn80-cf8m-body-and-trim-drawing-300x212.jpg 300w, https:\/\/www.stvvalves.com\/wp-content\/uploads\/2019\/02\/jis-10k-flange-y-strainer-dn80-cf8m-body-and-trim-drawing-768x543.jpg 768w, https:\/\/www.stvvalves.com\/wp-content\/uploads\/2019\/02\/jis-10k-flange-y-strainer-dn80-cf8m-body-and-trim-drawing-1030x728.jpg 1030w, https:\/\/www.stvvalves.com\/wp-content\/uploads\/2019\/02\/jis-10k-flange-y-strainer-dn80-cf8m-body-and-trim-drawing-1500x1061.jpg 1500w, https:\/\/www.stvvalves.com\/wp-content\/uploads\/2019\/02\/jis-10k-flange-y-strainer-dn80-cf8m-body-and-trim-drawing-260x185.jpg 260w, https:\/\/www.stvvalves.com\/wp-content\/uploads\/2019\/02\/jis-10k-flange-y-strainer-dn80-cf8m-body-and-trim-drawing-705x498.jpg 705w\" sizes=\"auto, (max-width: 2338px) 100vw, 2338px\" \/><\/p>","protected":false},"excerpt":{"rendered":"<p>Modelo:GL41H-JIS10K-CF8M<\/p>\n<p>Nosso filtro JIS 10K Flange Y \u00e9 um dispositivo de filtro indispens\u00e1vel para o transporte de meio. O filtro tipo Y \u00e9 geralmente instalado na extremidade de entrada da v\u00e1lvula redutora de press\u00e3o, v\u00e1lvula de al\u00edvio de press\u00e3o, v\u00e1lvula fixa de n\u00edvel de \u00e1gua ou outro equipamento para remover impurezas do meio. Para proteger o uso normal de v\u00e1lvulas e equipamentos. O filtro Y tipo Y possui caracter\u00edsticas de estrutura avan\u00e7ada, baixa resist\u00eancia e descarga de esgoto conveniente. O filtro tipo Y \u00e9 adequado para \u00e1gua, \u00f3leo e g\u00e1s.<\/p>\n<p>STV Valve Technology Group Co., Ltd \u00e9 um l\u00edder profissional China Filtro Y de flange JIS 10K, Filtro tipo flange Y, Filtro Y de extremidade flangeada de a\u00e7o inoxid\u00e1vel JIS 10K, fabricante de v\u00e1lvula de filtro de a\u00e7o inoxid\u00e1vel com alta qualidade e pre\u00e7o competitivo.<\/p>\n<p>Entre em contato com nosso sales@stvvalve.com para outros materiais e mais detalhes.<\/p>\n<p>Folha de data:<a href=\"https:\/\/www.stvvalves.com\/wp-content\/uploads\/2019\/02\/jis-10k-flange-y-strainer-dn80-cf8m-body-and-trim-drawing.pdf\">Filtro de flange Y JIS 10K, DN80, corpo CF8M e guarni\u00e7\u00e3o<\/a><\/p>","protected":false},"featured_media":4414,"template":"","meta":[],"product_brand":[],"product_cat":[85,48],"product_tag":[567,566,568,569,457],"class_list":{"0":"post-4413","1":"product","2":"type-product","3":"status-publish","4":"has-post-thumbnail","6":"product_cat-stainless-steel-y-type-strainer","7":"product_cat-y-strainer","8":"product_tag-jis-10k-flange-y-strainer","9":"product_tag-jis-10k-stainless-steel-flanged-end-y-strainer","10":"product_tag-jis10k-y-strainers","11":"product_tag-stainless-steel-strainer-valve","12":"product_tag-y-type-flange-end-strainers","14":"first","15":"instock","16":"shipping-taxable","17":"product-type-simple"},"_links":{"self":[{"href":"https:\/\/www.stvvalves.com\/pt\/wp-json\/wp\/v2\/product\/4413","targetHints":{"allow":["GET"]}}],"collection":[{"href":"https:\/\/www.stvvalves.com\/pt\/wp-json\/wp\/v2\/product"}],"about":[{"href":"https:\/\/www.stvvalves.com\/pt\/wp-json\/wp\/v2\/types\/product"}],"wp:featuredmedia":[{"embeddable":true,"href":"https:\/\/www.stvvalves.com\/pt\/wp-json\/wp\/v2\/media\/4414"}],"wp:attachment":[{"href":"https:\/\/www.stvvalves.com\/pt\/wp-json\/wp\/v2\/media?parent=4413"}],"wp:term":[{"taxonomy":"product_brand","embeddable":true,"href":"https:\/\/www.stvvalves.com\/pt\/wp-json\/wp\/v2\/product_brand?post=4413"},{"taxonomy":"product_cat","embeddable":true,"href":"https:\/\/www.stvvalves.com\/pt\/wp-json\/wp\/v2\/product_cat?post=4413"},{"taxonomy":"product_tag","embeddable":true,"href":"https:\/\/www.stvvalves.com\/pt\/wp-json\/wp\/v2\/product_tag?post=4413"}],"curies":[{"name":"wp","href":"https:\/\/api.w.org\/{rel}","templated":true}]}}