{"id":4424,"date":"2019-03-02T15:55:28","date_gmt":"2019-03-02T15:55:28","guid":{"rendered":"https:\/\/www.stvvalves.com\/?post_type=product&#038;p=4424"},"modified":"2025-02-17T18:20:41","modified_gmt":"2025-02-17T10:20:41","slug":"3pc-peek-seat-ball-valve-800lb-f316-body-316-trim-3-inch-sw-end","status":"publish","type":"product","link":"https:\/\/www.stvvalves.com\/pt\/products\/3pc-peek-seat-ball-valve-800lb-f316-body-316-trim-3-inch-sw-end\/","title":{"rendered":"V\u00e1lvula esf\u00e9rica de assento 3PC Peek, 800LB, corpo F316, guarni\u00e7\u00e3o 316, 3 polegadas, extremidade SW"},"content":{"rendered":"<p>Tamanho: 1\/2\u2033-2\u2033<\/p>\n<p>Press\u00e3o Normal: 800-2500LB<\/p>\n<p>FP. Projeto de porta completa \/ RP. Porto Regular \/ Porto Reduzido<\/p>\n<p>3 pe\u00e7as\/corpo dividido, bola flutuante<\/p>\n<p>Haste \u00e0 prova de explos\u00e3o<\/p>\n<p>NPT, BSPP, solda de soquete, solda de topo, face elevada<\/p>\n<p>Almofada de montagem CAPI\/ISO5211<\/p>\n<p>N\u00edvel ou engrenagem helicoidal<\/p>\n<p>Especifica\u00e7\u00f5es<\/p>\n<p>Padr\u00e3o de design e fabrica\u00e7\u00e3o: API 608, API 607, API 6D, BS 5351<\/p>\n<p>Padr\u00e3o Cara a Cara: API B16.10,API 6D,DIN 3202<br \/>\nPadr\u00e3o de conex\u00e3o final: NPT, BSP, BSPT, DIN259\/2999<\/p>\n<p>Padr\u00e3o de teste: ISO5208, API 6D, BS 6755, API598<br \/>\nMaterial do corpo: A105, F304, F316<\/p>\n<p>Assento: RPTFE, PPL, Nylon, PEEK<\/p>\n<p>Temperatura de trabalho:-40-180\u2103<\/p>\n<p>Adequado: \u00e1gua, \u00f3leo, g\u00e1s<\/p>\n<p>&nbsp;<\/p>\n<table>\n<tbody>\n<tr>\n<td width=\"200\"><strong>Nome do Produto<\/strong><\/td>\n<td width=\"481\">V\u00e1lvula esf\u00e9rica de assento 3PC Peek, 800LB, corpo F316, guarni\u00e7\u00e3o 316, 3 polegadas, extremidade SW<\/td>\n<\/tr>\n<tr>\n<td width=\"200\">1. Materiais<\/td>\n<td width=\"481\">F316<\/td>\n<\/tr>\n<tr>\n<td width=\"200\">2. Tamanho<\/td>\n<td width=\"481\">3\u201d<\/td>\n<\/tr>\n<tr>\n<td width=\"200\">4. Porto<\/td>\n<td width=\"481\">Porto completo<\/td>\n<\/tr>\n<tr>\n<td width=\"200\">5. Press\u00e3o de Trabalho<\/td>\n<td width=\"481\">800 libras<\/td>\n<\/tr>\n<tr>\n<td width=\"200\">6. Fim da conex\u00e3o<\/td>\n<td width=\"481\">SO<\/td>\n<\/tr>\n<tr>\n<td width=\"200\">7. Temperatura de trabalho.<\/td>\n<td width=\"481\">-29~180\u00baC,<\/td>\n<\/tr>\n<tr>\n<td width=\"200\">8. Meio Adequado<\/td>\n<td width=\"481\">\u00c1gua, G\u00e1s Natural, Petr\u00f3leo e algum l\u00edquido corrosivo<\/td>\n<\/tr>\n<tr>\n<td width=\"200\">9. Operado<\/td>\n<td width=\"481\">Volante<\/td>\n<\/tr>\n<tr>\n<td width=\"200\">10. Inspe\u00e7\u00e3o e Teste<\/td>\n<td width=\"481\">De acordo com API598<\/td>\n<\/tr>\n<tr>\n<td width=\"200\"><strong>envio<\/strong><\/td>\n<td width=\"481\"><\/td>\n<\/tr>\n<tr>\n<td width=\"200\">Prazo de entrega<\/td>\n<td width=\"481\">30 dias<\/td>\n<\/tr>\n<tr>\n<td width=\"200\">Pacote<\/td>\n<td width=\"481\">Caixa de madeira compensada de exporta\u00e7\u00e3o padr\u00e3o<\/td>\n<\/tr>\n<tr>\n<td width=\"200\">Porto de embarque<\/td>\n<td width=\"481\">Ningbo\/Xangai, China<\/td>\n<\/tr>\n<tr>\n<td width=\"200\">Termos de envio<\/td>\n<td width=\"481\">Exw, FOB, CFR, CIF, etc.<\/td>\n<\/tr>\n<tr>\n<td width=\"200\">Termos de pagamento<\/td>\n<td width=\"481\">T\/T, Western Union, PayPal, etc.<\/td>\n<\/tr>\n<tr>\n<td width=\"200\"><\/td>\n<td width=\"481\">Pr\u00e9-pagamento 30%, saldo 70% pago antes do envio<\/td>\n<\/tr>\n<tr>\n<td width=\"200\">Pa\u00eds de origem<\/td>\n<td width=\"481\">Cidade de Wenzhou, China<\/td>\n<\/tr>\n<tr>\n<td width=\"200\">Capacidade de produ\u00e7\u00e3o<\/td>\n<td width=\"481\">6.000 toneladas\/ano<\/td>\n<\/tr>\n<tr>\n<td width=\"200\">Quantidade m\u00ednima<\/td>\n<td width=\"481\">1 pe\u00e7a\/tamanho<\/td>\n<\/tr>\n<\/tbody>\n<\/table>","protected":false},"excerpt":{"rendered":"<p>Modelo:Q11F-800LB-3\u2033<\/p>\n<p>O princ\u00edpio de funcionamento da v\u00e1lvula esf\u00e9rica 3PC Peek Seat \u00e9 girar a haste da v\u00e1lvula para desbloque\u00e1-la ou obstru\u00ed-la. Pode ser uma v\u00e1lvula de esfera de passagem total, \u00e2ngulo de 90 \u00b0 C, o interruptor da v\u00e1lvula de esfera \u00e9 leve, pequeno em tamanho, pode ser feito em grande di\u00e2metro, confi\u00e1vel na veda\u00e7\u00e3o, estrutura simples, conveniente na manuten\u00e7\u00e3o, superf\u00edcie de veda\u00e7\u00e3o e superf\u00edcie esf\u00e9rica s\u00e3o frequentemente fechado, n\u00e3o facilmente corro\u00eddo pelo meio, em v\u00e1rios setores. Obtenha uma ampla gama de aplica\u00e7\u00f5es. Caracter\u00edsticas: estrutura do corpo de 3 pe\u00e7as, vaz\u00e3o total de 1\/2 \u2033 a 2 \u2033 press\u00e3o 800 lb (2.000 psi) A extremidade roscada pode ser feita de acordo com: BSPT, NPT, porta de soldagem de soquete DIN2999: o design da estrutura \u00e0 prova de fogo ANSI 16.11 pode ser antiest\u00e1tico .<\/p>\n<p>STV Valve Technology Group Co., Ltd \u00e9 um l\u00edder profissional China 3PC Peek Seat Ball Valve, 800lb v\u00e1lvula de esfera de a\u00e7o forjado A105N, 3pc v\u00e1lvula de esfera de a\u00e7o forjado de tamanho pequeno, 3pc NPT thread end V\u00e1lvula de esfera de 800lb, 3 pc v\u00e1lvula de esfera de alta press\u00e3o, 3pc fabricante de v\u00e1lvula de esfera de a\u00e7o forjado de tamanho pequeno com alta qualidade e pre\u00e7o competitivo. Bem-vindo a entrar em contato conosco!<\/p>\n<p>Entre em contato com nosso sales@stvvalve.com para outros materiais e detalhes.<\/p>\n<p>Folha de data:<a href=\"https:\/\/www.stvvalves.com\/wp-content\/uploads\/2019\/03\/3pc-peek-seat-ball-valve-800lb-f316-body-316-trim-3-inch-sw-end-drawing.pdf\">V\u00e1lvula esf\u00e9rica de assento 3PC Peek, 800LB, corpo F316, guarni\u00e7\u00e3o 316, 3 polegadas, extremidade SW<\/a><\/p>","protected":false},"featured_media":4427,"template":"","meta":[],"product_brand":[],"product_cat":[43,78,55],"product_tag":[579,575,577,578,580,576],"class_list":{"0":"post-4424","1":"product","2":"type-product","3":"status-publish","4":"has-post-thumbnail","6":"product_cat-ball-valve","7":"product_cat-floating-ball-valve","8":"product_cat-forged-steel-ball-valve","9":"product_tag-3-pc-high-pressure-ball-valve","10":"product_tag-3-piece-ball-valves","11":"product_tag-3pc-forged-steel-small-size-ball-valve","12":"product_tag-3pc-npt-thread-end-800lb-ball-valve","13":"product_tag-3pc-small-size-forged-steel-ball-valve-manufacturer","14":"product_tag-800lb-forged-steel-a105n-ball-valve","16":"first","17":"instock","18":"shipping-taxable","19":"product-type-simple"},"_links":{"self":[{"href":"https:\/\/www.stvvalves.com\/pt\/wp-json\/wp\/v2\/product\/4424","targetHints":{"allow":["GET"]}}],"collection":[{"href":"https:\/\/www.stvvalves.com\/pt\/wp-json\/wp\/v2\/product"}],"about":[{"href":"https:\/\/www.stvvalves.com\/pt\/wp-json\/wp\/v2\/types\/product"}],"wp:featuredmedia":[{"embeddable":true,"href":"https:\/\/www.stvvalves.com\/pt\/wp-json\/wp\/v2\/media\/4427"}],"wp:attachment":[{"href":"https:\/\/www.stvvalves.com\/pt\/wp-json\/wp\/v2\/media?parent=4424"}],"wp:term":[{"taxonomy":"product_brand","embeddable":true,"href":"https:\/\/www.stvvalves.com\/pt\/wp-json\/wp\/v2\/product_brand?post=4424"},{"taxonomy":"product_cat","embeddable":true,"href":"https:\/\/www.stvvalves.com\/pt\/wp-json\/wp\/v2\/product_cat?post=4424"},{"taxonomy":"product_tag","embeddable":true,"href":"https:\/\/www.stvvalves.com\/pt\/wp-json\/wp\/v2\/product_tag?post=4424"}],"curies":[{"name":"wp","href":"https:\/\/api.w.org\/{rel}","templated":true}]}}