{"id":4431,"date":"2019-03-04T05:18:15","date_gmt":"2019-03-04T05:18:15","guid":{"rendered":"https:\/\/www.stvvalves.com\/?post_type=product&#038;p=4431"},"modified":"2025-02-17T18:20:40","modified_gmt":"2025-02-17T10:20:40","slug":"forged-steel-piston-check-valve-dn25-150lb-welding-flange","status":"publish","type":"product","link":"https:\/\/www.stvvalves.com\/pt\/products\/forged-steel-piston-check-valve-dn25-150lb-welding-flange\/","title":{"rendered":"V\u00e1lvula de reten\u00e7\u00e3o de pist\u00e3o de a\u00e7o forjado, DN25,150LB, flange de soldagem"},"content":{"rendered":"<p>Caracter\u00edsticas de design:<\/p>\n<ul class=\"list-paddingleft-2\">\n<li>A\u00e7o Forjado, Pist\u00e3o, Esfera ou Tipo Swing<\/li>\n<li>Assento integral do corpo para v\u00e1lvulas de reten\u00e7\u00e3o de pist\u00e3o e esfera<\/li>\n<li>Projeto de anel de sede separado para v\u00e1lvulas de reten\u00e7\u00e3o de giro<\/li>\n<li>Junta enrolada em espiral ou junta de anel oval<\/li>\n<li>Furo reduzido ou porta completa,<\/li>\n<li>Padr\u00e3o T ou Padr\u00e3o Y,<\/li>\n<li>Soquete soldado, rosqueado, soldado de topo, extremidade flangeada.<\/li>\n<\/ul>\n<p>Especifica\u00e7\u00e3o:<\/p>\n<ul class=\"list-paddingleft-2\">\n<li>\u00a0API 602,ASME B16.34,BS 5352<\/li>\n<li>Teste de acordo com API 598<\/li>\n<li>Marca\u00e7\u00e3o para MSS SP25<\/li>\n<li>Extremidades soldadas por soquete conforme ASME B16.11<\/li>\n<li>Extremidades parafusadas conforme ASME B1.20.1<\/li>\n<li>Extremidades soldadas de topo conforme ASME B16.25<\/li>\n<li>Extremidades flangeadas conforme ASME B16.5<\/li>\n<li>\n<table>\n<tbody>\n<tr>\n<td width=\"200\"><strong>Nome do Produto<\/strong><\/td>\n<td width=\"481\">V\u00e1lvula de reten\u00e7\u00e3o de pist\u00e3o de a\u00e7o forjado, DN25,150LB, flange de soldagem<\/td>\n<\/tr>\n<tr>\n<td width=\"200\">1. Materiais<\/td>\n<td width=\"481\">A105N<\/td>\n<\/tr>\n<tr>\n<td width=\"200\">2. Tamanho<\/td>\n<td width=\"481\">1\u201d<\/td>\n<\/tr>\n<tr>\n<td width=\"200\">4. Porto<\/td>\n<td width=\"481\">Porta Redutora<\/td>\n<\/tr>\n<tr>\n<td width=\"200\">5. Press\u00e3o de Trabalho<\/td>\n<td width=\"481\">150 libras<\/td>\n<\/tr>\n<tr>\n<td width=\"200\">6. Fim da conex\u00e3o<\/td>\n<td width=\"481\">RF<\/td>\n<\/tr>\n<tr>\n<td width=\"200\">7. Temperatura de trabalho.<\/td>\n<td width=\"481\">-29~425\u00baC,<\/td>\n<\/tr>\n<tr>\n<td width=\"200\">8. Meio Adequado<\/td>\n<td width=\"481\">\u00c1gua, G\u00e1s Natural, Petr\u00f3leo e algum l\u00edquido corrosivo<\/td>\n<\/tr>\n<tr>\n<td width=\"200\">9. Operado<\/td>\n<td width=\"481\">\/<\/td>\n<\/tr>\n<tr>\n<td width=\"200\">10. Inspe\u00e7\u00e3o e Teste<\/td>\n<td width=\"481\">De acordo com API 598<\/td>\n<\/tr>\n<tr>\n<td width=\"200\"><strong>envio<\/strong><\/td>\n<td width=\"481\"><\/td>\n<\/tr>\n<tr>\n<td width=\"200\">Prazo de entrega<\/td>\n<td width=\"481\">30 dias<\/td>\n<\/tr>\n<tr>\n<td width=\"200\">Pacote<\/td>\n<td width=\"481\">Caixa de madeira compensada de exporta\u00e7\u00e3o padr\u00e3o<\/td>\n<\/tr>\n<tr>\n<td width=\"200\">Porto de embarque<\/td>\n<td width=\"481\">Ningbo\/Xangai, China<\/td>\n<\/tr>\n<tr>\n<td width=\"200\">Termos de envio<\/td>\n<td width=\"481\">Exw, FOB, CFR, CIF, etc.<\/td>\n<\/tr>\n<tr>\n<td width=\"200\">Termos de pagamento<\/td>\n<td width=\"481\">T\/T, Western Union, PayPal, etc.<\/td>\n<\/tr>\n<tr>\n<td width=\"200\"><\/td>\n<td width=\"481\">Pr\u00e9-pagamento 30%, saldo 70% pago antes do envio<\/td>\n<\/tr>\n<tr>\n<td width=\"200\">Pa\u00eds de origem<\/td>\n<td width=\"481\">Cidade de Wenzhou, China<\/td>\n<\/tr>\n<tr>\n<td width=\"200\">Capacidade de produ\u00e7\u00e3o<\/td>\n<td width=\"481\">6.000 toneladas\/ano<\/td>\n<\/tr>\n<tr>\n<td width=\"200\">Quantidade m\u00ednima<\/td>\n<td width=\"481\">10 unidades\/tamanho<\/td>\n<\/tr>\n<\/tbody>\n<\/table>\n<\/li>\n<\/ul>","protected":false},"excerpt":{"rendered":"<p>Modelo:H41H-150LB-DN25<\/p>\n<p>A v\u00e1lvula de reten\u00e7\u00e3o de pist\u00e3o de a\u00e7o forjado \u00e9 uma v\u00e1lvula multifuncional que combina as fun\u00e7\u00f5es de v\u00e1lvula de corte e v\u00e1lvula de reten\u00e7\u00e3o. Como as duas v\u00e1lvulas s\u00e3o combinadas, o uso de v\u00e1lvulas de reten\u00e7\u00e3o de a\u00e7o forjado pode reduzir significativamente os custos de instala\u00e7\u00e3o e o espa\u00e7o f\u00edsico.<\/p>\n<p>STV Valve Technology Group Co., Ltd \u00e9 um l\u00edder profissional China V\u00e1lvula de reten\u00e7\u00e3o de pist\u00e3o de a\u00e7o forjado, V\u00e1lvula de reten\u00e7\u00e3o de a\u00e7o forjado API 602, V\u00e1lvula de reten\u00e7\u00e3o de a\u00e7o forjado F304, V\u00e1lvula de reten\u00e7\u00e3o de giro F22 forjada, V\u00e1lvula de reten\u00e7\u00e3o de cap\u00f4 soldado, Fabricante de v\u00e1lvula de reten\u00e7\u00e3o flangeada de a\u00e7o forjado com alta qualidade e pre\u00e7o competitivo.<\/p>\n<p>Para saber mais sobre essas v\u00e1lvulas, entre em contato com nosso sales@stvvalve.com<br \/>\nFolha de data:\u00a0<a href=\"https:\/\/www.stvvalves.com\/wp-content\/uploads\/2019\/03\/forged-steel-piston-check-valvedn25-150lb-welding-flange-drawing.pdf\">\u00a0V\u00e1lvula de reten\u00e7\u00e3o de pist\u00e3o de a\u00e7o forjado, DN25,150LB, flange de soldagem<\/a><\/p>\n<p>&nbsp;<\/p>","protected":false},"featured_media":4432,"template":"","meta":[],"product_brand":[],"product_cat":[46,66],"product_tag":[582,216,303,215,583],"class_list":{"0":"post-4431","1":"product","2":"type-product","3":"status-publish","4":"has-post-thumbnail","6":"product_cat-check-valves","7":"product_cat-swing-check-valve","8":"product_tag-api-602-forged-steel-check-valve","9":"product_tag-api-602-piston-check-valve","10":"product_tag-forged-steel-check-valve","11":"product_tag-forged-steel-piston-check-valve","12":"product_tag-piston-check-valve","14":"first","15":"instock","16":"shipping-taxable","17":"product-type-simple"},"_links":{"self":[{"href":"https:\/\/www.stvvalves.com\/pt\/wp-json\/wp\/v2\/product\/4431","targetHints":{"allow":["GET"]}}],"collection":[{"href":"https:\/\/www.stvvalves.com\/pt\/wp-json\/wp\/v2\/product"}],"about":[{"href":"https:\/\/www.stvvalves.com\/pt\/wp-json\/wp\/v2\/types\/product"}],"wp:featuredmedia":[{"embeddable":true,"href":"https:\/\/www.stvvalves.com\/pt\/wp-json\/wp\/v2\/media\/4432"}],"wp:attachment":[{"href":"https:\/\/www.stvvalves.com\/pt\/wp-json\/wp\/v2\/media?parent=4431"}],"wp:term":[{"taxonomy":"product_brand","embeddable":true,"href":"https:\/\/www.stvvalves.com\/pt\/wp-json\/wp\/v2\/product_brand?post=4431"},{"taxonomy":"product_cat","embeddable":true,"href":"https:\/\/www.stvvalves.com\/pt\/wp-json\/wp\/v2\/product_cat?post=4431"},{"taxonomy":"product_tag","embeddable":true,"href":"https:\/\/www.stvvalves.com\/pt\/wp-json\/wp\/v2\/product_tag?post=4431"}],"curies":[{"name":"wp","href":"https:\/\/api.w.org\/{rel}","templated":true}]}}