{"id":4448,"date":"2019-03-15T09:51:54","date_gmt":"2019-03-15T09:51:54","guid":{"rendered":"https:\/\/www.stvvalves.com\/?post_type=product&#038;p=4448"},"modified":"2025-02-17T18:20:09","modified_gmt":"2025-02-17T10:20:09","slug":"high-pressure-globe-valve-2500lb-f22-body-304-trim-sw-end","status":"publish","type":"product","link":"https:\/\/www.stvvalves.com\/pt\/products\/high-pressure-globe-valve-2500lb-f22-body-304-trim-sw-end\/","title":{"rendered":"V\u00e1lvula globo de alta press\u00e3o, 2500LB, corpo F22, guarni\u00e7\u00e3o 304, SW END"},"content":{"rendered":"<p>Projeto e fabrica\u00e7\u00e3o de acordo com: API 602\/MSS SP-118<\/p>\n<p>Cara a Cara de acordo com: ASME B16.10<\/p>\n<p>Dimens\u00f5es do flange de acordo com: ASME B16.5<\/p>\n<p>Press\u00e3o e temperatura de acordo com: ASME B16.34<\/p>\n<p>Teste e inspe\u00e7\u00e3o de acordo com: API 6D \/ API 598<\/p>\n<p>Inspe\u00e7\u00e3o Visual de acordo com: MSS SP-55<\/p>\n<p>Marca\u00e7\u00e3o de acordo com: MSS SP-25<\/p>\n<p>Caracter\u00edsticas principais:<br \/>\nOperador de volante<br \/>\nCastelo de veda\u00e7\u00e3o, castelo de solda, castelo de parafuso.<br \/>\nParafusado BSP, NPT ou solda de soquete.<br \/>\nTamanhos 1\/2\u2033 a 2\u2033<br \/>\nMaterial: A105\u3001LF2\u3001F5\u3001F11\u3001F22\u3001304\u3001316\u3001316L etc.<br \/>\nFaixa de temperatura: -29\u00b0C a 560\u00b0C<br \/>\nPress\u00e3o at\u00e9 420bar (150LB-2500LB)<\/p>\n<table>\n<tbody>\n<tr>\n<td width=\"200\"><strong><b>Nome do Produto<\/b><\/strong><\/td>\n<td width=\"481\">V\u00e1lvula globo de alta press\u00e3o, 2500LB, corpo F22, guarni\u00e7\u00e3o 304, SW END<\/td>\n<\/tr>\n<tr>\n<td width=\"200\">1. Materiais<\/td>\n<td width=\"481\">A105\u3001LF2\u3001F5\u3001F11\u3001F22\u3001304\u3001316\u3001316L etc.<\/td>\n<\/tr>\n<tr>\n<td width=\"200\">2. Tamanho<\/td>\n<td width=\"481\">1\/2\u201d~2\u201d (DN15~DN50)<\/td>\n<\/tr>\n<tr>\n<td width=\"200\">4. Porto<\/td>\n<td width=\"481\">Porta Redutora ou Porta Completa<\/td>\n<\/tr>\n<tr>\n<td width=\"200\">5. Press\u00e3o de Trabalho<\/td>\n<td width=\"481\">150 libras ~ 2500 libras<\/td>\n<\/tr>\n<tr>\n<td width=\"200\">6. Fim da conex\u00e3o<\/td>\n<td width=\"481\">BSP, NPT ou soquete Weld.Butt-Weld<\/td>\n<\/tr>\n<tr>\n<td width=\"200\">7. Temperatura de trabalho.<\/td>\n<td width=\"481\">-29~425\u00baC, ou de acordo com as necessidades do cliente para diferentes ind\u00fastrias.<\/td>\n<\/tr>\n<tr>\n<td width=\"200\">8. Meio Adequado<\/td>\n<td width=\"481\">\u00c1gua, G\u00e1s Natural, Petr\u00f3leo e algum l\u00edquido corrosivo<\/td>\n<\/tr>\n<tr>\n<td width=\"200\">9. Operado<\/td>\n<td width=\"481\">Volante<\/td>\n<\/tr>\n<tr>\n<td width=\"200\">10. Inspe\u00e7\u00e3o e Teste<\/td>\n<td width=\"481\">De acordo com API598<\/td>\n<\/tr>\n<tr>\n<td width=\"200\"><strong><b>envio<\/b><\/strong><\/td>\n<td width=\"481\"><\/td>\n<\/tr>\n<tr>\n<td width=\"200\">Prazo de entrega<\/td>\n<td width=\"481\">15~20 dias<\/td>\n<\/tr>\n<tr>\n<td width=\"200\">Pacote<\/td>\n<td width=\"481\">Caixa de madeira compensada de exporta\u00e7\u00e3o padr\u00e3o<\/td>\n<\/tr>\n<tr>\n<td width=\"200\">Porto de embarque<\/td>\n<td width=\"481\">Ningbo\/Xangai, China<\/td>\n<\/tr>\n<tr>\n<td width=\"200\">Termos de envio<\/td>\n<td width=\"481\">Exw, FOB, CFR, CIF, etc.<\/td>\n<\/tr>\n<tr>\n<td width=\"200\">Termos de pagamento<\/td>\n<td width=\"481\">T\/T, Western Union, PayPal, etc.<\/td>\n<\/tr>\n<tr>\n<td width=\"200\"><\/td>\n<td width=\"481\">Pr\u00e9-pagamento 30%, saldo 70% pago antes do envio<\/td>\n<\/tr>\n<tr>\n<td width=\"200\">Pa\u00eds de origem<\/td>\n<td width=\"481\">Cidade de Wenzhou, China<\/td>\n<\/tr>\n<tr>\n<td width=\"200\">Capacidade de produ\u00e7\u00e3o<\/td>\n<td width=\"481\">6.000 toneladas\/ano<\/td>\n<\/tr>\n<tr>\n<td width=\"200\">Quantidade m\u00ednima<\/td>\n<td width=\"481\">10 unidades\/tamanho<\/td>\n<\/tr>\n<\/tbody>\n<\/table>","protected":false},"excerpt":{"rendered":"<p>Modelo: J61Y-2500LB-F22-03<\/p>\n<p>Nossa v\u00e1lvula globo de alta press\u00e3o \u00e9 uma v\u00e1lvula globo de a\u00e7o forjado autovedante de press\u00e3o. Esta v\u00e1lvula projetada nesta forma de conex\u00e3o possui conex\u00e3o roscada entre o corpo da v\u00e1lvula e a tampa da v\u00e1lvula. o anel autovedante de press\u00e3o interna \u00e9 selado. quanto maior a press\u00e3o interna, melhor ser\u00e1 o desempenho da veda\u00e7\u00e3o.<\/p>\n<p>STV Valve Technology Group Co., Ltd \u00e9 um l\u00edder profissional China V\u00e1lvula globo de alta press\u00e3o, V\u00e1lvula globo de a\u00e7o carbono forjado, V\u00e1lvula globo API 602, V\u00e1lvula globo de a\u00e7o forjado API 602, V\u00e1lvula globo 2500LB, Fabricante de V\u00e1lvula globo F22 com alta qualidade e pre\u00e7o competitivo .<\/p>\n<p>Entre em contato com nosso sales@stvvalve.com para outros materiais e detalhes.<\/p>\n<p>Folha de data:<a href=\"https:\/\/www.stvvalves.com\/wp-content\/uploads\/2019\/03\/High-Pressure-Globe-Valve-2500LB-F22-Body-304-Trim-SW-END-drawing.pdf\">V\u00e1lvula globo de alta press\u00e3o, 2500LB, corpo F22, guarni\u00e7\u00e3o 304, SW END<\/a><\/p>","protected":false},"featured_media":4452,"template":"","meta":[],"product_brand":[],"product_cat":[64,45],"product_tag":[210,592,591,590,589],"class_list":{"0":"post-4448","1":"product","2":"type-product","3":"status-publish","4":"has-post-thumbnail","6":"product_cat-foreged-steel-globe-valve","7":"product_cat-globe-valve","8":"product_tag-2500lb-globe-valve","9":"product_tag-dn20-globe-valve","10":"product_tag-f22-globe-valve","11":"product_tag-high-pressure-globe-valves","12":"product_tag-pressure-seal-globe-valves","14":"first","15":"instock","16":"shipping-taxable","17":"product-type-simple"},"_links":{"self":[{"href":"https:\/\/www.stvvalves.com\/pt\/wp-json\/wp\/v2\/product\/4448","targetHints":{"allow":["GET"]}}],"collection":[{"href":"https:\/\/www.stvvalves.com\/pt\/wp-json\/wp\/v2\/product"}],"about":[{"href":"https:\/\/www.stvvalves.com\/pt\/wp-json\/wp\/v2\/types\/product"}],"wp:featuredmedia":[{"embeddable":true,"href":"https:\/\/www.stvvalves.com\/pt\/wp-json\/wp\/v2\/media\/4452"}],"wp:attachment":[{"href":"https:\/\/www.stvvalves.com\/pt\/wp-json\/wp\/v2\/media?parent=4448"}],"wp:term":[{"taxonomy":"product_brand","embeddable":true,"href":"https:\/\/www.stvvalves.com\/pt\/wp-json\/wp\/v2\/product_brand?post=4448"},{"taxonomy":"product_cat","embeddable":true,"href":"https:\/\/www.stvvalves.com\/pt\/wp-json\/wp\/v2\/product_cat?post=4448"},{"taxonomy":"product_tag","embeddable":true,"href":"https:\/\/www.stvvalves.com\/pt\/wp-json\/wp\/v2\/product_tag?post=4448"}],"curies":[{"name":"wp","href":"https:\/\/api.w.org\/{rel}","templated":true}]}}