{"id":4456,"date":"2019-03-18T02:04:31","date_gmt":"2019-03-18T02:04:31","guid":{"rendered":"https:\/\/www.stvvalves.com\/?post_type=product&#038;p=4456"},"modified":"2025-02-17T18:20:08","modified_gmt":"2025-02-17T10:20:08","slug":"stainless-steel-flanged-ball-valve-dn-25-150lb-3-piece","status":"publish","type":"product","link":"https:\/\/www.stvvalves.com\/pt\/products\/stainless-steel-flanged-ball-valve-dn-25-150lb-3-piece\/","title":{"rendered":"V\u00e1lvula de esfera flangeada de a\u00e7o inoxid\u00e1vel, DN 25.150LB, 3 pe\u00e7as"},"content":{"rendered":"<p>V\u00e1lvula de esfera flangeada de a\u00e7o inoxid\u00e1vel, DN 25.150LB, 3 pe\u00e7as<\/p>\n<p>Corpo de fundi\u00e7\u00e3o de investimento de v\u00e1lvula de esfera flangeada de tr\u00eas pe\u00e7as, v\u00e1lvula de esfera flangeada de tr\u00eas pe\u00e7as forte e dur\u00e1vel, resistente \u00e0 corros\u00e3o<br \/>\nA\u00e7o inoxid\u00e1vel<br \/>\nAISI-316 (DIN 1.4408) (ASTM-A351-CF8M)<br \/>\nAISI-304 (DIN 1.4308) (ASTM-A351-CF8)<br \/>\nCaracter\u00edsticas:<br \/>\nFlange: DIN 2635 PN40<br \/>\nCara a cara: DIN 3202 F1<br \/>\nClassifica\u00e7\u00e3o de press\u00e3o: PN40<br \/>\nHaste \u00e0 prova de explos\u00e3o<br \/>\nCorpo e tampa de fundi\u00e7\u00e3o de precis\u00e3o<br \/>\nHaste \u00e0 prova de explos\u00e3o<br \/>\nTipos de conex\u00e3o: extremidade do flange<br \/>\nAlmofada de montagem direta ISO 5211<br \/>\nPadr\u00f5es de extremidade do flange: ASME b16.5 classe 150\/300lb e DIN PN10-PN40, JIS B2220 10\/20K<br \/>\nTeste e inspe\u00e7\u00e3o: API 598, EN 12266<br \/>\nFaixa de tamanho: NPS 1\/2 a 4\u2033, DN15 a 100<br \/>\nMeio de trabalho: \u00e1gua, \u00f3leo, g\u00e1s, linha de produ\u00e7\u00e3o de \u00e1cido<\/p>\n<p>&nbsp;<\/p>\n<table>\n<tbody>\n<tr>\n<td width=\"200\"><strong>Nome do Produto<\/strong><\/td>\n<td width=\"481\">V\u00e1lvula de esfera flangeada de a\u00e7o inoxid\u00e1vel, DN 25.150LB, 3 pe\u00e7as<\/td>\n<\/tr>\n<tr>\n<td width=\"200\">1. Materiais<\/td>\n<td width=\"481\">CF8M<\/td>\n<\/tr>\n<tr>\n<td width=\"200\">2. Tamanho<\/td>\n<td width=\"481\">1\u201d<\/td>\n<\/tr>\n<tr>\n<td width=\"200\">4. Porto<\/td>\n<td width=\"481\">Porto completo<\/td>\n<\/tr>\n<tr>\n<td width=\"200\">5. Press\u00e3o de Trabalho<\/td>\n<td width=\"481\">150 libras<\/td>\n<\/tr>\n<tr>\n<td width=\"200\">6. Fim da conex\u00e3o<\/td>\n<td width=\"481\">RF<\/td>\n<\/tr>\n<tr>\n<td width=\"200\">7. Temperatura de trabalho.<\/td>\n<td width=\"481\">-29~120\u00baC,<\/td>\n<\/tr>\n<tr>\n<td width=\"200\">8. Meio Adequado<\/td>\n<td width=\"481\">\u00c1gua, G\u00e1s Natural, Petr\u00f3leo e algum l\u00edquido corrosivo<\/td>\n<\/tr>\n<tr>\n<td width=\"200\">9. Operado<\/td>\n<td width=\"481\">Volante<\/td>\n<\/tr>\n<tr>\n<td width=\"200\">10. Inspe\u00e7\u00e3o e Teste<\/td>\n<td width=\"481\">De acordo com API598<\/td>\n<\/tr>\n<tr>\n<td width=\"200\"><strong>envio<\/strong><\/td>\n<td width=\"481\"><\/td>\n<\/tr>\n<tr>\n<td width=\"200\">Prazo de entrega<\/td>\n<td width=\"481\">30 dias<\/td>\n<\/tr>\n<tr>\n<td width=\"200\">Pacote<\/td>\n<td width=\"481\">Caixa de madeira compensada de exporta\u00e7\u00e3o padr\u00e3o<\/td>\n<\/tr>\n<tr>\n<td width=\"200\">Porto de embarque<\/td>\n<td width=\"481\">Ningbo\/Xangai, China<\/td>\n<\/tr>\n<tr>\n<td width=\"200\">Termos de envio<\/td>\n<td width=\"481\">Exw, FOB, CFR, CIF, etc.<\/td>\n<\/tr>\n<tr>\n<td width=\"200\">Termos de pagamento<\/td>\n<td width=\"481\">T\/T, Western Union, PayPal, etc.<\/td>\n<\/tr>\n<tr>\n<td width=\"200\"><\/td>\n<td width=\"481\">Pr\u00e9-pagamento 30%, saldo 70% pago antes do envio<\/td>\n<\/tr>\n<tr>\n<td width=\"200\">Pa\u00eds de origem<\/td>\n<td width=\"481\">Cidade de Wenzhou, China<\/td>\n<\/tr>\n<tr>\n<td width=\"200\">Capacidade de produ\u00e7\u00e3o<\/td>\n<td width=\"481\">6.000 toneladas\/ano<\/td>\n<\/tr>\n<tr>\n<td width=\"200\">Quantidade m\u00ednima<\/td>\n<td width=\"481\">1 pe\u00e7a\/tamanho<\/td>\n<\/tr>\n<\/tbody>\n<\/table>","protected":false},"excerpt":{"rendered":"<p>Modelo:STV-Q41F-150LB-1\u2033<\/p>\n<p>Nossa v\u00e1lvula esf\u00e9rica flangeada de a\u00e7o inoxid\u00e1vel e a v\u00e1lvula gaveta s\u00e3o do mesmo tipo de v\u00e1lvula. a diferen\u00e7a \u00e9 que o membro de fechamento \u00e9 uma esfera, e a esfera gira em torno da linha central do corpo da v\u00e1lvula para abrir e fechar uma v\u00e1lvula. A v\u00e1lvula esf\u00e9rica \u00e9 usada principalmente na tubula\u00e7\u00e3o para cortar, distribuir e alterar a dire\u00e7\u00e3o do fluxo do meio. A v\u00e1lvula esfera de tr\u00eas pe\u00e7as \u00e9 um novo tipo de v\u00e1lvula que tem sido amplamente utilizada nos \u00faltimos anos.<\/p>\n<p>vantagem<br \/>\n1. A resist\u00eancia do fluido \u00e9 pequena e seu coeficiente de resist\u00eancia \u00e9 igual ao comprimento do tubo do mesmo comprimento.<br \/>\n2. A estrutura \u00e9 simples, pequena em tamanho e leve.<br \/>\nA v\u00e1lvula esf\u00e9rica flangeada de tr\u00eas pe\u00e7as pode ser dividida em tipo direto, tipo de tr\u00eas vias e tipo \u00e2ngulo reto de acordo com a posi\u00e7\u00e3o do canal. As duas \u00faltimas v\u00e1lvulas de esfera s\u00e3o usadas para distribuir meios e alterar a dire\u00e7\u00e3o do fluxo dos meios<\/p>\n<p>STV Valve Technology Group Co., Ltd \u00e9 um l\u00edder profissional China V\u00e1lvula de esfera flangeada de a\u00e7o inoxid\u00e1vel, V\u00e1lvula de esfera flangeada PN40 de a\u00e7o inoxid\u00e1vel de 3 pe\u00e7as, V\u00e1lvula de esfera flangeada 3PC, V\u00c1LVULA DE ESFERA DE FLANGE DE PAD DE MONTAGEM 3PC, V\u00e1lvula de esfera de furo completo com extremidade de flange de 3 unidades, A\u00e7o inoxid\u00e1vel Fabricante de v\u00e1lvula esf\u00e9rica flangeada PN40 de 3 pe\u00e7as com alta qualidade e pre\u00e7o competitivo.<\/p>\n<p>Entre em contato com nosso sales@stvvalve.com para outros materiais e detalhes.<\/p>\n<p><a href=\"http:\/\/Stainless-Steel-Flanged-Ball-Valve-DN-25-150LB-3-piece-drawing\">Folha de datas: V\u00e1lvula esf\u00e9rica flangeada de a\u00e7o inoxid\u00e1vel, DN 25.150LB, 3 pe\u00e7as<\/a><\/p>","protected":false},"featured_media":4457,"template":"","meta":[],"product_brand":[],"product_cat":[43,80,78,53],"product_tag":[598,594,597,595,599,596],"class_list":{"0":"post-4456","1":"product","2":"type-product","3":"status-publish","4":"has-post-thumbnail","6":"product_cat-ball-valve","7":"product_cat-flange-ball-valve","8":"product_cat-floating-ball-valve","9":"product_cat-stainless-steel-ball-valve","10":"product_tag-3pc-flange-end-full-bore-ball-valve","11":"product_tag-3pc-flanged-ball-valve","12":"product_tag-3pc-mounting-pad-flange-ball-valve","13":"product_tag-full-port-3-piece-stainless-steel-ball-valve","14":"product_tag-stainless-steel-3-piece-pn40-flanged-ball-valve","15":"product_tag-stainless-steel-ball-valves","17":"first","18":"instock","19":"shipping-taxable","20":"product-type-simple"},"_links":{"self":[{"href":"https:\/\/www.stvvalves.com\/pt\/wp-json\/wp\/v2\/product\/4456","targetHints":{"allow":["GET"]}}],"collection":[{"href":"https:\/\/www.stvvalves.com\/pt\/wp-json\/wp\/v2\/product"}],"about":[{"href":"https:\/\/www.stvvalves.com\/pt\/wp-json\/wp\/v2\/types\/product"}],"wp:featuredmedia":[{"embeddable":true,"href":"https:\/\/www.stvvalves.com\/pt\/wp-json\/wp\/v2\/media\/4457"}],"wp:attachment":[{"href":"https:\/\/www.stvvalves.com\/pt\/wp-json\/wp\/v2\/media?parent=4456"}],"wp:term":[{"taxonomy":"product_brand","embeddable":true,"href":"https:\/\/www.stvvalves.com\/pt\/wp-json\/wp\/v2\/product_brand?post=4456"},{"taxonomy":"product_cat","embeddable":true,"href":"https:\/\/www.stvvalves.com\/pt\/wp-json\/wp\/v2\/product_cat?post=4456"},{"taxonomy":"product_tag","embeddable":true,"href":"https:\/\/www.stvvalves.com\/pt\/wp-json\/wp\/v2\/product_tag?post=4456"}],"curies":[{"name":"wp","href":"https:\/\/api.w.org\/{rel}","templated":true}]}}