{"id":4463,"date":"2019-03-18T04:32:26","date_gmt":"2019-03-18T04:32:26","guid":{"rendered":"https:\/\/www.stvvalves.com\/?post_type=product&#038;p=4463"},"modified":"2025-02-19T19:49:26","modified_gmt":"2025-02-19T11:49:26","slug":"screwed-stainless-steel-ball-valves-3pc-body-ss304-dn150","status":"publish","type":"product","link":"https:\/\/www.stvvalves.com\/pt\/products\/screwed-stainless-steel-ball-valves-3pc-body-ss304-dn150\/","title":{"rendered":"Screwed Stainless Steel Ball Valves,3PC Body,SS304,DN150"},"content":{"rendered":"<p>Ball Valve:<br \/>\nNominal pressure:1000Psi<br \/>\nApplicable temperature:-20~180\u00baC<br \/>\nBody and Bonnet:CF8(304)CF8M(316)<br \/>\nBall:CF8(304)CF8M(316)<br \/>\nPneumatic actuator ball valve Stem:304 or316<br \/>\nSealing and Packing:PTFE<br \/>\nSize:1\/4&#8243;-6&#8243;<br \/>\nThread end:BSP,BSPT,DIN2999,NPT<\/p>\n<p>Formul\u00e1rios:<br \/>\nPneumatic actuator ball valve are greatly used in<br \/>\nM\u00e1quinas de enchimento de cerveja e bebidas<br \/>\nImpress\u00e3o e tingimento t\u00eaxtil<br \/>\nInd\u00fastria de g\u00e1s<br \/>\nFarm\u00e1cia e equipamentos m\u00e9dicos<br \/>\nInd\u00fastria qu\u00edmica<br \/>\nDesinfec\u00e7\u00e3o<br \/>\nEquipamento de espuma\u00e7\u00e3o<br \/>\nElimina\u00e7\u00e3o de \u00e1gua\/esgoto<\/p>\n<p>Pneumatic actuator:<br \/>\nFull conformance to the specifications of: ISO5211, DIN3337.<br \/>\nThe extruded high strength aluminum bodies are precision honed and hard anodized yielding an internal bore surface that can provide low coefficient of friction, smooth performance and a long service life.<br \/>\nAll acting surfaces are fitted with high quality bearings, resulting in low friction, quite and high cycle life.<br \/>\nThe two independent external travel stop adjustment bolts can easily and precisely adjust up to \u00b15\u00ba at both open and closed directions.<br \/>\nMultifunction position indicator with NAMUR standard is convenient for mounting accessories.<br \/>\nPre-compressed load springs are convenient for safe mounting and disassemble operations.<br \/>\nDie-casted aluminum pistons and end caps are high strength and light weight.<br \/>\nOptional Viton and Silicone seals are available for low and high temperature applications.<\/p>\n<p>&nbsp;<\/p>\n<table>\n<tbody>\n<tr>\n<td width=\"200\"><strong>Nome do Produto<\/strong><\/td>\n<td width=\"481\">Screwed Stainless Steel Ball Valves,3PC Body,SS304,DN150<\/td>\n<\/tr>\n<tr>\n<td width=\"200\">1. Materiais<\/td>\n<td width=\"481\">304<\/td>\n<\/tr>\n<tr>\n<td width=\"200\">2. Tamanho<\/td>\n<td width=\"481\">6\u201d<\/td>\n<\/tr>\n<tr>\n<td width=\"200\">4. Porto<\/td>\n<td width=\"481\">Porto completo<\/td>\n<\/tr>\n<tr>\n<td width=\"200\">5. Press\u00e3o de Trabalho<\/td>\n<td width=\"481\">1000 WOG<\/td>\n<\/tr>\n<tr>\n<td width=\"200\">6. Fim da conex\u00e3o<\/td>\n<td width=\"481\">TNP<\/td>\n<\/tr>\n<tr>\n<td width=\"200\">7. Temperatura de trabalho.<\/td>\n<td width=\"481\">-29~120\u00baC,<\/td>\n<\/tr>\n<tr>\n<td width=\"200\">8. Meio Adequado<\/td>\n<td width=\"481\">\u00c1gua, G\u00e1s Natural, Petr\u00f3leo e algum l\u00edquido corrosivo<\/td>\n<\/tr>\n<tr>\n<td width=\"200\">9. Operado<\/td>\n<td width=\"481\">Volante<\/td>\n<\/tr>\n<tr>\n<td width=\"200\">10. Inspe\u00e7\u00e3o e Teste<\/td>\n<td width=\"481\">De acordo com API598<\/td>\n<\/tr>\n<tr>\n<td width=\"200\"><strong>envio<\/strong><\/td>\n<td width=\"481\"><\/td>\n<\/tr>\n<tr>\n<td width=\"200\">Prazo de entrega<\/td>\n<td width=\"481\">30 dias<\/td>\n<\/tr>\n<tr>\n<td width=\"200\">Pacote<\/td>\n<td width=\"481\">Caixa de madeira compensada de exporta\u00e7\u00e3o padr\u00e3o<\/td>\n<\/tr>\n<tr>\n<td width=\"200\">Porto de embarque<\/td>\n<td width=\"481\">Ningbo\/Xangai, China<\/td>\n<\/tr>\n<tr>\n<td width=\"200\">Termos de envio<\/td>\n<td width=\"481\">Exw, FOB, CFR, CIF, etc.<\/td>\n<\/tr>\n<tr>\n<td width=\"200\">Termos de pagamento<\/td>\n<td width=\"481\">T\/T, Western Union, PayPal, etc.<\/td>\n<\/tr>\n<tr>\n<td width=\"200\"><\/td>\n<td width=\"481\">Pr\u00e9-pagamento 30%, saldo 70% pago antes do envio<\/td>\n<\/tr>\n<tr>\n<td width=\"200\">Pa\u00eds de origem<\/td>\n<td width=\"481\">Cidade de Wenzhou, China<\/td>\n<\/tr>\n<tr>\n<td width=\"200\">Capacidade de produ\u00e7\u00e3o<\/td>\n<td width=\"481\">6.000 toneladas\/ano<\/td>\n<\/tr>\n<tr>\n<td width=\"200\">Quantidade m\u00ednima<\/td>\n<td width=\"481\">1 pe\u00e7a\/tamanho<\/td>\n<\/tr>\n<\/tbody>\n<\/table>","protected":false},"excerpt":{"rendered":"<p>Model\uff1bSTV-Q11F-DN150-6&#8243;<\/p>\n<div>We have a wide range of Pneumatic Ball Valve for Water, Gas, Air &amp; Oil Applications. This Valve we Designed 3 (Three) Piece Floating which has Standard Design, Valve Face to Face Dimension, Leakage Class and other useful Specifications.<\/div>\n<div><\/div>\n<div>We make Our Pneumatic Ball Valve in \u00bd\u201d to 6\u201d with three end connection Screwed End, Flanged End, and Socket Weld so complete solution for Industry and Users. Automation design and manufacture a range of high integrity instrumentation Pneumatic Ball valves for worldwide applications, yes we supply worldwide as per customer requirement and their drawing.<\/div>\n<div>\n<p>STV Valve Technology Group Co., Ltd is a professional leader China Screwed Stainless Steel Ball Valves ,6 Inch Screwed Stainless Steel Ball Valves ,3 pc Screwed Stainless Steel Ball Valves ,Electric Actuator Ball Valve Manufacturer with high quality and competitive price.<\/p>\n<p>&nbsp;<\/p>\n<\/div>","protected":false},"featured_media":7216,"template":"","meta":[],"product_brand":[],"product_cat":[43,78,79],"product_tag":[2447,2446,2445,2448],"class_list":{"0":"post-4463","1":"product","2":"type-product","3":"status-publish","4":"has-post-thumbnail","6":"product_cat-ball-valve","7":"product_cat-floating-ball-valve","8":"product_cat-threaded-ball-valve","9":"product_tag-3-pc-screwed-stainless-steel-ball-valves","10":"product_tag-6-inch-screwed-stainless-steel-ball-valves","11":"product_tag-china-screwed-stainless-steel-ball-valves","12":"product_tag-electric-actuator-ball-valve-manufacturer","14":"first","15":"instock","16":"shipping-taxable","17":"product-type-simple"},"_links":{"self":[{"href":"https:\/\/www.stvvalves.com\/pt\/wp-json\/wp\/v2\/product\/4463","targetHints":{"allow":["GET"]}}],"collection":[{"href":"https:\/\/www.stvvalves.com\/pt\/wp-json\/wp\/v2\/product"}],"about":[{"href":"https:\/\/www.stvvalves.com\/pt\/wp-json\/wp\/v2\/types\/product"}],"wp:featuredmedia":[{"embeddable":true,"href":"https:\/\/www.stvvalves.com\/pt\/wp-json\/wp\/v2\/media\/7216"}],"wp:attachment":[{"href":"https:\/\/www.stvvalves.com\/pt\/wp-json\/wp\/v2\/media?parent=4463"}],"wp:term":[{"taxonomy":"product_brand","embeddable":true,"href":"https:\/\/www.stvvalves.com\/pt\/wp-json\/wp\/v2\/product_brand?post=4463"},{"taxonomy":"product_cat","embeddable":true,"href":"https:\/\/www.stvvalves.com\/pt\/wp-json\/wp\/v2\/product_cat?post=4463"},{"taxonomy":"product_tag","embeddable":true,"href":"https:\/\/www.stvvalves.com\/pt\/wp-json\/wp\/v2\/product_tag?post=4463"}],"curies":[{"name":"wp","href":"https:\/\/api.w.org\/{rel}","templated":true}]}}