{"id":4473,"date":"2019-03-18T06:16:18","date_gmt":"2019-03-18T06:16:18","guid":{"rendered":"https:\/\/www.stvvalves.com\/?post_type=product&#038;p=4473"},"modified":"2025-02-17T18:20:06","modified_gmt":"2025-02-17T10:20:06","slug":"cast-steel-ball-valve-full-bore-trunnion-mounted-24-inch-150lb","status":"publish","type":"product","link":"https:\/\/www.stvvalves.com\/pt\/products\/cast-steel-ball-valve-full-bore-trunnion-mounted-24-inch-150lb\/","title":{"rendered":"V\u00e1lvula de esfera de a\u00e7o fundido, furo total, montada em munh\u00e3o, 24 polegadas, 150LB"},"content":{"rendered":"<p><b>Caracter\u00edsticas de design<\/b><\/p>\n<p>Design de corpo dividido com entrada lateral<\/p>\n<p>Design seguro contra inc\u00eandio, dispositivo antiest\u00e1tico<\/p>\n<p>Design \u00e0 prova de explos\u00e3o da haste<\/p>\n<p>Design Antiest\u00e1tico<\/p>\n<p>Projeto de emiss\u00e3o fugitiva<\/p>\n<p>A prova de desgaste da haste e a prova de opera\u00e7\u00e3o incorreta<\/p>\n<p>Flange de montagem ISO 5211 para atua\u00e7\u00e3o.<\/p>\n<p>Extens\u00e3o de haste para servi\u00e7o subterr\u00e2neo.<\/p>\n<p><b>Especifica\u00e7\u00e3o t\u00e9cnica<\/b><\/p>\n<p>Aplicativo:<\/p>\n<p>Design e fabrica\u00e7\u00e3o de acordo com: API 6D<\/p>\n<p>Cara a Cara de acordo com:ASME B16.10<\/p>\n<p>Dimens\u00f5es do flange de acordo com: ASME B16.5<\/p>\n<p>Press\u00e3o e temperatura de acordo com:ASME B16.34<\/p>\n<p>Teste e inspe\u00e7\u00e3o de acordo com: API 6D \/ API 598<\/p>\n<p>Inspe\u00e7\u00e3o Visual de acordo com:MSS SP-55<\/p>\n<p>Marca\u00e7\u00e3o de acordo com:MSS SP-25<\/p>\n<p>&nbsp;<\/p>\n<p>Principais pe\u00e7as materiais:<\/p>\n<table>\n<tbody>\n<tr>\n<td width=\"123\">A\u00e7o carbono<\/td>\n<td width=\"452\">A216 Gr. WCB, WCC, WCA, etc.<\/td>\n<\/tr>\n<tr>\n<td width=\"123\">A\u00e7o de baixa temperatura<\/td>\n<td width=\"452\">A352 Gr. LCB, LCC, LC1, etc.<\/td>\n<\/tr>\n<tr>\n<td width=\"123\">A\u00e7o Cr-Mo<\/td>\n<td width=\"452\">A217 Gr. WC6, WC9, C5, C12, C12A, etc.<\/td>\n<\/tr>\n<tr>\n<td width=\"123\">A\u00e7o inoxid\u00e1vel<\/td>\n<td width=\"452\">A351 Gr. CF8, CF8M, CF3, CF3M, CF8C, etc.<\/td>\n<\/tr>\n<tr>\n<td width=\"123\">Liga de a\u00e7o<\/td>\n<td width=\"452\">Liga CN7M 20, liga CN3M 20 modificada, CT15C, etc.<\/td>\n<\/tr>\n<tr>\n<td width=\"123\">Superduplex<\/td>\n<td width=\"452\">A995 gr. 4A, 5A, CE8MN, CD6MN, CD3MN, etc.<\/td>\n<\/tr>\n<tr>\n<td width=\"123\">Bronze de alum\u00ednio<\/td>\n<td width=\"452\">B148 C95500, C95600, C95800, etc.<\/td>\n<\/tr>\n<tr>\n<td width=\"123\">Monel<\/td>\n<td width=\"452\">M30C, M35-1, CZ100, etc.<\/td>\n<\/tr>\n<tr>\n<td width=\"123\">Inconel<\/td>\n<td width=\"452\">CY40 inconel 600, etc.<\/td>\n<\/tr>\n<tr>\n<td width=\"123\">Hastelloy<\/td>\n<td width=\"452\">CW2m Hastelly C4, N12MV Hastelloy B, CW12MW Hastelloy C276, etc.<\/td>\n<\/tr>\n<tr>\n<td width=\"123\">Incoloy<\/td>\n<td width=\"452\">CU5MCuC Incoloy 825, CW6MC Incoloy 625, etc.<\/td>\n<\/tr>\n<\/tbody>\n<\/table>\n<p>Nota: A dimens\u00e3o do flange de conex\u00e3o pode ser projetada de acordo com os requisitos do cliente.<\/p>\n<p>Fabrica\u00e7\u00e3o conforme NACE MR-01-75 mediante solicita\u00e7\u00e3o.<\/p>\n<p>&nbsp;<\/p>\n<p>&nbsp;<\/p>\n<p><strong>Qual \u00e9 a diferen\u00e7a entre uma v\u00e1lvula de esfera munh\u00e3o e uma v\u00e1lvula de esfera flutuante?<\/strong><\/p>\n<p>A esfera em uma v\u00e1lvula de esfera munh\u00e3o \u00e9 suportada pela haste e munh\u00e3o, reduzindo o torque operacional, enquanto as sedes s\u00e3o acionadas por mola. Em uma v\u00e1lvula esfera flutuante, a esfera flutua e as sedes s\u00e3o fixas enquanto a esfera \u00e9 suportada apenas pela haste.<\/p>\n<div id=\"_xAuyYMrMMsWUmAWPrYWgCw25\" class=\"mWyH1d FXMOpb\" tabindex=\"0\" role=\"button\" aria-controls=\"_xAuyYMrMMsWUmAWPrYWgCw24\" aria-expanded=\"true\" aria-selected=\"true\">\n<div class=\"fbPs3b\">\n<div><\/div>\n<div class=\"wjgLQd\"><strong>O que \u00e9 uma v\u00e1lvula de esfera munh\u00e3o?<\/strong><\/div>\n<div><\/div>\n<div class=\"wjgLQd\">Uma v\u00e1lvula esfera munh\u00e3o \u00e9 uma v\u00e1lvula de um quarto de volta que possui uma esfera suportada pela haste e pelo munh\u00e3o, proporcionando maior resist\u00eancia e torque operacional reduzido.<\/div>\n<\/div>\n<\/div>\n<p>&nbsp;<\/p>\n<p><strong>Como funciona uma v\u00e1lvula de esfera munh\u00e3o?<\/strong><\/p>\n<div id=\"_xAuyYMrMMsWUmAWPrYWgCw28\" class=\"gy6Qzb oNjtBb V1sL5c\" aria-labelledby=\"_xAuyYMrMMsWUmAWPrYWgCw29\" data-ved=\"2ahUKEwjKvtCgzO7wAhVFCqYKHY9WAbQQpPYEKAAwBHoECAUQCw\">\n<div class=\"ZVWN5d\">\n<div id=\"faq_30\">\n<div class=\"Xims0d\">Em uma v\u00e1lvula de esfera munh\u00e3o, a esfera em si n\u00e3o se move em dire\u00e7\u00e3o \u00e0s veda\u00e7\u00f5es; em vez disso, as veda\u00e7\u00f5es se movem em dire\u00e7\u00e3o \u00e0 esfera devido \u00e0s sedes com mola. Em uma v\u00e1lvula esf\u00e9rica flutuante, a esfera se move em dire\u00e7\u00e3o \u00e0s sedes. Isso proporciona \u00e0s v\u00e1lvulas esfera munh\u00e3o uma maior resist\u00eancia operacional, melhor capacidade de lidar com a press\u00e3o e um torque operacional mais baixo.<\/div>\n<\/div>\n<\/div>\n<\/div>\n<p>&nbsp;<\/p>","protected":false},"excerpt":{"rendered":"<p>Modelo:STV-Q347F-150LB-WCB-24\u2033<\/p>\n<p>Sob a a\u00e7\u00e3o de press\u00e3o m\u00e9dia, a v\u00e1lvula esf\u00e9rica de a\u00e7o fundido Ansi pode produzir um certo deslocamento e pressionar firmemente a superf\u00edcie de veda\u00e7\u00e3o na extremidade de sa\u00edda para garantir a veda\u00e7\u00e3o da extremidade de sa\u00edda. A v\u00e1lvula esfera flutuante possui estrutura simples e bom desempenho de veda\u00e7\u00e3o, mas a carga da esfera submetida ao meio de trabalho \u00e9 toda transmitida ao anel de veda\u00e7\u00e3o de sa\u00edda, portanto \u00e9 necess\u00e1rio considerar se o material do anel de veda\u00e7\u00e3o pode suportar a carga de trabalho de o meio esf\u00e9rico. Esta estrutura \u00e9 amplamente utilizada em v\u00e1lvulas esfera de alta e m\u00e9dia press\u00e3o.<\/p>\n<p>\u00c9 usado principalmente em v\u00e1rios dutos de transporte m\u00e9dio de alta press\u00e3o nas ind\u00fastrias qu\u00edmica, metal\u00fargica, petrol\u00edfera, farmac\u00eautica e outras. A temperatura aplic\u00e1vel \u00e9 -196~450 \u00b0C; modo de condu\u00e7\u00e3o: manual, pneum\u00e1tico, el\u00e9trico, hidr\u00e1ulico, turbina, etc.; di\u00e2metro nominal: 1\/2\u2033~12\u2033; press\u00e3o nominal: 150LB~1500LB; meio aplic\u00e1vel: \u00e1gua, g\u00e1s, \u00f3leo, g\u00e1s natural e meio de corros\u00e3o \u00e1cido-alcalino.<\/p>\n<p>STV Valve Technology Group Co., Ltd \u00e9 um l\u00edder profissional China V\u00e1lvula de esfera de a\u00e7o fundido 150LB, V\u00e1lvulas de esfera montadas em munh\u00e3o de a\u00e7o fundido API 6D de 24 polegadas, V\u00e1lvulas de esfera montadas em munh\u00e3o de a\u00e7o fundido API 6D, V\u00e1lvula de esfera montada em munh\u00e3o de 2 pe\u00e7as, Munh\u00e3o de a\u00e7o fundido Fabricante de v\u00e1lvula esf\u00e9rica montada com alta qualidade e pre\u00e7o competitivo.<\/p>\n<p>Entre em contato com nosso sales@stvvalve.com para outros materiais e detalhes.<\/p>\n<p>Folha de data:<a href=\"https:\/\/www.stvvalves.com\/wp-content\/uploads\/2019\/03\/cast-steel-ball-valve-full-bore-trunnion-mounted-24-inch-150lb-drawing.pdf\">V\u00e1lvula de esfera de a\u00e7o fundido, furo total, montada em munh\u00e3o, 24 polegadas, 150LB<\/a><\/p>","protected":false},"featured_media":4474,"template":"","meta":[],"product_brand":[],"product_cat":[43,54,56,80],"product_tag":[608,605,607,606,603,604],"class_list":{"0":"post-4473","1":"product","2":"type-product","3":"status-publish","4":"has-post-thumbnail","6":"product_cat-ball-valve","7":"product_cat-cast-steel-ball-valve","8":"product_cat-trunnion-ball-valve","9":"product_cat-flange-ball-valve","10":"product_tag-150lb-cast-steel-ball-valve","11":"product_tag-2-piece-trunnion-mounted-ball-valve","12":"product_tag-24-inch-api-6d-cast-steel-trunnion-mounted-ball-valves","13":"product_tag-api-6d-cast-steel-trunnion-mounted-ball-valves","14":"product_tag-cast-steel-trunnion-mounted-ball-valve","15":"product_tag-trunnion-mounted-ball-valves","17":"first","18":"instock","19":"shipping-taxable","20":"product-type-simple"},"_links":{"self":[{"href":"https:\/\/www.stvvalves.com\/pt\/wp-json\/wp\/v2\/product\/4473","targetHints":{"allow":["GET"]}}],"collection":[{"href":"https:\/\/www.stvvalves.com\/pt\/wp-json\/wp\/v2\/product"}],"about":[{"href":"https:\/\/www.stvvalves.com\/pt\/wp-json\/wp\/v2\/types\/product"}],"wp:featuredmedia":[{"embeddable":true,"href":"https:\/\/www.stvvalves.com\/pt\/wp-json\/wp\/v2\/media\/4474"}],"wp:attachment":[{"href":"https:\/\/www.stvvalves.com\/pt\/wp-json\/wp\/v2\/media?parent=4473"}],"wp:term":[{"taxonomy":"product_brand","embeddable":true,"href":"https:\/\/www.stvvalves.com\/pt\/wp-json\/wp\/v2\/product_brand?post=4473"},{"taxonomy":"product_cat","embeddable":true,"href":"https:\/\/www.stvvalves.com\/pt\/wp-json\/wp\/v2\/product_cat?post=4473"},{"taxonomy":"product_tag","embeddable":true,"href":"https:\/\/www.stvvalves.com\/pt\/wp-json\/wp\/v2\/product_tag?post=4473"}],"curies":[{"name":"wp","href":"https:\/\/api.w.org\/{rel}","templated":true}]}}