{"id":4478,"date":"2019-03-18T11:58:19","date_gmt":"2019-03-18T11:58:19","guid":{"rendered":"https:\/\/www.stvvalves.com\/?post_type=product&#038;p=4478"},"modified":"2025-02-17T18:21:46","modified_gmt":"2025-02-17T10:21:46","slug":"3pc-carbon-steel-ball-valve-1000-psi316-trim-npt-end","status":"publish","type":"product","link":"https:\/\/www.stvvalves.com\/pt\/products\/3pc-carbon-steel-ball-valve-1000-psi316-trim-npt-end\/","title":{"rendered":"V\u00e1lvula de esfera de a\u00e7o carbono 3PC, 1000 PSI, acabamento 316, extremidade NPT"},"content":{"rendered":"<p>1. Press\u00e3o de trabalho: 1,6 MP, 2,5 MP<br \/>\n2. Almofada de montagem ISO-5211 para f\u00e1cil automa\u00e7\u00e3o.<br \/>\n3. dispositivo antiest\u00e1tico. design seguro contra inc\u00eandio dispon\u00edvel,<br \/>\n4. Haste \u00e0 prova de explos\u00e3o.<br \/>\n5. Meios adequados: \u00e1gua, \u00f3leo, g\u00e1s e alguns l\u00edquidos corrosivos.<br \/>\n6.Fundi\u00e7\u00e3o de investimento.<br \/>\n7. Inspe\u00e7\u00e3o e Teste: API 598.<br \/>\n8. Manual, pneum\u00e1tico, el\u00e9trico dispon\u00edvel.<br \/>\n9. Atuador pneum\u00e1tico: a\u00e7\u00e3o dupla e a\u00e7\u00e3o \u00fanica est\u00e1 dispon\u00edvel.<br \/>\n10. T\u00f3pico: NPT e BSPT e BSP<br \/>\n11.Faixa de temperatura:-40\u00b0C~150\u00b0C<br \/>\n12. Baixo torque de opera\u00e7\u00e3o.<\/p>\n<p>&nbsp;<\/p>","protected":false},"excerpt":{"rendered":"<p>Modelo:STV-Q11F-1000WOG-DN25-WCB<\/p>\n<p>A v\u00e1lvula esf\u00e9rica de 3 pe\u00e7as \u00e9 uma v\u00e1lvula esf\u00e9rica de passagem total de tr\u00eas pe\u00e7as totalmente sustent\u00e1vel; fornecendo uma solu\u00e7\u00e3o econ\u00f4mica para &#039;desligamento&#039; e isolamento de servi\u00e7o de vapor de baixa temperatura e fluxos m\u00e9dios.<\/p>\n<p>Uma v\u00e1lvula de esfera de uso geral confi\u00e1vel. Corpo em a\u00e7o inoxid\u00e1vel e assento em PTFE preenchido com carbono.<\/p>\n<p>Apresenta uma haste \u00e0 prova de explos\u00e3o e punho isolado, al\u00e7a de alavanca com trava.<\/p>\n<p>Corpo CF8M 316 em a\u00e7o inoxid\u00e1vel<br \/>\nBSP parafusado, solda de soquete, solda de topo ou NPT<br \/>\nTamanhos: 1\/4\u2033 a 4\u2033<br \/>\nFaixa de temperatura: -20\u00b0C a +200\u00b0C<br \/>\nPress\u00e3o operacional: 1000 PSI (1\/4\u2033 a 2\u2033) e 800 PSI (2 1\/2\u2033 a 4\u2033)<br \/>\nMovimento: giro de 90\u00b0<\/p>\n<p>STV Valve Technology Group Co., Ltd \u00e9 um l\u00edder profissional China V\u00e1lvula de esfera wcb de 3 pe\u00e7as com conex\u00e3o roscada, V\u00e1lvula de esfera de a\u00e7o carbono A216 WCB de 3 pe\u00e7as, V\u00e1lvula de esfera de 3 pe\u00e7as Wcb, Fabricante de v\u00e1lvula de esfera de 3 pe\u00e7as com alta qualidade e pre\u00e7o competitivo.<\/p>\n<p>Entre em contato com nosso sales@stvvalve.com para outros materiais e detalhes.<\/p>\n<p>Folha de data:<a href=\"https:\/\/www.stvvalves.com\/wp-content\/uploads\/2019\/03\/3PC-Carbon-Steel-Ball-Valve-1000-PSI-316-Trim-NPT-End-drawing.pdf\">V\u00e1lvula de esfera de a\u00e7o carbono 3PC, 1000 PSI, acabamento 316, extremidade NPT<\/a><\/p>","protected":false},"featured_media":4480,"template":"","meta":[],"product_brand":[],"product_cat":[43,54,79],"product_tag":[154,610,609,611],"class_list":{"0":"post-4478","1":"product","2":"type-product","3":"status-publish","4":"has-post-thumbnail","6":"product_cat-ball-valve","7":"product_cat-cast-steel-ball-valve","8":"product_cat-threaded-ball-valve","9":"product_tag-3-piece-ball-valve","10":"product_tag-3-piece-carbon-steel-a216-wcb-ball-valve","11":"product_tag-3pc-wcb-ball-valve","12":"product_tag-3pc-wcb-ball-valve-with-threaded-connection","14":"first","15":"instock","16":"shipping-taxable","17":"product-type-simple"},"_links":{"self":[{"href":"https:\/\/www.stvvalves.com\/pt\/wp-json\/wp\/v2\/product\/4478","targetHints":{"allow":["GET"]}}],"collection":[{"href":"https:\/\/www.stvvalves.com\/pt\/wp-json\/wp\/v2\/product"}],"about":[{"href":"https:\/\/www.stvvalves.com\/pt\/wp-json\/wp\/v2\/types\/product"}],"wp:featuredmedia":[{"embeddable":true,"href":"https:\/\/www.stvvalves.com\/pt\/wp-json\/wp\/v2\/media\/4480"}],"wp:attachment":[{"href":"https:\/\/www.stvvalves.com\/pt\/wp-json\/wp\/v2\/media?parent=4478"}],"wp:term":[{"taxonomy":"product_brand","embeddable":true,"href":"https:\/\/www.stvvalves.com\/pt\/wp-json\/wp\/v2\/product_brand?post=4478"},{"taxonomy":"product_cat","embeddable":true,"href":"https:\/\/www.stvvalves.com\/pt\/wp-json\/wp\/v2\/product_cat?post=4478"},{"taxonomy":"product_tag","embeddable":true,"href":"https:\/\/www.stvvalves.com\/pt\/wp-json\/wp\/v2\/product_tag?post=4478"}],"curies":[{"name":"wp","href":"https:\/\/api.w.org\/{rel}","templated":true}]}}