{"id":4486,"date":"2019-03-18T14:35:06","date_gmt":"2019-03-18T14:35:06","guid":{"rendered":"https:\/\/www.stvvalves.com\/?post_type=product&#038;p=4486"},"modified":"2025-02-17T18:22:02","modified_gmt":"2025-02-17T10:22:02","slug":"cast-steel-gate-valve-600lb-3-inch-api-600-flanged-end","status":"publish","type":"product","link":"https:\/\/www.stvvalves.com\/pt\/products\/cast-steel-gate-valve-600lb-3-inch-api-600-flanged-end\/","title":{"rendered":"V\u00e1lvula gaveta de a\u00e7o fundido 600LB, 3 polegadas, API 600, extremidade flangeada"},"content":{"rendered":"<p>V\u00c1LVULA DE GAVETA DE A\u00c7O FUNDIDO CLASSE 150~1500<br \/>\nOS&amp;Y, haste ascendente, cunha flex\u00edvel<br \/>\nCap\u00f4 aparafusado, anel de sede rosqueado ou soldado<br \/>\nASTM A216 WCB, A217 WC6, A351 CF8, A351 CF8M,<br \/>\nA351 CF3, A351 CF3M, A351 CN7M<\/p>\n<p>Conformidade com padr\u00f5es<br \/>\nProjeto e Fabrica\u00e7\u00e3o:ANSIB16.34,API600 API6D,API603,BS1414<br \/>\nCara a cara (ponta a ponta):ANSIB16.10,API6D<br \/>\nConex\u00e3o flangeada:2\u2033~24\u2033para ANSIB16.5,22\u2033,26\u2033~36\u2033para MSS-SP-44 para API605 mediante solicita\u00e7\u00e3o<br \/>\nTeste e inspe\u00e7\u00e3o: API598, API6D<br \/>\nExtremidade soldada: ANSIB16.5<\/p>\n<table>\n<tbody>\n<tr>\n<td width=\"200\"><strong>Nome do Produto<\/strong><\/td>\n<td width=\"481\">V\u00e1lvula gaveta de a\u00e7o fundido 600LB, 3 polegadas, API 600, extremidade flangeada<\/td>\n<\/tr>\n<tr>\n<td width=\"200\">1. Materiais<\/td>\n<td width=\"481\">WCB<\/td>\n<\/tr>\n<tr>\n<td width=\"200\">2. Tamanho<\/td>\n<td width=\"481\">3\u201d<\/td>\n<\/tr>\n<tr>\n<td width=\"200\">4. Porto<\/td>\n<td width=\"481\">Porto completo<\/td>\n<\/tr>\n<tr>\n<td width=\"200\">5. Press\u00e3o de Trabalho<\/td>\n<td width=\"481\">600 libras<\/td>\n<\/tr>\n<tr>\n<td width=\"200\">6. Fim da conex\u00e3o<\/td>\n<td width=\"481\">RF<\/td>\n<\/tr>\n<tr>\n<td width=\"200\">7. Temperatura de trabalho.<\/td>\n<td width=\"481\">-29~425\u00baC,<\/td>\n<\/tr>\n<tr>\n<td width=\"200\">8. Meio Adequado<\/td>\n<td width=\"481\">\u00c1gua, G\u00e1s Natural, Petr\u00f3leo e algum l\u00edquido corrosivo<\/td>\n<\/tr>\n<tr>\n<td width=\"200\">9. Operado<\/td>\n<td width=\"481\">Volante<\/td>\n<\/tr>\n<tr>\n<td width=\"200\">10. Inspe\u00e7\u00e3o e Teste<\/td>\n<td width=\"481\">De acordo com API598<\/td>\n<\/tr>\n<tr>\n<td width=\"200\"><strong>envio<\/strong><\/td>\n<td width=\"481\"><\/td>\n<\/tr>\n<tr>\n<td width=\"200\">Prazo de entrega<\/td>\n<td width=\"481\">30 dias<\/td>\n<\/tr>\n<tr>\n<td width=\"200\">Pacote<\/td>\n<td width=\"481\">Caixa de madeira compensada de exporta\u00e7\u00e3o padr\u00e3o<\/td>\n<\/tr>\n<tr>\n<td width=\"200\">Porto de embarque<\/td>\n<td width=\"481\">Ningbo\/Xangai, China<\/td>\n<\/tr>\n<tr>\n<td width=\"200\">Termos de envio<\/td>\n<td width=\"481\">Exw, FOB, CFR, CIF, etc.<\/td>\n<\/tr>\n<tr>\n<td width=\"200\">Termos de pagamento<\/td>\n<td width=\"481\">T\/T, Western Union, PayPal, etc.<\/td>\n<\/tr>\n<tr>\n<td width=\"200\"><\/td>\n<td width=\"481\">Pr\u00e9-pagamento 30%, saldo 70% pago antes do envio<\/td>\n<\/tr>\n<tr>\n<td width=\"200\">Pa\u00eds de origem<\/td>\n<td width=\"481\">Cidade de Wenzhou, China<\/td>\n<\/tr>\n<tr>\n<td width=\"200\">Capacidade de produ\u00e7\u00e3o<\/td>\n<td width=\"481\">6.000 toneladas\/ano<\/td>\n<\/tr>\n<tr>\n<td width=\"200\">Quantidade m\u00ednima<\/td>\n<td width=\"481\">1 pe\u00e7a\/tamanho<\/td>\n<\/tr>\n<\/tbody>\n<\/table>","protected":false},"excerpt":{"rendered":"<p>Modelo:STV-Z41Y-600LB-3\u2033-WCB<\/p>\n<p>A v\u00e1lvula gaveta de a\u00e7o fundido \u00e9 adequada para ANSI classe 150-600, PN2.0 ~ 16,0 MPa, JIS10 ~ 20K, temperatura de trabalho -29 ~ 425 \u00b0 C (a\u00e7o carbono) e -40 ~ 500 \u00b0 C (a\u00e7o inoxid\u00e1vel) Na estrada , usado para desligar ou ligar a m\u00eddia no pipeline. Usando diferentes materiais, a v\u00e1lvula gaveta de a\u00e7o padr\u00e3o americano pode ser aplicada em \u00e1gua, vapor, \u00f3leo, \u00e1cido n\u00edtrico, \u00e1cido ac\u00e9tico, meio oxidante forte e ur\u00e9ia. Existem transmiss\u00e3o manual, por engrenagem c\u00f4nica e energia el\u00e9trica.<\/p>\n<p>STV Valve Technology Group Co., Ltd \u00e9 um l\u00edder profissional China V\u00e1lvula de gaveta de a\u00e7o fundido 600Lb, V\u00e1lvulas de gaveta de a\u00e7o fundido API 600, V\u00e1lvula de gaveta de a\u00e7o fundido, V\u00e1lvula de gaveta de a\u00e7o fundido Asme B16.34 Classe 600 Lb, Fabricante de v\u00e1lvulas de gaveta de a\u00e7o fundido da China com alta qualidade e pre\u00e7o competitivo.<\/p>\n<p>Entre em contato com nosso sales@stvvalve.com para outros materiais e detalhes.<\/p>\n<p>Folha de data:<a href=\"https:\/\/www.stvvalves.com\/wp-content\/uploads\/2019\/03\/Cast-Steel-Gate-Valve-600LB-3-Inch-API-600-Flanged-END-drawing.pdf\">V\u00e1lvula gaveta de a\u00e7o fundido 600LB, 3 polegadas, API 600, extremidade flangeada<\/a><\/p>","protected":false},"featured_media":4487,"template":"","meta":[],"product_brand":[],"product_cat":[58,44],"product_tag":[615,613,616,614,617],"class_list":{"0":"post-4486","1":"product","2":"type-product","3":"status-publish","4":"has-post-thumbnail","6":"product_cat-cast-steel-gate-valve","7":"product_cat-gate-valve","8":"product_tag-api-600-cast-steel-gate-valves","9":"product_tag-asme-b16-34-class-600-lb-cast-steel-gate-valve","10":"product_tag-cast-steel-gate-valve","11":"product_tag-cast-steel-gate-valve-600lb","12":"product_tag-china-cast-steel-gate-valves-manufacturer","14":"first","15":"instock","16":"shipping-taxable","17":"product-type-simple"},"_links":{"self":[{"href":"https:\/\/www.stvvalves.com\/pt\/wp-json\/wp\/v2\/product\/4486","targetHints":{"allow":["GET"]}}],"collection":[{"href":"https:\/\/www.stvvalves.com\/pt\/wp-json\/wp\/v2\/product"}],"about":[{"href":"https:\/\/www.stvvalves.com\/pt\/wp-json\/wp\/v2\/types\/product"}],"wp:featuredmedia":[{"embeddable":true,"href":"https:\/\/www.stvvalves.com\/pt\/wp-json\/wp\/v2\/media\/4487"}],"wp:attachment":[{"href":"https:\/\/www.stvvalves.com\/pt\/wp-json\/wp\/v2\/media?parent=4486"}],"wp:term":[{"taxonomy":"product_brand","embeddable":true,"href":"https:\/\/www.stvvalves.com\/pt\/wp-json\/wp\/v2\/product_brand?post=4486"},{"taxonomy":"product_cat","embeddable":true,"href":"https:\/\/www.stvvalves.com\/pt\/wp-json\/wp\/v2\/product_cat?post=4486"},{"taxonomy":"product_tag","embeddable":true,"href":"https:\/\/www.stvvalves.com\/pt\/wp-json\/wp\/v2\/product_tag?post=4486"}],"curies":[{"name":"wp","href":"https:\/\/api.w.org\/{rel}","templated":true}]}}