{"id":4498,"date":"2019-03-19T02:44:52","date_gmt":"2019-03-19T02:44:52","guid":{"rendered":"https:\/\/www.stvvalves.com\/?post_type=product&#038;p=4498"},"modified":"2025-07-28T09:48:43","modified_gmt":"2025-07-28T01:48:43","slug":"24-inch-api-600-carbon-steel-flanged-gate-valve-ansi-150lb-gear-box-op","status":"publish","type":"product","link":"https:\/\/www.stvvalves.com\/pt\/products\/24-inch-api-600-carbon-steel-flanged-gate-valve-ansi-150lb-gear-box-op\/","title":{"rendered":"V\u00e1lvula de porta flangeada de a\u00e7o carbono API 600 de 24 polegadas, ANSI 150lb, caixa de engrenagens OP"},"content":{"rendered":"<p>Especifica\u00e7\u00f5es t\u00e9cnicas<br \/>\n-Projeto: ASME 16.34\/API 6D\/API 600\/BS 1414<br \/>\n-Cara a Cara: ASME B16.10<br \/>\n-Flange final: ASME B16.5, ASME B16.47<br \/>\n-Fim BW: ASME B16.25<br \/>\n-Teste: API 598\/API 6D\/BS 6755<br \/>\n-Especial: NACE MR-01-75<\/p>\n<p>Caracter\u00edsticas de design<br \/>\n-OS &amp; Y, haste ascendente<br \/>\n\u2013 Cap\u00f4 aparafusado com junta em espiral<br \/>\n-Cunha Flex\u00edvel<br \/>\n-Banco traseiro depositado por solda<br \/>\n-Anel de assento rosqueado ou soldado<br \/>\n-An\u00e9is de assento renov\u00e1veis<br \/>\n-Cap\u00f4 estendido para servi\u00e7o criog\u00eanico<br \/>\n-Extremidades flangeadas ou soldadas.<br \/>\n-Por passagem mediante solicita\u00e7\u00e3o<br \/>\n-Dispositivo de bloqueio opcional<\/p>\n<p>Gama de Produtos<br \/>\n-Tamanho da v\u00e1lvula:<br \/>\n2\u2033 ~ 48\u2033 (DN50-DN1200)<br \/>\n-Press\u00e3o:<br \/>\nClasse ANSI 150~2500(PN16-PN420)<br \/>\n-Temperatura:<br \/>\n-196\u00baC~500\u00baC<br \/>\n-Materiais do corpo:<br \/>\nA\u00e7o Carbono, A\u00e7o Inoxid\u00e1vel, A\u00e7o Liga, A\u00e7o Duplex<br \/>\n-Trim (disco\/haste):<br \/>\nA\u00e7o Carbono, A\u00e7o Inoxid\u00e1vel, A\u00e7o Duplex, A\u00e7o Liga<\/p>\n<p>&nbsp;<\/p>\n<table>\n<tbody>\n<tr>\n<td width=\"200\"><strong>Nome do Produto<\/strong><\/td>\n<td width=\"481\">V\u00e1lvula de porta flangeada de a\u00e7o carbono API 600 de 24 polegadas, ANSI 150lb, caixa de engrenagens OP<\/td>\n<\/tr>\n<tr>\n<td width=\"200\">1. Materiais<\/td>\n<td width=\"481\">WCB<\/td>\n<\/tr>\n<tr>\n<td width=\"200\">2. Tamanho<\/td>\n<td width=\"481\">24\u201d<\/td>\n<\/tr>\n<tr>\n<td width=\"200\">4. Porto<\/td>\n<td width=\"481\">Porto completo<\/td>\n<\/tr>\n<tr>\n<td width=\"200\">5. Press\u00e3o de Trabalho<\/td>\n<td width=\"481\">150 libras<\/td>\n<\/tr>\n<tr>\n<td width=\"200\">6. Fim da conex\u00e3o<\/td>\n<td width=\"481\">RF<\/td>\n<\/tr>\n<tr>\n<td width=\"200\">7. Temperatura de trabalho.<\/td>\n<td width=\"481\">-29~425\u00baC,<\/td>\n<\/tr>\n<tr>\n<td width=\"200\">8. Meio Adequado<\/td>\n<td width=\"481\">\u00c1gua, G\u00e1s Natural, Petr\u00f3leo e algum l\u00edquido corrosivo<\/td>\n<\/tr>\n<tr>\n<td width=\"200\">9. Operado<\/td>\n<td width=\"481\">Caixa de Engrenagens OP<\/td>\n<\/tr>\n<tr>\n<td width=\"200\">10. Inspe\u00e7\u00e3o e Teste<\/td>\n<td width=\"481\">De acordo com API598<\/td>\n<\/tr>\n<tr>\n<td width=\"200\"><strong>envio<\/strong><\/td>\n<td width=\"481\"><\/td>\n<\/tr>\n<tr>\n<td width=\"200\">Prazo de entrega<\/td>\n<td width=\"481\">30 dias<\/td>\n<\/tr>\n<tr>\n<td width=\"200\">Pacote<\/td>\n<td width=\"481\">Caixa de madeira compensada de exporta\u00e7\u00e3o padr\u00e3o<\/td>\n<\/tr>\n<tr>\n<td width=\"200\">Porto de embarque<\/td>\n<td width=\"481\">Ningbo\/Xangai, China<\/td>\n<\/tr>\n<tr>\n<td width=\"200\">Termos de envio<\/td>\n<td width=\"481\">Exw, FOB, CFR, CIF, etc.<\/td>\n<\/tr>\n<tr>\n<td width=\"200\">Termos de pagamento<\/td>\n<td width=\"481\">T\/T, Western Union, PayPal, etc.<\/td>\n<\/tr>\n<tr>\n<td width=\"200\"><\/td>\n<td width=\"481\">Pr\u00e9-pagamento 30%, saldo 70% pago antes do envio<\/td>\n<\/tr>\n<tr>\n<td width=\"200\">Pa\u00eds de origem<\/td>\n<td width=\"481\">Cidade de Wenzhou, China<\/td>\n<\/tr>\n<tr>\n<td width=\"200\">Capacidade de produ\u00e7\u00e3o<\/td>\n<td width=\"481\">6.000 toneladas\/ano<\/td>\n<\/tr>\n<tr>\n<td width=\"200\">Quantidade m\u00ednima<\/td>\n<td width=\"481\">1 pe\u00e7a\/tamanho<\/td>\n<\/tr>\n<\/tbody>\n<\/table>","protected":false},"excerpt":{"rendered":"<p>Modelo:STV-Z541H-150LB-24\u2033-WCB<br \/>\nV\u00e1lvula de gaveta flangeada de a\u00e7o carbono API 600 de 24 polegadas que abre levantando uma porta\/cunha redonda ou retangular para fora do caminho do fluido. A caracter\u00edstica distintiva de uma v\u00e1lvula gaveta \u00e9 que as superf\u00edcies de veda\u00e7\u00e3o entre a gaveta e as sedes s\u00e3o planas. As faces do port\u00e3o podem ter formato de cunha ou podem ser paralelas. V\u00e1lvulas gaveta t\u00edpicas nunca devem ser usadas para regular o fluxo, a menos que sejam especificamente projetadas para esse fim. Ao abrir a v\u00e1lvula gaveta, o caminho do fluxo \u00e9 ampliado de uma maneira altamente n\u00e3o linear em rela\u00e7\u00e3o \u00e0 porcentagem de abertura.<\/p>\n<p>STV Valve Technology Group Co., Ltd \u00e9 um l\u00edder profissional China Class150 v\u00e1lvula de gaveta de a\u00e7o carbono de 24 polegadas, v\u00e1lvula de gaveta ASTM A216 150LB WCB para API 600, v\u00e1lvula de gaveta flangeada astm a216 wcb, v\u00e1lvula de gaveta de a\u00e7o carbono fundido, porta de a\u00e7o fundido de cunha flex\u00edvel V\u00e1lvula, v\u00e1lvulas de gaveta de a\u00e7o fundido API 600, fabricante de v\u00e1lvula de gaveta com castelo aparafusado flangeado da China com alta qualidade e pre\u00e7o competitivo.<\/p>\n<p>Entre em contato com nosso sales@stvvalve.com para outros materiais e detalhes.<\/p>\n<p>Folha de data:<a href=\"https:\/\/www.stvvalves.com\/wp-content\/uploads\/2019\/03\/24-inch-api-600-carbon-steel-flanged-gate-valve-ansi-150lb-gear-box-op-drawing.pdf\">V\u00e1lvula de porta flangeada de a\u00e7o carbono API 600 de 24 polegadas, ANSI 150lb, caixa de engrenagens OP<\/a><\/p>\n<p>&nbsp;<\/p>","protected":false},"featured_media":4499,"template":"","meta":[],"product_brand":[],"product_cat":[58,44],"product_tag":[623,624,626,627,625],"class_list":{"0":"post-4498","1":"product","2":"type-product","3":"status-publish","4":"has-post-thumbnail","6":"product_cat-cast-steel-gate-valve","7":"product_cat-gate-valve","8":"product_tag-astm-a216-150lb-wcb-gate-valve-to-api-600","9":"product_tag-astm-a216-wcb-flanged-gate-valve","10":"product_tag-carbon-steel-gate-valve","11":"product_tag-flanged-bolted-bonnet-gate-valve","12":"product_tag-flexible-wedge-cast-steel-gate-valve","14":"first","15":"instock","16":"featured","17":"shipping-taxable","18":"product-type-simple"},"_links":{"self":[{"href":"https:\/\/www.stvvalves.com\/pt\/wp-json\/wp\/v2\/product\/4498","targetHints":{"allow":["GET"]}}],"collection":[{"href":"https:\/\/www.stvvalves.com\/pt\/wp-json\/wp\/v2\/product"}],"about":[{"href":"https:\/\/www.stvvalves.com\/pt\/wp-json\/wp\/v2\/types\/product"}],"wp:featuredmedia":[{"embeddable":true,"href":"https:\/\/www.stvvalves.com\/pt\/wp-json\/wp\/v2\/media\/4499"}],"wp:attachment":[{"href":"https:\/\/www.stvvalves.com\/pt\/wp-json\/wp\/v2\/media?parent=4498"}],"wp:term":[{"taxonomy":"product_brand","embeddable":true,"href":"https:\/\/www.stvvalves.com\/pt\/wp-json\/wp\/v2\/product_brand?post=4498"},{"taxonomy":"product_cat","embeddable":true,"href":"https:\/\/www.stvvalves.com\/pt\/wp-json\/wp\/v2\/product_cat?post=4498"},{"taxonomy":"product_tag","embeddable":true,"href":"https:\/\/www.stvvalves.com\/pt\/wp-json\/wp\/v2\/product_tag?post=4498"}],"curies":[{"name":"wp","href":"https:\/\/api.w.org\/{rel}","templated":true}]}}