{"id":4502,"date":"2019-03-19T03:37:59","date_gmt":"2019-03-19T03:37:59","guid":{"rendered":"https:\/\/www.stvvalves.com\/?post_type=product&#038;p=4502"},"modified":"2025-02-17T18:22:01","modified_gmt":"2025-02-17T10:22:01","slug":"scs13-swing-check-valve4-inch-jis10k-ff-end","status":"publish","type":"product","link":"https:\/\/www.stvvalves.com\/pt\/products\/scs13-swing-check-valve4-inch-jis10k-ff-end\/","title":{"rendered":"V\u00e1lvula de reten\u00e7\u00e3o girat\u00f3ria SCS13, 4 polegadas, Jis10K, extremidade FF"},"content":{"rendered":"<p>V\u00e1lvula de reten\u00e7\u00e3o SCS13<br \/>\nProjeto e Fabrica\u00e7\u00e3o: JIS B2074 B2084<br \/>\nDimens\u00e3o face a face: JIS B2212 B2214<br \/>\nDimens\u00e3o da conex\u00e3o do flange: JIS B2002<br \/>\nTeste e inspe\u00e7\u00e3o: JIS B2003<br \/>\nTamanho: NPS 2\u2033~48\u2033<br \/>\nClasse: JIS10K-40K<br \/>\nMaterial principal: WCB, WCA, WCC, WC6, WC9, C5, C12, LCB, LCC, CF8, CF8M, CF3, CF3M, CF8C, CN7M,SCS13,SCS13A,SCS14,SCS14A,SCS12,SCS13<\/p>\n<p><img loading=\"lazy\" decoding=\"async\" class=\"alignleft size-full wp-image-4505\" src=\"https:\/\/www.stvvalves.com\/wp-content\/uploads\/2019\/03\/SCS13-Swing-Check-Valve-4-Inch-Jis10K-FF-End-drawing.jpg\" alt=\"\" width=\"2339\" height=\"1653\" srcset=\"https:\/\/www.stvvalves.com\/wp-content\/uploads\/2019\/03\/SCS13-Swing-Check-Valve-4-Inch-Jis10K-FF-End-drawing.jpg 2339w, https:\/\/www.stvvalves.com\/wp-content\/uploads\/2019\/03\/SCS13-Swing-Check-Valve-4-Inch-Jis10K-FF-End-drawing-600x424.jpg 600w, https:\/\/www.stvvalves.com\/wp-content\/uploads\/2019\/03\/SCS13-Swing-Check-Valve-4-Inch-Jis10K-FF-End-drawing-300x212.jpg 300w, https:\/\/www.stvvalves.com\/wp-content\/uploads\/2019\/03\/SCS13-Swing-Check-Valve-4-Inch-Jis10K-FF-End-drawing-768x543.jpg 768w, https:\/\/www.stvvalves.com\/wp-content\/uploads\/2019\/03\/SCS13-Swing-Check-Valve-4-Inch-Jis10K-FF-End-drawing-1030x728.jpg 1030w, https:\/\/www.stvvalves.com\/wp-content\/uploads\/2019\/03\/SCS13-Swing-Check-Valve-4-Inch-Jis10K-FF-End-drawing-1500x1060.jpg 1500w, https:\/\/www.stvvalves.com\/wp-content\/uploads\/2019\/03\/SCS13-Swing-Check-Valve-4-Inch-Jis10K-FF-End-drawing-260x185.jpg 260w, https:\/\/www.stvvalves.com\/wp-content\/uploads\/2019\/03\/SCS13-Swing-Check-Valve-4-Inch-Jis10K-FF-End-drawing-705x498.jpg 705w\" sizes=\"auto, (max-width: 2339px) 100vw, 2339px\" \/><\/p>","protected":false},"excerpt":{"rendered":"<p>Modelo:H44W-JIS10K-DN100-SCS13<\/p>\n<p>A v\u00e1lvula de reten\u00e7\u00e3o padr\u00e3o japonesa tipo swing \u00e9 fabricada de acordo com o padr\u00e3o japon\u00eas JIS. A press\u00e3o da v\u00e1lvula \u00e9 expressa por K. A v\u00e1lvula de reten\u00e7\u00e3o de oscila\u00e7\u00e3o \u00e9 instalada em uma posi\u00e7\u00e3o irrestrita. Geralmente \u00e9 instalado em tubo horizontal, mas tamb\u00e9m pode ser instalado em tubo vertical. Ou na linha de mergulho. A aba da v\u00e1lvula de reten\u00e7\u00e3o de giro gira em torno do eixo rotativo e sua resist\u00eancia ao fluido \u00e9 geralmente menor do que a da v\u00e1lvula de reten\u00e7\u00e3o de eleva\u00e7\u00e3o, que \u00e9 adequada para um di\u00e2metro grande. De acordo com o n\u00famero de abas, as v\u00e1lvulas de reten\u00e7\u00e3o de oscila\u00e7\u00e3o podem ser divididas em tr\u00eas tipos: tipo oscilante de aba \u00fanica, tipo oscilante de aba dupla e tipo oscilante multilobado. A v\u00e1lvula de reten\u00e7\u00e3o oscilante de v\u00e1lvula \u00fanica \u00e9 geralmente adequada para aplica\u00e7\u00f5es de m\u00e9dio calibre, e a v\u00e1lvula de reten\u00e7\u00e3o oscilante de v\u00e1lvula \u00fanica \u00e9 usada para tubula\u00e7\u00f5es de grande di\u00e2metro. Para reduzir a press\u00e3o do golpe de ar\u00edete, \u00e9 melhor usar uma v\u00e1lvula de reten\u00e7\u00e3o de fechamento lento que possa reduzir a press\u00e3o do golpe de ar\u00edete; a v\u00e1lvula de reten\u00e7\u00e3o oscilante de v\u00e1lvula dupla \u00e9 adequada para tubula\u00e7\u00f5es de grande e m\u00e9dio di\u00e2metro, e a estrutura da v\u00e1lvula de reten\u00e7\u00e3o tipo oscilante de v\u00e1lvula dupla \u00e9 pequena. O peso leve \u00e9 uma v\u00e1lvula de reten\u00e7\u00e3o de r\u00e1pido desenvolvimento; A v\u00e1lvula de reten\u00e7\u00e3o oscilante multilobulada \u00e9 adequada para tubula\u00e7\u00f5es de grande di\u00e2metro.<br \/>\nAs partes de abertura e fechamento da v\u00e1lvula de reten\u00e7\u00e3o s\u00e3o abertas ou fechadas pelo fluxo e for\u00e7a do meio para evitar que o meio flua para tr\u00e1s. As v\u00e1lvulas de reten\u00e7\u00e3o s\u00e3o geralmente divididas em quatro tipos: tipo elevador, tipo oscilante, tipo borboleta e tipo horizontal. A v\u00e1lvula de reten\u00e7\u00e3o de eleva\u00e7\u00e3o deve ser instalada na linha horizontal. A v\u00e1lvula de reten\u00e7\u00e3o do tipo eleva\u00e7\u00e3o vertical e a v\u00e1lvula inferior s\u00e3o geralmente instaladas. Na linha vertical, e o meio flui de baixo para cima, a v\u00e1lvula de reten\u00e7\u00e3o de giro \u00e9 instalada em posi\u00e7\u00e3o irrestrita, geralmente instalada em linha horizontal, mas tamb\u00e9m pode ser instalada em linha vertical ou linha de descarga. Nota: A v\u00e1lvula de reten\u00e7\u00e3o s\u00f3 permite que o meio flua em uma dire\u00e7\u00e3o. Preste aten\u00e7\u00e3o especial \u00e0 dire\u00e7\u00e3o do fluxo do meio. A dire\u00e7\u00e3o normal do fluxo do meio deve ser consistente com a dire\u00e7\u00e3o da seta indicada no corpo da v\u00e1lvula, caso contr\u00e1rio, o fluxo normal do meio ser\u00e1 interrompido.<\/p>\n<p>STV Valve Technology Group Co., Ltd \u00e9 um l\u00edder profissional China JIS Swing Check Valve, JIS10K SCS13 SCS14 V\u00e1lvula de reten\u00e7\u00e3o flangeada, V\u00e1lvula de reten\u00e7\u00e3o Scs13 atacado, V\u00e1lvula de reten\u00e7\u00e3o flangeada, V\u00e1lvula de reten\u00e7\u00e3o de a\u00e7o inoxid\u00e1vel, China Scs13 \/ Scs14 JIS 10K Flangeado Swing Fabricante de v\u00e1lvula de reten\u00e7\u00e3o com alta qualidade e pre\u00e7o competitivo.<\/p>\n<p>Para saber mais sobre essas v\u00e1lvulas, entre em contato com nosso sales@stvvalve.com<br \/>\nFolha de data:<a href=\"https:\/\/www.stvvalves.com\/wp-content\/uploads\/2019\/03\/SCS13-Swing-Check-Valve-4-Inch-Jis10K-FF-End-drawing.pdf\">V\u00e1lvula de reten\u00e7\u00e3o girat\u00f3ria SCS13, 4 polegadas, Jis10K, extremidade FF<\/a><\/p>","protected":false},"featured_media":4503,"template":"","meta":[],"product_brand":[],"product_cat":[46,67],"product_tag":[631,632,628,629,630,633],"class_list":{"0":"post-4502","1":"product","2":"type-product","3":"status-publish","4":"has-post-thumbnail","6":"product_cat-check-valves","7":"product_cat-stainless-steel-check-valve","8":"product_tag-china-scs13-scs14-jis-10k-flanged-swing-check-valve","9":"product_tag-flanged-swing-check-valve","10":"product_tag-jis-swing-check-valve","11":"product_tag-jis10k-scs13-scs14-flanged-swing-check-valve","12":"product_tag-scs13-swing-check-valve-wholesale","13":"product_tag-stainless-steel-check-valve","15":"first","16":"instock","17":"shipping-taxable","18":"product-type-simple"},"_links":{"self":[{"href":"https:\/\/www.stvvalves.com\/pt\/wp-json\/wp\/v2\/product\/4502","targetHints":{"allow":["GET"]}}],"collection":[{"href":"https:\/\/www.stvvalves.com\/pt\/wp-json\/wp\/v2\/product"}],"about":[{"href":"https:\/\/www.stvvalves.com\/pt\/wp-json\/wp\/v2\/types\/product"}],"wp:featuredmedia":[{"embeddable":true,"href":"https:\/\/www.stvvalves.com\/pt\/wp-json\/wp\/v2\/media\/4503"}],"wp:attachment":[{"href":"https:\/\/www.stvvalves.com\/pt\/wp-json\/wp\/v2\/media?parent=4502"}],"wp:term":[{"taxonomy":"product_brand","embeddable":true,"href":"https:\/\/www.stvvalves.com\/pt\/wp-json\/wp\/v2\/product_brand?post=4502"},{"taxonomy":"product_cat","embeddable":true,"href":"https:\/\/www.stvvalves.com\/pt\/wp-json\/wp\/v2\/product_cat?post=4502"},{"taxonomy":"product_tag","embeddable":true,"href":"https:\/\/www.stvvalves.com\/pt\/wp-json\/wp\/v2\/product_tag?post=4502"}],"curies":[{"name":"wp","href":"https:\/\/api.w.org\/{rel}","templated":true}]}}