{"id":4519,"date":"2019-03-19T07:52:32","date_gmt":"2019-03-19T07:52:32","guid":{"rendered":"https:\/\/www.stvvalves.com\/?post_type=product&#038;p=4519"},"modified":"2025-02-17T18:21:40","modified_gmt":"2025-02-17T10:21:40","slug":"forged-steel-y-type-piston-check-valve-800lb-dn25-sw-end","status":"publish","type":"product","link":"https:\/\/www.stvvalves.com\/pt\/products\/forged-steel-y-type-piston-check-valve-800lb-dn25-sw-end\/","title":{"rendered":"V\u00e1lvula de reten\u00e7\u00e3o de pist\u00e3o tipo Y de a\u00e7o forjado, 800LB, DN25, extremidade SW"},"content":{"rendered":"<p>Caracter\u00edsticas das v\u00e1lvulas de reten\u00e7\u00e3o de pist\u00e3o de a\u00e7o forjado (tipo Y):<br \/>\nCorpo tipo Y obl\u00edquo, coeficiente de fluxo maior<br \/>\nTipo de disco de pist\u00e3o<br \/>\nCastelo aparafusado, castelo soldado ou castelo com veda\u00e7\u00e3o de press\u00e3o<br \/>\nSolda de soquete (SW), solda de topo (BW), extremidade roscada dispon\u00edvel<\/p>\n<p>Padr\u00f5es aplic\u00e1veis de v\u00e1lvulas de reten\u00e7\u00e3o de pist\u00e3o de a\u00e7o forjado (tipo Y):<br \/>\na) Projeto e Fabrica\u00e7\u00e3o: API 602, BS 5352, ASME B16.34<br \/>\nb) Presencial: ASME B16.10, EN 558<br \/>\nc) Extremidade de Conex\u00e3o: ASME B1.20.1, ASME B16.11, ASME B16.25, ASME B16.5, EN 1092<br \/>\nd) Teste e Inspe\u00e7\u00e3o: API598, EN 12266<\/p>\n<p>Tamanhos: 1\/2\u2033 \u2013 2\u2033 ou DN12 \u2013 DN50<br \/>\nClassifica\u00e7\u00e3o de press\u00e3o: Classe 150 \u2013 Classe 2500 ou PN 16 \u2013 PN 420<br \/>\nMaterial do corpo da v\u00e1lvula: A105, LF2, F11, F22, F5, F304, F304L, F316, F316L, ect<\/p>\n<table>\n<tbody>\n<tr>\n<td width=\"200\"><strong>Nome do Produto<\/strong><\/td>\n<td width=\"481\">V\u00e1lvula de reten\u00e7\u00e3o de pist\u00e3o tipo Y de a\u00e7o forjado, 800LB, DN25, extremidade SW<\/td>\n<\/tr>\n<tr>\n<td width=\"200\">1. Materiais<\/td>\n<td width=\"481\">A105B<\/td>\n<\/tr>\n<tr>\n<td width=\"200\">2. Tamanho<\/td>\n<td width=\"481\">1\u201d<\/td>\n<\/tr>\n<tr>\n<td width=\"200\">4. Porto<\/td>\n<td width=\"481\">Porta Redutora<\/td>\n<\/tr>\n<tr>\n<td width=\"200\">5. Press\u00e3o de Trabalho<\/td>\n<td width=\"481\">800 libras<\/td>\n<\/tr>\n<tr>\n<td width=\"200\">6. Fim da conex\u00e3o<\/td>\n<td width=\"481\">SO<\/td>\n<\/tr>\n<tr>\n<td width=\"200\">7. Temperatura de trabalho.<\/td>\n<td width=\"481\">-29~425\u00baC,<\/td>\n<\/tr>\n<tr>\n<td width=\"200\">8. Meio Adequado<\/td>\n<td width=\"481\">\u00c1gua, G\u00e1s Natural, Petr\u00f3leo e algum l\u00edquido corrosivo<\/td>\n<\/tr>\n<tr>\n<td width=\"200\">9. Operado<\/td>\n<td width=\"481\">\/<\/td>\n<\/tr>\n<tr>\n<td width=\"200\">10. Inspe\u00e7\u00e3o e Teste<\/td>\n<td width=\"481\">De acordo com API598<\/td>\n<\/tr>\n<tr>\n<td width=\"200\"><strong>envio<\/strong><\/td>\n<td width=\"481\"><\/td>\n<\/tr>\n<tr>\n<td width=\"200\">Prazo de entrega<\/td>\n<td width=\"481\">30 dias<\/td>\n<\/tr>\n<tr>\n<td width=\"200\">Pacote<\/td>\n<td width=\"481\">Caixa de madeira compensada de exporta\u00e7\u00e3o padr\u00e3o<\/td>\n<\/tr>\n<tr>\n<td width=\"200\">Porto de embarque<\/td>\n<td width=\"481\">Ningbo\/Xangai, China<\/td>\n<\/tr>\n<tr>\n<td width=\"200\">Termos de envio<\/td>\n<td width=\"481\">Exw, FOB, CFR, CIF, etc.<\/td>\n<\/tr>\n<tr>\n<td width=\"200\">Termos de pagamento<\/td>\n<td width=\"481\">T\/T, Western Union, PayPal, etc.<\/td>\n<\/tr>\n<tr>\n<td width=\"200\"><\/td>\n<td width=\"481\">Pr\u00e9-pagamento 30%, saldo 70% pago antes do envio<\/td>\n<\/tr>\n<tr>\n<td width=\"200\">Pa\u00eds de origem<\/td>\n<td width=\"481\">Cidade de Wenzhou, China<\/td>\n<\/tr>\n<tr>\n<td width=\"200\">Capacidade de produ\u00e7\u00e3o<\/td>\n<td width=\"481\">6.000 toneladas\/ano<\/td>\n<\/tr>\n<tr>\n<td width=\"200\">Quantidade m\u00ednima<\/td>\n<td width=\"481\">1 pe\u00e7a\/tamanho<\/td>\n<\/tr>\n<\/tbody>\n<\/table>\n<p>&nbsp;<\/p>\n<p>&nbsp;<\/p>","protected":false},"excerpt":{"rendered":"<p>Modelo:STV-HY42Y-800LB-A105N-1\u2033<\/p>\n<p>A v\u00e1lvula de reten\u00e7\u00e3o de pist\u00e3o tipo Y de a\u00e7o forjado est\u00e1 dispon\u00edvel em tr\u00eas designs de castelo.<br \/>\nO primeiro tipo \u00e9 um castelo tipo parafuso. O corpo da v\u00e1lvula projetado de acordo com este formul\u00e1rio de projeto possui um corpo de v\u00e1lvula e uma tampa de v\u00e1lvula conectada por parafusos e porcas, e uma junta enrolada.<br \/>\n(fabrica\u00e7\u00e3o de grafite flex\u00edvel com clipe 316) veda\u00e7\u00e3o. Os clientes tamb\u00e9m podem usar conex\u00e3o de anel met\u00e1lico quando houver requisitos especiais.<br \/>\nA segunda forma de projeto \u00e9 uma tampa soldada que varre a v\u00e1lvula desta forma de projeto, o corpo da v\u00e1lvula e a tampa s\u00e3o parafusados e a press\u00e3o interna \u00e9 autovedante.<br \/>\nExistem v\u00e1lvulas de corte e v\u00e1lvulas de reten\u00e7\u00e3o que podem ser projetadas como v\u00e1lvulas \u201cY\u201d.<\/p>\n<p>STV Valve Technology Group Co., Ltd \u00e9 um l\u00edder profissional China V\u00e1lvulas de reten\u00e7\u00e3o de a\u00e7o forjado, V\u00e1lvula de reten\u00e7\u00e3o de a\u00e7o forjado tipo Y ASME, V\u00e1lvula de reten\u00e7\u00e3o tipo Y forjada, V\u00e1lvulas de reten\u00e7\u00e3o de pist\u00e3o de padr\u00e3o Y de a\u00e7o forjado 800Lb, V\u00e1lvula de reten\u00e7\u00e3o TIPO Y de 800lb, DN25 Y TIPO Fornecedor de v\u00e1lvula de reten\u00e7\u00e3o com alta qualidade e baixo pre\u00e7o.<br \/>\nPara saber mais sobre essas v\u00e1lvulas, entre em contato com nosso sales@stvvalve.com<br \/>\nFolha de data:<a href=\"https:\/\/www.stvvalves.com\/wp-content\/uploads\/2019\/03\/forged-steel-y-type-piston-check-valve-800lb-dn25-sw-end-drawing.pdf\">V\u00e1lvula de reten\u00e7\u00e3o de pist\u00e3o tipo Y de a\u00e7o forjado, 800LB, DN25, extremidade SW<\/a><\/p>","protected":false},"featured_media":4520,"template":"","meta":[],"product_brand":[],"product_cat":[46,66],"product_tag":[648,645,649,560,647,646],"class_list":{"0":"post-4519","1":"product","2":"type-product","3":"status-publish","4":"has-post-thumbnail","6":"product_cat-check-valves","7":"product_cat-swing-check-valve","8":"product_tag-800lb-y-type-check-valve","9":"product_tag-asme-y-type-forged-steel-check-valve","10":"product_tag-dn25-y-type-check-valve","11":"product_tag-forged-steel-check-valves","12":"product_tag-forged-steel-y-pattern-piston-check-valves-800lb","13":"product_tag-forged-y-type-check-valve","15":"first","16":"instock","17":"shipping-taxable","18":"product-type-simple"},"_links":{"self":[{"href":"https:\/\/www.stvvalves.com\/pt\/wp-json\/wp\/v2\/product\/4519","targetHints":{"allow":["GET"]}}],"collection":[{"href":"https:\/\/www.stvvalves.com\/pt\/wp-json\/wp\/v2\/product"}],"about":[{"href":"https:\/\/www.stvvalves.com\/pt\/wp-json\/wp\/v2\/types\/product"}],"wp:featuredmedia":[{"embeddable":true,"href":"https:\/\/www.stvvalves.com\/pt\/wp-json\/wp\/v2\/media\/4520"}],"wp:attachment":[{"href":"https:\/\/www.stvvalves.com\/pt\/wp-json\/wp\/v2\/media?parent=4519"}],"wp:term":[{"taxonomy":"product_brand","embeddable":true,"href":"https:\/\/www.stvvalves.com\/pt\/wp-json\/wp\/v2\/product_brand?post=4519"},{"taxonomy":"product_cat","embeddable":true,"href":"https:\/\/www.stvvalves.com\/pt\/wp-json\/wp\/v2\/product_cat?post=4519"},{"taxonomy":"product_tag","embeddable":true,"href":"https:\/\/www.stvvalves.com\/pt\/wp-json\/wp\/v2\/product_tag?post=4519"}],"curies":[{"name":"wp","href":"https:\/\/api.w.org\/{rel}","templated":true}]}}