{"id":4529,"date":"2019-03-20T02:49:55","date_gmt":"2019-03-20T02:49:55","guid":{"rendered":"https:\/\/www.stvvalves.com\/?post_type=product&#038;p=4529"},"modified":"2025-02-17T18:22:09","modified_gmt":"2025-02-17T10:22:09","slug":"1500lb-forged-steel-weld-bonnet-gate-valve-a105n-body-dn50-socket-weld-end","status":"publish","type":"product","link":"https:\/\/www.stvvalves.com\/pt\/products\/1500lb-forged-steel-weld-bonnet-gate-valve-a105n-body-dn50-socket-weld-end\/","title":{"rendered":"V\u00e1lvula de porta de a\u00e7o forjado 1500LB com capota de solda, corpo A105N, DN50, extremidade de solda de soquete"},"content":{"rendered":"<p>Caracter\u00edsticas de design<br \/>\n1. Porta completa ou porta convencional<br \/>\n2. Parafuso externo e garfo (OS&amp;Y)<br \/>\n3. Prensa de gaxeta autocompensadora de duas pe\u00e7as<br \/>\n4. Castelo aparafusado com junta em espiral, castelo soldado com rosca e veda\u00e7\u00e3o ou castelo com veda\u00e7\u00e3o roscada e de press\u00e3o<br \/>\n5. Banco traseiro integral<br \/>\n6.Dispon\u00edvel em ANSI 150-2500LB, tamanhos: 1\/2\u2033 a 2\u2033.<br \/>\n7.Materiais:A105N,LF2,F304,F316,F11,F22,F5,F91,liga de a\u00e7o etc.<br \/>\n8.Faixa de temperatura: 0\u00b0C a 538\u00b0C.<br \/>\n9.Porta: Porta Redutora e Porta Completa.<br \/>\n10.Conex\u00e3o final;NPT,BW,SW,RF,RTJ.<\/p>\n<table>\n<tbody>\n<tr>\n<td width=\"200\"><strong><b>Nome do Produto<\/b><\/strong><\/td>\n<td width=\"481\">V\u00e1lvula de porta de a\u00e7o forjado 1500LB com capota de solda, corpo A105N, DN50, extremidade de solda de soquete<\/td>\n<\/tr>\n<tr>\n<td width=\"200\">1. Materiais<\/td>\n<td width=\"481\">A105N<\/td>\n<\/tr>\n<tr>\n<td width=\"200\">2. Tamanho<\/td>\n<td width=\"481\">2\u201d<\/td>\n<\/tr>\n<tr>\n<td width=\"200\">4. Porto<\/td>\n<td width=\"481\">Porta Redutora<\/td>\n<\/tr>\n<tr>\n<td width=\"200\">5. Press\u00e3o de Trabalho<\/td>\n<td width=\"481\">1.500 libras<\/td>\n<\/tr>\n<tr>\n<td width=\"200\">6. Fim da conex\u00e3o<\/td>\n<td width=\"481\">Extremidade de solda de soquete<\/td>\n<\/tr>\n<tr>\n<td width=\"200\">7. Temperatura de trabalho.<\/td>\n<td width=\"481\">-29~425\u00baC,<\/td>\n<\/tr>\n<tr>\n<td width=\"200\">8. Meio Adequado<\/td>\n<td width=\"481\">\u00c1gua, G\u00e1s Natural, Petr\u00f3leo e algum l\u00edquido corrosivo<\/td>\n<\/tr>\n<tr>\n<td width=\"200\">9. Operado<\/td>\n<td width=\"481\">Volante<\/td>\n<\/tr>\n<tr>\n<td width=\"200\">10. Inspe\u00e7\u00e3o e Teste<\/td>\n<td width=\"481\">De acordo comAPI 598<\/td>\n<\/tr>\n<tr>\n<td width=\"200\"><strong><b>envio<\/b><\/strong><\/td>\n<td width=\"481\"><\/td>\n<\/tr>\n<tr>\n<td width=\"200\">Prazo de entrega<\/td>\n<td width=\"481\">30 dias<\/td>\n<\/tr>\n<tr>\n<td width=\"200\">Pacote<\/td>\n<td width=\"481\">Caixa de madeira compensada de exporta\u00e7\u00e3o padr\u00e3o<\/td>\n<\/tr>\n<tr>\n<td width=\"200\">Porto de embarque<\/td>\n<td width=\"481\">Ningbo\/Xangai, China<\/td>\n<\/tr>\n<tr>\n<td width=\"200\">Termos de envio<\/td>\n<td width=\"481\">Exw, FOB, CFR, CIF, etc.<\/td>\n<\/tr>\n<tr>\n<td width=\"200\">Termos de pagamento<\/td>\n<td width=\"481\">T\/T, Western Union, PayPal, etc.<\/td>\n<\/tr>\n<tr>\n<td width=\"200\"><\/td>\n<td width=\"481\">Pr\u00e9-pagamento 30%, saldo 70% pago antes do envio<\/td>\n<\/tr>\n<tr>\n<td width=\"200\">Pa\u00eds de origem<\/td>\n<td width=\"481\">Cidade de Wenzhou, China<\/td>\n<\/tr>\n<tr>\n<td width=\"200\">Capacidade de produ\u00e7\u00e3o<\/td>\n<td width=\"481\">6.000 toneladas\/ano<\/td>\n<\/tr>\n<tr>\n<td width=\"200\">Quantidade m\u00ednima<\/td>\n<td width=\"481\">10 unidades\/tamanho<\/td>\n<\/tr>\n<\/tbody>\n<\/table>","protected":false},"excerpt":{"rendered":"<p>Modelo:STV-Z61YW-1500LB-A105N-2\u2033<\/p>\n<p>A v\u00e1lvula de gaveta com castelo soldado em a\u00e7o forjado 1500LB do volante transmite torque para a haste da v\u00e1lvula atrav\u00e9s da porca da haste. a haste da v\u00e1lvula \u00e9 forjada e temperada com A182F6 (1Cr13) e possui dureza HB220-250. para reduzir a perda de pot\u00eancia durante o processo de transmiss\u00e3o, a porca da haste \u00e9 feita de ferro d\u00factil com alto teor de n\u00edquel A439GR.D2 ou liga de cobre (o ferro d\u00factil com alto teor de n\u00edquel tem certas propriedades autolubrificantes) e a dureza \u00e9 de cerca de HB50 menor que a haste da v\u00e1lvula.<\/p>\n<p>As v\u00e1lvulas gaveta de a\u00e7o forjado s\u00e3o adequadas para tubos de pequeno di\u00e2metro com temperaturas de opera\u00e7\u00e3o de -29-450\u00b0C (a\u00e7o carbono) ou -29-500\u00b0C (a\u00e7o inoxid\u00e1vel). \u00c9 usado para cortar ou conectar a m\u00eddia no tubo. Diferentes materiais podem ser usados. Em \u00e1gua, vapor, \u00f3leo, \u00e1cido n\u00edtrico, \u00e1cido ac\u00e9tico, meio oxidante, ur\u00e9ia e outros meios.<\/p>\n<p>STV Valve Technology Group Co., Ltd \u00e9 um l\u00edder profissional China V\u00e1lvulas de gaveta de a\u00e7o forjado Classe de castelo soldado 1500, V\u00e1lvulas de a\u00e7o forjado com castelo soldado, V\u00e1lvula de port\u00e3o de a\u00e7o forjado com solda, V\u00e1lvula de port\u00e3o de a\u00e7o forjado para API 602, Fabricante de v\u00e1lvula de port\u00e3o China DN50 com alta qualidade e pre\u00e7o competitivo.<\/p>\n<p>Entre em contato com nosso sales@stvvalve.com para outros materiais e detalhes.<\/p>\n<p>Folha de data:<a href=\"https:\/\/www.stvvalves.com\/wp-content\/uploads\/2019\/03\/1500lb-forged-steel-weld-bonnet-gate-valve-a105n-body-dn50-socket-weld-end-drawing.pdf\">V\u00e1lvula de porta de a\u00e7o forjado 1500LB com capota de solda, corpo A105N, DN50, extremidade de solda de soquete<\/a><\/p>","protected":false},"featured_media":4530,"template":"","meta":[],"product_brand":[],"product_cat":[59,44],"product_tag":[658,657,654,656,655],"class_list":{"0":"post-4529","1":"product","2":"type-product","3":"status-publish","4":"has-post-thumbnail","6":"product_cat-forged-steel-gate-valve","7":"product_cat-gate-valve","8":"product_tag-dn50-gate-valve","9":"product_tag-forged-steel-gate-valve-to-api-602","10":"product_tag-forged-steel-gate-valves-welded-bonnet-class-1500","11":"product_tag-forged-steel-weld-bonnet-gate-valve","12":"product_tag-welded-bonnet-forged-steel-valves","14":"first","15":"instock","16":"shipping-taxable","17":"product-type-simple"},"_links":{"self":[{"href":"https:\/\/www.stvvalves.com\/pt\/wp-json\/wp\/v2\/product\/4529","targetHints":{"allow":["GET"]}}],"collection":[{"href":"https:\/\/www.stvvalves.com\/pt\/wp-json\/wp\/v2\/product"}],"about":[{"href":"https:\/\/www.stvvalves.com\/pt\/wp-json\/wp\/v2\/types\/product"}],"wp:featuredmedia":[{"embeddable":true,"href":"https:\/\/www.stvvalves.com\/pt\/wp-json\/wp\/v2\/media\/4530"}],"wp:attachment":[{"href":"https:\/\/www.stvvalves.com\/pt\/wp-json\/wp\/v2\/media?parent=4529"}],"wp:term":[{"taxonomy":"product_brand","embeddable":true,"href":"https:\/\/www.stvvalves.com\/pt\/wp-json\/wp\/v2\/product_brand?post=4529"},{"taxonomy":"product_cat","embeddable":true,"href":"https:\/\/www.stvvalves.com\/pt\/wp-json\/wp\/v2\/product_cat?post=4529"},{"taxonomy":"product_tag","embeddable":true,"href":"https:\/\/www.stvvalves.com\/pt\/wp-json\/wp\/v2\/product_tag?post=4529"}],"curies":[{"name":"wp","href":"https:\/\/api.w.org\/{rel}","templated":true}]}}