{"id":4534,"date":"2019-03-20T05:34:51","date_gmt":"2019-03-20T05:34:51","guid":{"rendered":"https:\/\/www.stvvalves.com\/?post_type=product&#038;p=4534"},"modified":"2025-02-17T18:21:37","modified_gmt":"2025-02-17T10:21:37","slug":"1500lb-seal-bonnet-gate-valve-api-602-a105n-body-dn50-sw-end","status":"publish","type":"product","link":"https:\/\/www.stvvalves.com\/pt\/products\/1500lb-seal-bonnet-gate-valve-api-602-a105n-body-dn50-sw-end\/","title":{"rendered":"V\u00e1lvula de gaveta com cap\u00f4 de veda\u00e7\u00e3o 1500LB, API 602, corpo A105N, DN50, extremidade SW"},"content":{"rendered":"<p>Projeto e fabrica\u00e7\u00e3o em conformidade com BS 5352,ANSI B16.34<\/p>\n<p>As extremidades da conex\u00e3o est\u00e3o em conformidade com:<\/p>\n<p>1. As extremidades soldadas do soquete est\u00e3o em conformidade com ANSI B16.11<\/p>\n<p>2. As extremidades dos parafusos est\u00e3o em conformidade com ANSI B1.20.1<\/p>\n<p>3..Extremidades soldadas de topo em conformidade com ANSI B16.25<\/p>\n<p>Teste e inspe\u00e7\u00e3o em conformidade com: API 598<\/p>\n<p>1) Informa\u00e7\u00f5es sobre o produto: as v\u00e1lvulas fornecidas s\u00e3o usadas principalmente para \u00e1gua, ar, \u00f3leo, g\u00e1s<br \/>\n2) Tipo de conex\u00e3o: tipo flangeado, tipo de soldagem de soquete, tipo de soldagem de topo, tipo de parafuso<br \/>\n3) Materiais:<br \/>\na) Corpo: A105, LF2, F11, F22, F304, F316, F304L, F316L<br \/>\nb) Disco: A105, LF2, F11, F22, F304, F316, F304L, F316L<br \/>\nc) Haste: F6a, F11, F22, F304, F316, F304L, F316L<br \/>\nd) Cap\u00f4: A105, LF2, F11, F22, F304, F316, F304L, F316L<br \/>\n4) Tamanho: 15-50mm\/1\/2\u2033 \u2013 2\u2033<br \/>\n5) Grau de press\u00e3o: PN16~PN100, 150Lb~2500Lb<br \/>\n6) Revestimento: Revestimento conforme a exig\u00eancia dos clientes<br \/>\n7) Pacote: Caixas de madeira<\/p>\n<table>\n<tbody>\n<tr>\n<td width=\"200\"><strong><b>Nome do Produto<\/b><\/strong><\/td>\n<td width=\"481\">V\u00e1lvula de gaveta com cap\u00f4 de veda\u00e7\u00e3o 1500LB, API 602, corpo A105N, DN50, extremidade SW<\/td>\n<\/tr>\n<tr>\n<td width=\"200\">1. Materiais<\/td>\n<td width=\"481\">A105N<\/td>\n<\/tr>\n<tr>\n<td width=\"200\">2. Tamanho<\/td>\n<td width=\"481\">2\u201d<\/td>\n<\/tr>\n<tr>\n<td width=\"200\">4. Porto<\/td>\n<td width=\"481\">Porta Redutora<\/td>\n<\/tr>\n<tr>\n<td width=\"200\">5. Press\u00e3o de Trabalho<\/td>\n<td width=\"481\">1.500 libras<\/td>\n<\/tr>\n<tr>\n<td width=\"200\">6. Fim da conex\u00e3o<\/td>\n<td width=\"481\">RF<\/td>\n<\/tr>\n<tr>\n<td width=\"200\">7. Temperatura de trabalho.<\/td>\n<td width=\"481\">-29~425\u00baC,<\/td>\n<\/tr>\n<tr>\n<td width=\"200\">8. Meio Adequado<\/td>\n<td width=\"481\">\u00c1gua, G\u00e1s Natural, Petr\u00f3leo e algum l\u00edquido corrosivo<\/td>\n<\/tr>\n<tr>\n<td width=\"200\">9. Operado<\/td>\n<td width=\"481\">Volante<\/td>\n<\/tr>\n<tr>\n<td width=\"200\">10. Inspe\u00e7\u00e3o e Teste<\/td>\n<td width=\"481\">De acordo comAPI 598<\/td>\n<\/tr>\n<tr>\n<td width=\"200\"><strong><b>envio<\/b><\/strong><\/td>\n<td width=\"481\">&nbsp;<\/td>\n<\/tr>\n<tr>\n<td width=\"200\">Prazo de entrega<\/td>\n<td width=\"481\">30 dias<\/td>\n<\/tr>\n<tr>\n<td width=\"200\">Pacote<\/td>\n<td width=\"481\">Caixa de madeira compensada de exporta\u00e7\u00e3o padr\u00e3o<\/td>\n<\/tr>\n<tr>\n<td width=\"200\">Porto de embarque<\/td>\n<td width=\"481\">Ningbo\/Xangai, China<\/td>\n<\/tr>\n<tr>\n<td width=\"200\">Termos de envio<\/td>\n<td width=\"481\">Exw, FOB, CFR, CIF, etc.<\/td>\n<\/tr>\n<tr>\n<td width=\"200\">Termos de pagamento<\/td>\n<td width=\"481\">T\/T, Western Union, PayPal, etc.<\/td>\n<\/tr>\n<tr>\n<td width=\"200\">&nbsp;<\/td>\n<td width=\"481\">Pr\u00e9-pagamento 30%, saldo 70% pago antes do envio<\/td>\n<\/tr>\n<tr>\n<td width=\"200\">Pa\u00eds de origem<\/td>\n<td width=\"481\">Cidade de Wenzhou, China<\/td>\n<\/tr>\n<tr>\n<td width=\"200\">Capacidade de produ\u00e7\u00e3o<\/td>\n<td width=\"481\">6.000 toneladas\/ano<\/td>\n<\/tr>\n<tr>\n<td width=\"200\">Quantidade m\u00ednima<\/td>\n<td width=\"481\">10 unidades\/tamanho<\/td>\n<\/tr>\n<\/tbody>\n<\/table>\n<p>&nbsp;<\/p>","protected":false},"excerpt":{"rendered":"<p>Modelo:STV-PZ61-1500LB-DN50-A105N<\/p>\n<p>Tampa da v\u00e1lvula de autoaperto de press\u00e3o, v\u00e1lvula gaveta de a\u00e7o forjado, a v\u00e1lvula projetada de acordo com esta forma de conex\u00e3o, o corpo da v\u00e1lvula e a tampa da v\u00e1lvula s\u00e3o conectados por parafuso mosquito, e a press\u00e3o interna \u00e9 vedada pelo anel de veda\u00e7\u00e3o. A vantagem \u00e9 que quanto maior a press\u00e3o interna, melhor ser\u00e1 o desempenho da veda\u00e7\u00e3o.<br \/>\n1. A v\u00e1lvula de a\u00e7o forjado adota veda\u00e7\u00e3o de auto-aperto de press\u00e3o e as duas extremidades do ramo do corpo da v\u00e1lvula s\u00e3o soldadas.<br \/>\n2. A sede da v\u00e1lvula e a superf\u00edcie de veda\u00e7\u00e3o do disco s\u00e3o feitas de soldagem por spray de plasma de liga dura \u00e0 base de cobalto, que tem boa resist\u00eancia ao desgaste e a arranh\u00f5es.<br \/>\n3. A haste da v\u00e1lvula \u00e9 tratada por nitreta\u00e7\u00e3o resistente \u00e0 corros\u00e3o, que possui boa resist\u00eancia \u00e0 corros\u00e3o e resist\u00eancia a arranh\u00f5es.<\/p>\n<p>STV Valve Technology Group Co., Ltd \u00e9 um l\u00edder profissional China V\u00e1lvula de gaveta 1500Lb, V\u00e1lvula de gaveta de veda\u00e7\u00e3o de press\u00e3o, V\u00e1lvula de gaveta de veda\u00e7\u00e3o de press\u00e3o DN50, V\u00e1lvula de gaveta de a\u00e7o forjado para API 602, V\u00e1lvula de gaveta de veda\u00e7\u00e3o de press\u00e3o de a\u00e7o forjado, China API 602 Press\u00e3o Fabricante de v\u00e1lvula gaveta Seal Bonnet com alta qualidade e pre\u00e7o competitivo.<\/p>\n<p>Entre em contato com nosso sales@stvvalve.com para outros materiais e detalhes.<\/p>\n<p>Folha de data:<a href=\"https:\/\/www.stvvalves.com\/wp-content\/uploads\/2019\/03\/1500lb-seal-bonnet-gate-valve-api-602-a105n-body-dn50-sw-end-drawing.pdf\">V\u00e1lvula de gaveta com cap\u00f4 de veda\u00e7\u00e3o 1500LB, API 602, corpo A105N, DN50, extremidade SW<\/a><\/p>","protected":false},"featured_media":4535,"template":"","meta":[],"product_brand":[],"product_cat":[59,44],"product_tag":[659,662,660,661,433],"class_list":{"0":"post-4534","1":"product","2":"type-product","3":"status-publish","4":"has-post-thumbnail","6":"product_cat-forged-steel-gate-valve","7":"product_cat-gate-valve","8":"product_tag-1500lb-gate-valve","9":"product_tag-api-602-pressure-seal-bonnet-gate-valve","10":"product_tag-dn50-pressure-seal-bonnet-gate-valve","11":"product_tag-forged-steel-pressure-seal-bonnet-gate-valve","12":"product_tag-pressure-seal-bonnet-gate-valve","14":"first","15":"instock","16":"shipping-taxable","17":"product-type-simple"},"_links":{"self":[{"href":"https:\/\/www.stvvalves.com\/pt\/wp-json\/wp\/v2\/product\/4534","targetHints":{"allow":["GET"]}}],"collection":[{"href":"https:\/\/www.stvvalves.com\/pt\/wp-json\/wp\/v2\/product"}],"about":[{"href":"https:\/\/www.stvvalves.com\/pt\/wp-json\/wp\/v2\/types\/product"}],"wp:featuredmedia":[{"embeddable":true,"href":"https:\/\/www.stvvalves.com\/pt\/wp-json\/wp\/v2\/media\/4535"}],"wp:attachment":[{"href":"https:\/\/www.stvvalves.com\/pt\/wp-json\/wp\/v2\/media?parent=4534"}],"wp:term":[{"taxonomy":"product_brand","embeddable":true,"href":"https:\/\/www.stvvalves.com\/pt\/wp-json\/wp\/v2\/product_brand?post=4534"},{"taxonomy":"product_cat","embeddable":true,"href":"https:\/\/www.stvvalves.com\/pt\/wp-json\/wp\/v2\/product_cat?post=4534"},{"taxonomy":"product_tag","embeddable":true,"href":"https:\/\/www.stvvalves.com\/pt\/wp-json\/wp\/v2\/product_tag?post=4534"}],"curies":[{"name":"wp","href":"https:\/\/api.w.org\/{rel}","templated":true}]}}