{"id":4538,"date":"2019-03-20T06:45:22","date_gmt":"2019-03-20T06:45:22","guid":{"rendered":"https:\/\/www.stvvalves.com\/?post_type=product&#038;p=4538"},"modified":"2025-02-17T18:21:36","modified_gmt":"2025-02-17T10:21:36","slug":"f304-integral-flange-forged-gate-valve-dn20-150lb-api-602","status":"publish","type":"product","link":"https:\/\/www.stvvalves.com\/pt\/products\/f304-integral-flange-forged-gate-valve-dn20-150lb-api-602\/","title":{"rendered":"V\u00e1lvula de gaveta forjada com flange integral F304, DN20, 150LB, API 602"},"content":{"rendered":"<p>Caracter\u00edsticas:<br \/>\nA\u00e7o forjado, parafuso externo e garfo, haste ascendente,<br \/>\nVolante n\u00e3o ascendente, banco traseiro integral,<br \/>\nCunha s\u00f3lida, an\u00e9is de assento renov\u00e1veis, junta enrolada em espiral,<br \/>\nFuro reduzido ou porta completa,<br \/>\nSoquete soldado, rosqueado, soldado de topo, extremidade flangeada.<\/p>\n<p>Padr\u00e3o de aplica\u00e7\u00e3o:<br \/>\nAPI 602,ASME B16.34,BS 5352<br \/>\nTeste de acordo com API 598<br \/>\nMarca\u00e7\u00e3o para MSS SP25<br \/>\nExtremidades soldadas por soquete conforme ASME B16.11<br \/>\nExtremidades parafusadas conforme ASME B1.20.1<br \/>\nExtremidades soldadas de topo conforme ASME B16.25<br \/>\nExtremidades flangeadas conforme ASME B16.5<br \/>\nDispon\u00edvel em ANSI 150-2500LB, tamanhos: 1\/2\u2033 a 2\u2033.<br \/>\nMateriais: A105N, LF2, F304, F316, F11, F22, F5, F91, Liga de A\u00e7o Ect.<br \/>\nFaixa de temperatura: -29\u00b0C a 538\u00b0C.<\/p>\n<p>&nbsp;<\/p>\n<table>\n<tbody>\n<tr>\n<td width=\"200\"><strong><b>Nome do Produto<\/b><\/strong><\/td>\n<td width=\"481\">V\u00e1lvula de gaveta forjada com flange integral F304, DN20, 150LB, API 602<\/td>\n<\/tr>\n<tr>\n<td width=\"200\">1. Materiais<\/td>\n<td width=\"481\">F304<\/td>\n<\/tr>\n<tr>\n<td width=\"200\">2. Tamanho<\/td>\n<td width=\"481\">3\/4\u201d<\/td>\n<\/tr>\n<tr>\n<td width=\"200\">4. Porto<\/td>\n<td width=\"481\">Porta Redutora<\/td>\n<\/tr>\n<tr>\n<td width=\"200\">5. Press\u00e3o de Trabalho<\/td>\n<td width=\"481\">150 libras<\/td>\n<\/tr>\n<tr>\n<td width=\"200\">6. Fim da conex\u00e3o<\/td>\n<td width=\"481\">RF<\/td>\n<\/tr>\n<tr>\n<td width=\"200\">7. Temperatura de trabalho.<\/td>\n<td width=\"481\">-29~600\u00baC,<\/td>\n<\/tr>\n<tr>\n<td width=\"200\">8. Meio Adequado<\/td>\n<td width=\"481\">\u00c1gua, G\u00e1s Natural, Petr\u00f3leo e algum l\u00edquido corrosivo<\/td>\n<\/tr>\n<tr>\n<td width=\"200\">9. Operado<\/td>\n<td width=\"481\">Volante<\/td>\n<\/tr>\n<tr>\n<td width=\"200\">10. Inspe\u00e7\u00e3o e Teste<\/td>\n<td width=\"481\">De acordo comAPI 598<\/td>\n<\/tr>\n<tr>\n<td width=\"200\"><strong><b>envio<\/b><\/strong><\/td>\n<td width=\"481\">&nbsp;<\/td>\n<\/tr>\n<tr>\n<td width=\"200\">Prazo de entrega<\/td>\n<td width=\"481\">30 dias<\/td>\n<\/tr>\n<tr>\n<td width=\"200\">Pacote<\/td>\n<td width=\"481\">Caixa de madeira compensada de exporta\u00e7\u00e3o padr\u00e3o<\/td>\n<\/tr>\n<tr>\n<td width=\"200\">Porto de embarque<\/td>\n<td width=\"481\">Ningbo\/Xangai, China<\/td>\n<\/tr>\n<tr>\n<td width=\"200\">Termos de envio<\/td>\n<td width=\"481\">Exw, FOB, CFR, CIF, etc.<\/td>\n<\/tr>\n<tr>\n<td width=\"200\">Termos de pagamento<\/td>\n<td width=\"481\">T\/T, Western Union, PayPal, etc.<\/td>\n<\/tr>\n<tr>\n<td width=\"200\">&nbsp;<\/td>\n<td width=\"481\">Pr\u00e9-pagamento 30%, saldo 70% pago antes do envio<\/td>\n<\/tr>\n<tr>\n<td width=\"200\">Pa\u00eds de origem<\/td>\n<td width=\"481\">Cidade de Wenzhou, China<\/td>\n<\/tr>\n<tr>\n<td width=\"200\">Capacidade de produ\u00e7\u00e3o<\/td>\n<td width=\"481\">6.000 toneladas\/ano<\/td>\n<\/tr>\n<tr>\n<td width=\"200\">Quantidade m\u00ednima<\/td>\n<td width=\"481\">10 unidades\/tamanho<\/td>\n<\/tr>\n<\/tbody>\n<\/table>","protected":false},"excerpt":{"rendered":"<p>Modelo:STV-Z41H-150LB-F304-DN20<\/p>\n<p>V\u00e1lvula de gaveta forjada com flange integral F304 principalmente adequada para tubula\u00e7\u00f5es de diversos sistemas de usinas t\u00e9rmicas, cortando ou conectando o meio da tubula\u00e7\u00e3o. Meio aplic\u00e1vel: meio n\u00e3o corrosivo, como \u00e1gua e vapor. Comparada com outros produtos de v\u00e1lvula, a v\u00e1lvula de a\u00e7o forjado com flange integral \u00e9 caracterizada por alta temperatura e alta press\u00e3o e design exclusivo de autoveda\u00e7\u00e3o. Quanto maior a press\u00e3o, mais confi\u00e1vel ser\u00e1 a veda\u00e7\u00e3o. Devido \u00e0s caracter\u00edsticas t\u00e9cnicas e condi\u00e7\u00f5es de trabalho especiais, os produtos tamb\u00e9m apresentam caracter\u00edsticas que n\u00e3o podem ser substitu\u00eddas por outros produtos.<\/p>\n<p>STV Valve Technology Group Co., Ltd \u00e9 um l\u00edder profissional China V\u00e1lvula de gaveta de flange forjada integral, V\u00e1lvula de gaveta pequena forjada Integral flangeada, V\u00e1lvula de gaveta flangeada integral, V\u00e1lvulas de gaveta de extremidade flangeada integral de a\u00e7o forjado, Fabricante de v\u00e1lvula de gaveta China 150lb com alta qualidade e pre\u00e7o competitivo .<\/p>\n<p>Entre em contato com nosso sales@stvvalve.com para outros materiais e detalhes.<\/p>\n<p>Folha de data:<a href=\"https:\/\/www.stvvalves.com\/wp-content\/uploads\/2019\/03\/f304-integral-flange-forged-gate-valve-dn20-150lb-api-602-DRAWING.pdf\">V\u00e1lvula de gaveta forjada com flange integral F304, DN20, 150LB, API 602<\/a><\/p>","protected":false},"featured_media":4539,"template":"","meta":[],"product_brand":[],"product_cat":[59,44],"product_tag":[663,664,665,667,666],"class_list":{"0":"post-4538","1":"product","2":"type-product","3":"status-publish","4":"has-post-thumbnail","6":"product_cat-forged-steel-gate-valve","7":"product_cat-gate-valve","8":"product_tag-150lb-gate-valve","9":"product_tag-forged-steel-integral-flanged-end-gate-valves","10":"product_tag-integral-flanged-gate-valve","11":"product_tag-integral-forged-flange-gate-valve","12":"product_tag-small-forged-gate-valve-integral-flanged","14":"first","15":"instock","16":"shipping-taxable","17":"product-type-simple"},"_links":{"self":[{"href":"https:\/\/www.stvvalves.com\/pt\/wp-json\/wp\/v2\/product\/4538","targetHints":{"allow":["GET"]}}],"collection":[{"href":"https:\/\/www.stvvalves.com\/pt\/wp-json\/wp\/v2\/product"}],"about":[{"href":"https:\/\/www.stvvalves.com\/pt\/wp-json\/wp\/v2\/types\/product"}],"wp:featuredmedia":[{"embeddable":true,"href":"https:\/\/www.stvvalves.com\/pt\/wp-json\/wp\/v2\/media\/4539"}],"wp:attachment":[{"href":"https:\/\/www.stvvalves.com\/pt\/wp-json\/wp\/v2\/media?parent=4538"}],"wp:term":[{"taxonomy":"product_brand","embeddable":true,"href":"https:\/\/www.stvvalves.com\/pt\/wp-json\/wp\/v2\/product_brand?post=4538"},{"taxonomy":"product_cat","embeddable":true,"href":"https:\/\/www.stvvalves.com\/pt\/wp-json\/wp\/v2\/product_cat?post=4538"},{"taxonomy":"product_tag","embeddable":true,"href":"https:\/\/www.stvvalves.com\/pt\/wp-json\/wp\/v2\/product_tag?post=4538"}],"curies":[{"name":"wp","href":"https:\/\/api.w.org\/{rel}","templated":true}]}}