{"id":4559,"date":"2019-03-22T08:49:04","date_gmt":"2019-03-22T08:49:04","guid":{"rendered":"https:\/\/www.stvvalves.com\/?post_type=product&#038;p=4559"},"modified":"2025-02-17T18:21:57","modified_gmt":"2025-02-17T10:21:57","slug":"api-602-integral-flange-gate-valve-600lb-a105n-body-dn-20-rtj-end","status":"publish","type":"product","link":"https:\/\/www.stvvalves.com\/pt\/products\/api-602-integral-flange-gate-valve-600lb-a105n-body-dn-20-rtj-end\/","title":{"rendered":"V\u00e1lvula de gaveta com flange integral API 602, 600LB, corpo A105N, DN 20, extremidade RTJ"},"content":{"rendered":"<p>1. Projeto e Fabrica\u00e7\u00e3o: API 602<br \/>\n2. Constru\u00e7\u00f5es: OS&amp;Y, Castelo Aparafusado, Castelo Soldado e Castelo Selado por Press\u00e3o;<br \/>\n3. Tipo de furo: Porta completa<br \/>\n4. Faixa de tamanho: 1\/2\u2033 a 2\u2033.<br \/>\n5. Classifica\u00e7\u00f5es de press\u00e3o: ANSI 150, 300, 600, 900, 1500 e 2500LBS<br \/>\n6. Conex\u00f5es finais: Flangeadas (RF, RTJ)<br \/>\nOutras extremidades tamb\u00e9m dispon\u00edveis: roscada (parafusada, NPT), solda de topo (BW), solda de soquete (SW).<br \/>\n7. Materiais dispon\u00edveis em: A105 (N), LF2, F5, F11, F22, F304, F316, F51, F53 ou equivalente;<br \/>\n8. V\u00e1rios materiais de acabamento est\u00e3o dispon\u00edveis para atender a diferentes condi\u00e7\u00f5es de servi\u00e7o<br \/>\n9. NACE MR 0175 mediante solicita\u00e7\u00e3o<br \/>\n10.Teste e Inspe\u00e7\u00e3o: API598<\/p>\n<table>\n<tbody>\n<tr>\n<td width=\"200\"><strong><b>Nome do Produto<\/b><\/strong><\/td>\n<td width=\"481\">V\u00e1lvula de gaveta com flange integral API 602, 600LB, corpo A105N, DN 20, extremidade RTJ<\/td>\n<\/tr>\n<tr>\n<td width=\"200\">1. Materiais<\/td>\n<td width=\"481\">A105 (N), LF2, F5, F11, F22, F304, F316, F51, F53 ou Equivalente;<\/td>\n<\/tr>\n<tr>\n<td width=\"200\">2. Tamanho<\/td>\n<td width=\"481\">1\/2&#8243;~2&#8243; &#8216; (\u00a015~50)<\/td>\n<\/tr>\n<tr>\n<td width=\"200\">4. Porto<\/td>\n<td width=\"481\">Porta Redutora<\/td>\n<\/tr>\n<tr>\n<td width=\"200\">5. Press\u00e3o de Trabalho<\/td>\n<td width=\"481\">150LB-2500LB<\/td>\n<\/tr>\n<tr>\n<td width=\"200\">6. Fim da conex\u00e3o<\/td>\n<td width=\"481\">FF,RF.RTJ<\/td>\n<\/tr>\n<tr>\n<td width=\"200\">7. Temperatura de trabalho.<\/td>\n<td width=\"481\">-29~600\u00baC,<\/td>\n<\/tr>\n<tr>\n<td width=\"200\">8. Meio Adequado<\/td>\n<td width=\"481\">\u00c1gua, G\u00e1s Natural, Petr\u00f3leo e algum l\u00edquido corrosivo<\/td>\n<\/tr>\n<tr>\n<td width=\"200\">9. Operado<\/td>\n<td width=\"481\">Volante<\/td>\n<\/tr>\n<tr>\n<td width=\"200\">10. Inspe\u00e7\u00e3o e Teste<\/td>\n<td width=\"481\">De acordo comAPI 598<\/td>\n<\/tr>\n<tr>\n<td width=\"200\"><strong><b>envio<\/b><\/strong><\/td>\n<td width=\"481\">&nbsp;<\/td>\n<\/tr>\n<tr>\n<td width=\"200\">Prazo de entrega<\/td>\n<td width=\"481\">30 dias<\/td>\n<\/tr>\n<tr>\n<td width=\"200\">Pacote<\/td>\n<td width=\"481\">Caixa de madeira compensada de exporta\u00e7\u00e3o padr\u00e3o<\/td>\n<\/tr>\n<tr>\n<td width=\"200\">Porto de embarque<\/td>\n<td width=\"481\">Ningbo\/Xangai, China<\/td>\n<\/tr>\n<tr>\n<td width=\"200\">Termos de envio<\/td>\n<td width=\"481\">Exw, FOB, CFR, CIF, etc.<\/td>\n<\/tr>\n<tr>\n<td width=\"200\">Termos de pagamento<\/td>\n<td width=\"481\">T\/T, Western Union, PayPal, etc.<\/td>\n<\/tr>\n<tr>\n<td width=\"200\">&nbsp;<\/td>\n<td width=\"481\">Pr\u00e9-pagamento 30%, saldo 70% pago antes do envio<\/td>\n<\/tr>\n<tr>\n<td width=\"200\">Pa\u00eds de origem<\/td>\n<td width=\"481\">Cidade de Wenzhou, China<\/td>\n<\/tr>\n<tr>\n<td width=\"200\">Capacidade de produ\u00e7\u00e3o<\/td>\n<td width=\"481\">6.000 toneladas\/ano<\/td>\n<\/tr>\n<tr>\n<td width=\"200\">Quantidade m\u00ednima<\/td>\n<td width=\"481\">10 unidades\/tamanho<\/td>\n<\/tr>\n<\/tbody>\n<\/table>\n<p>&nbsp;<\/p>\n<p>&nbsp;<\/p>","protected":false},"excerpt":{"rendered":"<p>Modelo:STV-Z41H-600LB-A105N-DN20<\/p>\n<p>V\u00e1lvula gaveta de flange integral API 602: Industrial, porta s\u00f3lida ou cunha, v\u00e1lvulas gaveta de a\u00e7o carbono forjado Api 602, v\u00e1lvulas gaveta de a\u00e7o inoxid\u00e1vel e v\u00e1lvulas gaveta de liga de a\u00e7o, guarni\u00e7\u00e3o em 13CR, 8#, 5# e a\u00e7o inoxid\u00e1vel; Tamanhos 1\/2\u2033 a 2\u2033, classifica\u00e7\u00e3o de press\u00e3o ANSI classe 150LBS, 300LBS, 600LBS, 900LBS, 1500LBS e 2500LBS;<br \/>\nTipos de flange final: V\u00e1lvula de gaveta de flange integral e V\u00e1lvula de gaveta de flange soldada, RF e RTJ. Haste ascendente, projetos BB e WB, operada por volante ou haste nua<\/p>\n<p>STV Valve Technology Group Co., Ltd \u00e9 um l\u00edder profissional China V\u00e1lvula gaveta API 602, V\u00e1lvula gaveta forjada com flange integral API 602, V\u00e1lvula gaveta flangeada integral, v\u00e1lvulas gaveta flangeadas integrais, V\u00e1lvula gaveta pequena forjada integralmente flangeada, V\u00e1lvula gaveta final com flange integral 600LB, China DN20 Fabricante de v\u00e1lvula de extremidade com flange integral com alta qualidade e pre\u00e7o competitivo.<\/p>\n<p>Entre em contato com nosso sales@stvvalve.com para outros materiais e detalhes.<\/p>\n<p>Folha de data:<a href=\"https:\/\/www.stvvalves.com\/wp-content\/uploads\/2019\/03\/api-602-integral-flange-gate-valve-600lb-a105n-body-dn-20-rtj-end-drawing.pdf\">V\u00e1lvula de gaveta com flange integral API 602, 600LB, corpo A105N, DN 20, extremidade RTJ<\/a><\/p>","protected":false},"featured_media":4560,"template":"","meta":[],"product_brand":[],"product_cat":[59,44],"product_tag":[678,223,676,679,677,666],"class_list":{"0":"post-4559","1":"product","2":"type-product","3":"status-publish","4":"has-post-thumbnail","6":"product_cat-forged-steel-gate-valve","7":"product_cat-gate-valve","8":"product_tag-600lb-integral-flange-end-gate-valve","9":"product_tag-api-602-gate-valve","10":"product_tag-api-602-integral-flange-forged-gate-valve","11":"product_tag-dn20-integral-flange-end-gate-valve","12":"product_tag-integral-flanged-gate-valves","13":"product_tag-small-forged-gate-valve-integral-flanged","15":"first","16":"instock","17":"shipping-taxable","18":"product-type-simple"},"_links":{"self":[{"href":"https:\/\/www.stvvalves.com\/pt\/wp-json\/wp\/v2\/product\/4559","targetHints":{"allow":["GET"]}}],"collection":[{"href":"https:\/\/www.stvvalves.com\/pt\/wp-json\/wp\/v2\/product"}],"about":[{"href":"https:\/\/www.stvvalves.com\/pt\/wp-json\/wp\/v2\/types\/product"}],"wp:featuredmedia":[{"embeddable":true,"href":"https:\/\/www.stvvalves.com\/pt\/wp-json\/wp\/v2\/media\/4560"}],"wp:attachment":[{"href":"https:\/\/www.stvvalves.com\/pt\/wp-json\/wp\/v2\/media?parent=4559"}],"wp:term":[{"taxonomy":"product_brand","embeddable":true,"href":"https:\/\/www.stvvalves.com\/pt\/wp-json\/wp\/v2\/product_brand?post=4559"},{"taxonomy":"product_cat","embeddable":true,"href":"https:\/\/www.stvvalves.com\/pt\/wp-json\/wp\/v2\/product_cat?post=4559"},{"taxonomy":"product_tag","embeddable":true,"href":"https:\/\/www.stvvalves.com\/pt\/wp-json\/wp\/v2\/product_tag?post=4559"}],"curies":[{"name":"wp","href":"https:\/\/api.w.org\/{rel}","templated":true}]}}