{"id":4567,"date":"2019-03-24T14:15:25","date_gmt":"2019-03-24T14:15:25","guid":{"rendered":"https:\/\/www.stvvalves.com\/?post_type=product&#038;p=4567"},"modified":"2025-02-17T18:21:34","modified_gmt":"2025-02-17T10:21:34","slug":"2pc-ball-valve-flanged-end-with-direct-mounting-pad-150lb-304","status":"publish","type":"product","link":"https:\/\/www.stvvalves.com\/pt\/products\/2pc-ball-valve-flanged-end-with-direct-mounting-pad-150lb-304\/","title":{"rendered":"Extremidade flangeada da v\u00e1lvula de esfera de 2 unidades com almofada de montagem direta, 150LB, 304"},"content":{"rendered":"<p>Caracter\u00edsticas principais<\/p>\n<p>Extremidade flangeada da v\u00e1lvula de esfera de 2 unidades com almofada de montagem direta, 150LB, 304<br \/>\nAlmofada de montagem direta ISO<br \/>\nFuro total<br \/>\nClassifica\u00e7\u00e3o de press\u00e3o: ANSI CL150 \/ EN1092-1 PN10~40 \/JIS 10K<br \/>\nTamanho: DN15 ~ DN200<br \/>\nHaste \u00e0 prova de explos\u00e3o de a\u00e7o inoxid\u00e1vel<br \/>\nAssento: RTFE<br \/>\nBola: Bola S\u00f3lida CF8M<br \/>\nA espessura da parede est\u00e1 em conformidade com ASME B16.34<br \/>\nProjeto de veda\u00e7\u00e3o da terceira haste com an\u00e9is de veda\u00e7\u00e3o duplos<br \/>\nHaste \u00e0 prova de explos\u00e3o<br \/>\nPr\u00e9-carregue 2 arruelas Belleville para autoajustar a gaxeta<br \/>\nDispositivos antiest\u00e1ticos para bola, haste e corpo<br \/>\nProjeto e constru\u00e7\u00e3o de seguran\u00e7a contra inc\u00eandio<br \/>\nMateriais: WCB, CF8, CF3, CF8M, CF3M etc (material especial est\u00e1 dispon\u00edvel de acordo com os requisitos.)<br \/>\nTemperatura de trabalho: -20\u00b0C~180\u00b0C<\/p>\n<p>PADR\u00d5ES:<br \/>\n1. Projeto e fabrica\u00e7\u00e3o: API6D<br \/>\n2. Inspe\u00e7\u00e3o e Teste: API 598,API 6D<br \/>\n3. Dimens\u00e3o do flange final: ASME B16.5<br \/>\n4. Dimens\u00e3o das extremidades BW: ASME B16.25<br \/>\n5. Face a face ou ponta a ponta: ASME B16.10<br \/>\n6. Classifica\u00e7\u00e3o de press\u00e3o-temperatura: ASME B16.34<\/p>\n<table>\n<tbody>\n<tr>\n<td width=\"200\"><strong>Nome do Produto<\/strong><\/td>\n<td width=\"481\">Extremidade flangeada da v\u00e1lvula de esfera de 2 unidades com almofada de montagem direta, 150LB, 304<\/td>\n<\/tr>\n<tr>\n<td width=\"200\">1. Materiais<\/td>\n<td width=\"481\">304<\/td>\n<\/tr>\n<tr>\n<td width=\"200\">2. Tamanho<\/td>\n<td width=\"481\">2\u201d<\/td>\n<\/tr>\n<tr>\n<td width=\"200\">4. Porto<\/td>\n<td width=\"481\">Porto completo<\/td>\n<\/tr>\n<tr>\n<td width=\"200\">5. Press\u00e3o de Trabalho<\/td>\n<td width=\"481\">150 libras<\/td>\n<\/tr>\n<tr>\n<td width=\"200\">6. Fim da conex\u00e3o<\/td>\n<td width=\"481\">RF<\/td>\n<\/tr>\n<tr>\n<td width=\"200\">7. Temperatura de trabalho.<\/td>\n<td width=\"481\">-29~180\u00baC,<\/td>\n<\/tr>\n<tr>\n<td width=\"200\">8. Meio Adequado<\/td>\n<td width=\"481\">\u00c1gua, G\u00e1s Natural, Petr\u00f3leo e algum l\u00edquido corrosivo<\/td>\n<\/tr>\n<tr>\n<td width=\"200\">9. Operado<\/td>\n<td width=\"481\">Volante<\/td>\n<\/tr>\n<tr>\n<td width=\"200\">10. Inspe\u00e7\u00e3o e Teste<\/td>\n<td width=\"481\">De acordo com API598<\/td>\n<\/tr>\n<tr>\n<td width=\"200\"><strong>envio<\/strong><\/td>\n<td width=\"481\"><\/td>\n<\/tr>\n<tr>\n<td width=\"200\">Prazo de entrega<\/td>\n<td width=\"481\">30 dias<\/td>\n<\/tr>\n<tr>\n<td width=\"200\">Pacote<\/td>\n<td width=\"481\">Caixa de madeira compensada de exporta\u00e7\u00e3o padr\u00e3o<\/td>\n<\/tr>\n<tr>\n<td width=\"200\">Porto de embarque<\/td>\n<td width=\"481\">Ningbo\/Xangai, China<\/td>\n<\/tr>\n<tr>\n<td width=\"200\">Termos de envio<\/td>\n<td width=\"481\">Exw, FOB, CFR, CIF, etc.<\/td>\n<\/tr>\n<tr>\n<td width=\"200\">Termos de pagamento<\/td>\n<td width=\"481\">T\/T, Western Union, PayPal, etc.<\/td>\n<\/tr>\n<tr>\n<td width=\"200\"><\/td>\n<td width=\"481\">Pr\u00e9-pagamento 30%, saldo 70% pago antes do envio<\/td>\n<\/tr>\n<tr>\n<td width=\"200\">Pa\u00eds de origem<\/td>\n<td width=\"481\">Cidade de Wenzhou, China<\/td>\n<\/tr>\n<tr>\n<td width=\"200\">Capacidade de produ\u00e7\u00e3o<\/td>\n<td width=\"481\">6.000 toneladas\/ano<\/td>\n<\/tr>\n<tr>\n<td width=\"200\">Quantidade m\u00ednima<\/td>\n<td width=\"481\">1 pe\u00e7a\/tamanho<\/td>\n<\/tr>\n<\/tbody>\n<\/table>","protected":false},"excerpt":{"rendered":"<p>Modelo:STV-Q41F-150LB-304-2\u2033<\/p>\n<p>A extremidade flangeada da v\u00e1lvula de esfera 2PC com almofada de montagem direta \u00e9 amplamente utilizada em: produtos qu\u00edmicos, petroqu\u00edmicos, petr\u00f3leo, papel, minera\u00e7\u00e3o, energia el\u00e9trica, g\u00e1s liquefeito de petr\u00f3leo, alimentos, produtos farmac\u00eauticos, abastecimento e drenagem de \u00e1gua, equipamentos municipais, mec\u00e2nicos, ind\u00fastria eletr\u00f4nica, constru\u00e7\u00e3o urbana e outros campos. Possui passagem total, corpo em a\u00e7o inoxid\u00e1vel, sede refor\u00e7ada em PTFE, veda\u00e7\u00e3o de grafite e topo de montagem ISO para atua\u00e7\u00e3o. Beneficiando de um corpo dividido, design de duas pe\u00e7as, certificado Fire Safe para API607 4\u00aa edi\u00e7\u00e3o com uma haste antiest\u00e1tica com mola -to-ball&#039; e &#039;stem-to-body&#039; instalados como padr\u00e3o.<\/p>\n<p>STV Valve Technology Group Co., Ltd \u00e9 um l\u00edder profissional China V\u00e1lvula de esfera flangeada 2PC, v\u00e1lvula de esfera de a\u00e7o inoxid\u00e1vel, v\u00e1lvula de esfera flutuante flangeada de 2 pe\u00e7as, almofada de montagem direta de v\u00e1lvula de esfera, v\u00e1lvula de esfera de extremidade flangeada de montagem direta, v\u00e1lvula de esfera flangeada, almofada de montagem direta Fabrica\u00e7\u00e3o de v\u00e1lvulas esf\u00e9ricas com alta qualidade e pre\u00e7o competitivo.<\/p>\n<p>Entre em contato com nosso sales@stvvalve.com para outros materiais e detalhes.<\/p>\n<p>Folha de data:<a href=\"https:\/\/www.stvvalves.com\/wp-content\/uploads\/2019\/03\/2pc-ball-valve-flanged-end-with-direct-mounting-pad-150lb-304-drawing.pdf\">Extremidade flangeada da v\u00e1lvula de esfera de 2 unidades com almofada de montagem direta, 150LB, 304<\/a><\/p>","protected":false},"featured_media":4569,"template":"","meta":[],"product_brand":[],"product_cat":[43,53],"product_tag":[685,687,424,684,683,177,686],"class_list":{"0":"post-4567","1":"product","2":"type-product","3":"status-publish","4":"has-post-thumbnail","6":"product_cat-ball-valve","7":"product_cat-stainless-steel-ball-valve","8":"product_tag-2-piece-flanged-floating-ball-valve","9":"product_tag-2pc-flanged-ball-valve","10":"product_tag-ball-valve-direct-mounting-pad","11":"product_tag-direct-mounting-flanged-end-ball-valves","12":"product_tag-direct-mounting-pad-ball-valve","13":"product_tag-flanged-ball-valve","14":"product_tag-stainless-steel-ball-valve","16":"first","17":"instock","18":"shipping-taxable","19":"product-type-simple"},"_links":{"self":[{"href":"https:\/\/www.stvvalves.com\/pt\/wp-json\/wp\/v2\/product\/4567","targetHints":{"allow":["GET"]}}],"collection":[{"href":"https:\/\/www.stvvalves.com\/pt\/wp-json\/wp\/v2\/product"}],"about":[{"href":"https:\/\/www.stvvalves.com\/pt\/wp-json\/wp\/v2\/types\/product"}],"wp:featuredmedia":[{"embeddable":true,"href":"https:\/\/www.stvvalves.com\/pt\/wp-json\/wp\/v2\/media\/4569"}],"wp:attachment":[{"href":"https:\/\/www.stvvalves.com\/pt\/wp-json\/wp\/v2\/media?parent=4567"}],"wp:term":[{"taxonomy":"product_brand","embeddable":true,"href":"https:\/\/www.stvvalves.com\/pt\/wp-json\/wp\/v2\/product_brand?post=4567"},{"taxonomy":"product_cat","embeddable":true,"href":"https:\/\/www.stvvalves.com\/pt\/wp-json\/wp\/v2\/product_cat?post=4567"},{"taxonomy":"product_tag","embeddable":true,"href":"https:\/\/www.stvvalves.com\/pt\/wp-json\/wp\/v2\/product_tag?post=4567"}],"curies":[{"name":"wp","href":"https:\/\/api.w.org\/{rel}","templated":true}]}}