{"id":4583,"date":"2019-03-30T14:42:57","date_gmt":"2019-03-30T14:42:57","guid":{"rendered":"https:\/\/www.stvvalves.com\/?post_type=product&#038;p=4583"},"modified":"2025-02-17T18:21:33","modified_gmt":"2025-02-17T10:21:33","slug":"epdm-seat-butterfly-valve-di-body-cf8m-disc-wafer-type","status":"publish","type":"product","link":"https:\/\/www.stvvalves.com\/pt\/products\/epdm-seat-butterfly-valve-di-body-cf8m-disc-wafer-type\/","title":{"rendered":"V\u00e1lvula borboleta de assento EPDM, corpo DI, disco CF8M, tipo wafer"},"content":{"rendered":"<p>Especifica\u00e7\u00f5es:<\/p>\n<p>Tamanho DN50-DN300<br \/>\nPress\u00e3o Nominal PN10\/16, 150-300LB<br \/>\nTemperatura de trabalho -30\u3002c \u2013 135\u3002C<br \/>\nMeios adequados Produtos qu\u00edmicos, ar, \u00e1gua, vapor, \u00f3leo, \u00e1cidos, sais, etc.<br \/>\nPadr\u00f5es:<\/p>\n<p>Padr\u00e3o de projeto API609, ANSI16.34, JISB2064, GB T12238<br \/>\nCara a Cara API609, DIN3202, ISO5752, BS5155<br \/>\nPerfura\u00e7\u00e3o de flange DIN2501 PN10\/16, ANSI 125\/150\/300, BS4504, JIS10K<br \/>\nFlange superior ISO5211<br \/>\nInspe\u00e7\u00e3o de Teste API598<\/p>\n<p>Material:<br \/>\nCorpo em Ferro Fundido, Ferro D\u00factil, A\u00e7o Carbono, A\u00e7o Inoxid\u00e1vel<br \/>\nDisco de Ferro D\u00factil, A\u00e7o Carbono, A\u00e7o Inoxid\u00e1vel<br \/>\nHaste em a\u00e7o inoxid\u00e1vel<br \/>\nAssento EPDM, NBR, PTFE, VITON, HYPALON<br \/>\nO-ring EPDM, NBR<\/p>\n<table>\n<tbody>\n<tr>\n<td width=\"200\"><strong><b>Nome do Produto<\/b><\/strong><\/td>\n<td width=\"481\">V\u00e1lvula borboleta de assento EPDM, corpo DI, disco CF8M, tipo wafer<\/td>\n<\/tr>\n<tr>\n<td width=\"200\">1. Materiais<\/td>\n<td width=\"481\">Ferro D\u00factil<\/td>\n<\/tr>\n<tr>\n<td width=\"200\">2. Tamanho<\/td>\n<td width=\"481\">3\u201d<\/td>\n<\/tr>\n<tr>\n<td width=\"200\">4. Porto<\/td>\n<td width=\"481\">Porto completo<\/td>\n<\/tr>\n<tr>\n<td width=\"200\">5. Press\u00e3o de Trabalho<\/td>\n<td width=\"481\">PN16<\/td>\n<\/tr>\n<tr>\n<td width=\"200\">6. Fim da conex\u00e3o<\/td>\n<td width=\"481\">Extremidade de solda de soquete<\/td>\n<\/tr>\n<tr>\n<td width=\"200\">7. Temperatura de trabalho.<\/td>\n<td width=\"481\">-29~120\u00baC,<\/td>\n<\/tr>\n<tr>\n<td width=\"200\">8. Meio Adequado<\/td>\n<td width=\"481\">\u00c1gua, G\u00e1s Natural, Petr\u00f3leo e algum l\u00edquido corrosivo<\/td>\n<\/tr>\n<tr>\n<td width=\"200\">9. Operado<\/td>\n<td width=\"481\">Volante<\/td>\n<\/tr>\n<tr>\n<td width=\"200\">10. Inspe\u00e7\u00e3o e Teste<\/td>\n<td width=\"481\">De acordo comAPI 598<\/td>\n<\/tr>\n<tr>\n<td width=\"200\"><strong><b>envio<\/b><\/strong><\/td>\n<td width=\"481\">&nbsp;<\/td>\n<\/tr>\n<tr>\n<td width=\"200\">Prazo de entrega<\/td>\n<td width=\"481\">30 dias<\/td>\n<\/tr>\n<tr>\n<td width=\"200\">Pacote<\/td>\n<td width=\"481\">Caixa de madeira compensada de exporta\u00e7\u00e3o padr\u00e3o<\/td>\n<\/tr>\n<tr>\n<td width=\"200\">Porto de embarque<\/td>\n<td width=\"481\">Ningbo\/Xangai, China<\/td>\n<\/tr>\n<tr>\n<td width=\"200\">Termos de envio<\/td>\n<td width=\"481\">Exw, FOB, CFR, CIF, etc.<\/td>\n<\/tr>\n<tr>\n<td width=\"200\">Termos de pagamento<\/td>\n<td width=\"481\">T\/T, Western Union, PayPal, etc.<\/td>\n<\/tr>\n<tr>\n<td width=\"200\">&nbsp;<\/td>\n<td width=\"481\">Pr\u00e9-pagamento 30%, saldo 70% pago antes do envio<\/td>\n<\/tr>\n<tr>\n<td width=\"200\">Pa\u00eds de origem<\/td>\n<td width=\"481\">Cidade de Wenzhou, China<\/td>\n<\/tr>\n<tr>\n<td width=\"200\">Capacidade de produ\u00e7\u00e3o<\/td>\n<td width=\"481\">6.000 toneladas\/ano<\/td>\n<\/tr>\n<tr>\n<td width=\"200\">Quantidade m\u00ednima<\/td>\n<td width=\"481\">10 unidades\/tamanho<\/td>\n<\/tr>\n<\/tbody>\n<\/table>\n<p>&nbsp;<\/p>","protected":false},"excerpt":{"rendered":"<p>Modelo;STV-D71X-PN16-DI-316-100<\/p>\n<p>Nossa v\u00e1lvula borboleta de sede EPDM usa a flexibilidade da sede de borracha, pode facilmente atingir vazamento zero, portanto, \u00e9 uma v\u00e1lvula amplamente aplicada em campos petrol\u00edferos, agricultura, \u00e1gua e \u00e1guas residuais e ind\u00fastrias de minera\u00e7\u00e3o. Devido aos materiais do corpo revestido de borracha, a v\u00e1lvula borboleta revestida de EPDM \u00e9 geralmente usada em linhas de baixa press\u00e3o.<\/p>\n<p>O tipo wafer \u00e9 o estilo comum de v\u00e1lvula borboleta com sede em EPDM e \u00e9 mais barato que o tipo lug. A v\u00e1lvula borboleta de sede EPDM \u00e9 instalada entre dois flanges. A v\u00e1lvula borboleta \u00e9 mantida no lugar usando parafusos ou pinos e porcas de flange a flange. Este tipo de instala\u00e7\u00e3o, obviamente, torna imposs\u00edvel desconectar apenas um lado do sistema de tubula\u00e7\u00e3o da v\u00e1lvula.<\/p>\n<p>STV Valve Technology Group Co., Ltd \u00e9 um l\u00edder profissional China V\u00e1lvulas borboleta de assento resiliente EPDM, V\u00e1lvula borboleta de ferro fundido, V\u00e1lvulas borboleta wafer, V\u00e1lvulas borboleta Assento macio, V\u00e1lvulas borboleta tipo lug, V\u00e1lvula borboleta China Fabrica\u00e7\u00e3o com alta qualidade e pre\u00e7o competitivo.<\/p>\n<p>Entre em contato com nosso sales@stvvalve.com para outros materiais e detalhes.<\/p>\n<p>Folha de data:<a href=\"https:\/\/www.stvvalves.com\/wp-content\/uploads\/2019\/03\/epdm-seat-butterfly-valve-di-body-cf8m-disc-wafer-type-drawing.pdf\">V\u00e1lvula borboleta de assento EPDM, corpo DI, disco CF8M, tipo wafer<\/a><\/p>","protected":false},"featured_media":4585,"template":"","meta":[],"product_brand":[],"product_cat":[965,971],"product_tag":[698,702,699,701,700],"class_list":{"0":"post-4583","1":"product","2":"type-product","3":"status-publish","4":"has-post-thumbnail","6":"product_cat-butterfly-valve","7":"product_cat-wafer-butterfly-valve","8":"product_tag-butterfly-valves-soft-seat","9":"product_tag-cast-iron-butterfly-valve","10":"product_tag-china-butterfly-valve","11":"product_tag-epdm-resilient-seat-butterfly-valves","12":"product_tag-wafer-butterfly-valves","14":"first","15":"instock","16":"downloadable","17":"shipping-taxable","18":"product-type-simple"},"_links":{"self":[{"href":"https:\/\/www.stvvalves.com\/pt\/wp-json\/wp\/v2\/product\/4583","targetHints":{"allow":["GET"]}}],"collection":[{"href":"https:\/\/www.stvvalves.com\/pt\/wp-json\/wp\/v2\/product"}],"about":[{"href":"https:\/\/www.stvvalves.com\/pt\/wp-json\/wp\/v2\/types\/product"}],"wp:featuredmedia":[{"embeddable":true,"href":"https:\/\/www.stvvalves.com\/pt\/wp-json\/wp\/v2\/media\/4585"}],"wp:attachment":[{"href":"https:\/\/www.stvvalves.com\/pt\/wp-json\/wp\/v2\/media?parent=4583"}],"wp:term":[{"taxonomy":"product_brand","embeddable":true,"href":"https:\/\/www.stvvalves.com\/pt\/wp-json\/wp\/v2\/product_brand?post=4583"},{"taxonomy":"product_cat","embeddable":true,"href":"https:\/\/www.stvvalves.com\/pt\/wp-json\/wp\/v2\/product_cat?post=4583"},{"taxonomy":"product_tag","embeddable":true,"href":"https:\/\/www.stvvalves.com\/pt\/wp-json\/wp\/v2\/product_tag?post=4583"}],"curies":[{"name":"wp","href":"https:\/\/api.w.org\/{rel}","templated":true}]}}