{"id":4603,"date":"2019-04-02T14:06:30","date_gmt":"2019-04-02T14:06:30","guid":{"rendered":"https:\/\/www.stvvalves.com\/?post_type=product&#038;p=4603"},"modified":"2025-02-17T18:21:32","modified_gmt":"2025-02-17T10:21:32","slug":"api-600-flanged-gate-valve-10-inch-cl900-wcb-body-rf","status":"publish","type":"product","link":"https:\/\/www.stvvalves.com\/pt\/products\/api-600-flanged-gate-valve-10-inch-cl900-wcb-body-rf\/","title":{"rendered":"V\u00e1lvula de gaveta flangeada API 600, 10 polegadas, CL900, corpo WCB, RF"},"content":{"rendered":"<p>Projeto e fabrica\u00e7\u00e3o: V\u00e1lvula gaveta de a\u00e7o fundido para API 600 (ISO 10434) \u3001 API 6D; V\u00e1lvula gaveta de a\u00e7o inoxid\u00e1vel fundido para API 603 \u3001 API 600<\/p>\n<p>Inspe\u00e7\u00e3o e Teste:API598,API600 ou API 6D<\/p>\n<p>Dimens\u00e3o do flange final: ASME B16.5 (para NPS\u226424, ASME B 16.47 s\u00e9rie B, API 605, ASME B16.47 S\u00e9rie A, MSS SP-44 (para NPS&gt; 24)<\/p>\n<p>Dimens\u00e3o final BW: ASME B16.25<\/p>\n<p>Cara a cara e de ponta a ponta: ASME B16.10<\/p>\n<p>Classifica\u00e7\u00f5es de press\u00e3o-temperatura: ASME B16.34<\/p>\n<p>Gama de Produtos<\/p>\n<p>Material do corpo: a\u00e7o carbono, a\u00e7o inoxid\u00e1vel, liga de a\u00e7o<\/p>\n<p>Di\u00e2metro nominal:2\u2033~36\u2033(DN50~DN900)<\/p>\n<p>Conex\u00e3o final: RF, RTJ, BW<\/p>\n<p>Faixa de press\u00e3o: Classe150~900(PN16~PN150)<\/p>\n<p>Temperatura de trabalho:-29\u2103~+560\u2103<\/p>\n<p>Opera\u00e7\u00e3o: Volante, Engrenagem, Atuador El\u00e9trico, etc.<\/p>\n<p>&nbsp;<\/p>\n<table>\n<tbody>\n<tr>\n<td width=\"200\"><strong>Nome do Produto<\/strong><\/td>\n<td width=\"481\">V\u00e1lvula de gaveta flangeada API 600, 10 polegadas, CL900, corpo WCB, RF<\/td>\n<\/tr>\n<tr>\n<td width=\"200\">1. Materiais<\/td>\n<td width=\"481\">WCB<\/td>\n<\/tr>\n<tr>\n<td width=\"200\">2. Tamanho<\/td>\n<td width=\"481\">10\u201d<\/td>\n<\/tr>\n<tr>\n<td width=\"200\">4. Porto<\/td>\n<td width=\"481\">Porto completo<\/td>\n<\/tr>\n<tr>\n<td width=\"200\">5. Press\u00e3o de Trabalho<\/td>\n<td width=\"481\">900 libras<\/td>\n<\/tr>\n<tr>\n<td width=\"200\">6. Fim da conex\u00e3o<\/td>\n<td width=\"481\">RF<\/td>\n<\/tr>\n<tr>\n<td width=\"200\">7. Temperatura de trabalho.<\/td>\n<td width=\"481\">-29~425\u00baC,<\/td>\n<\/tr>\n<tr>\n<td width=\"200\">8. Meio Adequado<\/td>\n<td width=\"481\">\u00c1gua, G\u00e1s Natural, Petr\u00f3leo e algum l\u00edquido corrosivo<\/td>\n<\/tr>\n<tr>\n<td width=\"200\">9. Operado<\/td>\n<td width=\"481\">Caixa de velocidade<\/td>\n<\/tr>\n<tr>\n<td width=\"200\">10. Inspe\u00e7\u00e3o e Teste<\/td>\n<td width=\"481\">De acordo com API598<\/td>\n<\/tr>\n<tr>\n<td width=\"200\"><strong>envio<\/strong><\/td>\n<td width=\"481\"><\/td>\n<\/tr>\n<tr>\n<td width=\"200\">Prazo de entrega<\/td>\n<td width=\"481\">30 dias<\/td>\n<\/tr>\n<tr>\n<td width=\"200\">Pacote<\/td>\n<td width=\"481\">Caixa de madeira compensada de exporta\u00e7\u00e3o padr\u00e3o<\/td>\n<\/tr>\n<tr>\n<td width=\"200\">Porto de embarque<\/td>\n<td width=\"481\">Ningbo\/Xangai, China<\/td>\n<\/tr>\n<tr>\n<td width=\"200\">Termos de envio<\/td>\n<td width=\"481\">Exw, FOB, CFR, CIF, etc.<\/td>\n<\/tr>\n<tr>\n<td width=\"200\">Termos de pagamento<\/td>\n<td width=\"481\">T\/T, Western Union, PayPal, etc.<\/td>\n<\/tr>\n<tr>\n<td width=\"200\"><\/td>\n<td width=\"481\">Pr\u00e9-pagamento 30%, saldo 70% pago antes do envio<\/td>\n<\/tr>\n<tr>\n<td width=\"200\">Pa\u00eds de origem<\/td>\n<td width=\"481\">Cidade de Wenzhou, China<\/td>\n<\/tr>\n<tr>\n<td width=\"200\">Capacidade de produ\u00e7\u00e3o<\/td>\n<td width=\"481\">6.000 toneladas\/ano<\/td>\n<\/tr>\n<tr>\n<td width=\"200\">Quantidade m\u00ednima<\/td>\n<td width=\"481\">1 pe\u00e7a\/tamanho<\/td>\n<\/tr>\n<\/tbody>\n<\/table>","protected":false},"excerpt":{"rendered":"<p>Modelo:STV-Z541Y-900LB-WCB-10Inch<\/p>\n<p>A v\u00e1lvula gaveta flangeada API 600 tem pequena resist\u00eancia a fluidos, pequena eros\u00e3o da superf\u00edcie de veda\u00e7\u00e3o, nenhuma mudan\u00e7a na dire\u00e7\u00e3o do fluxo m\u00e9dio, nenhuma perturba\u00e7\u00e3o, pequena queda de press\u00e3o, pequeno torque de abertura e fechamento, comprimento de estrutura curto, bom desempenho do processo, press\u00e3o aplic\u00e1vel, ampla faixa de temperatura, etc. A dire\u00e7\u00e3o do movimento do membro de abertura e fechamento \u00e9 perpendicular \u00e0 dire\u00e7\u00e3o do fluxo do meio (n\u00e3o para a v\u00e1lvula borboleta). \u00c9 a v\u00e1lvula de corte mais comum usada para desligar ou ligar o meio na tubula\u00e7\u00e3o.<\/p>\n<p>STV Valve Technology Group Co., Ltd \u00e9 um l\u00edder profissional V\u00e1lvula de gaveta de a\u00e7o fundido na China, V\u00e1lvulas de gaveta de a\u00e7o fundido API 600, V\u00e1lvula de gaveta em cunha, V\u00e1lvula de gaveta de a\u00e7o fundido classe 900 Lb Asme B16.34, V\u00e1lvula de gaveta flangeada de 10 polegadas, A\u00e7o fundido da China Fabricante de v\u00e1lvulas gaveta com alta qualidade e pre\u00e7o competitivo.<\/p>\n<p>Entre em contato com nosso sales@stvvalve.com para outros materiais e detalhes.<\/p>\n<p>Folha de data:<a href=\"https:\/\/www.stvvalves.com\/wp-content\/uploads\/2019\/04\/API-600-Flanged-Gate-Valve-10-Inch-CL900-WCB-Body-RF-drwaing.pdf\">V\u00e1lvula de porta flangeada API 600, 10 polegadas, CL900, corpo WCB, extremidade RF<\/a><\/p>","protected":false},"featured_media":4604,"template":"","meta":[],"product_brand":[],"product_cat":[58,44],"product_tag":[716,715,714,713,431],"class_list":{"0":"post-4603","1":"product","2":"type-product","3":"status-publish","4":"has-post-thumbnail","6":"product_cat-cast-steel-gate-valve","7":"product_cat-gate-valve","8":"product_tag-10-inch-flanged-gate-valve","9":"product_tag-900lb-flanged-gate-valve","10":"product_tag-api-600-cast-steel-gate-valve","11":"product_tag-api-600-gate-valves","12":"product_tag-wedge-gate-valve","14":"first","15":"instock","16":"shipping-taxable","17":"product-type-simple"},"_links":{"self":[{"href":"https:\/\/www.stvvalves.com\/pt\/wp-json\/wp\/v2\/product\/4603","targetHints":{"allow":["GET"]}}],"collection":[{"href":"https:\/\/www.stvvalves.com\/pt\/wp-json\/wp\/v2\/product"}],"about":[{"href":"https:\/\/www.stvvalves.com\/pt\/wp-json\/wp\/v2\/types\/product"}],"wp:featuredmedia":[{"embeddable":true,"href":"https:\/\/www.stvvalves.com\/pt\/wp-json\/wp\/v2\/media\/4604"}],"wp:attachment":[{"href":"https:\/\/www.stvvalves.com\/pt\/wp-json\/wp\/v2\/media?parent=4603"}],"wp:term":[{"taxonomy":"product_brand","embeddable":true,"href":"https:\/\/www.stvvalves.com\/pt\/wp-json\/wp\/v2\/product_brand?post=4603"},{"taxonomy":"product_cat","embeddable":true,"href":"https:\/\/www.stvvalves.com\/pt\/wp-json\/wp\/v2\/product_cat?post=4603"},{"taxonomy":"product_tag","embeddable":true,"href":"https:\/\/www.stvvalves.com\/pt\/wp-json\/wp\/v2\/product_tag?post=4603"}],"curies":[{"name":"wp","href":"https:\/\/api.w.org\/{rel}","templated":true}]}}