{"id":4609,"date":"2019-04-02T14:38:53","date_gmt":"2019-04-02T14:38:53","guid":{"rendered":"https:\/\/www.stvvalves.com\/?post_type=product&#038;p=4609"},"modified":"2025-05-20T20:47:26","modified_gmt":"2025-05-20T12:47:26","slug":"flange-knife-gate-valve-din-pn16-cf8-body-dn450","status":"publish","type":"product","link":"https:\/\/www.stvvalves.com\/pt\/products\/flange-knife-gate-valve-din-pn16-cf8-body-dn450\/","title":{"rendered":"V\u00e1lvula de guilhotina flangeada, DIN, PN16, Corpo CF8, DN450"},"content":{"rendered":"<p>Caracter\u00edsticas da v\u00e1lvula guilhotina flangeada:<br \/>\nDesign unidirecional<br \/>\nCorpo totalmente flangeado em a\u00e7o fundido<br \/>\nMecanismo de autolimpeza<br \/>\nHaste ascendente, parafuso externo e garfo<br \/>\nTipo de garfo: Placa ou Fundi\u00e7\u00e3o<\/p>\n<p>Padr\u00f5es aplic\u00e1veis de v\u00e1lvula guilhotina flangeada:<br \/>\na) Projeto e Fabrica\u00e7\u00e3o: MSS SP-61, ASME 16.34<br \/>\nb) Presencial: MSS SP-81, ASME B16.10, EN 558<br \/>\nc) Extremidade de conex\u00e3o: ASME B16.5, EN 1092, JIS B2220<br \/>\nd) Teste: MSS SP-81<\/p>\n<p>Tamanhos: 2\u2033 \u2013 48\u2033 ou DN 50 \u2013 DN 1200<br \/>\nClassifica\u00e7\u00e3o de press\u00e3o: Classe 150 ou PN6 \u2013 PN16<br \/>\nMateriais do corpo da v\u00e1lvula: WCB, LCB, WC6, CF8, CF3, CF8M, CF3M, 4A, etc.<br \/>\nOpera\u00e7\u00e3o: Atuador manual, de engrenagem, pneum\u00e1tico, hidr\u00e1ulico e el\u00e9trico<\/p>\n<table>\n<tbody>\n<tr>\n<td width=\"200\"><strong>Nome do Produto<\/strong><\/td>\n<td width=\"481\">V\u00e1lvula de guilhotina flangeada, DIN, PN16, Corpo CF8, DN450<\/td>\n<\/tr>\n<tr>\n<td width=\"200\">1. Materiais<\/td>\n<td width=\"481\">CF8<\/td>\n<\/tr>\n<tr>\n<td width=\"200\">2. Tamanho<\/td>\n<td width=\"481\">14\u201d<\/td>\n<\/tr>\n<tr>\n<td width=\"200\">4. Porto<\/td>\n<td width=\"481\">Porto completo<\/td>\n<\/tr>\n<tr>\n<td width=\"200\">5. Press\u00e3o de Trabalho<\/td>\n<td width=\"481\">PN16<\/td>\n<\/tr>\n<tr>\n<td width=\"200\">6. Fim da conex\u00e3o<\/td>\n<td width=\"481\">RF<\/td>\n<\/tr>\n<tr>\n<td width=\"200\">7. Temperatura de trabalho.<\/td>\n<td width=\"481\">-29~425\u00baC,<\/td>\n<\/tr>\n<tr>\n<td width=\"200\">8. Meio Adequado<\/td>\n<td width=\"481\">\u00c1gua, G\u00e1s Natural, Petr\u00f3leo e algum l\u00edquido corrosivo<\/td>\n<\/tr>\n<tr>\n<td width=\"200\">9. Operado<\/td>\n<td width=\"481\">Volante<\/td>\n<\/tr>\n<tr>\n<td width=\"200\">10. Inspe\u00e7\u00e3o e Teste<\/td>\n<td width=\"481\">De acordo com API598<\/td>\n<\/tr>\n<tr>\n<td width=\"200\"><strong>envio<\/strong><\/td>\n<td width=\"481\"><\/td>\n<\/tr>\n<tr>\n<td width=\"200\">Prazo de entrega<\/td>\n<td width=\"481\">30 dias<\/td>\n<\/tr>\n<tr>\n<td width=\"200\">Pacote<\/td>\n<td width=\"481\">Caixa de madeira compensada de exporta\u00e7\u00e3o padr\u00e3o<\/td>\n<\/tr>\n<tr>\n<td width=\"200\">Porto de embarque<\/td>\n<td width=\"481\">Ningbo\/Xangai, China<\/td>\n<\/tr>\n<tr>\n<td width=\"200\">Termos de envio<\/td>\n<td width=\"481\">Exw, FOB, CFR, CIF, etc.<\/td>\n<\/tr>\n<tr>\n<td width=\"200\">Termos de pagamento<\/td>\n<td width=\"481\">T\/T, Western Union, PayPal, etc.<\/td>\n<\/tr>\n<tr>\n<td width=\"200\"><\/td>\n<td width=\"481\">Pr\u00e9-pagamento 30%, saldo 70% pago antes do envio<\/td>\n<\/tr>\n<tr>\n<td width=\"200\">Pa\u00eds de origem<\/td>\n<td width=\"481\">Cidade de Wenzhou, China<\/td>\n<\/tr>\n<tr>\n<td width=\"200\">Capacidade de produ\u00e7\u00e3o<\/td>\n<td width=\"481\">6.000 toneladas\/ano<\/td>\n<\/tr>\n<tr>\n<td width=\"200\">Quantidade m\u00ednima<\/td>\n<td width=\"481\">1 pe\u00e7a\/tamanho<\/td>\n<\/tr>\n<\/tbody>\n<\/table>\n<p>&nbsp;<\/p>","protected":false},"excerpt":{"rendered":"<p>Modelo:STV-Z43H-PN16-CF8-DN200<\/p>\n<p>A v\u00e1lvula guilhotina flangeada possui estrutura compacta, design razo\u00e1vel, material leve, veda\u00e7\u00e3o confi\u00e1vel, opera\u00e7\u00e3o leve e flex\u00edvel, pequeno volume, passagem suave, pequena resist\u00eancia ao fluxo, peso leve, f\u00e1cil instala\u00e7\u00e3o e f\u00e1cil desmontagem. Pode trabalhar a uma press\u00e3o de 0,6 MPa-1,6. MPa, opera\u00e7\u00e3o normal com temperatura de -29-550 \u00b0C. A v\u00e1lvula gaveta tipo faca tem uma fun\u00e7\u00e3o de cisalhamento, que pode raspar o adesivo na superf\u00edcie de veda\u00e7\u00e3o e remover automaticamente os detritos. A porta de a\u00e7o inoxid\u00e1vel pode evitar vazamentos de veda\u00e7\u00e3o causados pela corros\u00e3o.<\/p>\n<p>As v\u00e1lvulas de guilhotina flangeadas s\u00e3o amplamente utilizadas na prepara\u00e7\u00e3o de carv\u00e3o, descarga de esc\u00f3ria, tratamento de esgoto urbano, alimentos, papel, medicamentos, petr\u00f3leo, produtos qu\u00edmicos e outros dutos de \u00f3leo, \u00e1gua e vapor.<\/p>\n<p>STV Valve Technology Group Co., Ltd \u00e9 um l\u00edder profissional China V\u00e1lvula de guilhotina, V\u00e1lvula de guilhotina de flange, V\u00e1lvula de guilhotina padr\u00e3o DIN, V\u00e1lvula de guilhotina de flange CF8, Fabricante de V\u00e1lvula de guilhotina manual de flange da China com alta qualidade e pre\u00e7o competitivo.<\/p>\n<p>Entre em contato com nosso sales@stvvalve.com para outros materiais e detalhes.<\/p>\n<p>Folha de data:<a href=\"https:\/\/www.stvvalves.com\/wp-content\/uploads\/2019\/04\/flange-knife-gate-valve-din-pn16-cf8-body-dn450-drawing.jpg\">V\u00e1lvula de guilhotina flangeada, DIN, PN16, Corpo CF8, DN450<\/a><\/p>","protected":false},"featured_media":4610,"template":"","meta":[],"product_brand":[],"product_cat":[44,62],"product_tag":[720,719,718,721,717],"class_list":{"0":"post-4609","1":"product","2":"type-product","3":"status-publish","4":"has-post-thumbnail","6":"product_cat-gate-valve","7":"product_cat-knife-gate-valve","8":"product_tag-cf8-flange-knife-gate-valve","9":"product_tag-din-standard-knife-gate-valve","10":"product_tag-flange-knife-gate-valve","11":"product_tag-flange-manual-knife-gate-valve","12":"product_tag-knife-gate-valve","14":"first","15":"instock","16":"shipping-taxable","17":"product-type-simple"},"_links":{"self":[{"href":"https:\/\/www.stvvalves.com\/pt\/wp-json\/wp\/v2\/product\/4609","targetHints":{"allow":["GET"]}}],"collection":[{"href":"https:\/\/www.stvvalves.com\/pt\/wp-json\/wp\/v2\/product"}],"about":[{"href":"https:\/\/www.stvvalves.com\/pt\/wp-json\/wp\/v2\/types\/product"}],"wp:featuredmedia":[{"embeddable":true,"href":"https:\/\/www.stvvalves.com\/pt\/wp-json\/wp\/v2\/media\/4610"}],"wp:attachment":[{"href":"https:\/\/www.stvvalves.com\/pt\/wp-json\/wp\/v2\/media?parent=4609"}],"wp:term":[{"taxonomy":"product_brand","embeddable":true,"href":"https:\/\/www.stvvalves.com\/pt\/wp-json\/wp\/v2\/product_brand?post=4609"},{"taxonomy":"product_cat","embeddable":true,"href":"https:\/\/www.stvvalves.com\/pt\/wp-json\/wp\/v2\/product_cat?post=4609"},{"taxonomy":"product_tag","embeddable":true,"href":"https:\/\/www.stvvalves.com\/pt\/wp-json\/wp\/v2\/product_tag?post=4609"}],"curies":[{"name":"wp","href":"https:\/\/api.w.org\/{rel}","templated":true}]}}