{"id":4661,"date":"2019-04-19T02:21:55","date_gmt":"2019-04-19T02:21:55","guid":{"rendered":"https:\/\/www.stvvalves.com\/?post_type=product&#038;p=4661"},"modified":"2025-02-17T18:28:58","modified_gmt":"2025-02-17T10:28:58","slug":"cross-316-stainless-steel-npt","status":"publish","type":"product","link":"https:\/\/www.stvvalves.com\/pt\/products\/cross-316-stainless-steel-npt\/","title":{"rendered":"CRUZ 316 A\u00c7O INOXID\u00c1VEL NPT"},"content":{"rendered":"<p>CRUZ 316 A\u00c7O INOXID\u00c1VEL NPT<\/p>\n<table width=\"457\">\n<tbody>\n<tr>\n<td style=\"font-weight: 400;\" width=\"194\">Padr\u00f5es de produto<\/td>\n<td style=\"font-weight: 400;\" width=\"263\">ISO4144\u3001EN10241\u3001SP114\u3001JIS<\/td>\n<\/tr>\n<tr>\n<td style=\"font-weight: 400;\" width=\"194\">Processo de produ\u00e7\u00e3o<\/td>\n<td style=\"font-weight: 400;\" width=\"263\">Fundi\u00e7\u00e3o de precis\u00e3o em a\u00e7o inoxid\u00e1vel<\/td>\n<\/tr>\n<tr>\n<td style=\"font-weight: 400;\" width=\"194\">Padr\u00f5es de processo<\/td>\n<td style=\"font-weight: 400;\" width=\"263\">ASTM A351<\/td>\n<\/tr>\n<tr>\n<td style=\"font-weight: 400;\" width=\"194\">Tecnologia de processamento<\/td>\n<td style=\"font-weight: 400;\" width=\"263\">Torno CNC<\/td>\n<\/tr>\n<tr>\n<td style=\"font-weight: 400;\" rowspan=\"2\" width=\"194\">M\u00e9dio<\/td>\n<td style=\"font-weight: 400;\" width=\"263\">Ar, vapor, querosene, \u00e1gua,<\/td>\n<\/tr>\n<tr>\n<td style=\"font-weight: 400;\" width=\"263\">\u00f3leo e outros fluidos<\/td>\n<\/tr>\n<tr>\n<td style=\"font-weight: 400;\" width=\"194\">mat\u00e9ria<\/td>\n<td style=\"font-weight: 400;\" width=\"263\">304.304L,316.316L<\/td>\n<\/tr>\n<tr>\n<td style=\"font-weight: 400;\" width=\"194\">Especifica\u00e7\u00f5es<\/td>\n<td style=\"font-weight: 400;\" width=\"263\">1\/8\u2033-4\u2033<\/td>\n<\/tr>\n<tr>\n<td style=\"font-weight: 400;\" rowspan=\"2\" width=\"194\">Padr\u00e3o de rosca<\/td>\n<td style=\"font-weight: 400;\" width=\"263\">ISO7\/1(BSP\/DIN2999)<\/td>\n<\/tr>\n<tr>\n<td style=\"font-weight: 400;\" width=\"263\">TNP(B1.20.1)<\/td>\n<\/tr>\n<tr>\n<td style=\"font-weight: 400;\" width=\"194\">press\u00e3o no trabalho<\/td>\n<td style=\"font-weight: 400;\" width=\"263\">150 libras<\/td>\n<\/tr>\n<tr>\n<td style=\"font-weight: 400;\" width=\"194\">Temperatura de trabalho<\/td>\n<td style=\"font-weight: 400;\" width=\"263\">\ufe6320\u2103\ufe62220\u2103<\/td>\n<\/tr>\n<tr>\n<td style=\"font-weight: 400;\" width=\"194\">Inspe\u00e7\u00e3o padr\u00e3o<\/td>\n<td style=\"font-weight: 400;\" width=\"263\">ISO7-2\u3001ISO4990\u3001ISO4991<\/td>\n<\/tr>\n<tr>\n<td style=\"font-weight: 400;\" width=\"194\">M\u00e9todo de embalagem<\/td>\n<td style=\"font-weight: 400;\" width=\"263\">Saco pl\u00e1stico \uff06 caixa \uff06 contraplacado tra<\/td>\n<\/tr>\n<\/tbody>\n<\/table>\n<div id=\"attachment_4662\" style=\"width: 1555px\" class=\"wp-caption alignleft\"><img loading=\"lazy\" decoding=\"async\" aria-describedby=\"caption-attachment-4662\" class=\"size-full wp-image-4662\" src=\"https:\/\/www.stvvalves.com\/wp-content\/uploads\/2019\/04\/cross-316-stainless-steel-npt-CATALOG.jpg\" alt=\"\" width=\"1545\" height=\"340\" srcset=\"https:\/\/www.stvvalves.com\/wp-content\/uploads\/2019\/04\/cross-316-stainless-steel-npt-CATALOG.jpg 1545w, https:\/\/www.stvvalves.com\/wp-content\/uploads\/2019\/04\/cross-316-stainless-steel-npt-CATALOG-600x132.jpg 600w, https:\/\/www.stvvalves.com\/wp-content\/uploads\/2019\/04\/cross-316-stainless-steel-npt-CATALOG-300x66.jpg 300w, https:\/\/www.stvvalves.com\/wp-content\/uploads\/2019\/04\/cross-316-stainless-steel-npt-CATALOG-768x169.jpg 768w, https:\/\/www.stvvalves.com\/wp-content\/uploads\/2019\/04\/cross-316-stainless-steel-npt-CATALOG-1030x227.jpg 1030w, https:\/\/www.stvvalves.com\/wp-content\/uploads\/2019\/04\/cross-316-stainless-steel-npt-CATALOG-1500x330.jpg 1500w, https:\/\/www.stvvalves.com\/wp-content\/uploads\/2019\/04\/cross-316-stainless-steel-npt-CATALOG-705x155.jpg 705w\" sizes=\"auto, (max-width: 1545px) 100vw, 1545px\" \/><p id=\"caption-attachment-4662\" class=\"wp-caption-text\">Cruz BSPP de a\u00e7o inoxid\u00e1vel da China, cruz igual feminina, cruz de a\u00e7o inoxid\u00e1vel, cruz 316, acess\u00f3rios roscados 150LB Fabricante<\/p><\/div>\n<p>&nbsp;<\/p>","protected":false},"excerpt":{"rendered":"<p>Fabricado de acordo com ISO 4144.<br \/>\nPress\u00e3o m\u00e1xima de trabalho 300psi (20 bar).<br \/>\nNPT rosqueado para ANSI B2.1.<br \/>\nAplica\u00e7\u00f5es adequadas: \u00c1gua quente e fria, \u00f3leo, g\u00e1s e outros meios<\/p>\n<p>STV Valve Technology Group Co., Ltd \u00e9 um l\u00edder profissional China Cruz BSPP de a\u00e7o inoxid\u00e1vel, Cruz Igual Feminina, Cruz de a\u00e7o inoxid\u00e1vel, Cruz 316, Fabricante de acess\u00f3rios roscados 150LB com alta qualidade e pre\u00e7o competitivo.<\/p>","protected":false},"featured_media":4663,"template":"","meta":[],"product_brand":[],"product_cat":[968,966],"product_tag":[751,750,753,752],"class_list":{"0":"post-4661","1":"product","2":"type-product","3":"status-publish","4":"has-post-thumbnail","6":"product_cat-150lb-threaded-pipe-fitting","7":"product_cat-pipe-fitting","8":"product_tag-316-cross","9":"product_tag-bspp-cross","10":"product_tag-equal-cross","11":"product_tag-stainless-steel-cross","13":"first","14":"instock","15":"shipping-taxable","16":"product-type-simple"},"_links":{"self":[{"href":"https:\/\/www.stvvalves.com\/pt\/wp-json\/wp\/v2\/product\/4661","targetHints":{"allow":["GET"]}}],"collection":[{"href":"https:\/\/www.stvvalves.com\/pt\/wp-json\/wp\/v2\/product"}],"about":[{"href":"https:\/\/www.stvvalves.com\/pt\/wp-json\/wp\/v2\/types\/product"}],"wp:featuredmedia":[{"embeddable":true,"href":"https:\/\/www.stvvalves.com\/pt\/wp-json\/wp\/v2\/media\/4663"}],"wp:attachment":[{"href":"https:\/\/www.stvvalves.com\/pt\/wp-json\/wp\/v2\/media?parent=4661"}],"wp:term":[{"taxonomy":"product_brand","embeddable":true,"href":"https:\/\/www.stvvalves.com\/pt\/wp-json\/wp\/v2\/product_brand?post=4661"},{"taxonomy":"product_cat","embeddable":true,"href":"https:\/\/www.stvvalves.com\/pt\/wp-json\/wp\/v2\/product_cat?post=4661"},{"taxonomy":"product_tag","embeddable":true,"href":"https:\/\/www.stvvalves.com\/pt\/wp-json\/wp\/v2\/product_tag?post=4661"}],"curies":[{"name":"wp","href":"https:\/\/api.w.org\/{rel}","templated":true}]}}